{"id":36953,"date":"2015-02-13T11:43:40","date_gmt":"2015-02-13T10:43:40","guid":{"rendered":"https:\/\/pagodetharsys.com\/tienda\/productos\/pago-de-tharsys-rosado\/"},"modified":"2026-03-18T14:00:04","modified_gmt":"2026-03-18T13:00:04","slug":"pdt-rose-ceramica-brut-nature-gran-reserva-2022","status":"publish","type":"product","link":"https:\/\/pagodetharsys.com\/tienda\/en\/products\/pdt-rose-ceramica-brut-nature-gran-reserva-2022\/","title":{"rendered":"PAGO DE THARSYS | ROS\u00c9 CER\u00c1MICA BRUT NATURE GRAN RESERVA 2022"},"content":{"rendered":"<h2 style=\"text-align: center;\">PAGO DE THARSYS | ROS\u00c9 CER\u00c1MICA BRUT NATURE GRAN RESERVA 2022<\/h2>\n<p>&nbsp;<\/p>\n<h3 data-start=\"118\" data-end=\"332\"><strong data-start=\"118\" data-end=\"134\">The Vineyard<\/strong><\/h3>\n<p data-start=\"118\" data-end=\"332\">Predominantly calcareous soil with deep layers of porous \u201ctufa\u201d rock, which retains moisture and promotes small, aromatic grapes with high acidity\u2014ideal for producing elegant, high-quality wines.<\/p>\n<hr \/>\n<h3 data-start=\"334\" data-end=\"634\"><strong data-start=\"334\" data-end=\"350\">Vintage 2022<\/strong><\/h3>\n<p data-start=\"334\" data-end=\"634\">The 2022 vintage began with a mild and rainy winter and a very wet spring that required intensive vineyard management, followed by a dry and moderate summer that allowed for slow and healthy ripening. The result is wines of great quality, freshness, and excellent ageing potential.<\/p>\n<hr \/>\n<h3 data-start=\"636\" data-end=\"964\"><strong data-start=\"636\" data-end=\"650\">Winemaking<\/strong><\/h3>\n<p data-start=\"636\" data-end=\"964\">Produced following the traditional method, with manual harvesting and Garnacha maceration to extract color and aromas. It undergoes more than 36 months of ageing in bottle and is crafted as a Brut Nature (\u201c0 dosage\u201d) to fully express the character of the terroir. Labelling and packing are carried out manually.<\/p>\n<hr \/>\n<h3 data-start=\"966\" data-end=\"1113\"><strong data-start=\"966\" data-end=\"983\">Tasting Notes<\/strong><\/h3>\n<p data-start=\"966\" data-end=\"1113\"><strong><em data-start=\"986\" data-end=\"999\">Appearance:<\/em><\/strong> Elegant onion-skin color, bright and clean, with fine, lively, and persistent bubbles forming a delicate crown.<\/p>\n<p data-start=\"1115\" data-end=\"1255\"><strong><em data-start=\"1115\" data-end=\"1123\">Aroma:<\/em><\/strong> Intense floral and red fruit aromas with citrus hints, accompanied by notes of bakery, butter, and an elegant mineral background.<\/p>\n<p data-start=\"1257\" data-end=\"1436\"><strong><em data-start=\"1257\" data-end=\"1266\">Palate:<\/em> <\/strong>Dry and fresh, with great acidity, structure, and volume; fine and creamy bubbles, notes of red fruits, bread and butter, and a long finish with a subtle balsamic touch.<\/p>\n<hr \/>\n<h3 data-start=\"1438\" data-end=\"1550\"><strong data-start=\"1438\" data-end=\"1459\">Serving &amp; Pairing<\/strong><\/h3>\n<p data-start=\"1438\" data-end=\"1550\"><strong><em data-start=\"1462\" data-end=\"1472\">Serving:<\/em><\/strong> Serve between 5\u20137 \u00baC in a medium-sized glass, slightly narrower at the top.<\/p>\n<p data-start=\"1552\" data-end=\"1664\"><strong><em data-start=\"1552\" data-end=\"1562\">Pairing:<\/em><\/strong> Ideal with steak tartare and sashimi, as well as rich seafood, aged cheeses, and cured tuna (mojama).<\/p>\n<hr \/>\n<p><strong><em>Would you like to discover more ros\u00e9 cavas like this? Visit our <a href=\"https:\/\/pagodetharsys.com\/tienda\/en\/product-cat\/pago-de-tharsys\/cavas-en\/\" target=\"_blank\" rel=\"noopener\">cava collection<\/a> or <a href=\"https:\/\/pagodetharsys.com\/en\/contact\/\">contact us<\/a>.<\/em><\/strong><\/p>\n","protected":false},"excerpt":{"rendered":"<h3>\ud83c\udf77 <strong>Organic ros\u00e9 cava, 100% Garnacha.<\/strong> Aged for over 50 months, with a fine, elegant, and mineral mousse. Ideal for pairing with tartare and seafood.<\/h3>\n<p>&nbsp;<\/p>\n<p>\ud83d\udd34 <strong>Type:<\/strong> Ros\u00e9 sparkling wine<\/p>\n<p>\ud83c\udf47 <strong>Variety:<\/strong> Garnacha<\/p>\n<p>\ud83d\udcc5 <strong>Vintage:<\/strong> 2022<\/p>\n<p>\ud83c\udf77 <strong>Alcohol Content:<\/strong> 12%<\/p>\n<p>\ud83d\udccd <strong>Appellation:<\/strong> DO Cava<\/p>\n<p>\ud83d\udd70\ufe0f <strong>Ageing:<\/strong> More than 50 months ageing on lees<\/p>\n<p><em><strong>OFFICIAL EU ORGANIC WINE CERTIFICATION<\/strong><\/em><\/p>\n","protected":false},"featured_media":511141,"comment_status":"closed","ping_status":"closed","template":"","meta":{"inline_featured_image":false,"site-sidebar-layout":"default","site-content-layout":"","ast-site-content-layout":"default","site-content-style":"default","site-sidebar-style":"default","ast-global-header-display":"","ast-banner-title-visibility":"","ast-main-header-display":"","ast-hfb-above-header-display":"","ast-hfb-below-header-display":"","ast-hfb-mobile-header-display":"","site-post-title":"","ast-breadcrumbs-content":"","ast-featured-img":"","footer-sml-layout":"","ast-disable-related-posts":"","theme-transparent-header-meta":"default","adv-header-id-meta":"","stick-header-meta":"default","header-above-stick-meta":"","header-main-stick-meta":"","header-below-stick-meta":"","astra-migrate-meta-layouts":"set","ast-page-background-enabled":"default","ast-page-background-meta":{"desktop":{"background-color":"var(--ast-global-color-4)","background-image":"","background-repeat":"repeat","background-position":"center center","background-size":"auto","background-attachment":"scroll","background-type":"","background-media":"","overlay-type":"","overlay-color":"","overlay-opacity":"","overlay-gradient":""},"tablet":{"background-color":"","background-image":"","background-repeat":"repeat","background-position":"center center","background-size":"auto","background-attachment":"scroll","background-type":"","background-media":"","overlay-type":"","overlay-color":"","overlay-opacity":"","overlay-gradient":""},"mobile":{"background-color":"","background-image":"","background-repeat":"repeat","background-position":"center center","background-size":"auto","background-attachment":"scroll","background-type":"","background-media":"","overlay-type":"","overlay-color":"","overlay-opacity":"","overlay-gradient":""}},"ast-content-background-meta":{"desktop":{"background-color":"var(--ast-global-color-5)","background-image":"","background-repeat":"repeat","background-position":"center center","background-size":"auto","background-attachment":"scroll","background-type":"","background-media":"","overlay-type":"","overlay-color":"","overlay-opacity":"","overlay-gradient":""},"tablet":{"background-color":"var(--ast-global-color-5)","background-image":"","background-repeat":"repeat","background-position":"center center","background-size":"auto","background-attachment":"scroll","background-type":"","background-media":"","overlay-type":"","overlay-color":"","overlay-opacity":"","overlay-gradient":""},"mobile":{"background-color":"var(--ast-global-color-5)","background-image":"","background-repeat":"repeat","background-position":"center center","background-size":"auto","background-attachment":"scroll","background-type":"","background-media":"","overlay-type":"","overlay-color":"","overlay-opacity":"","overlay-gradient":""}}},"product_brand":[],"product_cat":[1715,1709],"product_tag":[1970],"class_list":{"0":"post-36953","1":"product","2":"type-product","3":"status-publish","4":"has-post-thumbnail","6":"product_cat-cavas-en","7":"product_cat-pago-de-tharsys","8":"product_tag-pago-de-tharsys-en","9":"desktop-align-left","10":"tablet-align-left","11":"mobile-align-left","12":"ast-product-gallery-layout-vertical-slider","13":"ast-magnify-disabled","14":"ast-product-tabs-layout-accordion","16":"first","17":"instock","18":"taxable","19":"shipping-taxable","20":"purchasable","21":"product-type-simple"},"booking_location":null,"booking_location_type":null,"booking_duration":null,"booking_duration_unit":null,"booking_buffer":null,"booking_cost":null,"booking_resources":null,"yoast_head":"<!-- This site is optimized with the Yoast SEO plugin v27.4 - https:\/\/yoast.com\/product\/yoast-seo-wordpress\/ -->\n<title>PDT Ros\u00e9 Cer\u00e1mica Brut Nature Gran Reserva 2022<\/title>\n<meta name=\"description\" content=\"Organic Ros\u00e9 Cava Brut Nature Gran Reserva 2022with over 50 months of lees ageing. Fine and elegant bubbles. Handcrafted ceramic label.\" \/>\n<meta name=\"robots\" content=\"index, follow, max-snippet:-1, max-image-preview:large, max-video-preview:-1\" \/>\n<link rel=\"canonical\" href=\"https:\/\/pagodetharsys.com\/tienda\/en\/products\/pdt-rose-ceramica-brut-nature-gran-reserva-2022\/\" \/>\n<meta property=\"og:locale\" content=\"en_US\" \/>\n<meta property=\"og:type\" content=\"article\" \/>\n<meta property=\"og:title\" content=\"PDT Ros\u00e9 Cer\u00e1mica Brut Nature Gran Reserva 2022\" \/>\n<meta property=\"og:description\" content=\"Organic Ros\u00e9 Cava Brut Nature Gran Reserva 2022with over 50 months of lees ageing. Fine and elegant bubbles. Handcrafted ceramic label.\" \/>\n<meta property=\"og:url\" content=\"https:\/\/pagodetharsys.com\/tienda\/en\/products\/pdt-rose-ceramica-brut-nature-gran-reserva-2022\/\" \/>\n<meta property=\"og:site_name\" content=\"Pago de Tharsys\" \/>\n<meta property=\"article:publisher\" content=\"https:\/\/www.facebook.com\/pagodetharsys\/\" \/>\n<meta property=\"article:modified_time\" content=\"2026-03-18T13:00:04+00:00\" \/>\n<meta property=\"og:image\" content=\"https:\/\/pagodetharsys.com\/tienda\/wp-content\/uploads\/2015\/02\/Pago-de-Tharsys-Rose-BN-Gran-Reserva-2018-Ceramica-1-e1773838792690.jpg\" \/>\n\t<meta property=\"og:image:width\" content=\"858\" \/>\n\t<meta property=\"og:image:height\" content=\"2185\" \/>\n\t<meta property=\"og:image:type\" content=\"image\/jpeg\" \/>\n<meta name=\"twitter:card\" content=\"summary_large_image\" \/>\n<meta name=\"twitter:site\" content=\"@pagodetharsys\" \/>\n<meta name=\"twitter:label1\" content=\"Est. reading time\" \/>\n\t<meta name=\"twitter:data1\" content=\"2 minutes\" \/>\n<script type=\"application\/ld+json\" class=\"yoast-schema-graph\">{\"@context\":\"https:\\\/\\\/schema.org\",\"@graph\":[{\"@type\":\"WebPage\",\"@id\":\"https:\\\/\\\/pagodetharsys.com\\\/tienda\\\/en\\\/products\\\/pdt-rose-ceramica-brut-nature-gran-reserva-2022\\\/\",\"url\":\"https:\\\/\\\/pagodetharsys.com\\\/tienda\\\/en\\\/products\\\/pdt-rose-ceramica-brut-nature-gran-reserva-2022\\\/\",\"name\":\"PDT Ros\u00e9 Cer\u00e1mica Brut Nature Gran Reserva 2022\",\"isPartOf\":{\"@id\":\"https:\\\/\\\/pagodetharsys.com\\\/tienda\\\/#website\"},\"primaryImageOfPage\":{\"@id\":\"https:\\\/\\\/pagodetharsys.com\\\/tienda\\\/en\\\/products\\\/pdt-rose-ceramica-brut-nature-gran-reserva-2022\\\/#primaryimage\"},\"image\":{\"@id\":\"https:\\\/\\\/pagodetharsys.com\\\/tienda\\\/en\\\/products\\\/pdt-rose-ceramica-brut-nature-gran-reserva-2022\\\/#primaryimage\"},\"thumbnailUrl\":\"https:\\\/\\\/pagodetharsys.com\\\/tienda\\\/wp-content\\\/uploads\\\/2015\\\/02\\\/Pago-de-Tharsys-Rose-BN-Gran-Reserva-2018-Ceramica-1-e1773838792690.jpg\",\"datePublished\":\"2015-02-13T10:43:40+00:00\",\"dateModified\":\"2026-03-18T13:00:04+00:00\",\"description\":\"Organic Ros\u00e9 Cava Brut Nature Gran Reserva 2022with over 50 months of lees ageing. Fine and elegant bubbles. Handcrafted ceramic label.\",\"breadcrumb\":{\"@id\":\"https:\\\/\\\/pagodetharsys.com\\\/tienda\\\/en\\\/products\\\/pdt-rose-ceramica-brut-nature-gran-reserva-2022\\\/#breadcrumb\"},\"inLanguage\":\"en-US\",\"potentialAction\":[{\"@type\":\"ReadAction\",\"target\":[\"https:\\\/\\\/pagodetharsys.com\\\/tienda\\\/en\\\/products\\\/pdt-rose-ceramica-brut-nature-gran-reserva-2022\\\/\"]}]},{\"@type\":\"ImageObject\",\"inLanguage\":\"en-US\",\"@id\":\"https:\\\/\\\/pagodetharsys.com\\\/tienda\\\/en\\\/products\\\/pdt-rose-ceramica-brut-nature-gran-reserva-2022\\\/#primaryimage\",\"url\":\"https:\\\/\\\/pagodetharsys.com\\\/tienda\\\/wp-content\\\/uploads\\\/2015\\\/02\\\/Pago-de-Tharsys-Rose-BN-Gran-Reserva-2018-Ceramica-1-e1773838792690.jpg\",\"contentUrl\":\"https:\\\/\\\/pagodetharsys.com\\\/tienda\\\/wp-content\\\/uploads\\\/2015\\\/02\\\/Pago-de-Tharsys-Rose-BN-Gran-Reserva-2018-Ceramica-1-e1773838792690.jpg\",\"width\":858,\"height\":2185},{\"@type\":\"BreadcrumbList\",\"@id\":\"https:\\\/\\\/pagodetharsys.com\\\/tienda\\\/en\\\/products\\\/pdt-rose-ceramica-brut-nature-gran-reserva-2022\\\/#breadcrumb\",\"itemListElement\":[{\"@type\":\"ListItem\",\"position\":1,\"name\":\"Portada\",\"item\":\"https:\\\/\\\/pagodetharsys.com\\\/tienda\\\/en\\\/\"},{\"@type\":\"ListItem\",\"position\":2,\"name\":\"Products\",\"item\":\"https:\\\/\\\/pagodetharsys.com\\\/tienda\\\/en\\\/\"},{\"@type\":\"ListItem\",\"position\":3,\"name\":\"PAGO DE THARSYS | ROS\u00c9 CER\u00c1MICA BRUT NATURE GRAN RESERVA 2022\"}]},{\"@type\":\"WebSite\",\"@id\":\"https:\\\/\\\/pagodetharsys.com\\\/tienda\\\/#website\",\"url\":\"https:\\\/\\\/pagodetharsys.com\\\/tienda\\\/\",\"name\":\"Pago de Tharsys\",\"description\":\"Una experiencia sensorial que llega m\u00e1s all\u00e1 de una copa de vino\",\"publisher\":{\"@id\":\"https:\\\/\\\/pagodetharsys.com\\\/tienda\\\/#organization\"},\"potentialAction\":[{\"@type\":\"SearchAction\",\"target\":{\"@type\":\"EntryPoint\",\"urlTemplate\":\"https:\\\/\\\/pagodetharsys.com\\\/tienda\\\/?s={search_term_string}\"},\"query-input\":{\"@type\":\"PropertyValueSpecification\",\"valueRequired\":true,\"valueName\":\"search_term_string\"}}],\"inLanguage\":\"en-US\"},{\"@type\":\"Organization\",\"@id\":\"https:\\\/\\\/pagodetharsys.com\\\/tienda\\\/#organization\",\"name\":\"Pago de Tharsys\",\"url\":\"https:\\\/\\\/pagodetharsys.com\\\/tienda\\\/\",\"logo\":{\"@type\":\"ImageObject\",\"inLanguage\":\"en-US\",\"@id\":\"https:\\\/\\\/pagodetharsys.com\\\/tienda\\\/#\\\/schema\\\/logo\\\/image\\\/\",\"url\":\"https:\\\/\\\/pagodetharsys.com\\\/tienda\\\/wp-content\\\/uploads\\\/2025\\\/12\\\/logo-pagodetharsys-2025.svg\",\"contentUrl\":\"https:\\\/\\\/pagodetharsys.com\\\/tienda\\\/wp-content\\\/uploads\\\/2025\\\/12\\\/logo-pagodetharsys-2025.svg\",\"width\":100,\"height\":100,\"caption\":\"Pago de Tharsys\"},\"image\":{\"@id\":\"https:\\\/\\\/pagodetharsys.com\\\/tienda\\\/#\\\/schema\\\/logo\\\/image\\\/\"},\"sameAs\":[\"https:\\\/\\\/www.facebook.com\\\/pagodetharsys\\\/\",\"https:\\\/\\\/x.com\\\/pagodetharsys\",\"https:\\\/\\\/www.instagram.com\\\/pagodetharsys\\\/\"]}]}<\/script>\n<!-- \/ Yoast SEO plugin. -->","yoast_head_json":{"title":"PDT Ros\u00e9 Cer\u00e1mica Brut Nature Gran Reserva 2022","description":"Organic Ros\u00e9 Cava Brut Nature Gran Reserva 2022with over 50 months of lees ageing. Fine and elegant bubbles. Handcrafted ceramic label.","robots":{"index":"index","follow":"follow","max-snippet":"max-snippet:-1","max-image-preview":"max-image-preview:large","max-video-preview":"max-video-preview:-1"},"canonical":"https:\/\/pagodetharsys.com\/tienda\/en\/products\/pdt-rose-ceramica-brut-nature-gran-reserva-2022\/","og_locale":"en_US","og_type":"article","og_title":"PDT Ros\u00e9 Cer\u00e1mica Brut Nature Gran Reserva 2022","og_description":"Organic Ros\u00e9 Cava Brut Nature Gran Reserva 2022with over 50 months of lees ageing. Fine and elegant bubbles. Handcrafted ceramic label.","og_url":"https:\/\/pagodetharsys.com\/tienda\/en\/products\/pdt-rose-ceramica-brut-nature-gran-reserva-2022\/","og_site_name":"Pago de Tharsys","article_publisher":"https:\/\/www.facebook.com\/pagodetharsys\/","article_modified_time":"2026-03-18T13:00:04+00:00","og_image":[{"width":858,"height":2185,"url":"https:\/\/pagodetharsys.com\/tienda\/wp-content\/uploads\/2015\/02\/Pago-de-Tharsys-Rose-BN-Gran-Reserva-2018-Ceramica-1-e1773838792690.jpg","type":"image\/jpeg"}],"twitter_card":"summary_large_image","twitter_site":"@pagodetharsys","twitter_misc":{"Est. reading time":"2 minutes"},"schema":{"@context":"https:\/\/schema.org","@graph":[{"@type":"WebPage","@id":"https:\/\/pagodetharsys.com\/tienda\/en\/products\/pdt-rose-ceramica-brut-nature-gran-reserva-2022\/","url":"https:\/\/pagodetharsys.com\/tienda\/en\/products\/pdt-rose-ceramica-brut-nature-gran-reserva-2022\/","name":"PDT Ros\u00e9 Cer\u00e1mica Brut Nature Gran Reserva 2022","isPartOf":{"@id":"https:\/\/pagodetharsys.com\/tienda\/#website"},"primaryImageOfPage":{"@id":"https:\/\/pagodetharsys.com\/tienda\/en\/products\/pdt-rose-ceramica-brut-nature-gran-reserva-2022\/#primaryimage"},"image":{"@id":"https:\/\/pagodetharsys.com\/tienda\/en\/products\/pdt-rose-ceramica-brut-nature-gran-reserva-2022\/#primaryimage"},"thumbnailUrl":"https:\/\/pagodetharsys.com\/tienda\/wp-content\/uploads\/2015\/02\/Pago-de-Tharsys-Rose-BN-Gran-Reserva-2018-Ceramica-1-e1773838792690.jpg","datePublished":"2015-02-13T10:43:40+00:00","dateModified":"2026-03-18T13:00:04+00:00","description":"Organic Ros\u00e9 Cava Brut Nature Gran Reserva 2022with over 50 months of lees ageing. Fine and elegant bubbles. Handcrafted ceramic label.","breadcrumb":{"@id":"https:\/\/pagodetharsys.com\/tienda\/en\/products\/pdt-rose-ceramica-brut-nature-gran-reserva-2022\/#breadcrumb"},"inLanguage":"en-US","potentialAction":[{"@type":"ReadAction","target":["https:\/\/pagodetharsys.com\/tienda\/en\/products\/pdt-rose-ceramica-brut-nature-gran-reserva-2022\/"]}]},{"@type":"ImageObject","inLanguage":"en-US","@id":"https:\/\/pagodetharsys.com\/tienda\/en\/products\/pdt-rose-ceramica-brut-nature-gran-reserva-2022\/#primaryimage","url":"https:\/\/pagodetharsys.com\/tienda\/wp-content\/uploads\/2015\/02\/Pago-de-Tharsys-Rose-BN-Gran-Reserva-2018-Ceramica-1-e1773838792690.jpg","contentUrl":"https:\/\/pagodetharsys.com\/tienda\/wp-content\/uploads\/2015\/02\/Pago-de-Tharsys-Rose-BN-Gran-Reserva-2018-Ceramica-1-e1773838792690.jpg","width":858,"height":2185},{"@type":"BreadcrumbList","@id":"https:\/\/pagodetharsys.com\/tienda\/en\/products\/pdt-rose-ceramica-brut-nature-gran-reserva-2022\/#breadcrumb","itemListElement":[{"@type":"ListItem","position":1,"name":"Portada","item":"https:\/\/pagodetharsys.com\/tienda\/en\/"},{"@type":"ListItem","position":2,"name":"Products","item":"https:\/\/pagodetharsys.com\/tienda\/en\/"},{"@type":"ListItem","position":3,"name":"PAGO DE THARSYS | ROS\u00c9 CER\u00c1MICA BRUT NATURE GRAN RESERVA 2022"}]},{"@type":"WebSite","@id":"https:\/\/pagodetharsys.com\/tienda\/#website","url":"https:\/\/pagodetharsys.com\/tienda\/","name":"Pago de Tharsys","description":"Una experiencia sensorial que llega m\u00e1s all\u00e1 de una copa de vino","publisher":{"@id":"https:\/\/pagodetharsys.com\/tienda\/#organization"},"potentialAction":[{"@type":"SearchAction","target":{"@type":"EntryPoint","urlTemplate":"https:\/\/pagodetharsys.com\/tienda\/?s={search_term_string}"},"query-input":{"@type":"PropertyValueSpecification","valueRequired":true,"valueName":"search_term_string"}}],"inLanguage":"en-US"},{"@type":"Organization","@id":"https:\/\/pagodetharsys.com\/tienda\/#organization","name":"Pago de Tharsys","url":"https:\/\/pagodetharsys.com\/tienda\/","logo":{"@type":"ImageObject","inLanguage":"en-US","@id":"https:\/\/pagodetharsys.com\/tienda\/#\/schema\/logo\/image\/","url":"https:\/\/pagodetharsys.com\/tienda\/wp-content\/uploads\/2025\/12\/logo-pagodetharsys-2025.svg","contentUrl":"https:\/\/pagodetharsys.com\/tienda\/wp-content\/uploads\/2025\/12\/logo-pagodetharsys-2025.svg","width":100,"height":100,"caption":"Pago de Tharsys"},"image":{"@id":"https:\/\/pagodetharsys.com\/tienda\/#\/schema\/logo\/image\/"},"sameAs":["https:\/\/www.facebook.com\/pagodetharsys\/","https:\/\/x.com\/pagodetharsys","https:\/\/www.instagram.com\/pagodetharsys\/"]}]}},"_links":{"self":[{"href":"https:\/\/pagodetharsys.com\/tienda\/en\/wp-json\/wp\/v2\/product\/36953","targetHints":{"allow":["GET"]}}],"collection":[{"href":"https:\/\/pagodetharsys.com\/tienda\/en\/wp-json\/wp\/v2\/product"}],"about":[{"href":"https:\/\/pagodetharsys.com\/tienda\/en\/wp-json\/wp\/v2\/types\/product"}],"replies":[{"embeddable":true,"href":"https:\/\/pagodetharsys.com\/tienda\/en\/wp-json\/wp\/v2\/comments?post=36953"}],"wp:featuredmedia":[{"embeddable":true,"href":"https:\/\/pagodetharsys.com\/tienda\/en\/wp-json\/wp\/v2\/media\/511141"}],"wp:attachment":[{"href":"https:\/\/pagodetharsys.com\/tienda\/en\/wp-json\/wp\/v2\/media?parent=36953"}],"wp:term":[{"taxonomy":"product_brand","embeddable":true,"href":"https:\/\/pagodetharsys.com\/tienda\/en\/wp-json\/wp\/v2\/product_brand?post=36953"},{"taxonomy":"product_cat","embeddable":true,"href":"https:\/\/pagodetharsys.com\/tienda\/en\/wp-json\/wp\/v2\/product_cat?post=36953"},{"taxonomy":"product_tag","embeddable":true,"href":"https:\/\/pagodetharsys.com\/tienda\/en\/wp-json\/wp\/v2\/product_tag?post=36953"}],"curies":[{"name":"wp","href":"https:\/\/api.w.org\/{rel}","templated":true}]}}