{"id":36969,"date":"2015-02-17T11:49:31","date_gmt":"2015-02-17T10:49:31","guid":{"rendered":"https:\/\/pagodetharsys.com\/tienda\/productos\/brisa-de-tharsys\/"},"modified":"2026-03-24T12:17:10","modified_gmt":"2026-03-24T11:17:10","slug":"suena-marc-de-cava","status":"publish","type":"product","link":"https:\/\/pagodetharsys.com\/tienda\/en\/products\/suena-marc-de-cava\/","title":{"rendered":"PAGO DE THARSYS | SUE\u00d1A MARC DE CAVA"},"content":{"rendered":"<h2 style=\"text-align: center;\">PAGO DE THARSYS | SUE\u00d1A MARC DE CAVA<\/h2>\n<p>&nbsp;<\/p>\n<h3 style=\"text-align: center;\"><strong>\u201cTo dream\u201d: To imagine with pleasure something unlikely to happen, yet still pursued or longed for\u2014driving us to go beyond.<\/strong><\/h3>\n<hr \/>\n<h3 data-start=\"131\" data-end=\"309\"><strong data-start=\"131\" data-end=\"145\">Production<\/strong><\/h3>\n<p data-start=\"131\" data-end=\"309\">Artisan distillation in a copper still of disgorgement lees and organic cava made from Chardonnay, Macabeo, and Garnacha, aged for more than 12 months on lees.<\/p>\n<hr \/>\n<h3 data-start=\"373\" data-end=\"537\"><strong data-start=\"373\" data-end=\"390\">Tasting Notes<\/strong><\/h3>\n<p data-start=\"373\" data-end=\"537\">Clear and colourless, with aromas of white flowers, stone fruit, and marzipan. Smooth on the palate with a slightly sweet and perfumed finish.<\/p>\n<hr \/>\n<h3 data-start=\"539\" data-end=\"712\"><strong data-start=\"539\" data-end=\"558\">Recommendations<\/strong><\/h3>\n<p data-start=\"539\" data-end=\"712\">Serve between 0\u00baC and 3\u00baC. Ideal with nut-based desserts, sponge cake, and cr\u00e8me br\u00fbl\u00e9e, and also perfect for cocktails with herbal and citrus notes.<\/p>\n<hr \/>\n<p><strong><em>Discover more artisanal creations in our <a href=\"https:\/\/pagodetharsys.com\/tienda\/en\/product-cat\/pago-de-tharsys\/spirits\/\" target=\"_blank\" rel=\"noopener\">online shop<\/a> or <a href=\"https:\/\/pagodetharsys.com\/en\/contact\/\">contact us<\/a>.<\/em><\/strong><\/p>\n","protected":false},"excerpt":{"rendered":"<h3>\ud83c\udf77 <strong>Sue\u00f1a<\/strong> is an artisanal organic spirit made from cava lees. Crystal-clear, floral, and harmonious. Ideal as a digestif or in cocktails.<\/h3>\n<p>&nbsp;<\/p>\n<p>\ud83d\udd34 <strong>Type:<\/strong> Spirits<\/p>\n<p>\ud83c\udf77 <strong>Alcohol content:<\/strong> 42%<\/p>\n","protected":false},"featured_media":44660,"comment_status":"closed","ping_status":"closed","template":"","meta":{"inline_featured_image":false,"site-sidebar-layout":"default","site-content-layout":"","ast-site-content-layout":"default","site-content-style":"default","site-sidebar-style":"default","ast-global-header-display":"","ast-banner-title-visibility":"","ast-main-header-display":"","ast-hfb-above-header-display":"","ast-hfb-below-header-display":"","ast-hfb-mobile-header-display":"","site-post-title":"","ast-breadcrumbs-content":"","ast-featured-img":"","footer-sml-layout":"","ast-disable-related-posts":"","theme-transparent-header-meta":"default","adv-header-id-meta":"","stick-header-meta":"default","header-above-stick-meta":"","header-main-stick-meta":"","header-below-stick-meta":"","astra-migrate-meta-layouts":"set","ast-page-background-enabled":"default","ast-page-background-meta":{"desktop":{"background-color":"var(--ast-global-color-4)","background-image":"","background-repeat":"repeat","background-position":"center center","background-size":"auto","background-attachment":"scroll","background-type":"","background-media":"","overlay-type":"","overlay-color":"","overlay-opacity":"","overlay-gradient":""},"tablet":{"background-color":"","background-image":"","background-repeat":"repeat","background-position":"center center","background-size":"auto","background-attachment":"scroll","background-type":"","background-media":"","overlay-type":"","overlay-color":"","overlay-opacity":"","overlay-gradient":""},"mobile":{"background-color":"","background-image":"","background-repeat":"repeat","background-position":"center center","background-size":"auto","background-attachment":"scroll","background-type":"","background-media":"","overlay-type":"","overlay-color":"","overlay-opacity":"","overlay-gradient":""}},"ast-content-background-meta":{"desktop":{"background-color":"var(--ast-global-color-5)","background-image":"","background-repeat":"repeat","background-position":"center center","background-size":"auto","background-attachment":"scroll","background-type":"","background-media":"","overlay-type":"","overlay-color":"","overlay-opacity":"","overlay-gradient":""},"tablet":{"background-color":"var(--ast-global-color-5)","background-image":"","background-repeat":"repeat","background-position":"center center","background-size":"auto","background-attachment":"scroll","background-type":"","background-media":"","overlay-type":"","overlay-color":"","overlay-opacity":"","overlay-gradient":""},"mobile":{"background-color":"var(--ast-global-color-5)","background-image":"","background-repeat":"repeat","background-position":"center center","background-size":"auto","background-attachment":"scroll","background-type":"","background-media":"","overlay-type":"","overlay-color":"","overlay-opacity":"","overlay-gradient":""}}},"product_brand":[],"product_cat":[1709,1717],"product_tag":[],"class_list":{"0":"post-36969","1":"product","2":"type-product","3":"status-publish","4":"has-post-thumbnail","6":"product_cat-pago-de-tharsys","7":"product_cat-spirits","8":"desktop-align-left","9":"tablet-align-left","10":"mobile-align-left","11":"ast-product-gallery-layout-vertical-slider","12":"ast-magnify-disabled","13":"ast-product-tabs-layout-accordion","15":"first","16":"instock","17":"taxable","18":"shipping-taxable","19":"purchasable","20":"product-type-simple"},"booking_location":null,"booking_location_type":null,"booking_duration":null,"booking_duration_unit":null,"booking_buffer":null,"booking_cost":null,"booking_resources":null,"yoast_head":"<!-- This site is optimized with the Yoast SEO plugin v27.4 - https:\/\/yoast.com\/product\/yoast-seo-wordpress\/ -->\n<title>Sue\u00f1a Marc de Cava | Pago de Tharsys<\/title>\n<meta name=\"description\" content=\"Organic distillate from cava lees with floral, marzipan, and white fruit aromas. Smooth, pure, and elegant. A handcrafted marc to be savoured slowly.\" \/>\n<meta name=\"robots\" content=\"index, follow, max-snippet:-1, max-image-preview:large, max-video-preview:-1\" \/>\n<link rel=\"canonical\" href=\"https:\/\/pagodetharsys.com\/tienda\/en\/products\/suena-marc-de-cava\/\" \/>\n<meta property=\"og:locale\" content=\"en_US\" \/>\n<meta property=\"og:type\" content=\"article\" \/>\n<meta property=\"og:title\" content=\"Sue\u00f1a Marc de Cava | Pago de Tharsys\" \/>\n<meta property=\"og:description\" content=\"Organic distillate from cava lees with floral, marzipan, and white fruit aromas. Smooth, pure, and elegant. A handcrafted marc to be savoured slowly.\" \/>\n<meta property=\"og:url\" content=\"https:\/\/pagodetharsys.com\/tienda\/en\/products\/suena-marc-de-cava\/\" \/>\n<meta property=\"og:site_name\" content=\"Pago de Tharsys\" \/>\n<meta property=\"article:publisher\" content=\"https:\/\/www.facebook.com\/pagodetharsys\/\" \/>\n<meta property=\"article:modified_time\" content=\"2026-03-24T11:17:10+00:00\" \/>\n<meta property=\"og:image\" content=\"https:\/\/pagodetharsys.com\/tienda\/wp-content\/uploads\/2022\/04\/Suena-Pago-de-Tharsys-Marc-de-Cava-e1678090709223.jpg\" \/>\n\t<meta property=\"og:image:width\" content=\"1500\" \/>\n\t<meta property=\"og:image:height\" content=\"1500\" \/>\n\t<meta property=\"og:image:type\" content=\"image\/jpeg\" \/>\n<meta name=\"twitter:card\" content=\"summary_large_image\" \/>\n<meta name=\"twitter:site\" content=\"@pagodetharsys\" \/>\n<meta name=\"twitter:label1\" content=\"Est. reading time\" \/>\n\t<meta name=\"twitter:data1\" content=\"1 minute\" \/>\n<script type=\"application\/ld+json\" class=\"yoast-schema-graph\">{\"@context\":\"https:\\\/\\\/schema.org\",\"@graph\":[{\"@type\":\"WebPage\",\"@id\":\"https:\\\/\\\/pagodetharsys.com\\\/tienda\\\/en\\\/products\\\/suena-marc-de-cava\\\/\",\"url\":\"https:\\\/\\\/pagodetharsys.com\\\/tienda\\\/en\\\/products\\\/suena-marc-de-cava\\\/\",\"name\":\"Sue\u00f1a Marc de Cava | Pago de Tharsys\",\"isPartOf\":{\"@id\":\"https:\\\/\\\/pagodetharsys.com\\\/tienda\\\/#website\"},\"primaryImageOfPage\":{\"@id\":\"https:\\\/\\\/pagodetharsys.com\\\/tienda\\\/en\\\/products\\\/suena-marc-de-cava\\\/#primaryimage\"},\"image\":{\"@id\":\"https:\\\/\\\/pagodetharsys.com\\\/tienda\\\/en\\\/products\\\/suena-marc-de-cava\\\/#primaryimage\"},\"thumbnailUrl\":\"https:\\\/\\\/pagodetharsys.com\\\/tienda\\\/wp-content\\\/uploads\\\/2022\\\/04\\\/Suena-Pago-de-Tharsys-Marc-de-Cava-e1678090709223.jpg\",\"datePublished\":\"2015-02-17T10:49:31+00:00\",\"dateModified\":\"2026-03-24T11:17:10+00:00\",\"description\":\"Organic distillate from cava lees with floral, marzipan, and white fruit aromas. Smooth, pure, and elegant. A handcrafted marc to be savoured slowly.\",\"breadcrumb\":{\"@id\":\"https:\\\/\\\/pagodetharsys.com\\\/tienda\\\/en\\\/products\\\/suena-marc-de-cava\\\/#breadcrumb\"},\"inLanguage\":\"en-US\",\"potentialAction\":[{\"@type\":\"ReadAction\",\"target\":[\"https:\\\/\\\/pagodetharsys.com\\\/tienda\\\/en\\\/products\\\/suena-marc-de-cava\\\/\"]}]},{\"@type\":\"ImageObject\",\"inLanguage\":\"en-US\",\"@id\":\"https:\\\/\\\/pagodetharsys.com\\\/tienda\\\/en\\\/products\\\/suena-marc-de-cava\\\/#primaryimage\",\"url\":\"https:\\\/\\\/pagodetharsys.com\\\/tienda\\\/wp-content\\\/uploads\\\/2022\\\/04\\\/Suena-Pago-de-Tharsys-Marc-de-Cava-e1678090709223.jpg\",\"contentUrl\":\"https:\\\/\\\/pagodetharsys.com\\\/tienda\\\/wp-content\\\/uploads\\\/2022\\\/04\\\/Suena-Pago-de-Tharsys-Marc-de-Cava-e1678090709223.jpg\",\"width\":1500,\"height\":1500},{\"@type\":\"BreadcrumbList\",\"@id\":\"https:\\\/\\\/pagodetharsys.com\\\/tienda\\\/en\\\/products\\\/suena-marc-de-cava\\\/#breadcrumb\",\"itemListElement\":[{\"@type\":\"ListItem\",\"position\":1,\"name\":\"Portada\",\"item\":\"https:\\\/\\\/pagodetharsys.com\\\/tienda\\\/en\\\/\"},{\"@type\":\"ListItem\",\"position\":2,\"name\":\"Products\",\"item\":\"https:\\\/\\\/pagodetharsys.com\\\/tienda\\\/en\\\/\"},{\"@type\":\"ListItem\",\"position\":3,\"name\":\"PAGO DE THARSYS | SUE\u00d1A MARC DE CAVA\"}]},{\"@type\":\"WebSite\",\"@id\":\"https:\\\/\\\/pagodetharsys.com\\\/tienda\\\/#website\",\"url\":\"https:\\\/\\\/pagodetharsys.com\\\/tienda\\\/\",\"name\":\"Pago de Tharsys\",\"description\":\"Una experiencia sensorial que llega m\u00e1s all\u00e1 de una copa de vino\",\"publisher\":{\"@id\":\"https:\\\/\\\/pagodetharsys.com\\\/tienda\\\/#organization\"},\"potentialAction\":[{\"@type\":\"SearchAction\",\"target\":{\"@type\":\"EntryPoint\",\"urlTemplate\":\"https:\\\/\\\/pagodetharsys.com\\\/tienda\\\/?s={search_term_string}\"},\"query-input\":{\"@type\":\"PropertyValueSpecification\",\"valueRequired\":true,\"valueName\":\"search_term_string\"}}],\"inLanguage\":\"en-US\"},{\"@type\":\"Organization\",\"@id\":\"https:\\\/\\\/pagodetharsys.com\\\/tienda\\\/#organization\",\"name\":\"Pago de Tharsys\",\"url\":\"https:\\\/\\\/pagodetharsys.com\\\/tienda\\\/\",\"logo\":{\"@type\":\"ImageObject\",\"inLanguage\":\"en-US\",\"@id\":\"https:\\\/\\\/pagodetharsys.com\\\/tienda\\\/#\\\/schema\\\/logo\\\/image\\\/\",\"url\":\"https:\\\/\\\/pagodetharsys.com\\\/tienda\\\/wp-content\\\/uploads\\\/2025\\\/12\\\/logo-pagodetharsys-2025.svg\",\"contentUrl\":\"https:\\\/\\\/pagodetharsys.com\\\/tienda\\\/wp-content\\\/uploads\\\/2025\\\/12\\\/logo-pagodetharsys-2025.svg\",\"width\":100,\"height\":100,\"caption\":\"Pago de Tharsys\"},\"image\":{\"@id\":\"https:\\\/\\\/pagodetharsys.com\\\/tienda\\\/#\\\/schema\\\/logo\\\/image\\\/\"},\"sameAs\":[\"https:\\\/\\\/www.facebook.com\\\/pagodetharsys\\\/\",\"https:\\\/\\\/x.com\\\/pagodetharsys\",\"https:\\\/\\\/www.instagram.com\\\/pagodetharsys\\\/\"]}]}<\/script>\n<!-- \/ Yoast SEO plugin. -->","yoast_head_json":{"title":"Sue\u00f1a Marc de Cava | Pago de Tharsys","description":"Organic distillate from cava lees with floral, marzipan, and white fruit aromas. Smooth, pure, and elegant. A handcrafted marc to be savoured slowly.","robots":{"index":"index","follow":"follow","max-snippet":"max-snippet:-1","max-image-preview":"max-image-preview:large","max-video-preview":"max-video-preview:-1"},"canonical":"https:\/\/pagodetharsys.com\/tienda\/en\/products\/suena-marc-de-cava\/","og_locale":"en_US","og_type":"article","og_title":"Sue\u00f1a Marc de Cava | Pago de Tharsys","og_description":"Organic distillate from cava lees with floral, marzipan, and white fruit aromas. Smooth, pure, and elegant. A handcrafted marc to be savoured slowly.","og_url":"https:\/\/pagodetharsys.com\/tienda\/en\/products\/suena-marc-de-cava\/","og_site_name":"Pago de Tharsys","article_publisher":"https:\/\/www.facebook.com\/pagodetharsys\/","article_modified_time":"2026-03-24T11:17:10+00:00","og_image":[{"width":1500,"height":1500,"url":"https:\/\/pagodetharsys.com\/tienda\/wp-content\/uploads\/2022\/04\/Suena-Pago-de-Tharsys-Marc-de-Cava-e1678090709223.jpg","type":"image\/jpeg"}],"twitter_card":"summary_large_image","twitter_site":"@pagodetharsys","twitter_misc":{"Est. reading time":"1 minute"},"schema":{"@context":"https:\/\/schema.org","@graph":[{"@type":"WebPage","@id":"https:\/\/pagodetharsys.com\/tienda\/en\/products\/suena-marc-de-cava\/","url":"https:\/\/pagodetharsys.com\/tienda\/en\/products\/suena-marc-de-cava\/","name":"Sue\u00f1a Marc de Cava | Pago de Tharsys","isPartOf":{"@id":"https:\/\/pagodetharsys.com\/tienda\/#website"},"primaryImageOfPage":{"@id":"https:\/\/pagodetharsys.com\/tienda\/en\/products\/suena-marc-de-cava\/#primaryimage"},"image":{"@id":"https:\/\/pagodetharsys.com\/tienda\/en\/products\/suena-marc-de-cava\/#primaryimage"},"thumbnailUrl":"https:\/\/pagodetharsys.com\/tienda\/wp-content\/uploads\/2022\/04\/Suena-Pago-de-Tharsys-Marc-de-Cava-e1678090709223.jpg","datePublished":"2015-02-17T10:49:31+00:00","dateModified":"2026-03-24T11:17:10+00:00","description":"Organic distillate from cava lees with floral, marzipan, and white fruit aromas. Smooth, pure, and elegant. A handcrafted marc to be savoured slowly.","breadcrumb":{"@id":"https:\/\/pagodetharsys.com\/tienda\/en\/products\/suena-marc-de-cava\/#breadcrumb"},"inLanguage":"en-US","potentialAction":[{"@type":"ReadAction","target":["https:\/\/pagodetharsys.com\/tienda\/en\/products\/suena-marc-de-cava\/"]}]},{"@type":"ImageObject","inLanguage":"en-US","@id":"https:\/\/pagodetharsys.com\/tienda\/en\/products\/suena-marc-de-cava\/#primaryimage","url":"https:\/\/pagodetharsys.com\/tienda\/wp-content\/uploads\/2022\/04\/Suena-Pago-de-Tharsys-Marc-de-Cava-e1678090709223.jpg","contentUrl":"https:\/\/pagodetharsys.com\/tienda\/wp-content\/uploads\/2022\/04\/Suena-Pago-de-Tharsys-Marc-de-Cava-e1678090709223.jpg","width":1500,"height":1500},{"@type":"BreadcrumbList","@id":"https:\/\/pagodetharsys.com\/tienda\/en\/products\/suena-marc-de-cava\/#breadcrumb","itemListElement":[{"@type":"ListItem","position":1,"name":"Portada","item":"https:\/\/pagodetharsys.com\/tienda\/en\/"},{"@type":"ListItem","position":2,"name":"Products","item":"https:\/\/pagodetharsys.com\/tienda\/en\/"},{"@type":"ListItem","position":3,"name":"PAGO DE THARSYS | SUE\u00d1A MARC DE CAVA"}]},{"@type":"WebSite","@id":"https:\/\/pagodetharsys.com\/tienda\/#website","url":"https:\/\/pagodetharsys.com\/tienda\/","name":"Pago de Tharsys","description":"Una experiencia sensorial que llega m\u00e1s all\u00e1 de una copa de vino","publisher":{"@id":"https:\/\/pagodetharsys.com\/tienda\/#organization"},"potentialAction":[{"@type":"SearchAction","target":{"@type":"EntryPoint","urlTemplate":"https:\/\/pagodetharsys.com\/tienda\/?s={search_term_string}"},"query-input":{"@type":"PropertyValueSpecification","valueRequired":true,"valueName":"search_term_string"}}],"inLanguage":"en-US"},{"@type":"Organization","@id":"https:\/\/pagodetharsys.com\/tienda\/#organization","name":"Pago de Tharsys","url":"https:\/\/pagodetharsys.com\/tienda\/","logo":{"@type":"ImageObject","inLanguage":"en-US","@id":"https:\/\/pagodetharsys.com\/tienda\/#\/schema\/logo\/image\/","url":"https:\/\/pagodetharsys.com\/tienda\/wp-content\/uploads\/2025\/12\/logo-pagodetharsys-2025.svg","contentUrl":"https:\/\/pagodetharsys.com\/tienda\/wp-content\/uploads\/2025\/12\/logo-pagodetharsys-2025.svg","width":100,"height":100,"caption":"Pago de Tharsys"},"image":{"@id":"https:\/\/pagodetharsys.com\/tienda\/#\/schema\/logo\/image\/"},"sameAs":["https:\/\/www.facebook.com\/pagodetharsys\/","https:\/\/x.com\/pagodetharsys","https:\/\/www.instagram.com\/pagodetharsys\/"]}]}},"_links":{"self":[{"href":"https:\/\/pagodetharsys.com\/tienda\/en\/wp-json\/wp\/v2\/product\/36969","targetHints":{"allow":["GET"]}}],"collection":[{"href":"https:\/\/pagodetharsys.com\/tienda\/en\/wp-json\/wp\/v2\/product"}],"about":[{"href":"https:\/\/pagodetharsys.com\/tienda\/en\/wp-json\/wp\/v2\/types\/product"}],"replies":[{"embeddable":true,"href":"https:\/\/pagodetharsys.com\/tienda\/en\/wp-json\/wp\/v2\/comments?post=36969"}],"wp:featuredmedia":[{"embeddable":true,"href":"https:\/\/pagodetharsys.com\/tienda\/en\/wp-json\/wp\/v2\/media\/44660"}],"wp:attachment":[{"href":"https:\/\/pagodetharsys.com\/tienda\/en\/wp-json\/wp\/v2\/media?parent=36969"}],"wp:term":[{"taxonomy":"product_brand","embeddable":true,"href":"https:\/\/pagodetharsys.com\/tienda\/en\/wp-json\/wp\/v2\/product_brand?post=36969"},{"taxonomy":"product_cat","embeddable":true,"href":"https:\/\/pagodetharsys.com\/tienda\/en\/wp-json\/wp\/v2\/product_cat?post=36969"},{"taxonomy":"product_tag","embeddable":true,"href":"https:\/\/pagodetharsys.com\/tienda\/en\/wp-json\/wp\/v2\/product_tag?post=36969"}],"curies":[{"name":"wp","href":"https:\/\/api.w.org\/{rel}","templated":true}]}}