{"id":37045,"date":"2019-08-20T18:27:32","date_gmt":"2019-08-20T16:27:32","guid":{"rendered":"https:\/\/pagodetharsys.com\/tienda\/productos\/pago-de-tharsys-brut-nature-2\/"},"modified":"2026-03-18T14:16:05","modified_gmt":"2026-03-18T13:16:05","slug":"pdt-magnum-ceramica-bn-gran-reserva-15-liters","status":"publish","type":"product","link":"https:\/\/pagodetharsys.com\/tienda\/en\/products\/pdt-magnum-ceramica-bn-gran-reserva-15-liters\/","title":{"rendered":"PAGO DE THARSYS | MAGNUM CER\u00c1MICA BN GRAN RESERVA (1,5L)"},"content":{"rendered":"<h2 class=\"entry-title\" style=\"text-align: center;\"><strong>PAGO DE THARSYS | MAGNUM CER\u00c1MICA BN GRAN RESERVA (1,5L)<\/strong><\/h2>\n<p>&nbsp;<\/p>\n<h3 data-start=\"78\" data-end=\"356\"><strong data-start=\"78\" data-end=\"94\">The Vineyard<\/strong><\/h3>\n<p data-start=\"78\" data-end=\"356\">The Chardonnay grapes come from vineyards located at over 780 meters above sea level, with deep calcareous soils over porous \u201ctufa\u201d rock. This type of soil enhances aromatic concentration, acidity, and elegance\u2014essential qualities for a great age-worthy cava.<\/p>\n<hr data-start=\"358\" data-end=\"361\" \/>\n<h3 data-start=\"363\" data-end=\"725\"><strong data-start=\"363\" data-end=\"377\">Winemaking<\/strong><\/h3>\n<p data-start=\"363\" data-end=\"725\">Produced following the traditional method, with manual harvesting and careful grape selection. It undergoes a minimum ageing of 60 months in underground cellars and is crafted as a Brut Nature (\u201c0 dosage\u201d) to express the character of the estate-grown organic Chardonnay. Riddling, disgorging, labelling, and packing are all carried out manually.<\/p>\n<hr data-start=\"727\" data-end=\"730\" \/>\n<h3 data-start=\"732\" data-end=\"751\"><strong data-start=\"732\" data-end=\"749\">Tasting Notes<\/strong><\/h3>\n<p data-start=\"753\" data-end=\"845\"><strong><em data-start=\"753\" data-end=\"766\">Appearance:<\/em><\/strong> Bright golden yellow, with fine and steady bubbles forming a delicate crown.<\/p>\n<p data-start=\"847\" data-end=\"1039\"><em data-start=\"847\" data-end=\"855\"><strong>Aroma<\/strong>:<\/em> Floral notes (acacia, cherry blossom), stone fruit (apricot, nectarine), citrus (lemon, lime), fresh spring vegetation, along with hints of fresh butter, yeast, and toasted almonds.<\/p>\n<p data-start=\"1041\" data-end=\"1214\"><em data-start=\"1041\" data-end=\"1050\"><strong>Palate<\/strong>:<\/em> Fresh, dry, and creamy. Excellent balance between acidity and fruit. Delicate bubbles, long on the palate, with an elegant persistence of citrus and buttery notes.<\/p>\n<hr data-start=\"1216\" data-end=\"1219\" \/>\n<h3 data-start=\"1221\" data-end=\"1244\"><strong data-start=\"1221\" data-end=\"1242\">Serving &amp; Pairing<\/strong><\/h3>\n<p data-start=\"1246\" data-end=\"1305\"><em data-start=\"1246\" data-end=\"1256\"><strong>Serving<\/strong>:<\/em> Serve between 7\u20139 \u00baC in a medium-bodied glass.<\/p>\n<p data-start=\"1307\" data-end=\"1406\"><em data-start=\"1307\" data-end=\"1317\"><strong>Pairing<\/strong>:<\/em> Perfect with white fish, oysters, clams, poultry, seafood stews, and roasted vegetables.<\/p>\n<hr \/>\n<p><strong><em>Want to discover more signature cavas? Explore our <a href=\"https:\/\/pagodetharsys.com\/tienda\/en\/product-cat\/pago-de-tharsys\/cavas-en\/\" target=\"_blank\" rel=\"noopener\">cava collection<\/a> or <a href=\"https:\/\/pagodetharsys.com\/en\/contact\/\">contact us<\/a>.<\/em><\/strong><\/p>\n","protected":false},"excerpt":{"rendered":"<h3 data-start=\"0\" data-end=\"128\">\ud83c\udf77 <strong data-start=\"3\" data-end=\"64\">Organic Chardonnay cava with more than 60 months on lees.<\/strong> Brut Nature with no dosage. Elegant, creamy, and handcrafted.<\/h3>\n<p>&nbsp;<\/p>\n<p data-start=\"130\" data-end=\"165\">\ud83d\udd34 <strong data-start=\"133\" data-end=\"142\">Type:<\/strong> White sparkling wine<\/p>\n<p data-start=\"167\" data-end=\"195\">\ud83c\udf47 <strong data-start=\"170\" data-end=\"182\">Variety:<\/strong> Chardonnay<\/p>\n<p data-start=\"197\" data-end=\"219\">\ud83d\udcc5 <strong data-start=\"200\" data-end=\"211\">Format:<\/strong> 1.5 L<\/p>\n<p data-start=\"221\" data-end=\"250\">\ud83c\udf77 <strong data-start=\"224\" data-end=\"244\">Alcohol Content:<\/strong> 12%<\/p>\n<p data-start=\"252\" data-end=\"281\">\ud83d\udccd <strong data-start=\"255\" data-end=\"271\">Appellation:<\/strong> DO Cava<\/p>\n<p data-start=\"283\" data-end=\"335\">\ud83d\udd70\ufe0f <strong data-start=\"287\" data-end=\"298\">Ageing:<\/strong> More than 60 months ageing on lees<\/p>\n<p data-start=\"337\" data-end=\"379\" data-is-last-node=\"\" data-is-only-node=\"\"><strong data-start=\"337\" data-end=\"379\" data-is-last-node=\"\">OFFICIAL EU ORGANIC WINE CERTIFICATION<\/strong><\/p>\n","protected":false},"featured_media":660577,"comment_status":"closed","ping_status":"closed","template":"","meta":{"inline_featured_image":false,"site-sidebar-layout":"default","site-content-layout":"","ast-site-content-layout":"default","site-content-style":"default","site-sidebar-style":"default","ast-global-header-display":"","ast-banner-title-visibility":"","ast-main-header-display":"","ast-hfb-above-header-display":"","ast-hfb-below-header-display":"","ast-hfb-mobile-header-display":"","site-post-title":"","ast-breadcrumbs-content":"","ast-featured-img":"","footer-sml-layout":"","ast-disable-related-posts":"","theme-transparent-header-meta":"default","adv-header-id-meta":"","stick-header-meta":"default","header-above-stick-meta":"","header-main-stick-meta":"","header-below-stick-meta":"","astra-migrate-meta-layouts":"set","ast-page-background-enabled":"default","ast-page-background-meta":{"desktop":{"background-color":"var(--ast-global-color-4)","background-image":"","background-repeat":"repeat","background-position":"center center","background-size":"auto","background-attachment":"scroll","background-type":"","background-media":"","overlay-type":"","overlay-color":"","overlay-opacity":"","overlay-gradient":""},"tablet":{"background-color":"","background-image":"","background-repeat":"repeat","background-position":"center center","background-size":"auto","background-attachment":"scroll","background-type":"","background-media":"","overlay-type":"","overlay-color":"","overlay-opacity":"","overlay-gradient":""},"mobile":{"background-color":"","background-image":"","background-repeat":"repeat","background-position":"center center","background-size":"auto","background-attachment":"scroll","background-type":"","background-media":"","overlay-type":"","overlay-color":"","overlay-opacity":"","overlay-gradient":""}},"ast-content-background-meta":{"desktop":{"background-color":"var(--ast-global-color-5)","background-image":"","background-repeat":"repeat","background-position":"center center","background-size":"auto","background-attachment":"scroll","background-type":"","background-media":"","overlay-type":"","overlay-color":"","overlay-opacity":"","overlay-gradient":""},"tablet":{"background-color":"var(--ast-global-color-5)","background-image":"","background-repeat":"repeat","background-position":"center center","background-size":"auto","background-attachment":"scroll","background-type":"","background-media":"","overlay-type":"","overlay-color":"","overlay-opacity":"","overlay-gradient":""},"mobile":{"background-color":"var(--ast-global-color-5)","background-image":"","background-repeat":"repeat","background-position":"center center","background-size":"auto","background-attachment":"scroll","background-type":"","background-media":"","overlay-type":"","overlay-color":"","overlay-opacity":"","overlay-gradient":""}}},"product_brand":[],"product_cat":[1715,1709],"product_tag":[],"class_list":{"0":"post-37045","1":"product","2":"type-product","3":"status-publish","4":"has-post-thumbnail","6":"product_cat-cavas-en","7":"product_cat-pago-de-tharsys","8":"desktop-align-left","9":"tablet-align-left","10":"mobile-align-left","11":"ast-product-gallery-layout-vertical-slider","12":"ast-product-gallery-with-no-image","13":"ast-magnify-disabled","14":"ast-product-tabs-layout-accordion","16":"first","17":"onbackorder","18":"featured","19":"taxable","20":"shipping-taxable","21":"purchasable","22":"product-type-simple"},"booking_location":null,"booking_location_type":null,"booking_duration":null,"booking_duration_unit":null,"booking_buffer":null,"booking_cost":null,"booking_resources":null,"yoast_head":"<!-- This site is optimized with the Yoast SEO plugin v27.4 - https:\/\/yoast.com\/product\/yoast-seo-wordpress\/ -->\n<title>PDT M\u00c1GNUM CER\u00c1MICA BN GRAN RESERVA (1&#039;5 LITERS)<\/title>\n<meta name=\"description\" content=\"PDT M\u00e1gnum Cer\u00e1mica BN Gran Reserva (1&#039;5 Liters) offers freshness, elegance, and aging potential, with vibrant acidity and late-harvested Chardonnay.\" \/>\n<meta name=\"robots\" content=\"index, follow, max-snippet:-1, max-image-preview:large, max-video-preview:-1\" \/>\n<link rel=\"canonical\" href=\"https:\/\/pagodetharsys.com\/tienda\/en\/products\/pdt-magnum-ceramica-bn-gran-reserva-15-liters\/\" \/>\n<meta property=\"og:locale\" content=\"en_US\" \/>\n<meta property=\"og:type\" content=\"article\" \/>\n<meta property=\"og:title\" content=\"PDT M\u00c1GNUM CER\u00c1MICA BN GRAN RESERVA (1&#039;5 LITERS)\" \/>\n<meta property=\"og:description\" content=\"PDT M\u00e1gnum Cer\u00e1mica BN Gran Reserva (1&#039;5 Liters) offers freshness, elegance, and aging potential, with vibrant acidity and late-harvested Chardonnay.\" \/>\n<meta property=\"og:url\" content=\"https:\/\/pagodetharsys.com\/tienda\/en\/products\/pdt-magnum-ceramica-bn-gran-reserva-15-liters\/\" \/>\n<meta property=\"og:site_name\" content=\"Pago de Tharsys\" \/>\n<meta property=\"article:publisher\" content=\"https:\/\/www.facebook.com\/pagodetharsys\/\" \/>\n<meta property=\"article:modified_time\" content=\"2026-03-18T13:16:05+00:00\" \/>\n<meta property=\"og:image\" content=\"https:\/\/pagodetharsys.com\/tienda\/wp-content\/uploads\/2019\/08\/Magnum-Pago-de-Tharsys-Ceramica-Reserva-2015-scaled.jpg\" \/>\n\t<meta property=\"og:image:width\" content=\"1180\" \/>\n\t<meta property=\"og:image:height\" content=\"2560\" \/>\n\t<meta property=\"og:image:type\" content=\"image\/jpeg\" \/>\n<meta name=\"twitter:card\" content=\"summary_large_image\" \/>\n<meta name=\"twitter:site\" content=\"@pagodetharsys\" \/>\n<meta name=\"twitter:label1\" content=\"Est. reading time\" \/>\n\t<meta name=\"twitter:data1\" content=\"2 minutes\" \/>\n<script type=\"application\/ld+json\" class=\"yoast-schema-graph\">{\"@context\":\"https:\\\/\\\/schema.org\",\"@graph\":[{\"@type\":\"WebPage\",\"@id\":\"https:\\\/\\\/pagodetharsys.com\\\/tienda\\\/en\\\/products\\\/pdt-magnum-ceramica-bn-gran-reserva-15-liters\\\/\",\"url\":\"https:\\\/\\\/pagodetharsys.com\\\/tienda\\\/en\\\/products\\\/pdt-magnum-ceramica-bn-gran-reserva-15-liters\\\/\",\"name\":\"PDT M\u00c1GNUM CER\u00c1MICA BN GRAN RESERVA (1'5 LITERS)\",\"isPartOf\":{\"@id\":\"https:\\\/\\\/pagodetharsys.com\\\/tienda\\\/#website\"},\"primaryImageOfPage\":{\"@id\":\"https:\\\/\\\/pagodetharsys.com\\\/tienda\\\/en\\\/products\\\/pdt-magnum-ceramica-bn-gran-reserva-15-liters\\\/#primaryimage\"},\"image\":{\"@id\":\"https:\\\/\\\/pagodetharsys.com\\\/tienda\\\/en\\\/products\\\/pdt-magnum-ceramica-bn-gran-reserva-15-liters\\\/#primaryimage\"},\"thumbnailUrl\":\"https:\\\/\\\/pagodetharsys.com\\\/tienda\\\/wp-content\\\/uploads\\\/2019\\\/08\\\/Magnum-Pago-de-Tharsys-Ceramica-Reserva-2015-scaled.jpg\",\"datePublished\":\"2019-08-20T16:27:32+00:00\",\"dateModified\":\"2026-03-18T13:16:05+00:00\",\"description\":\"PDT M\u00e1gnum Cer\u00e1mica BN Gran Reserva (1'5 Liters) offers freshness, elegance, and aging potential, with vibrant acidity and late-harvested Chardonnay.\",\"breadcrumb\":{\"@id\":\"https:\\\/\\\/pagodetharsys.com\\\/tienda\\\/en\\\/products\\\/pdt-magnum-ceramica-bn-gran-reserva-15-liters\\\/#breadcrumb\"},\"inLanguage\":\"en-US\",\"potentialAction\":[{\"@type\":\"ReadAction\",\"target\":[\"https:\\\/\\\/pagodetharsys.com\\\/tienda\\\/en\\\/products\\\/pdt-magnum-ceramica-bn-gran-reserva-15-liters\\\/\"]}]},{\"@type\":\"ImageObject\",\"inLanguage\":\"en-US\",\"@id\":\"https:\\\/\\\/pagodetharsys.com\\\/tienda\\\/en\\\/products\\\/pdt-magnum-ceramica-bn-gran-reserva-15-liters\\\/#primaryimage\",\"url\":\"https:\\\/\\\/pagodetharsys.com\\\/tienda\\\/wp-content\\\/uploads\\\/2019\\\/08\\\/Magnum-Pago-de-Tharsys-Ceramica-Reserva-2015-scaled.jpg\",\"contentUrl\":\"https:\\\/\\\/pagodetharsys.com\\\/tienda\\\/wp-content\\\/uploads\\\/2019\\\/08\\\/Magnum-Pago-de-Tharsys-Ceramica-Reserva-2015-scaled.jpg\",\"width\":1180,\"height\":2560},{\"@type\":\"BreadcrumbList\",\"@id\":\"https:\\\/\\\/pagodetharsys.com\\\/tienda\\\/en\\\/products\\\/pdt-magnum-ceramica-bn-gran-reserva-15-liters\\\/#breadcrumb\",\"itemListElement\":[{\"@type\":\"ListItem\",\"position\":1,\"name\":\"Portada\",\"item\":\"https:\\\/\\\/pagodetharsys.com\\\/tienda\\\/en\\\/\"},{\"@type\":\"ListItem\",\"position\":2,\"name\":\"Products\",\"item\":\"https:\\\/\\\/pagodetharsys.com\\\/tienda\\\/en\\\/\"},{\"@type\":\"ListItem\",\"position\":3,\"name\":\"PAGO DE THARSYS | MAGNUM CER\u00c1MICA BN GRAN RESERVA (1,5L)\"}]},{\"@type\":\"WebSite\",\"@id\":\"https:\\\/\\\/pagodetharsys.com\\\/tienda\\\/#website\",\"url\":\"https:\\\/\\\/pagodetharsys.com\\\/tienda\\\/\",\"name\":\"Pago de Tharsys\",\"description\":\"Una experiencia sensorial que llega m\u00e1s all\u00e1 de una copa de vino\",\"publisher\":{\"@id\":\"https:\\\/\\\/pagodetharsys.com\\\/tienda\\\/#organization\"},\"potentialAction\":[{\"@type\":\"SearchAction\",\"target\":{\"@type\":\"EntryPoint\",\"urlTemplate\":\"https:\\\/\\\/pagodetharsys.com\\\/tienda\\\/?s={search_term_string}\"},\"query-input\":{\"@type\":\"PropertyValueSpecification\",\"valueRequired\":true,\"valueName\":\"search_term_string\"}}],\"inLanguage\":\"en-US\"},{\"@type\":\"Organization\",\"@id\":\"https:\\\/\\\/pagodetharsys.com\\\/tienda\\\/#organization\",\"name\":\"Pago de Tharsys\",\"url\":\"https:\\\/\\\/pagodetharsys.com\\\/tienda\\\/\",\"logo\":{\"@type\":\"ImageObject\",\"inLanguage\":\"en-US\",\"@id\":\"https:\\\/\\\/pagodetharsys.com\\\/tienda\\\/#\\\/schema\\\/logo\\\/image\\\/\",\"url\":\"https:\\\/\\\/pagodetharsys.com\\\/tienda\\\/wp-content\\\/uploads\\\/2025\\\/12\\\/logo-pagodetharsys-2025.svg\",\"contentUrl\":\"https:\\\/\\\/pagodetharsys.com\\\/tienda\\\/wp-content\\\/uploads\\\/2025\\\/12\\\/logo-pagodetharsys-2025.svg\",\"width\":100,\"height\":100,\"caption\":\"Pago de Tharsys\"},\"image\":{\"@id\":\"https:\\\/\\\/pagodetharsys.com\\\/tienda\\\/#\\\/schema\\\/logo\\\/image\\\/\"},\"sameAs\":[\"https:\\\/\\\/www.facebook.com\\\/pagodetharsys\\\/\",\"https:\\\/\\\/x.com\\\/pagodetharsys\",\"https:\\\/\\\/www.instagram.com\\\/pagodetharsys\\\/\"]}]}<\/script>\n<!-- \/ Yoast SEO plugin. -->","yoast_head_json":{"title":"PDT M\u00c1GNUM CER\u00c1MICA BN GRAN RESERVA (1'5 LITERS)","description":"PDT M\u00e1gnum Cer\u00e1mica BN Gran Reserva (1'5 Liters) offers freshness, elegance, and aging potential, with vibrant acidity and late-harvested Chardonnay.","robots":{"index":"index","follow":"follow","max-snippet":"max-snippet:-1","max-image-preview":"max-image-preview:large","max-video-preview":"max-video-preview:-1"},"canonical":"https:\/\/pagodetharsys.com\/tienda\/en\/products\/pdt-magnum-ceramica-bn-gran-reserva-15-liters\/","og_locale":"en_US","og_type":"article","og_title":"PDT M\u00c1GNUM CER\u00c1MICA BN GRAN RESERVA (1'5 LITERS)","og_description":"PDT M\u00e1gnum Cer\u00e1mica BN Gran Reserva (1'5 Liters) offers freshness, elegance, and aging potential, with vibrant acidity and late-harvested Chardonnay.","og_url":"https:\/\/pagodetharsys.com\/tienda\/en\/products\/pdt-magnum-ceramica-bn-gran-reserva-15-liters\/","og_site_name":"Pago de Tharsys","article_publisher":"https:\/\/www.facebook.com\/pagodetharsys\/","article_modified_time":"2026-03-18T13:16:05+00:00","og_image":[{"width":1180,"height":2560,"url":"https:\/\/pagodetharsys.com\/tienda\/wp-content\/uploads\/2019\/08\/Magnum-Pago-de-Tharsys-Ceramica-Reserva-2015-scaled.jpg","type":"image\/jpeg"}],"twitter_card":"summary_large_image","twitter_site":"@pagodetharsys","twitter_misc":{"Est. reading time":"2 minutes"},"schema":{"@context":"https:\/\/schema.org","@graph":[{"@type":"WebPage","@id":"https:\/\/pagodetharsys.com\/tienda\/en\/products\/pdt-magnum-ceramica-bn-gran-reserva-15-liters\/","url":"https:\/\/pagodetharsys.com\/tienda\/en\/products\/pdt-magnum-ceramica-bn-gran-reserva-15-liters\/","name":"PDT M\u00c1GNUM CER\u00c1MICA BN GRAN RESERVA (1'5 LITERS)","isPartOf":{"@id":"https:\/\/pagodetharsys.com\/tienda\/#website"},"primaryImageOfPage":{"@id":"https:\/\/pagodetharsys.com\/tienda\/en\/products\/pdt-magnum-ceramica-bn-gran-reserva-15-liters\/#primaryimage"},"image":{"@id":"https:\/\/pagodetharsys.com\/tienda\/en\/products\/pdt-magnum-ceramica-bn-gran-reserva-15-liters\/#primaryimage"},"thumbnailUrl":"https:\/\/pagodetharsys.com\/tienda\/wp-content\/uploads\/2019\/08\/Magnum-Pago-de-Tharsys-Ceramica-Reserva-2015-scaled.jpg","datePublished":"2019-08-20T16:27:32+00:00","dateModified":"2026-03-18T13:16:05+00:00","description":"PDT M\u00e1gnum Cer\u00e1mica BN Gran Reserva (1'5 Liters) offers freshness, elegance, and aging potential, with vibrant acidity and late-harvested Chardonnay.","breadcrumb":{"@id":"https:\/\/pagodetharsys.com\/tienda\/en\/products\/pdt-magnum-ceramica-bn-gran-reserva-15-liters\/#breadcrumb"},"inLanguage":"en-US","potentialAction":[{"@type":"ReadAction","target":["https:\/\/pagodetharsys.com\/tienda\/en\/products\/pdt-magnum-ceramica-bn-gran-reserva-15-liters\/"]}]},{"@type":"ImageObject","inLanguage":"en-US","@id":"https:\/\/pagodetharsys.com\/tienda\/en\/products\/pdt-magnum-ceramica-bn-gran-reserva-15-liters\/#primaryimage","url":"https:\/\/pagodetharsys.com\/tienda\/wp-content\/uploads\/2019\/08\/Magnum-Pago-de-Tharsys-Ceramica-Reserva-2015-scaled.jpg","contentUrl":"https:\/\/pagodetharsys.com\/tienda\/wp-content\/uploads\/2019\/08\/Magnum-Pago-de-Tharsys-Ceramica-Reserva-2015-scaled.jpg","width":1180,"height":2560},{"@type":"BreadcrumbList","@id":"https:\/\/pagodetharsys.com\/tienda\/en\/products\/pdt-magnum-ceramica-bn-gran-reserva-15-liters\/#breadcrumb","itemListElement":[{"@type":"ListItem","position":1,"name":"Portada","item":"https:\/\/pagodetharsys.com\/tienda\/en\/"},{"@type":"ListItem","position":2,"name":"Products","item":"https:\/\/pagodetharsys.com\/tienda\/en\/"},{"@type":"ListItem","position":3,"name":"PAGO DE THARSYS | MAGNUM CER\u00c1MICA BN GRAN RESERVA (1,5L)"}]},{"@type":"WebSite","@id":"https:\/\/pagodetharsys.com\/tienda\/#website","url":"https:\/\/pagodetharsys.com\/tienda\/","name":"Pago de Tharsys","description":"Una experiencia sensorial que llega m\u00e1s all\u00e1 de una copa de vino","publisher":{"@id":"https:\/\/pagodetharsys.com\/tienda\/#organization"},"potentialAction":[{"@type":"SearchAction","target":{"@type":"EntryPoint","urlTemplate":"https:\/\/pagodetharsys.com\/tienda\/?s={search_term_string}"},"query-input":{"@type":"PropertyValueSpecification","valueRequired":true,"valueName":"search_term_string"}}],"inLanguage":"en-US"},{"@type":"Organization","@id":"https:\/\/pagodetharsys.com\/tienda\/#organization","name":"Pago de Tharsys","url":"https:\/\/pagodetharsys.com\/tienda\/","logo":{"@type":"ImageObject","inLanguage":"en-US","@id":"https:\/\/pagodetharsys.com\/tienda\/#\/schema\/logo\/image\/","url":"https:\/\/pagodetharsys.com\/tienda\/wp-content\/uploads\/2025\/12\/logo-pagodetharsys-2025.svg","contentUrl":"https:\/\/pagodetharsys.com\/tienda\/wp-content\/uploads\/2025\/12\/logo-pagodetharsys-2025.svg","width":100,"height":100,"caption":"Pago de Tharsys"},"image":{"@id":"https:\/\/pagodetharsys.com\/tienda\/#\/schema\/logo\/image\/"},"sameAs":["https:\/\/www.facebook.com\/pagodetharsys\/","https:\/\/x.com\/pagodetharsys","https:\/\/www.instagram.com\/pagodetharsys\/"]}]}},"_links":{"self":[{"href":"https:\/\/pagodetharsys.com\/tienda\/en\/wp-json\/wp\/v2\/product\/37045","targetHints":{"allow":["GET"]}}],"collection":[{"href":"https:\/\/pagodetharsys.com\/tienda\/en\/wp-json\/wp\/v2\/product"}],"about":[{"href":"https:\/\/pagodetharsys.com\/tienda\/en\/wp-json\/wp\/v2\/types\/product"}],"replies":[{"embeddable":true,"href":"https:\/\/pagodetharsys.com\/tienda\/en\/wp-json\/wp\/v2\/comments?post=37045"}],"wp:featuredmedia":[{"embeddable":true,"href":"https:\/\/pagodetharsys.com\/tienda\/en\/wp-json\/wp\/v2\/media\/660577"}],"wp:attachment":[{"href":"https:\/\/pagodetharsys.com\/tienda\/en\/wp-json\/wp\/v2\/media?parent=37045"}],"wp:term":[{"taxonomy":"product_brand","embeddable":true,"href":"https:\/\/pagodetharsys.com\/tienda\/en\/wp-json\/wp\/v2\/product_brand?post=37045"},{"taxonomy":"product_cat","embeddable":true,"href":"https:\/\/pagodetharsys.com\/tienda\/en\/wp-json\/wp\/v2\/product_cat?post=37045"},{"taxonomy":"product_tag","embeddable":true,"href":"https:\/\/pagodetharsys.com\/tienda\/en\/wp-json\/wp\/v2\/product_tag?post=37045"}],"curies":[{"name":"wp","href":"https:\/\/api.w.org\/{rel}","templated":true}]}}