{"id":40505,"date":"2021-11-10T13:50:15","date_gmt":"2021-11-10T12:50:15","guid":{"rendered":"https:\/\/pagodetharsys.com\/tienda\/?page_id=40505"},"modified":"2024-01-18T09:21:54","modified_gmt":"2024-01-18T08:21:54","slug":"terminos-y-condiciones","status":"publish","type":"page","link":"https:\/\/pagodetharsys.com\/tienda\/terminos-y-condiciones\/","title":{"rendered":"Terminos y condiciones"},"content":{"rendered":"\n<h2 class=\"wp-block-heading has-x-large-font-size\"><strong>AVISO IMPORTANTE<\/strong><\/h2>\n\n\n\n<ul class=\"wp-block-list\">\n<li>El producto \u00fanicamente debe ser adquirido por personas mayores de edad. En Espa\u00f1a mayores de 18 a\u00f1os.<\/li>\n\n\n\n<li>El comercio es responsable y conoce la legislaci\u00f3n vigente de los pa\u00edses a los que env\u00eda los productos.<\/li>\n\n\n\n<li>El usuario tiene conocimiento y acepta las condiciones establecidas por el comercio.<\/li>\n<\/ul>\n\n\n\n<h2 class=\"wp-block-heading has-x-large-font-size\"><strong>CONDICIONES GENERALES DE VENTA<\/strong><\/h2>\n\n\n\n<p>Las presentes condiciones generales de venta regulan todas las relaciones entre:<\/p>\n\n\n\n<p>PAGO DE THARSYS<\/p>\n\n\n\n<p>Y sus clientes internautas (\u201cEl cliente\u201d).<\/p>\n\n\n\n<p>Antes de efectuar cualquier transacci\u00f3n, el cliente reconoce conocer y declara aceptar dichas condiciones desde el momento en que pinche en el bot\u00f3n Acepto.<\/p>\n\n\n\n<h3 class=\"wp-block-heading\"><strong>1. Condiciones particulares de venta<\/strong><\/h3>\n\n\n\n<p>El cliente reconoce conocer, en el momento de la realizaci\u00f3n del pedido, las condiciones particulares de venta indicadas en la pantalla (nombre, precio componentes, peso, cantidad, color, detalles de los productos, coste de las prestaciones, etc.) y declara expresamente aceptarlas sin reserva alguna. La realizaci\u00f3n del pedido y su confirmaci\u00f3n por parte del cliente materializan la aceptaci\u00f3n plena y completa de las condiciones particulares de venta, solamente aplicables al pedido.<\/p>\n\n\n\n<h3 class=\"wp-block-heading\"><strong>2. Pedido<\/strong><\/h3>\n\n\n\n<p>El cliente efect\u00faa el pedido pinchando en la pesta\u00f1a \u201ca\u00f1adir a la cesta\u00bb. El pedido se a\u00f1ade a un total que recoge todos los art\u00edculos confirmados por el cliente al pinchar en el bot\u00f3n \u00abacepto las condiciones generales de venta\u201d<\/p>\n\n\n\n<p>Los sistemas de registro autom\u00e1tico de PAGO DE THARSYS S.L. sirven de justificante de la naturaleza, del contenido y de la fecha del pedido.<\/p>\n\n\n\n<h3 class=\"wp-block-heading\"><strong>3. Confirmaci\u00f3n del pedido<\/strong><\/h3>\n\n\n\n<p>PAGO DE THARSYS S.L. confirma la aceptaci\u00f3n de su pedido al cliente a trav\u00e9s de correo electr\u00f3nico. La venta no finalizar\u00e1 hasta que la sociedad PAGO DE THARSYS S.L. confirme el pedido.<\/p>\n\n\n\n<p>PAGO DE THARSYS S.L. se reserva la posibilidad de no confirmar un pedido por alg\u00fan motivo en concreto como el abastecimiento de productos, un problema relativo al pedido recibido (ej.: documento ilegible), un pedido anormal o un problema previsible referente a la entrega. PAGO DE THARSYS S.L. se lo informar\u00e1 al cliente.<\/p>\n\n\n\n<p>No podr\u00e1n realizarse pedidos nuevos hasta que el cliente haya efectuado el pago de las sumas debidas en concepto de los pedidos anteriores. Asimismo, la propiedad de la mercanc\u00eda no se transferir\u00e1 completamente hasta que la sociedad PAGO DE THARSYS S.L. reciba las sumas debidas por el cliente.<\/p>\n\n\n\n<h3 class=\"wp-block-heading\"><strong>4. Condiciones de entrega de los pedidos<\/strong><\/h3>\n\n\n\n<p>El cliente elegir\u00e1 el lugar y la fecha de recepci\u00f3n de la mercanc\u00eda en el momento de efectuar el pedido. PAGO DE THARSYS S.L. se reserva el derecho a utilizar todos los medios necesarios para realizar la entrega de los productos en la direcci\u00f3n indicada por el cliente. Las entregas se efectuar\u00e1n \u00fanicamente en el territorio de Espa\u00f1a (incluidas las islas de Baleares).&nbsp;<\/p>\n\n\n\n<h3 class=\"wp-block-heading\"><strong>5. Plazos de entrega<\/strong><\/h3>\n\n\n\n<p>Las entregas se efectuar\u00e1n en un plazo m\u00e1ximo de 4 d\u00edas laborables. Si un art\u00edculo no est\u00e1 en stock en el momento de realizar el pedido, se lo haremos saber y le confirmaremos la fecha en que volver\u00e1 a estar disponible o le propondremos un producto sustitutivo equivalente. La entrega corre por cuenta del destinatario.<\/p>\n\n\n\n<h3 class=\"wp-block-heading\"><strong>6. Gastos de entrega y recepci\u00f3n de los pedidos<\/strong><\/h3>\n\n\n\n<p>Los gastos de entrega ascienden a 7.00 euros (IVA incluido) para todos los pedidos exceptuando las compras de \u00fanicamente ENOPACKS (sin gastos de entrega).<\/p>\n\n\n\n<p>Al efectuar un pedido, el cliente se compromete a firmar la hoja de recepci\u00f3n presentada por la persona que realiza la entrega, en la que podr\u00e1 incluir todas las observaciones que considere necesarias. Mediante la firma de la hoja de recepci\u00f3n, el cliente reconoce haber recibido el n\u00famero de bultos indicados en la misma. Si el cliente observa productos estropeados o la falta de productos, deber\u00e1 realizar una reclamaci\u00f3n en el Servicio de Relaciones con los Clientes por e-mail o por correo postal a PAGO DE THARSYS SL. APARTADO DE CORREOS 32, CP 46340 REQUENA (VALENCIA) o por fax al n\u00famero 962329000 en un plazo m\u00e1ximo de tres d\u00edas.<\/p>\n\n\n\n<p>Todo evento como, por ejemplo, fuerza mayor, siniestro, huelga, decisi\u00f3n administrativa o huelga de transportes que retrase, impida o haga que el abastecimiento sea desorbitado, constituye, mediante acuerdo expreso, una cl\u00e1usula de suspensi\u00f3n o de extinci\u00f3n de las obligaciones de la sociedad PAGO DE THARSYS S.L., sin indemnizaci\u00f3n en beneficio del cliente si el evento tiene lugar durante m\u00e1s de 15 d\u00edas. En estas circunstancias, se eximir\u00e1 al cliente, completa y autom\u00e1ticamente, de sus obligaciones referentes a su pedido.<\/p>\n\n\n\n<p>La sociedad PAGO DE THARSYS S.L. informar\u00e1 al cliente a trav\u00e9s de cualquier medio adecuado y el mismo d\u00eda en que se produzca dicho evento para que \u00e9ste pueda anular libremente sus pedidos mediante respuesta por correo postal o e-mail una vez notificado el evento.<\/p>\n\n\n\n<h3 class=\"wp-block-heading\"><strong>7. Empresa de env\u00edo<\/strong><\/h3>\n\n\n\n<p>Las entregas ser\u00e1n realizadas por MRW, durante el horario de oficina normal. Seleccione la direcci\u00f3n de env\u00edo para que alguna persona pueda recibir el paquete.<\/p>\n\n\n\n<h3 class=\"wp-block-heading\"><strong>8. Precio<\/strong><\/h3>\n\n\n\n<p>Todos los precios se indican en euros e incluyen IVA. El precio facturado al cliente es el precio indicado en la confirmaci\u00f3n del pedido enviada por PAGO DE THARSYS S.L. El pago de los productos y servicios se realiza por tarjeta de cr\u00e9dito en un entorno seguro del servidor de nuestro proveedor. El cargo en la tarjeta de cr\u00e9dito del cliente se efectuar\u00e1 en euros en el momento de la aceptaci\u00f3n del pedido por parte de PAGO DE THARSYS S.L. PAGO DE THARSYS S.L. conserva la propiedad de los productos hasta que el cliente pague \u00edntegramente el precio de los productos y servicios.<\/p>\n\n\n\n<h3 class=\"wp-block-heading\"><strong>9. Ficha de los productos<\/strong><\/h3>\n\n\n\n<p>Las fotograf\u00edas que muestran los productos se facilitan a t\u00edtulo indicativo. Los textos que acompa\u00f1an a estas fotograf\u00edas son la reproducci\u00f3n de informaci\u00f3n que figura en los embalajes o las instrucciones de uso. Las diferencias entre las fotograf\u00edas y los productos s\u00f3lo pueden ser m\u00ednimas y no afectan a las caracter\u00edsticas esenciales de los productos.&nbsp;<strong>El color de los productos mostrados en la tienda virtual puede diferir del color real del producto.<\/strong><\/p>\n\n\n\n<h3 class=\"wp-block-heading\"><strong>10. Condiciones de pago<\/strong><\/h3>\n\n\n\n<p>Los productos solicitados ser\u00e1n entregados tras su pago mediante tarjeta de cr\u00e9dito (Master Card, Visa Card, American Express, JCB).<\/p>\n\n\n\n<h3 class=\"wp-block-heading\"><strong>11. Seguridad de la informaci\u00f3n privada (Comisi\u00f3n Nacional Inform\u00e1tica y Libertad)<\/strong><\/h3>\n\n\n\n<p>PAGO DE THARSYS S.L. est\u00e1 obligada a proteger su informaci\u00f3n privada. Los datos personales recabados durante su conexi\u00f3n a nuestro sitio comercial solamente se utilizar\u00e1n para tratar su pedido. No venderemos, arrendaremos o divulgaremos sus datos personales a ninguna persona (ni a terceros).<\/p>\n\n\n\n<h3 class=\"wp-block-heading\"><strong>12. Informaci\u00f3n solicitada<\/strong><\/h3>\n\n\n\n<p>Al realizar pedidos a trav\u00e9s del sitio&nbsp;<a href=\"https:\/\/pagodetharsys.com\/\">www.pagodetharsys.com\/<\/a>consiente que la sociedad PAGO DE THARSYS S.L. utilice datos nominativos sobre usted, comunicados por usted o recabados a trav\u00e9s del funcionamiento del sitio. Estos datos (nombres, direcci\u00f3n de e-mail, direcci\u00f3n postal, n\u00famero de tarjeta de cr\u00e9dito con su fecha de caducidad, etc\u2026) son necesarios para que podamos tratar sus pedidos.<\/p>\n\n\n\n<h3 class=\"wp-block-heading\"><strong>13. Seguridad de los datos personales<\/strong><\/h3>\n\n\n\n<p>El env\u00edo de pedidos (contienen la informaci\u00f3n sobre su cuenta) se realiza a trav\u00e9s de un servidor seguro. El programa de seguridad (SSL) codifica toda la informaci\u00f3n que escribe antes de que se nos env\u00ede. Asimismo, las transmisiones de mensajes se protegen contra el acceso no autorizado por parte de terceros.<\/p>\n\n\n\n<h3 class=\"wp-block-heading\"><strong>14. Garant\u00eda<\/strong><\/h3>\n\n\n\n<p>El cliente se beneficiar\u00e1 de la garant\u00eda legal de los vicios ocultos en los productos vendidos. Todos nuestros productos se dise\u00f1an y fabrican con el mayor cuidado posible. No obstante, la garant\u00eda no ser\u00e1 v\u00e1lida si se producen fallos o da\u00f1os debido a un manejo incorrecto, una falta de mantenimiento o de cuidado contrarios a nuestras instrucciones de uso. El comprador deber\u00e1 consultar las instrucciones y las recomendaciones adecuadas que se encuentran en el modo de empleo facilitado con el producto.<\/p>\n\n\n\n<h3 class=\"wp-block-heading\"><strong>15. Derecho de desistimiento<\/strong><\/h3>\n\n\n\n<p>El comprador dispondr\u00e1 en todo caso de un plazo de catorce (14) d\u00edas naturales tras la recepci\u00f3n del Producto para ejercer su derecho de desistimiento sin tener que justificar razones o tener sanci\u00f3n alguna.<\/p>\n\n\n\n<p>De conformidad con el art\u00edculo 102.d) del Real Decreto Legislativo 1\/2007, de 16 de noviembre, por el que se aprueba el texto refundido de la Ley General para la Defensa de los Consumidores y Usuarios y otras leyes complementarias, no siendo aplicable el suministro de bienes que puedan deteriorase o caducar con rapidez, por lo que no se podr\u00e1 ejercer el derecho de desistimiento sobre las botellas que hayan sido abiertas por ejemplo, debido al r\u00e1pido deterioro del contenido en tales casos.<\/p>\n\n\n\n<p>El comprador deber\u00e1 manifestar su intenci\u00f3n de desistir dentro del plazo indicado y deber\u00e1 proceder a la devoluci\u00f3n del producto. Asimismo podr\u00e1 emplear el modelo de formulario de desistimiento que se encuentra disponible&nbsp;<a href=\"https:\/\/pagodetharsystienda.com\/img\/cms\/Formulario%20de%20desistimiento.pdf\"><strong>aqu\u00ed<\/strong><\/a>. Igualmente el cliente podr\u00e1 remitir un correo electr\u00f3nico a la direcci\u00f3n info@pagodetharsys.com&nbsp;incluyendo su nombre y direcci\u00f3n, as\u00ed como el n\u00famero de su pedido. Tambi\u00e9n podr\u00e1 contactar de forma telef\u00f3nica con el fin de agilizar el proceso de devoluci\u00f3n de los importes correspondientes.&nbsp;<\/p>\n\n\n\n<p>PAGO DE THARSYS reembolsar\u00e1 las sumas abonadas por el cliente sin retenci\u00f3n de gastos. Sin embargo, el coste de la devoluci\u00f3n del producto ser\u00e1 a cargo del Usuario.<\/p>\n\n\n\n<p>El plazo de desistimiento expirar\u00e1 a los 14 d\u00edas del d\u00eda que usted o un tercero por usted indicado, distinto del transportista, adquiera la posesi\u00f3n material de los bienes.<\/p>\n\n\n\n<p>Para ejercer el derecho de desistimiento, deber\u00e1 usted notificarnos por escrito&nbsp; a nosotros PAGO DE THARSYS SL. APARTADO DE CORREOS 32 CP: 46340 REQUENA (VALENCIA), tel\u00e9fono: +34 \u2013 96 230 33 54 ; fax: 96 232 90 00; correo electr\u00f3nico: bodega@pagodetharsys.com, facilit\u00e1ndonos su nombre, su direcci\u00f3n de domicilio, su n\u00famero de tel\u00e9fono, su n\u00famero de fax y su direcci\u00f3n de correo electr\u00f3nico), su decisi\u00f3n de desistir del contrato a trav\u00e9s de una declaraci\u00f3n inequ\u00edvoca (por ejemplo, una carta enviada por correo postal, fax o correo electr\u00f3nico).<\/p>\n\n\n\n<p>Para cumplir el plazo de desistimiento, basta con que la comunicaci\u00f3n relativa al ejercicio por su parte del derecho de desistimiento sea enviada antes de que venza el plazo de desistimiento.<\/p>\n\n\n\n<h4 class=\"wp-block-heading\"><strong>Consecuencias del desistimiento<\/strong><\/h4>\n\n\n\n<p>En caso de desistimiento por su parte y recibidos los productos sobre los que recae el desistimiento y verificado su correcto estado, PAGO DE THARSYS devolver\u00e1 al cliente las sumas abonadas en un plazo m\u00e1ximo de 14 d\u00edas naturales desde la comunicaci\u00f3n del desistimiento.<\/p>\n\n\n\n<p>Procederemos a efectuar dicho reembolso utilizando el mismo medio de pago empleado por usted para la transacci\u00f3n inicial, a no ser que haya usted dispuesto expresamente lo contrario; en todo caso, no incurrir\u00e1 en ning\u00fan gasto como consecuencia del reembolso.<\/p>\n\n\n\n<p>Podremos retener el reembolso hasta haber recibido los bienes, o hasta que usted haya presentado una prueba de la devoluci\u00f3n de los bienes, seg\u00fan qu\u00e9 condici\u00f3n se cumpla primero.<\/p>\n\n\n\n<p>Deber\u00e1 usted devolver o entregar los bienes a:<\/p>\n\n\n\n<p>PAGO DE THARSYS S.L.<\/p>\n\n\n\n<p>CARRETERA N-III KM 274&nbsp; S\/N,<\/p>\n\n\n\n<p>46340 REQUENA<\/p>\n\n\n\n<p>VALENCIA (ESPA\u00d1A)<\/p>\n\n\n\n<p>Sin ninguna demora indebida y, en cualquier caso, a m\u00e1s tardar en el plazo de 15 d\u00edas a partir de la fecha en que nos comunique su decisi\u00f3n de desistimiento del contrato. Se considerar\u00e1 cumplido el plazo si efect\u00faa la devoluci\u00f3n de los bienes antes de que haya concluido el plazo de 15 d\u00edas.<\/p>\n\n\n\n<p>Deber\u00e1 usted asumir el coste directo de devoluci\u00f3n de los bienes.<\/p>\n\n\n\n<p>Solo ser\u00e1 usted responsable de la disminuci\u00f3n de valor de los bienes resultante de una manipulaci\u00f3n distinta a la necesaria para establecer la naturaleza, las caracter\u00edsticas y el funcionamiento de los bienes.<\/p>\n\n\n\n<h3 class=\"wp-block-heading\"><strong>16. Propiedad intelectual<\/strong><\/h3>\n\n\n\n<p>Cuando se conecte al sitio de Internet creado por PAGO DE THARSYS S.L., titular de todos los derechos de propiedad intelectual del mismo, el cliente no podr\u00e1 copiar o descargar la totalidad o parte de su contenido, sin autorizaci\u00f3n previa y expresa de PAGO DE THARSYS S.L.<\/p>\n\n\n\n<h3 class=\"wp-block-heading\"><strong>17. Ponerse en contacto con nosotros<\/strong><\/h3>\n\n\n\n<p>Si tiene alguna pregunta acerca de los productos PAGO DE THARSYS S.L. como, por ejemplo, c\u00f3mo realizar su mantenimiento o alguna pregunta sobre su pedido:<\/p>\n\n\n\n<p>Email: info@pagodetharsys.com<\/p>\n\n\n\n<p>Tel\u00e9fono: +34-96 230 33 54<\/p>\n\n\n\n<p>Fax: +34-96 232 09 00<\/p>\n","protected":false},"excerpt":{"rendered":"<p>AVISO IMPORTANTE CONDICIONES GENERALES DE VENTA Las presentes condiciones generales de venta regulan todas las relaciones entre: PAGO DE THARSYS [&hellip;]<\/p>\n","protected":false},"author":11,"featured_media":0,"parent":0,"menu_order":0,"comment_status":"closed","ping_status":"closed","template":"","meta":{"inline_featured_image":false,"site-sidebar-layout":"default","site-content-layout":"","ast-site-content-layout":"default","site-content-style":"default","site-sidebar-style":"default","ast-global-header-display":"","ast-banner-title-visibility":"","ast-main-header-display":"","ast-hfb-above-header-display":"","ast-hfb-below-header-display":"","ast-hfb-mobile-header-display":"","site-post-title":"","ast-breadcrumbs-content":"","ast-featured-img":"","footer-sml-layout":"","ast-disable-related-posts":"","theme-transparent-header-meta":"","adv-header-id-meta":"","stick-header-meta":"","header-above-stick-meta":"","header-main-stick-meta":"","header-below-stick-meta":"","astra-migrate-meta-layouts":"default","ast-page-background-enabled":"default","ast-page-background-meta":{"desktop":{"background-color":"var(--ast-global-color-4)","background-image":"","background-repeat":"repeat","background-position":"center center","background-size":"auto","background-attachment":"scroll","background-type":"","background-media":"","overlay-type":"","overlay-color":"","overlay-opacity":"","overlay-gradient":""},"tablet":{"background-color":"","background-image":"","background-repeat":"repeat","background-position":"center center","background-size":"auto","background-attachment":"scroll","background-type":"","background-media":"","overlay-type":"","overlay-color":"","overlay-opacity":"","overlay-gradient":""},"mobile":{"background-color":"","background-image":"","background-repeat":"repeat","background-position":"center center","background-size":"auto","background-attachment":"scroll","background-type":"","background-media":"","overlay-type":"","overlay-color":"","overlay-opacity":"","overlay-gradient":""}},"ast-content-background-meta":{"desktop":{"background-color":"var(--ast-global-color-5)","background-image":"","background-repeat":"repeat","background-position":"center center","background-size":"auto","background-attachment":"scroll","background-type":"","background-media":"","overlay-type":"","overlay-color":"","overlay-opacity":"","overlay-gradient":""},"tablet":{"background-color":"var(--ast-global-color-5)","background-image":"","background-repeat":"repeat","background-position":"center center","background-size":"auto","background-attachment":"scroll","background-type":"","background-media":"","overlay-type":"","overlay-color":"","overlay-opacity":"","overlay-gradient":""},"mobile":{"background-color":"var(--ast-global-color-5)","background-image":"","background-repeat":"repeat","background-position":"center center","background-size":"auto","background-attachment":"scroll","background-type":"","background-media":"","overlay-type":"","overlay-color":"","overlay-opacity":"","overlay-gradient":""}},"footnotes":""},"class_list":["post-40505","page","type-page","status-publish","hentry"],"yoast_head":"<!-- This site is optimized with the Yoast SEO plugin v27.2 - https:\/\/yoast.com\/product\/yoast-seo-wordpress\/ -->\n<title>Terminos y condiciones - Pago de Tharsys<\/title>\n<meta name=\"robots\" content=\"index, follow, max-snippet:-1, max-image-preview:large, max-video-preview:-1\" \/>\n<link rel=\"canonical\" href=\"https:\/\/pagodetharsys.com\/tienda\/terminos-y-condiciones\/\" \/>\n<meta property=\"og:locale\" content=\"es_ES\" \/>\n<meta property=\"og:type\" content=\"article\" \/>\n<meta property=\"og:title\" content=\"Terminos y condiciones - Pago de Tharsys\" \/>\n<meta property=\"og:description\" content=\"AVISO IMPORTANTE CONDICIONES GENERALES DE VENTA Las presentes condiciones generales de venta regulan todas las relaciones entre: PAGO DE THARSYS [&hellip;]\" \/>\n<meta property=\"og:url\" content=\"https:\/\/pagodetharsys.com\/tienda\/terminos-y-condiciones\/\" \/>\n<meta property=\"og:site_name\" content=\"Pago de Tharsys\" \/>\n<meta property=\"article:publisher\" content=\"https:\/\/www.facebook.com\/pagodetharsys\/\" \/>\n<meta property=\"article:modified_time\" content=\"2024-01-18T08:21:54+00:00\" \/>\n<meta name=\"twitter:card\" content=\"summary_large_image\" \/>\n<meta name=\"twitter:site\" content=\"@pagodetharsys\" \/>\n<meta name=\"twitter:label1\" content=\"Tiempo de lectura\" \/>\n\t<meta name=\"twitter:data1\" content=\"9 minutos\" \/>\n<script type=\"application\/ld+json\" class=\"yoast-schema-graph\">{\"@context\":\"https:\/\/schema.org\",\"@graph\":[{\"@type\":\"WebPage\",\"@id\":\"https:\/\/pagodetharsys.com\/tienda\/terminos-y-condiciones\/\",\"url\":\"https:\/\/pagodetharsys.com\/tienda\/terminos-y-condiciones\/\",\"name\":\"Terminos y condiciones - Pago de Tharsys\",\"isPartOf\":{\"@id\":\"https:\/\/pagodetharsys.com\/tienda\/#website\"},\"datePublished\":\"2021-11-10T12:50:15+00:00\",\"dateModified\":\"2024-01-18T08:21:54+00:00\",\"breadcrumb\":{\"@id\":\"https:\/\/pagodetharsys.com\/tienda\/terminos-y-condiciones\/#breadcrumb\"},\"inLanguage\":\"es\",\"potentialAction\":[{\"@type\":\"ReadAction\",\"target\":[\"https:\/\/pagodetharsys.com\/tienda\/terminos-y-condiciones\/\"]}]},{\"@type\":\"BreadcrumbList\",\"@id\":\"https:\/\/pagodetharsys.com\/tienda\/terminos-y-condiciones\/#breadcrumb\",\"itemListElement\":[{\"@type\":\"ListItem\",\"position\":1,\"name\":\"Portada\",\"item\":\"https:\/\/pagodetharsys.com\/tienda\/\"},{\"@type\":\"ListItem\",\"position\":2,\"name\":\"Terminos y condiciones\"}]},{\"@type\":\"WebSite\",\"@id\":\"https:\/\/pagodetharsys.com\/tienda\/#website\",\"url\":\"https:\/\/pagodetharsys.com\/tienda\/\",\"name\":\"Pago de Tharsys\",\"description\":\"Una experiencia sensorial que llega m\u00e1s all\u00e1 de una copa de vino\",\"publisher\":{\"@id\":\"https:\/\/pagodetharsys.com\/tienda\/#organization\"},\"potentialAction\":[{\"@type\":\"SearchAction\",\"target\":{\"@type\":\"EntryPoint\",\"urlTemplate\":\"https:\/\/pagodetharsys.com\/tienda\/?s={search_term_string}\"},\"query-input\":{\"@type\":\"PropertyValueSpecification\",\"valueRequired\":true,\"valueName\":\"search_term_string\"}}],\"inLanguage\":\"es\"},{\"@type\":\"Organization\",\"@id\":\"https:\/\/pagodetharsys.com\/tienda\/#organization\",\"name\":\"Pago de Tharsys\",\"url\":\"https:\/\/pagodetharsys.com\/tienda\/\",\"logo\":{\"@type\":\"ImageObject\",\"inLanguage\":\"es\",\"@id\":\"https:\/\/pagodetharsys.com\/tienda\/#\/schema\/logo\/image\/\",\"url\":\"https:\/\/pagodetharsys.com\/tienda\/wp-content\/uploads\/2025\/12\/logo-pagodetharsys-2025.svg\",\"contentUrl\":\"https:\/\/pagodetharsys.com\/tienda\/wp-content\/uploads\/2025\/12\/logo-pagodetharsys-2025.svg\",\"width\":100,\"height\":100,\"caption\":\"Pago de Tharsys\"},\"image\":{\"@id\":\"https:\/\/pagodetharsys.com\/tienda\/#\/schema\/logo\/image\/\"},\"sameAs\":[\"https:\/\/www.facebook.com\/pagodetharsys\/\",\"https:\/\/x.com\/pagodetharsys\",\"https:\/\/www.instagram.com\/pagodetharsys\/\"]}]}<\/script>\n<!-- \/ Yoast SEO plugin. -->","yoast_head_json":{"title":"Terminos y condiciones - Pago de Tharsys","robots":{"index":"index","follow":"follow","max-snippet":"max-snippet:-1","max-image-preview":"max-image-preview:large","max-video-preview":"max-video-preview:-1"},"canonical":"https:\/\/pagodetharsys.com\/tienda\/terminos-y-condiciones\/","og_locale":"es_ES","og_type":"article","og_title":"Terminos y condiciones - Pago de Tharsys","og_description":"AVISO IMPORTANTE CONDICIONES GENERALES DE VENTA Las presentes condiciones generales de venta regulan todas las relaciones entre: PAGO DE THARSYS [&hellip;]","og_url":"https:\/\/pagodetharsys.com\/tienda\/terminos-y-condiciones\/","og_site_name":"Pago de Tharsys","article_publisher":"https:\/\/www.facebook.com\/pagodetharsys\/","article_modified_time":"2024-01-18T08:21:54+00:00","twitter_card":"summary_large_image","twitter_site":"@pagodetharsys","twitter_misc":{"Tiempo de lectura":"9 minutos"},"schema":{"@context":"https:\/\/schema.org","@graph":[{"@type":"WebPage","@id":"https:\/\/pagodetharsys.com\/tienda\/terminos-y-condiciones\/","url":"https:\/\/pagodetharsys.com\/tienda\/terminos-y-condiciones\/","name":"Terminos y condiciones - Pago de Tharsys","isPartOf":{"@id":"https:\/\/pagodetharsys.com\/tienda\/#website"},"datePublished":"2021-11-10T12:50:15+00:00","dateModified":"2024-01-18T08:21:54+00:00","breadcrumb":{"@id":"https:\/\/pagodetharsys.com\/tienda\/terminos-y-condiciones\/#breadcrumb"},"inLanguage":"es","potentialAction":[{"@type":"ReadAction","target":["https:\/\/pagodetharsys.com\/tienda\/terminos-y-condiciones\/"]}]},{"@type":"BreadcrumbList","@id":"https:\/\/pagodetharsys.com\/tienda\/terminos-y-condiciones\/#breadcrumb","itemListElement":[{"@type":"ListItem","position":1,"name":"Portada","item":"https:\/\/pagodetharsys.com\/tienda\/"},{"@type":"ListItem","position":2,"name":"Terminos y condiciones"}]},{"@type":"WebSite","@id":"https:\/\/pagodetharsys.com\/tienda\/#website","url":"https:\/\/pagodetharsys.com\/tienda\/","name":"Pago de Tharsys","description":"Una experiencia sensorial que llega m\u00e1s all\u00e1 de una copa de vino","publisher":{"@id":"https:\/\/pagodetharsys.com\/tienda\/#organization"},"potentialAction":[{"@type":"SearchAction","target":{"@type":"EntryPoint","urlTemplate":"https:\/\/pagodetharsys.com\/tienda\/?s={search_term_string}"},"query-input":{"@type":"PropertyValueSpecification","valueRequired":true,"valueName":"search_term_string"}}],"inLanguage":"es"},{"@type":"Organization","@id":"https:\/\/pagodetharsys.com\/tienda\/#organization","name":"Pago de Tharsys","url":"https:\/\/pagodetharsys.com\/tienda\/","logo":{"@type":"ImageObject","inLanguage":"es","@id":"https:\/\/pagodetharsys.com\/tienda\/#\/schema\/logo\/image\/","url":"https:\/\/pagodetharsys.com\/tienda\/wp-content\/uploads\/2025\/12\/logo-pagodetharsys-2025.svg","contentUrl":"https:\/\/pagodetharsys.com\/tienda\/wp-content\/uploads\/2025\/12\/logo-pagodetharsys-2025.svg","width":100,"height":100,"caption":"Pago de Tharsys"},"image":{"@id":"https:\/\/pagodetharsys.com\/tienda\/#\/schema\/logo\/image\/"},"sameAs":["https:\/\/www.facebook.com\/pagodetharsys\/","https:\/\/x.com\/pagodetharsys","https:\/\/www.instagram.com\/pagodetharsys\/"]}]}},"_links":{"self":[{"href":"https:\/\/pagodetharsys.com\/tienda\/wp-json\/wp\/v2\/pages\/40505","targetHints":{"allow":["GET"]}}],"collection":[{"href":"https:\/\/pagodetharsys.com\/tienda\/wp-json\/wp\/v2\/pages"}],"about":[{"href":"https:\/\/pagodetharsys.com\/tienda\/wp-json\/wp\/v2\/types\/page"}],"author":[{"embeddable":true,"href":"https:\/\/pagodetharsys.com\/tienda\/wp-json\/wp\/v2\/users\/11"}],"replies":[{"embeddable":true,"href":"https:\/\/pagodetharsys.com\/tienda\/wp-json\/wp\/v2\/comments?post=40505"}],"version-history":[{"count":0,"href":"https:\/\/pagodetharsys.com\/tienda\/wp-json\/wp\/v2\/pages\/40505\/revisions"}],"wp:attachment":[{"href":"https:\/\/pagodetharsys.com\/tienda\/wp-json\/wp\/v2\/media?parent=40505"}],"curies":[{"name":"wp","href":"https:\/\/api.w.org\/{rel}","templated":true}]}}