{"id":36932,"date":"2014-12-12T12:34:16","date_gmt":"2014-12-12T11:34:16","guid":{"rendered":"https:\/\/pagodetharsys.com\/tienda\/?post_type=product&#038;p=36932"},"modified":"2026-03-11T14:24:28","modified_gmt":"2026-03-11T13:24:28","slug":"vendimia-nocturna-albarino-2025","status":"publish","type":"product","link":"https:\/\/pagodetharsys.com\/tienda\/productos\/vendimia-nocturna-albarino-2025\/","title":{"rendered":"PAGO DE THARSYS | VENDIMIA NOCTURNA ALBARI\u00d1O 2025"},"content":{"rendered":"<h2 style=\"text-align: center;\">PAGO DE THARSYS | VENDIMIA NOCTURNA ALBARI\u00d1O 2025<\/h2>\n<p>&nbsp;<\/p>\n<h3 style=\"text-align: left;\">El Vi\u00f1edo<\/h3>\n<p data-start=\"695\" data-end=\"846\">La parcela de Albari\u00f1o (1 ha) se sit\u00faa al sur del pago sobre un suelo muy calizo formado por roca madre porosa llamada \u201ctoba\u201d. Este suelo, pobre en nutrientes pero capaz de retener humedad en profundidad, favorece uvas peque\u00f1as y muy arom\u00e1ticas.<\/p>\n<hr \/>\n<h3 style=\"text-align: left;\">A\u00f1ada 2025<\/h3>\n<p data-start=\"496\" data-end=\"620\">La a\u00f1ada 2025 tuvo un invierno fr\u00edo y seco que higieniz\u00f3 el suelo y una primavera muy lluviosa que gener\u00f3 buenas reservas de agua y gran desarrollo vegetativo. El verano seco, con noches frescas, favoreci\u00f3 una excelente sanidad y equilibrio en la uva. El Albari\u00f1o se vendimi\u00f3 el 27 de agosto, resultando una a\u00f1ada excelente.<\/p>\n<hr \/>\n<h3 style=\"text-align: left;\">Elaboraci\u00f3n<\/h3>\n<p>Elaborado siguiendo el m\u00e9todo tradicional, con 6 meses de crianza sobre l\u00edas en dep\u00f3sito de acero inoxidable. No realiza crianza en barrica para preservar sus aromas florales y frutales.<\/p>\n<hr \/>\n<h3>Notas de Cata<\/h3>\n<p style=\"text-align: left;\"><strong>Vista: <\/strong>Color amarillo p\u00e1lido brillante con reflejos verdes y l\u00e1grima fina de ca\u00edda lenta.\u00a0<strong><br \/>\n<\/strong><\/p>\n<p><strong>Nariz:<\/strong> Aromas florales sutiles que evolucionan hacia notas intensas de fruta de hueso, pera y c\u00edtricos, con toques de hierbas arom\u00e1ticas y delicados matices minerales.<\/p>\n<p><strong>Boca:<\/strong> Gran intensidad de fruta de hueso, c\u00edtricos y hierbas frescas, con excelente equilibrio entre acidez y madurez. Fresco, persistente y con textura untuosa.<\/p>\n<hr \/>\n<h3>Servicio y Maridaje<\/h3>\n<p><strong>Servicio:<\/strong> Servido entre 5\u00baC y 7\u00baC en copa de tama\u00f1o medio.<\/p>\n<p><strong>Maridaje:<\/strong> Ideal para acompa\u00f1ar pescados blancos al horno o a la brasa, mariscos, cefal\u00f3podos y arroces marineros o vegetarianos.<\/p>\n<hr \/>\n<p><strong><em>\u00bfQuieres descubrir m\u00e1s vinos ecol\u00f3gicos? Visita nuestra <a href=\"https:\/\/pagodetharsys.com\/tienda\/categoria-producto\/vinos\/vinos-blancos\/\" target=\"_blank\" rel=\"noopener\">colecci\u00f3n de blancos<\/a> o <a href=\"https:\/\/pagodetharsys.com\/contacto\/\">cont\u00e1ctanos<\/a>.<\/em><\/strong><\/p>\n","protected":false},"excerpt":{"rendered":"<h3>\ud83c\udf77 Albari\u00f1o ecol\u00f3gico vendimiado de noche, con aromas de flor blanca, c\u00edtricos y hierbas frescas. Vibrante, untuoso y con una frescura envolvente.<\/h3>\n<p>&nbsp;<\/p>\n<p data-start=\"50\" data-end=\"81\">\ud83d\udd34 <strong data-start=\"357\" data-end=\"366\">Tipo:<\/strong> Vino blanco<\/p>\n<p data-start=\"50\" data-end=\"81\">\ud83c\udf47 <strong data-start=\"383\" data-end=\"396\">Variedad:<\/strong> Albari\u00f1o<\/p>\n<p data-start=\"83\" data-end=\"104\"><strong data-start=\"86\" data-end=\"95\">\ud83d\udcc5 A\u00f1ada:\u00a0<\/strong>2025<\/p>\n<p data-start=\"83\" data-end=\"104\"><strong>\ud83c\udf77 Grado Alcoh\u00f3lico:<\/strong> 13%<\/p>\n<p data-start=\"106\" data-end=\"165\"><strong data-start=\"109\" data-end=\"125\">\ud83d\udccd Denominaci\u00f3n: <\/strong>DOP Tharsys<\/p>\n<p data-start=\"167\" data-end=\"295\">\ud83d\udd70\ufe0f <strong>Crianza<\/strong>: 2 meses en acero inoxidable con sus l\u00edas<\/p>\n<p data-start=\"167\" data-end=\"295\">CERTIFICADO OFICIAL UE DE VINO ECOL\u00d3GICO<\/p>\n","protected":false},"featured_media":679704,"comment_status":"closed","ping_status":"closed","template":"","meta":{"inline_featured_image":false,"site-sidebar-layout":"default","site-content-layout":"","ast-site-content-layout":"default","site-content-style":"default","site-sidebar-style":"default","ast-global-header-display":"","ast-banner-title-visibility":"","ast-main-header-display":"","ast-hfb-above-header-display":"","ast-hfb-below-header-display":"","ast-hfb-mobile-header-display":"","site-post-title":"","ast-breadcrumbs-content":"","ast-featured-img":"","footer-sml-layout":"","ast-disable-related-posts":"","theme-transparent-header-meta":"default","adv-header-id-meta":"","stick-header-meta":"default","header-above-stick-meta":"","header-main-stick-meta":"","header-below-stick-meta":"","astra-migrate-meta-layouts":"set","ast-page-background-enabled":"default","ast-page-background-meta":{"desktop":{"background-color":"var(--ast-global-color-4)","background-image":"","background-repeat":"repeat","background-position":"center center","background-size":"auto","background-attachment":"scroll","background-type":"","background-media":"","overlay-type":"","overlay-color":"","overlay-opacity":"","overlay-gradient":""},"tablet":{"background-color":"","background-image":"","background-repeat":"repeat","background-position":"center center","background-size":"auto","background-attachment":"scroll","background-type":"","background-media":"","overlay-type":"","overlay-color":"","overlay-opacity":"","overlay-gradient":""},"mobile":{"background-color":"","background-image":"","background-repeat":"repeat","background-position":"center center","background-size":"auto","background-attachment":"scroll","background-type":"","background-media":"","overlay-type":"","overlay-color":"","overlay-opacity":"","overlay-gradient":""}},"ast-content-background-meta":{"desktop":{"background-color":"var(--ast-global-color-5)","background-image":"","background-repeat":"repeat","background-position":"center center","background-size":"auto","background-attachment":"scroll","background-type":"","background-media":"","overlay-type":"","overlay-color":"","overlay-opacity":"","overlay-gradient":""},"tablet":{"background-color":"var(--ast-global-color-5)","background-image":"","background-repeat":"repeat","background-position":"center center","background-size":"auto","background-attachment":"scroll","background-type":"","background-media":"","overlay-type":"","overlay-color":"","overlay-opacity":"","overlay-gradient":""},"mobile":{"background-color":"var(--ast-global-color-5)","background-image":"","background-repeat":"repeat","background-position":"center center","background-size":"auto","background-attachment":"scroll","background-type":"","background-media":"","overlay-type":"","overlay-color":"","overlay-opacity":"","overlay-gradient":""}}},"product_brand":[],"product_cat":[1708,1720,1987],"product_tag":[1859,1858,1928,1865,1856,1929,1860,1857,1861],"class_list":{"0":"post-36932","1":"product","2":"type-product","3":"status-publish","4":"has-post-thumbnail","6":"product_cat-pago-de-tharsys","7":"product_cat-vinos-blancos","8":"product_cat-vinos-ecologicos","9":"product_tag-albarino","10":"product_tag-blanco","11":"product_tag-do-pago-de-tharsys","12":"product_tag-ecologico","13":"product_tag-pago-de-tharsys","14":"product_tag-requena","15":"product_tag-vendimia-nocturna","16":"product_tag-vino","17":"product_tag-vinos","18":"desktop-align-left","19":"tablet-align-left","20":"mobile-align-left","21":"ast-product-gallery-layout-vertical-slider","22":"ast-magnify-disabled","23":"ast-product-tabs-layout-accordion","25":"first","26":"instock","27":"taxable","28":"shipping-taxable","29":"purchasable","30":"product-type-simple"},"booking_location":null,"booking_location_type":null,"booking_duration":null,"booking_duration_unit":null,"booking_buffer":null,"booking_cost":null,"booking_resources":null,"yoast_head":"<!-- This site is optimized with the Yoast SEO plugin v27.4 - https:\/\/yoast.com\/product\/yoast-seo-wordpress\/ -->\n<title>Vendimia Nocturna Albari\u00f1o 2025 | Pago de Tharsys<\/title>\n<meta name=\"description\" content=\"Pago de Tharsys | Vendimia Nocturna Albari\u00f1o 2025 con crianza sobre l\u00edas. Aromas florales y c\u00edtricos, frescura atl\u00e1ntica y vendimia nocturna en Requena.\" \/>\n<meta name=\"robots\" content=\"index, follow, max-snippet:-1, max-image-preview:large, max-video-preview:-1\" \/>\n<link rel=\"canonical\" href=\"https:\/\/pagodetharsys.com\/tienda\/productos\/vendimia-nocturna-albarino-2025\/\" \/>\n<meta property=\"og:locale\" content=\"es_ES\" \/>\n<meta property=\"og:type\" content=\"article\" \/>\n<meta property=\"og:title\" content=\"Vendimia Nocturna Albari\u00f1o 2025 | Pago de Tharsys\" \/>\n<meta property=\"og:description\" content=\"Pago de Tharsys | Vendimia Nocturna Albari\u00f1o 2025 con crianza sobre l\u00edas. Aromas florales y c\u00edtricos, frescura atl\u00e1ntica y vendimia nocturna en Requena.\" \/>\n<meta property=\"og:url\" content=\"https:\/\/pagodetharsys.com\/tienda\/productos\/vendimia-nocturna-albarino-2025\/\" \/>\n<meta property=\"og:site_name\" content=\"Pago de Tharsys\" \/>\n<meta property=\"article:publisher\" content=\"https:\/\/www.facebook.com\/pagodetharsys\/\" \/>\n<meta property=\"article:modified_time\" content=\"2026-03-11T13:24:28+00:00\" \/>\n<meta property=\"og:image\" content=\"https:\/\/pagodetharsys.com\/tienda\/wp-content\/uploads\/2014\/12\/Albarin\u2560ao_MockUp.png\" \/>\n\t<meta property=\"og:image:width\" content=\"1707\" \/>\n\t<meta property=\"og:image:height\" content=\"2560\" \/>\n\t<meta property=\"og:image:type\" content=\"image\/png\" \/>\n<meta name=\"twitter:card\" content=\"summary_large_image\" \/>\n<meta name=\"twitter:site\" content=\"@pagodetharsys\" \/>\n<meta name=\"twitter:label1\" content=\"Tiempo de lectura\" \/>\n\t<meta name=\"twitter:data1\" content=\"2 minutos\" \/>\n<script type=\"application\/ld+json\" class=\"yoast-schema-graph\">{\"@context\":\"https:\\\/\\\/schema.org\",\"@graph\":[{\"@type\":\"WebPage\",\"@id\":\"https:\\\/\\\/pagodetharsys.com\\\/tienda\\\/productos\\\/vendimia-nocturna-albarino-2025\\\/\",\"url\":\"https:\\\/\\\/pagodetharsys.com\\\/tienda\\\/productos\\\/vendimia-nocturna-albarino-2025\\\/\",\"name\":\"Vendimia Nocturna Albari\u00f1o 2025 | Pago de Tharsys\",\"isPartOf\":{\"@id\":\"https:\\\/\\\/pagodetharsys.com\\\/tienda\\\/#website\"},\"primaryImageOfPage\":{\"@id\":\"https:\\\/\\\/pagodetharsys.com\\\/tienda\\\/productos\\\/vendimia-nocturna-albarino-2025\\\/#primaryimage\"},\"image\":{\"@id\":\"https:\\\/\\\/pagodetharsys.com\\\/tienda\\\/productos\\\/vendimia-nocturna-albarino-2025\\\/#primaryimage\"},\"thumbnailUrl\":\"https:\\\/\\\/pagodetharsys.com\\\/tienda\\\/wp-content\\\/uploads\\\/2014\\\/12\\\/Albarin\u2560ao_MockUp.png\",\"datePublished\":\"2014-12-12T11:34:16+00:00\",\"dateModified\":\"2026-03-11T13:24:28+00:00\",\"description\":\"Pago de Tharsys | Vendimia Nocturna Albari\u00f1o 2025 con crianza sobre l\u00edas. Aromas florales y c\u00edtricos, frescura atl\u00e1ntica y vendimia nocturna en Requena.\",\"breadcrumb\":{\"@id\":\"https:\\\/\\\/pagodetharsys.com\\\/tienda\\\/productos\\\/vendimia-nocturna-albarino-2025\\\/#breadcrumb\"},\"inLanguage\":\"es\",\"potentialAction\":[{\"@type\":\"ReadAction\",\"target\":[\"https:\\\/\\\/pagodetharsys.com\\\/tienda\\\/productos\\\/vendimia-nocturna-albarino-2025\\\/\"]}]},{\"@type\":\"ImageObject\",\"inLanguage\":\"es\",\"@id\":\"https:\\\/\\\/pagodetharsys.com\\\/tienda\\\/productos\\\/vendimia-nocturna-albarino-2025\\\/#primaryimage\",\"url\":\"https:\\\/\\\/pagodetharsys.com\\\/tienda\\\/wp-content\\\/uploads\\\/2014\\\/12\\\/Albarin\u2560ao_MockUp.png\",\"contentUrl\":\"https:\\\/\\\/pagodetharsys.com\\\/tienda\\\/wp-content\\\/uploads\\\/2014\\\/12\\\/Albarin\u2560ao_MockUp.png\",\"width\":1707,\"height\":2560},{\"@type\":\"BreadcrumbList\",\"@id\":\"https:\\\/\\\/pagodetharsys.com\\\/tienda\\\/productos\\\/vendimia-nocturna-albarino-2025\\\/#breadcrumb\",\"itemListElement\":[{\"@type\":\"ListItem\",\"position\":1,\"name\":\"Portada\",\"item\":\"https:\\\/\\\/pagodetharsys.com\\\/tienda\\\/\"},{\"@type\":\"ListItem\",\"position\":2,\"name\":\"Products\",\"item\":\"https:\\\/\\\/pagodetharsys.com\\\/tienda\\\/en\\\/\"},{\"@type\":\"ListItem\",\"position\":3,\"name\":\"PAGO DE THARSYS | VENDIMIA NOCTURNA ALBARI\u00d1O 2025\"}]},{\"@type\":\"WebSite\",\"@id\":\"https:\\\/\\\/pagodetharsys.com\\\/tienda\\\/#website\",\"url\":\"https:\\\/\\\/pagodetharsys.com\\\/tienda\\\/\",\"name\":\"Pago de Tharsys\",\"description\":\"Una experiencia sensorial que llega m\u00e1s all\u00e1 de una copa de vino\",\"publisher\":{\"@id\":\"https:\\\/\\\/pagodetharsys.com\\\/tienda\\\/#organization\"},\"potentialAction\":[{\"@type\":\"SearchAction\",\"target\":{\"@type\":\"EntryPoint\",\"urlTemplate\":\"https:\\\/\\\/pagodetharsys.com\\\/tienda\\\/?s={search_term_string}\"},\"query-input\":{\"@type\":\"PropertyValueSpecification\",\"valueRequired\":true,\"valueName\":\"search_term_string\"}}],\"inLanguage\":\"es\"},{\"@type\":\"Organization\",\"@id\":\"https:\\\/\\\/pagodetharsys.com\\\/tienda\\\/#organization\",\"name\":\"Pago de Tharsys\",\"url\":\"https:\\\/\\\/pagodetharsys.com\\\/tienda\\\/\",\"logo\":{\"@type\":\"ImageObject\",\"inLanguage\":\"es\",\"@id\":\"https:\\\/\\\/pagodetharsys.com\\\/tienda\\\/#\\\/schema\\\/logo\\\/image\\\/\",\"url\":\"https:\\\/\\\/pagodetharsys.com\\\/tienda\\\/wp-content\\\/uploads\\\/2025\\\/12\\\/logo-pagodetharsys-2025.svg\",\"contentUrl\":\"https:\\\/\\\/pagodetharsys.com\\\/tienda\\\/wp-content\\\/uploads\\\/2025\\\/12\\\/logo-pagodetharsys-2025.svg\",\"width\":100,\"height\":100,\"caption\":\"Pago de Tharsys\"},\"image\":{\"@id\":\"https:\\\/\\\/pagodetharsys.com\\\/tienda\\\/#\\\/schema\\\/logo\\\/image\\\/\"},\"sameAs\":[\"https:\\\/\\\/www.facebook.com\\\/pagodetharsys\\\/\",\"https:\\\/\\\/x.com\\\/pagodetharsys\",\"https:\\\/\\\/www.instagram.com\\\/pagodetharsys\\\/\"]}]}<\/script>\n<!-- \/ Yoast SEO plugin. -->","yoast_head_json":{"title":"Vendimia Nocturna Albari\u00f1o 2025 | Pago de Tharsys","description":"Pago de Tharsys | Vendimia Nocturna Albari\u00f1o 2025 con crianza sobre l\u00edas. Aromas florales y c\u00edtricos, frescura atl\u00e1ntica y vendimia nocturna en Requena.","robots":{"index":"index","follow":"follow","max-snippet":"max-snippet:-1","max-image-preview":"max-image-preview:large","max-video-preview":"max-video-preview:-1"},"canonical":"https:\/\/pagodetharsys.com\/tienda\/productos\/vendimia-nocturna-albarino-2025\/","og_locale":"es_ES","og_type":"article","og_title":"Vendimia Nocturna Albari\u00f1o 2025 | Pago de Tharsys","og_description":"Pago de Tharsys | Vendimia Nocturna Albari\u00f1o 2025 con crianza sobre l\u00edas. Aromas florales y c\u00edtricos, frescura atl\u00e1ntica y vendimia nocturna en Requena.","og_url":"https:\/\/pagodetharsys.com\/tienda\/productos\/vendimia-nocturna-albarino-2025\/","og_site_name":"Pago de Tharsys","article_publisher":"https:\/\/www.facebook.com\/pagodetharsys\/","article_modified_time":"2026-03-11T13:24:28+00:00","og_image":[{"width":1707,"height":2560,"url":"https:\/\/pagodetharsys.com\/tienda\/wp-content\/uploads\/2014\/12\/Albarin\u2560ao_MockUp.png","type":"image\/png"}],"twitter_card":"summary_large_image","twitter_site":"@pagodetharsys","twitter_misc":{"Tiempo de lectura":"2 minutos"},"schema":{"@context":"https:\/\/schema.org","@graph":[{"@type":"WebPage","@id":"https:\/\/pagodetharsys.com\/tienda\/productos\/vendimia-nocturna-albarino-2025\/","url":"https:\/\/pagodetharsys.com\/tienda\/productos\/vendimia-nocturna-albarino-2025\/","name":"Vendimia Nocturna Albari\u00f1o 2025 | Pago de Tharsys","isPartOf":{"@id":"https:\/\/pagodetharsys.com\/tienda\/#website"},"primaryImageOfPage":{"@id":"https:\/\/pagodetharsys.com\/tienda\/productos\/vendimia-nocturna-albarino-2025\/#primaryimage"},"image":{"@id":"https:\/\/pagodetharsys.com\/tienda\/productos\/vendimia-nocturna-albarino-2025\/#primaryimage"},"thumbnailUrl":"https:\/\/pagodetharsys.com\/tienda\/wp-content\/uploads\/2014\/12\/Albarin\u2560ao_MockUp.png","datePublished":"2014-12-12T11:34:16+00:00","dateModified":"2026-03-11T13:24:28+00:00","description":"Pago de Tharsys | Vendimia Nocturna Albari\u00f1o 2025 con crianza sobre l\u00edas. Aromas florales y c\u00edtricos, frescura atl\u00e1ntica y vendimia nocturna en Requena.","breadcrumb":{"@id":"https:\/\/pagodetharsys.com\/tienda\/productos\/vendimia-nocturna-albarino-2025\/#breadcrumb"},"inLanguage":"es","potentialAction":[{"@type":"ReadAction","target":["https:\/\/pagodetharsys.com\/tienda\/productos\/vendimia-nocturna-albarino-2025\/"]}]},{"@type":"ImageObject","inLanguage":"es","@id":"https:\/\/pagodetharsys.com\/tienda\/productos\/vendimia-nocturna-albarino-2025\/#primaryimage","url":"https:\/\/pagodetharsys.com\/tienda\/wp-content\/uploads\/2014\/12\/Albarin\u2560ao_MockUp.png","contentUrl":"https:\/\/pagodetharsys.com\/tienda\/wp-content\/uploads\/2014\/12\/Albarin\u2560ao_MockUp.png","width":1707,"height":2560},{"@type":"BreadcrumbList","@id":"https:\/\/pagodetharsys.com\/tienda\/productos\/vendimia-nocturna-albarino-2025\/#breadcrumb","itemListElement":[{"@type":"ListItem","position":1,"name":"Portada","item":"https:\/\/pagodetharsys.com\/tienda\/"},{"@type":"ListItem","position":2,"name":"Products","item":"https:\/\/pagodetharsys.com\/tienda\/en\/"},{"@type":"ListItem","position":3,"name":"PAGO DE THARSYS | VENDIMIA NOCTURNA ALBARI\u00d1O 2025"}]},{"@type":"WebSite","@id":"https:\/\/pagodetharsys.com\/tienda\/#website","url":"https:\/\/pagodetharsys.com\/tienda\/","name":"Pago de Tharsys","description":"Una experiencia sensorial que llega m\u00e1s all\u00e1 de una copa de vino","publisher":{"@id":"https:\/\/pagodetharsys.com\/tienda\/#organization"},"potentialAction":[{"@type":"SearchAction","target":{"@type":"EntryPoint","urlTemplate":"https:\/\/pagodetharsys.com\/tienda\/?s={search_term_string}"},"query-input":{"@type":"PropertyValueSpecification","valueRequired":true,"valueName":"search_term_string"}}],"inLanguage":"es"},{"@type":"Organization","@id":"https:\/\/pagodetharsys.com\/tienda\/#organization","name":"Pago de Tharsys","url":"https:\/\/pagodetharsys.com\/tienda\/","logo":{"@type":"ImageObject","inLanguage":"es","@id":"https:\/\/pagodetharsys.com\/tienda\/#\/schema\/logo\/image\/","url":"https:\/\/pagodetharsys.com\/tienda\/wp-content\/uploads\/2025\/12\/logo-pagodetharsys-2025.svg","contentUrl":"https:\/\/pagodetharsys.com\/tienda\/wp-content\/uploads\/2025\/12\/logo-pagodetharsys-2025.svg","width":100,"height":100,"caption":"Pago de Tharsys"},"image":{"@id":"https:\/\/pagodetharsys.com\/tienda\/#\/schema\/logo\/image\/"},"sameAs":["https:\/\/www.facebook.com\/pagodetharsys\/","https:\/\/x.com\/pagodetharsys","https:\/\/www.instagram.com\/pagodetharsys\/"]}]}},"_links":{"self":[{"href":"https:\/\/pagodetharsys.com\/tienda\/wp-json\/wp\/v2\/product\/36932","targetHints":{"allow":["GET"]}}],"collection":[{"href":"https:\/\/pagodetharsys.com\/tienda\/wp-json\/wp\/v2\/product"}],"about":[{"href":"https:\/\/pagodetharsys.com\/tienda\/wp-json\/wp\/v2\/types\/product"}],"replies":[{"embeddable":true,"href":"https:\/\/pagodetharsys.com\/tienda\/wp-json\/wp\/v2\/comments?post=36932"}],"wp:featuredmedia":[{"embeddable":true,"href":"https:\/\/pagodetharsys.com\/tienda\/wp-json\/wp\/v2\/media\/679704"}],"wp:attachment":[{"href":"https:\/\/pagodetharsys.com\/tienda\/wp-json\/wp\/v2\/media?parent=36932"}],"wp:term":[{"taxonomy":"product_brand","embeddable":true,"href":"https:\/\/pagodetharsys.com\/tienda\/wp-json\/wp\/v2\/product_brand?post=36932"},{"taxonomy":"product_cat","embeddable":true,"href":"https:\/\/pagodetharsys.com\/tienda\/wp-json\/wp\/v2\/product_cat?post=36932"},{"taxonomy":"product_tag","embeddable":true,"href":"https:\/\/pagodetharsys.com\/tienda\/wp-json\/wp\/v2\/product_tag?post=36932"}],"curies":[{"name":"wp","href":"https:\/\/api.w.org\/{rel}","templated":true}]}}