{"id":36942,"date":"2015-01-20T12:14:38","date_gmt":"2015-01-20T11:14:38","guid":{"rendered":"https:\/\/pagodetharsys.com\/tienda\/productos\/crema-de-orujo\/"},"modified":"2026-03-12T13:25:19","modified_gmt":"2026-03-12T12:25:19","slug":"rie-licor-de-naranja","status":"publish","type":"product","link":"https:\/\/pagodetharsys.com\/tienda\/productos\/rie-licor-de-naranja\/","title":{"rendered":"PAGO DE THARSYS | R\u00cdE LICOR DE NARANJA"},"content":{"rendered":"<h2 style=\"text-align: center;\">\u201cRe\u00edr\u201d: Manifestar alegr\u00eda, placer o felicidad mediante ciertos movimientos de la boca, los ojos y otras partes de la cara, acompa\u00f1ados de la emisi\u00f3n de sonidos explosivos e inarticulados que son contagiosos y muy beneficiosos para la salud humana.<\/h2>\n<p>&nbsp;<\/p>\n<h3>Elaboraci\u00f3n<\/h3>\n<p>Destilaci\u00f3n artesanal de orujos de Chardonnay y Macabeo, macerados con piel de naranja y lim\u00f3n valencianos ecol\u00f3gicos y jengibre, pelados a mano.<\/p>\n<p><em>Descubre m\u00e1s sobre este destilado \u00fanico en <a href=\"https:\/\/www.pagodetharsys.com\/enoturismo\/\" target=\"_blank\" rel=\"noopener\">Pago de Tharsys<\/a>.<\/em><\/p>\n<h3>Notas de cata<\/h3>\n<p>Color amarillo anaranjado, con intensos aromas de naranja y notas de jengibre y especias. Boca suave, dulce y muy persistente.<strong><br \/>\n<\/strong><\/p>\n<h3>Recomendaciones<\/h3>\n<p>Servir entre 2\u00baC y 5\u00baC. Ideal como final de comida o para c\u00f3cteles de notas c\u00edtricas y refrescantes.<\/p>\n<p><strong><em>Descubre m\u00e1s creaciones artesanas en nuestra <a href=\"https:\/\/pagodetharsys.com\/tienda\/\" target=\"_blank\" rel=\"noopener\">tienda online<\/a> o <a href=\"https:\/\/pagodetharsys.com\/contacto\/\">cont\u00e1ctan<\/a><\/em><\/strong><\/p>\n","protected":false},"excerpt":{"rendered":"<h3>\ud83c\udf77 <strong>Licor artesanal de naranja y jengibre. Intenso, fresco y c\u00edtrico. Destilado en cobre y macerado con pieles peladas a mano.\u00a0<\/strong><\/h3>\n<p>&nbsp;<\/p>\n<p><strong>\ud83d\udd34Tipo:<\/strong> Destilado<\/p>\n<p><strong>\ud83c\udf77Grado alcoh\u00f3lico:<\/strong> 20%<\/p>\n","protected":false},"featured_media":44655,"comment_status":"closed","ping_status":"closed","template":"","meta":{"inline_featured_image":false,"site-sidebar-layout":"default","site-content-layout":"","ast-site-content-layout":"default","site-content-style":"default","site-sidebar-style":"default","ast-global-header-display":"","ast-banner-title-visibility":"","ast-main-header-display":"","ast-hfb-above-header-display":"","ast-hfb-below-header-display":"","ast-hfb-mobile-header-display":"","site-post-title":"","ast-breadcrumbs-content":"","ast-featured-img":"","footer-sml-layout":"","ast-disable-related-posts":"","theme-transparent-header-meta":"default","adv-header-id-meta":"","stick-header-meta":"default","header-above-stick-meta":"","header-main-stick-meta":"","header-below-stick-meta":"","astra-migrate-meta-layouts":"set","ast-page-background-enabled":"default","ast-page-background-meta":{"desktop":{"background-color":"var(--ast-global-color-4)","background-image":"","background-repeat":"repeat","background-position":"center center","background-size":"auto","background-attachment":"scroll","background-type":"","background-media":"","overlay-type":"","overlay-color":"","overlay-opacity":"","overlay-gradient":""},"tablet":{"background-color":"","background-image":"","background-repeat":"repeat","background-position":"center center","background-size":"auto","background-attachment":"scroll","background-type":"","background-media":"","overlay-type":"","overlay-color":"","overlay-opacity":"","overlay-gradient":""},"mobile":{"background-color":"","background-image":"","background-repeat":"repeat","background-position":"center center","background-size":"auto","background-attachment":"scroll","background-type":"","background-media":"","overlay-type":"","overlay-color":"","overlay-opacity":"","overlay-gradient":""}},"ast-content-background-meta":{"desktop":{"background-color":"var(--ast-global-color-5)","background-image":"","background-repeat":"repeat","background-position":"center center","background-size":"auto","background-attachment":"scroll","background-type":"","background-media":"","overlay-type":"","overlay-color":"","overlay-opacity":"","overlay-gradient":""},"tablet":{"background-color":"var(--ast-global-color-5)","background-image":"","background-repeat":"repeat","background-position":"center center","background-size":"auto","background-attachment":"scroll","background-type":"","background-media":"","overlay-type":"","overlay-color":"","overlay-opacity":"","overlay-gradient":""},"mobile":{"background-color":"var(--ast-global-color-5)","background-image":"","background-repeat":"repeat","background-position":"center center","background-size":"auto","background-attachment":"scroll","background-type":"","background-media":"","overlay-type":"","overlay-color":"","overlay-opacity":"","overlay-gradient":""}}},"product_brand":[],"product_cat":[1716,1708],"product_tag":[1869,1868,1870],"class_list":{"0":"post-36942","1":"product","2":"type-product","3":"status-publish","4":"has-post-thumbnail","6":"product_cat-destilados","7":"product_cat-pago-de-tharsys","8":"product_tag-crema-de-orujo","9":"product_tag-destilados","10":"product_tag-orujo","11":"desktop-align-left","12":"tablet-align-left","13":"mobile-align-left","14":"ast-product-gallery-layout-vertical-slider","15":"ast-magnify-disabled","16":"ast-product-tabs-layout-accordion","18":"first","19":"instock","20":"taxable","21":"shipping-taxable","22":"purchasable","23":"product-type-simple"},"booking_location":null,"booking_location_type":null,"booking_duration":null,"booking_duration_unit":null,"booking_buffer":null,"booking_cost":null,"booking_resources":null,"yoast_head":"<!-- This site is optimized with the Yoast SEO plugin v27.5 - https:\/\/yoast.com\/product\/yoast-seo-wordpress\/ -->\n<title>R\u00ede Licor de Naranja | Pago de Tharsys<\/title>\n<meta name=\"description\" content=\"Licor artesanal de naranja y jengibre, destilado en cobre y macerado con c\u00edtricos valencianos. Fresco, arom\u00e1tico y muy mediterr\u00e1neo.\" \/>\n<meta name=\"robots\" content=\"index, follow, max-snippet:-1, max-image-preview:large, max-video-preview:-1\" \/>\n<link rel=\"canonical\" href=\"https:\/\/pagodetharsys.com\/tienda\/productos\/rie-licor-de-naranja\/\" \/>\n<meta property=\"og:locale\" content=\"es_ES\" \/>\n<meta property=\"og:type\" content=\"article\" \/>\n<meta property=\"og:title\" content=\"R\u00ede Licor de Naranja | Pago de Tharsys\" \/>\n<meta property=\"og:description\" content=\"Licor artesanal de naranja y jengibre, destilado en cobre y macerado con c\u00edtricos valencianos. Fresco, arom\u00e1tico y muy mediterr\u00e1neo.\" \/>\n<meta property=\"og:url\" content=\"https:\/\/pagodetharsys.com\/tienda\/productos\/rie-licor-de-naranja\/\" \/>\n<meta property=\"og:site_name\" content=\"Pago de Tharsys\" \/>\n<meta property=\"article:publisher\" content=\"https:\/\/www.facebook.com\/pagodetharsys\/\" \/>\n<meta property=\"article:modified_time\" content=\"2026-03-12T12:25:19+00:00\" \/>\n<meta property=\"og:image\" content=\"https:\/\/pagodetharsys.com\/tienda\/wp-content\/uploads\/2022\/04\/Rie-Pago-de-Tharsys-Licor-de-Naranja-valenciana-e1677848394859.jpg\" \/>\n\t<meta property=\"og:image:width\" content=\"1500\" \/>\n\t<meta property=\"og:image:height\" content=\"1500\" \/>\n\t<meta property=\"og:image:type\" content=\"image\/jpeg\" \/>\n<meta name=\"twitter:card\" content=\"summary_large_image\" \/>\n<meta name=\"twitter:site\" content=\"@pagodetharsys\" \/>\n<meta name=\"twitter:label1\" content=\"Tiempo de lectura\" \/>\n\t<meta name=\"twitter:data1\" content=\"1 minuto\" \/>\n<script type=\"application\/ld+json\" class=\"yoast-schema-graph\">{\"@context\":\"https:\\\/\\\/schema.org\",\"@graph\":[{\"@type\":\"WebPage\",\"@id\":\"https:\\\/\\\/pagodetharsys.com\\\/tienda\\\/productos\\\/rie-licor-de-naranja\\\/\",\"url\":\"https:\\\/\\\/pagodetharsys.com\\\/tienda\\\/productos\\\/rie-licor-de-naranja\\\/\",\"name\":\"R\u00ede Licor de Naranja | Pago de Tharsys\",\"isPartOf\":{\"@id\":\"https:\\\/\\\/pagodetharsys.com\\\/tienda\\\/#website\"},\"primaryImageOfPage\":{\"@id\":\"https:\\\/\\\/pagodetharsys.com\\\/tienda\\\/productos\\\/rie-licor-de-naranja\\\/#primaryimage\"},\"image\":{\"@id\":\"https:\\\/\\\/pagodetharsys.com\\\/tienda\\\/productos\\\/rie-licor-de-naranja\\\/#primaryimage\"},\"thumbnailUrl\":\"https:\\\/\\\/pagodetharsys.com\\\/tienda\\\/wp-content\\\/uploads\\\/2022\\\/04\\\/Rie-Pago-de-Tharsys-Licor-de-Naranja-valenciana-e1677848394859.jpg\",\"datePublished\":\"2015-01-20T11:14:38+00:00\",\"dateModified\":\"2026-03-12T12:25:19+00:00\",\"description\":\"Licor artesanal de naranja y jengibre, destilado en cobre y macerado con c\u00edtricos valencianos. Fresco, arom\u00e1tico y muy mediterr\u00e1neo.\",\"breadcrumb\":{\"@id\":\"https:\\\/\\\/pagodetharsys.com\\\/tienda\\\/productos\\\/rie-licor-de-naranja\\\/#breadcrumb\"},\"inLanguage\":\"es\",\"potentialAction\":[{\"@type\":\"ReadAction\",\"target\":[\"https:\\\/\\\/pagodetharsys.com\\\/tienda\\\/productos\\\/rie-licor-de-naranja\\\/\"]}]},{\"@type\":\"ImageObject\",\"inLanguage\":\"es\",\"@id\":\"https:\\\/\\\/pagodetharsys.com\\\/tienda\\\/productos\\\/rie-licor-de-naranja\\\/#primaryimage\",\"url\":\"https:\\\/\\\/pagodetharsys.com\\\/tienda\\\/wp-content\\\/uploads\\\/2022\\\/04\\\/Rie-Pago-de-Tharsys-Licor-de-Naranja-valenciana-e1677848394859.jpg\",\"contentUrl\":\"https:\\\/\\\/pagodetharsys.com\\\/tienda\\\/wp-content\\\/uploads\\\/2022\\\/04\\\/Rie-Pago-de-Tharsys-Licor-de-Naranja-valenciana-e1677848394859.jpg\",\"width\":1500,\"height\":1500},{\"@type\":\"BreadcrumbList\",\"@id\":\"https:\\\/\\\/pagodetharsys.com\\\/tienda\\\/productos\\\/rie-licor-de-naranja\\\/#breadcrumb\",\"itemListElement\":[{\"@type\":\"ListItem\",\"position\":1,\"name\":\"Portada\",\"item\":\"https:\\\/\\\/pagodetharsys.com\\\/tienda\\\/\"},{\"@type\":\"ListItem\",\"position\":2,\"name\":\"Products\",\"item\":\"https:\\\/\\\/pagodetharsys.com\\\/tienda\\\/en\\\/\"},{\"@type\":\"ListItem\",\"position\":3,\"name\":\"PAGO DE THARSYS | R\u00cdE LICOR DE NARANJA\"}]},{\"@type\":\"WebSite\",\"@id\":\"https:\\\/\\\/pagodetharsys.com\\\/tienda\\\/#website\",\"url\":\"https:\\\/\\\/pagodetharsys.com\\\/tienda\\\/\",\"name\":\"Pago de Tharsys\",\"description\":\"Una experiencia sensorial que llega m\u00e1s all\u00e1 de una copa de vino\",\"publisher\":{\"@id\":\"https:\\\/\\\/pagodetharsys.com\\\/tienda\\\/#organization\"},\"potentialAction\":[{\"@type\":\"SearchAction\",\"target\":{\"@type\":\"EntryPoint\",\"urlTemplate\":\"https:\\\/\\\/pagodetharsys.com\\\/tienda\\\/?s={search_term_string}\"},\"query-input\":{\"@type\":\"PropertyValueSpecification\",\"valueRequired\":true,\"valueName\":\"search_term_string\"}}],\"inLanguage\":\"es\"},{\"@type\":\"Organization\",\"@id\":\"https:\\\/\\\/pagodetharsys.com\\\/tienda\\\/#organization\",\"name\":\"Pago de Tharsys\",\"url\":\"https:\\\/\\\/pagodetharsys.com\\\/tienda\\\/\",\"logo\":{\"@type\":\"ImageObject\",\"inLanguage\":\"es\",\"@id\":\"https:\\\/\\\/pagodetharsys.com\\\/tienda\\\/#\\\/schema\\\/logo\\\/image\\\/\",\"url\":\"https:\\\/\\\/pagodetharsys.com\\\/tienda\\\/wp-content\\\/uploads\\\/2025\\\/12\\\/logo-pagodetharsys-2025.svg\",\"contentUrl\":\"https:\\\/\\\/pagodetharsys.com\\\/tienda\\\/wp-content\\\/uploads\\\/2025\\\/12\\\/logo-pagodetharsys-2025.svg\",\"width\":100,\"height\":100,\"caption\":\"Pago de Tharsys\"},\"image\":{\"@id\":\"https:\\\/\\\/pagodetharsys.com\\\/tienda\\\/#\\\/schema\\\/logo\\\/image\\\/\"},\"sameAs\":[\"https:\\\/\\\/www.facebook.com\\\/pagodetharsys\\\/\",\"https:\\\/\\\/x.com\\\/pagodetharsys\",\"https:\\\/\\\/www.instagram.com\\\/pagodetharsys\\\/\"]}]}<\/script>\n<!-- \/ Yoast SEO plugin. -->","yoast_head_json":{"title":"R\u00ede Licor de Naranja | Pago de Tharsys","description":"Licor artesanal de naranja y jengibre, destilado en cobre y macerado con c\u00edtricos valencianos. Fresco, arom\u00e1tico y muy mediterr\u00e1neo.","robots":{"index":"index","follow":"follow","max-snippet":"max-snippet:-1","max-image-preview":"max-image-preview:large","max-video-preview":"max-video-preview:-1"},"canonical":"https:\/\/pagodetharsys.com\/tienda\/productos\/rie-licor-de-naranja\/","og_locale":"es_ES","og_type":"article","og_title":"R\u00ede Licor de Naranja | Pago de Tharsys","og_description":"Licor artesanal de naranja y jengibre, destilado en cobre y macerado con c\u00edtricos valencianos. Fresco, arom\u00e1tico y muy mediterr\u00e1neo.","og_url":"https:\/\/pagodetharsys.com\/tienda\/productos\/rie-licor-de-naranja\/","og_site_name":"Pago de Tharsys","article_publisher":"https:\/\/www.facebook.com\/pagodetharsys\/","article_modified_time":"2026-03-12T12:25:19+00:00","og_image":[{"width":1500,"height":1500,"url":"https:\/\/pagodetharsys.com\/tienda\/wp-content\/uploads\/2022\/04\/Rie-Pago-de-Tharsys-Licor-de-Naranja-valenciana-e1677848394859.jpg","type":"image\/jpeg"}],"twitter_card":"summary_large_image","twitter_site":"@pagodetharsys","twitter_misc":{"Tiempo de lectura":"1 minuto"},"schema":{"@context":"https:\/\/schema.org","@graph":[{"@type":"WebPage","@id":"https:\/\/pagodetharsys.com\/tienda\/productos\/rie-licor-de-naranja\/","url":"https:\/\/pagodetharsys.com\/tienda\/productos\/rie-licor-de-naranja\/","name":"R\u00ede Licor de Naranja | Pago de Tharsys","isPartOf":{"@id":"https:\/\/pagodetharsys.com\/tienda\/#website"},"primaryImageOfPage":{"@id":"https:\/\/pagodetharsys.com\/tienda\/productos\/rie-licor-de-naranja\/#primaryimage"},"image":{"@id":"https:\/\/pagodetharsys.com\/tienda\/productos\/rie-licor-de-naranja\/#primaryimage"},"thumbnailUrl":"https:\/\/pagodetharsys.com\/tienda\/wp-content\/uploads\/2022\/04\/Rie-Pago-de-Tharsys-Licor-de-Naranja-valenciana-e1677848394859.jpg","datePublished":"2015-01-20T11:14:38+00:00","dateModified":"2026-03-12T12:25:19+00:00","description":"Licor artesanal de naranja y jengibre, destilado en cobre y macerado con c\u00edtricos valencianos. Fresco, arom\u00e1tico y muy mediterr\u00e1neo.","breadcrumb":{"@id":"https:\/\/pagodetharsys.com\/tienda\/productos\/rie-licor-de-naranja\/#breadcrumb"},"inLanguage":"es","potentialAction":[{"@type":"ReadAction","target":["https:\/\/pagodetharsys.com\/tienda\/productos\/rie-licor-de-naranja\/"]}]},{"@type":"ImageObject","inLanguage":"es","@id":"https:\/\/pagodetharsys.com\/tienda\/productos\/rie-licor-de-naranja\/#primaryimage","url":"https:\/\/pagodetharsys.com\/tienda\/wp-content\/uploads\/2022\/04\/Rie-Pago-de-Tharsys-Licor-de-Naranja-valenciana-e1677848394859.jpg","contentUrl":"https:\/\/pagodetharsys.com\/tienda\/wp-content\/uploads\/2022\/04\/Rie-Pago-de-Tharsys-Licor-de-Naranja-valenciana-e1677848394859.jpg","width":1500,"height":1500},{"@type":"BreadcrumbList","@id":"https:\/\/pagodetharsys.com\/tienda\/productos\/rie-licor-de-naranja\/#breadcrumb","itemListElement":[{"@type":"ListItem","position":1,"name":"Portada","item":"https:\/\/pagodetharsys.com\/tienda\/"},{"@type":"ListItem","position":2,"name":"Products","item":"https:\/\/pagodetharsys.com\/tienda\/en\/"},{"@type":"ListItem","position":3,"name":"PAGO DE THARSYS | R\u00cdE LICOR DE NARANJA"}]},{"@type":"WebSite","@id":"https:\/\/pagodetharsys.com\/tienda\/#website","url":"https:\/\/pagodetharsys.com\/tienda\/","name":"Pago de Tharsys","description":"Una experiencia sensorial que llega m\u00e1s all\u00e1 de una copa de vino","publisher":{"@id":"https:\/\/pagodetharsys.com\/tienda\/#organization"},"potentialAction":[{"@type":"SearchAction","target":{"@type":"EntryPoint","urlTemplate":"https:\/\/pagodetharsys.com\/tienda\/?s={search_term_string}"},"query-input":{"@type":"PropertyValueSpecification","valueRequired":true,"valueName":"search_term_string"}}],"inLanguage":"es"},{"@type":"Organization","@id":"https:\/\/pagodetharsys.com\/tienda\/#organization","name":"Pago de Tharsys","url":"https:\/\/pagodetharsys.com\/tienda\/","logo":{"@type":"ImageObject","inLanguage":"es","@id":"https:\/\/pagodetharsys.com\/tienda\/#\/schema\/logo\/image\/","url":"https:\/\/pagodetharsys.com\/tienda\/wp-content\/uploads\/2025\/12\/logo-pagodetharsys-2025.svg","contentUrl":"https:\/\/pagodetharsys.com\/tienda\/wp-content\/uploads\/2025\/12\/logo-pagodetharsys-2025.svg","width":100,"height":100,"caption":"Pago de Tharsys"},"image":{"@id":"https:\/\/pagodetharsys.com\/tienda\/#\/schema\/logo\/image\/"},"sameAs":["https:\/\/www.facebook.com\/pagodetharsys\/","https:\/\/x.com\/pagodetharsys","https:\/\/www.instagram.com\/pagodetharsys\/"]}]}},"_links":{"self":[{"href":"https:\/\/pagodetharsys.com\/tienda\/wp-json\/wp\/v2\/product\/36942","targetHints":{"allow":["GET"]}}],"collection":[{"href":"https:\/\/pagodetharsys.com\/tienda\/wp-json\/wp\/v2\/product"}],"about":[{"href":"https:\/\/pagodetharsys.com\/tienda\/wp-json\/wp\/v2\/types\/product"}],"replies":[{"embeddable":true,"href":"https:\/\/pagodetharsys.com\/tienda\/wp-json\/wp\/v2\/comments?post=36942"}],"wp:featuredmedia":[{"embeddable":true,"href":"https:\/\/pagodetharsys.com\/tienda\/wp-json\/wp\/v2\/media\/44655"}],"wp:attachment":[{"href":"https:\/\/pagodetharsys.com\/tienda\/wp-json\/wp\/v2\/media?parent=36942"}],"wp:term":[{"taxonomy":"product_brand","embeddable":true,"href":"https:\/\/pagodetharsys.com\/tienda\/wp-json\/wp\/v2\/product_brand?post=36942"},{"taxonomy":"product_cat","embeddable":true,"href":"https:\/\/pagodetharsys.com\/tienda\/wp-json\/wp\/v2\/product_cat?post=36942"},{"taxonomy":"product_tag","embeddable":true,"href":"https:\/\/pagodetharsys.com\/tienda\/wp-json\/wp\/v2\/product_tag?post=36942"}],"curies":[{"name":"wp","href":"https:\/\/api.w.org\/{rel}","templated":true}]}}