{"id":36964,"date":"2015-02-17T11:15:42","date_gmt":"2015-02-17T10:15:42","guid":{"rendered":"https:\/\/pagodetharsys.com\/tienda\/productos\/pago-de-tharsys-millesime-rose-brut-reserva-2017\/"},"modified":"2026-03-12T13:17:11","modified_gmt":"2026-03-12T12:17:11","slug":"millesime-rose-brut-reserva-2023","status":"publish","type":"product","link":"https:\/\/pagodetharsys.com\/tienda\/productos\/millesime-rose-brut-reserva-2023\/","title":{"rendered":"PAGO DE THARSYS | MILL\u00c9SIME ROS\u00c9 BRUT RESERVA 2023"},"content":{"rendered":"<h2 style=\"text-align: center;\">PAGO DE THARSYS | MILL\u00c9SIME ROS\u00c9 BRUT RESERVA 2023<\/h2>\n<p>&nbsp;<\/p>\n<h3 style=\"text-align: left;\">El Vi\u00f1edo<\/h3>\n<p>Garnacha de la parcela Albar, con suelo mayoritariamente calc\u00e1reo de roca \u201ctoba\u201d porosa que retiene humedad. Cultivo ecol\u00f3gico respetuoso con el entorno y la biodiversidad.<\/p>\n<p><strong>Descubre m\u00e1s sobre este cava rosado y <a href=\"https:\/\/pagodetharsys.com\/enoturismo\/\">nuestras experiencias en nuestra bodega<\/a>.<\/strong><\/p>\n<hr \/>\n<h3>A\u00f1ada 2023<\/h3>\n<p>Invierno templado y seco, primavera c\u00e1lida con lluvias tard\u00edas que equilibraron las reservas de agua y verano muy caluroso que redujo la producci\u00f3n pero dio uvas de excelente calidad.<\/p>\n<hr \/>\n<h3 style=\"text-align: left;\">Elaboraci\u00f3n<\/h3>\n<p>Elaborado por el m\u00e9todo tradicional con vendimia manual y breve maceraci\u00f3n para el rosado. Crianza m\u00ednima de 22 meses en botella antes del deg\u00fcelle, con dosage de 8 g\/l procedente de la solera familiar.<\/p>\n<hr \/>\n<h3>Notas de Cata<\/h3>\n<p style=\"text-align: left;\"><strong>Vista:<\/strong> Color oro rosa con ribete cobrizo y burbuja muy fina y persistente.<\/p>\n<p><strong>Nariz:<\/strong> Aromas de flores, pomelo rosa y frutos rojos, con notas de mantequilla, nata y mineralidad.<\/p>\n<p><strong>Boca:<\/strong> Boca cremosa y envolvente, con sabores de cereza y fresa, notas de nata y un final fresco y persistente.<\/p>\n<hr \/>\n<h3>Servicio y Maridaje<\/h3>\n<p><strong>Servicio:<\/strong> Servido entre 7\u00baC y 9\u00baC en copa de tama\u00f1o medio.<\/p>\n<p><strong>Maridaje:<\/strong> Ideal con mariscos, arroces y guisos marineros, perfecto para cualquier momento del d\u00eda.<\/p>\n<hr \/>\n<p>&nbsp;<\/p>\n<p><strong><em>Descubre m\u00e1s espumosos en nuestra <a href=\"https:\/\/pagodetharsys.com\/tienda\/categoria-producto\/vinos\/cavas\/\" target=\"_blank\" rel=\"noopener\">colecci\u00f3n de cavas<\/a> o <a href=\"https:\/\/pagodetharsys.com\/contacto\/\">cont\u00e1ctanos<\/a>.<\/em><\/strong><\/p>\n<p data-start=\"3781\" data-end=\"3889\">\n","protected":false},"excerpt":{"rendered":"<h3>\ud83c\udf77\u00a0<strong>Pago de Tharsys Mill\u00e9sime Ros\u00e9 Reserva 2023<\/strong> es un cava rosado ecol\u00f3gico 100% Garnacha, elaborado por m\u00e9todo tradicional y con m\u00e1s de 22 meses de crianza en rima.<\/h3>\n<p>&nbsp;<\/p>\n<p><strong>\ud83d\udd34Tipo:<\/strong> Espumoso rosado m\u00e9todo tradicional<\/p>\n<p><strong>\ud83c\udf47Variedades:<\/strong> 100% Garnacha<\/p>\n<p><strong>\ud83d\udcc5A\u00f1ada:<\/strong> 2023<\/p>\n<p><strong>\ud83c\udf77Grado Alcoh\u00f3lico:<\/strong> 12%<\/p>\n<p><strong>\ud83d\udccdDenominaci\u00f3n:<\/strong> DO Cava<\/p>\n<p><strong>\ud83d\udd70\ufe0fCrianza:<\/strong> Crianza en rima de m\u00e1s de 22 meses (RESERVA)<\/p>\n","protected":false},"featured_media":669024,"comment_status":"closed","ping_status":"closed","template":"","meta":{"inline_featured_image":false,"site-sidebar-layout":"default","site-content-layout":"","ast-site-content-layout":"default","site-content-style":"default","site-sidebar-style":"default","ast-global-header-display":"","ast-banner-title-visibility":"","ast-main-header-display":"","ast-hfb-above-header-display":"","ast-hfb-below-header-display":"","ast-hfb-mobile-header-display":"","site-post-title":"","ast-breadcrumbs-content":"","ast-featured-img":"","footer-sml-layout":"","ast-disable-related-posts":"","theme-transparent-header-meta":"default","adv-header-id-meta":"","stick-header-meta":"default","header-above-stick-meta":"","header-main-stick-meta":"","header-below-stick-meta":"","astra-migrate-meta-layouts":"set","ast-page-background-enabled":"default","ast-page-background-meta":{"desktop":{"background-color":"var(--ast-global-color-4)","background-image":"","background-repeat":"repeat","background-position":"center center","background-size":"auto","background-attachment":"scroll","background-type":"","background-media":"","overlay-type":"","overlay-color":"","overlay-opacity":"","overlay-gradient":""},"tablet":{"background-color":"","background-image":"","background-repeat":"repeat","background-position":"center center","background-size":"auto","background-attachment":"scroll","background-type":"","background-media":"","overlay-type":"","overlay-color":"","overlay-opacity":"","overlay-gradient":""},"mobile":{"background-color":"","background-image":"","background-repeat":"repeat","background-position":"center center","background-size":"auto","background-attachment":"scroll","background-type":"","background-media":"","overlay-type":"","overlay-color":"","overlay-opacity":"","overlay-gradient":""}},"ast-content-background-meta":{"desktop":{"background-color":"var(--ast-global-color-5)","background-image":"","background-repeat":"repeat","background-position":"center center","background-size":"auto","background-attachment":"scroll","background-type":"","background-media":"","overlay-type":"","overlay-color":"","overlay-opacity":"","overlay-gradient":""},"tablet":{"background-color":"var(--ast-global-color-5)","background-image":"","background-repeat":"repeat","background-position":"center center","background-size":"auto","background-attachment":"scroll","background-type":"","background-media":"","overlay-type":"","overlay-color":"","overlay-opacity":"","overlay-gradient":""},"mobile":{"background-color":"var(--ast-global-color-5)","background-image":"","background-repeat":"repeat","background-position":"center center","background-size":"auto","background-attachment":"scroll","background-type":"","background-media":"","overlay-type":"","overlay-color":"","overlay-opacity":"","overlay-gradient":""}}},"product_brand":[],"product_cat":[1714,1708],"product_tag":[],"class_list":{"0":"post-36964","1":"product","2":"type-product","3":"status-publish","4":"has-post-thumbnail","6":"product_cat-cavas","7":"product_cat-pago-de-tharsys","8":"desktop-align-left","9":"tablet-align-left","10":"mobile-align-left","11":"ast-product-gallery-layout-vertical-slider","12":"ast-magnify-disabled","13":"ast-product-tabs-layout-accordion","15":"first","16":"instock","17":"taxable","18":"shipping-taxable","19":"purchasable","20":"product-type-simple"},"booking_location":null,"booking_location_type":null,"booking_duration":null,"booking_duration_unit":null,"booking_buffer":null,"booking_cost":null,"booking_resources":null,"yoast_head":"<!-- This site is optimized with the Yoast SEO plugin v27.5 - https:\/\/yoast.com\/product\/yoast-seo-wordpress\/ -->\n<title>Mill\u00e9sime Ros\u00e9 Brut Reserva 2023 | Pago de Tharsys<\/title>\n<meta name=\"description\" content=\"Mill\u00e9sime Brut es un cava rosado de Garnacha con m\u00e1s de 18 meses en rima. Cremoso, fresco y largo. Ideal con mariscos o para brindar.\" \/>\n<meta name=\"robots\" content=\"index, follow, max-snippet:-1, max-image-preview:large, max-video-preview:-1\" \/>\n<link rel=\"canonical\" href=\"https:\/\/pagodetharsys.com\/tienda\/productos\/millesime-rose-brut-reserva-2023\/\" \/>\n<meta property=\"og:locale\" content=\"es_ES\" \/>\n<meta property=\"og:type\" content=\"article\" \/>\n<meta property=\"og:title\" content=\"Mill\u00e9sime Ros\u00e9 Brut Reserva 2023 | Pago de Tharsys\" \/>\n<meta property=\"og:description\" content=\"Mill\u00e9sime Brut es un cava rosado de Garnacha con m\u00e1s de 18 meses en rima. Cremoso, fresco y largo. Ideal con mariscos o para brindar.\" \/>\n<meta property=\"og:url\" content=\"https:\/\/pagodetharsys.com\/tienda\/productos\/millesime-rose-brut-reserva-2023\/\" \/>\n<meta property=\"og:site_name\" content=\"Pago de Tharsys\" \/>\n<meta property=\"article:publisher\" content=\"https:\/\/www.facebook.com\/pagodetharsys\/\" \/>\n<meta property=\"article:modified_time\" content=\"2026-03-12T12:17:11+00:00\" \/>\n<meta property=\"og:image\" content=\"https:\/\/pagodetharsys.com\/tienda\/wp-content\/uploads\/2015\/02\/Pago-de-Tharsys-Millesime-Rose-Brut-Reserva-2019-scaled-e1677850246885-1.png\" \/>\n\t<meta property=\"og:image:width\" content=\"1500\" \/>\n\t<meta property=\"og:image:height\" content=\"2250\" \/>\n\t<meta property=\"og:image:type\" content=\"image\/png\" \/>\n<meta name=\"twitter:card\" content=\"summary_large_image\" \/>\n<meta name=\"twitter:site\" content=\"@pagodetharsys\" \/>\n<meta name=\"twitter:label1\" content=\"Tiempo de lectura\" \/>\n\t<meta name=\"twitter:data1\" content=\"2 minutos\" \/>\n<script type=\"application\/ld+json\" class=\"yoast-schema-graph\">{\"@context\":\"https:\\\/\\\/schema.org\",\"@graph\":[{\"@type\":\"WebPage\",\"@id\":\"https:\\\/\\\/pagodetharsys.com\\\/tienda\\\/productos\\\/millesime-rose-brut-reserva-2023\\\/\",\"url\":\"https:\\\/\\\/pagodetharsys.com\\\/tienda\\\/productos\\\/millesime-rose-brut-reserva-2023\\\/\",\"name\":\"Mill\u00e9sime Ros\u00e9 Brut Reserva 2023 | Pago de Tharsys\",\"isPartOf\":{\"@id\":\"https:\\\/\\\/pagodetharsys.com\\\/tienda\\\/#website\"},\"primaryImageOfPage\":{\"@id\":\"https:\\\/\\\/pagodetharsys.com\\\/tienda\\\/productos\\\/millesime-rose-brut-reserva-2023\\\/#primaryimage\"},\"image\":{\"@id\":\"https:\\\/\\\/pagodetharsys.com\\\/tienda\\\/productos\\\/millesime-rose-brut-reserva-2023\\\/#primaryimage\"},\"thumbnailUrl\":\"https:\\\/\\\/pagodetharsys.com\\\/tienda\\\/wp-content\\\/uploads\\\/2015\\\/02\\\/Pago-de-Tharsys-Millesime-Rose-Brut-Reserva-2019-scaled-e1677850246885-1.png\",\"datePublished\":\"2015-02-17T10:15:42+00:00\",\"dateModified\":\"2026-03-12T12:17:11+00:00\",\"description\":\"Mill\u00e9sime Brut es un cava rosado de Garnacha con m\u00e1s de 18 meses en rima. Cremoso, fresco y largo. Ideal con mariscos o para brindar.\",\"breadcrumb\":{\"@id\":\"https:\\\/\\\/pagodetharsys.com\\\/tienda\\\/productos\\\/millesime-rose-brut-reserva-2023\\\/#breadcrumb\"},\"inLanguage\":\"es\",\"potentialAction\":[{\"@type\":\"ReadAction\",\"target\":[\"https:\\\/\\\/pagodetharsys.com\\\/tienda\\\/productos\\\/millesime-rose-brut-reserva-2023\\\/\"]}]},{\"@type\":\"ImageObject\",\"inLanguage\":\"es\",\"@id\":\"https:\\\/\\\/pagodetharsys.com\\\/tienda\\\/productos\\\/millesime-rose-brut-reserva-2023\\\/#primaryimage\",\"url\":\"https:\\\/\\\/pagodetharsys.com\\\/tienda\\\/wp-content\\\/uploads\\\/2015\\\/02\\\/Pago-de-Tharsys-Millesime-Rose-Brut-Reserva-2019-scaled-e1677850246885-1.png\",\"contentUrl\":\"https:\\\/\\\/pagodetharsys.com\\\/tienda\\\/wp-content\\\/uploads\\\/2015\\\/02\\\/Pago-de-Tharsys-Millesime-Rose-Brut-Reserva-2019-scaled-e1677850246885-1.png\",\"width\":1500,\"height\":2250},{\"@type\":\"BreadcrumbList\",\"@id\":\"https:\\\/\\\/pagodetharsys.com\\\/tienda\\\/productos\\\/millesime-rose-brut-reserva-2023\\\/#breadcrumb\",\"itemListElement\":[{\"@type\":\"ListItem\",\"position\":1,\"name\":\"Portada\",\"item\":\"https:\\\/\\\/pagodetharsys.com\\\/tienda\\\/\"},{\"@type\":\"ListItem\",\"position\":2,\"name\":\"Products\",\"item\":\"https:\\\/\\\/pagodetharsys.com\\\/tienda\\\/en\\\/\"},{\"@type\":\"ListItem\",\"position\":3,\"name\":\"PAGO DE THARSYS | MILL\u00c9SIME ROS\u00c9 BRUT RESERVA 2023\"}]},{\"@type\":\"WebSite\",\"@id\":\"https:\\\/\\\/pagodetharsys.com\\\/tienda\\\/#website\",\"url\":\"https:\\\/\\\/pagodetharsys.com\\\/tienda\\\/\",\"name\":\"Pago de Tharsys\",\"description\":\"Una experiencia sensorial que llega m\u00e1s all\u00e1 de una copa de vino\",\"publisher\":{\"@id\":\"https:\\\/\\\/pagodetharsys.com\\\/tienda\\\/#organization\"},\"potentialAction\":[{\"@type\":\"SearchAction\",\"target\":{\"@type\":\"EntryPoint\",\"urlTemplate\":\"https:\\\/\\\/pagodetharsys.com\\\/tienda\\\/?s={search_term_string}\"},\"query-input\":{\"@type\":\"PropertyValueSpecification\",\"valueRequired\":true,\"valueName\":\"search_term_string\"}}],\"inLanguage\":\"es\"},{\"@type\":\"Organization\",\"@id\":\"https:\\\/\\\/pagodetharsys.com\\\/tienda\\\/#organization\",\"name\":\"Pago de Tharsys\",\"url\":\"https:\\\/\\\/pagodetharsys.com\\\/tienda\\\/\",\"logo\":{\"@type\":\"ImageObject\",\"inLanguage\":\"es\",\"@id\":\"https:\\\/\\\/pagodetharsys.com\\\/tienda\\\/#\\\/schema\\\/logo\\\/image\\\/\",\"url\":\"https:\\\/\\\/pagodetharsys.com\\\/tienda\\\/wp-content\\\/uploads\\\/2025\\\/12\\\/logo-pagodetharsys-2025.svg\",\"contentUrl\":\"https:\\\/\\\/pagodetharsys.com\\\/tienda\\\/wp-content\\\/uploads\\\/2025\\\/12\\\/logo-pagodetharsys-2025.svg\",\"width\":100,\"height\":100,\"caption\":\"Pago de Tharsys\"},\"image\":{\"@id\":\"https:\\\/\\\/pagodetharsys.com\\\/tienda\\\/#\\\/schema\\\/logo\\\/image\\\/\"},\"sameAs\":[\"https:\\\/\\\/www.facebook.com\\\/pagodetharsys\\\/\",\"https:\\\/\\\/x.com\\\/pagodetharsys\",\"https:\\\/\\\/www.instagram.com\\\/pagodetharsys\\\/\"]}]}<\/script>\n<!-- \/ Yoast SEO plugin. -->","yoast_head_json":{"title":"Mill\u00e9sime Ros\u00e9 Brut Reserva 2023 | Pago de Tharsys","description":"Mill\u00e9sime Brut es un cava rosado de Garnacha con m\u00e1s de 18 meses en rima. Cremoso, fresco y largo. Ideal con mariscos o para brindar.","robots":{"index":"index","follow":"follow","max-snippet":"max-snippet:-1","max-image-preview":"max-image-preview:large","max-video-preview":"max-video-preview:-1"},"canonical":"https:\/\/pagodetharsys.com\/tienda\/productos\/millesime-rose-brut-reserva-2023\/","og_locale":"es_ES","og_type":"article","og_title":"Mill\u00e9sime Ros\u00e9 Brut Reserva 2023 | Pago de Tharsys","og_description":"Mill\u00e9sime Brut es un cava rosado de Garnacha con m\u00e1s de 18 meses en rima. Cremoso, fresco y largo. Ideal con mariscos o para brindar.","og_url":"https:\/\/pagodetharsys.com\/tienda\/productos\/millesime-rose-brut-reserva-2023\/","og_site_name":"Pago de Tharsys","article_publisher":"https:\/\/www.facebook.com\/pagodetharsys\/","article_modified_time":"2026-03-12T12:17:11+00:00","og_image":[{"width":1500,"height":2250,"url":"https:\/\/pagodetharsys.com\/tienda\/wp-content\/uploads\/2015\/02\/Pago-de-Tharsys-Millesime-Rose-Brut-Reserva-2019-scaled-e1677850246885-1.png","type":"image\/png"}],"twitter_card":"summary_large_image","twitter_site":"@pagodetharsys","twitter_misc":{"Tiempo de lectura":"2 minutos"},"schema":{"@context":"https:\/\/schema.org","@graph":[{"@type":"WebPage","@id":"https:\/\/pagodetharsys.com\/tienda\/productos\/millesime-rose-brut-reserva-2023\/","url":"https:\/\/pagodetharsys.com\/tienda\/productos\/millesime-rose-brut-reserva-2023\/","name":"Mill\u00e9sime Ros\u00e9 Brut Reserva 2023 | Pago de Tharsys","isPartOf":{"@id":"https:\/\/pagodetharsys.com\/tienda\/#website"},"primaryImageOfPage":{"@id":"https:\/\/pagodetharsys.com\/tienda\/productos\/millesime-rose-brut-reserva-2023\/#primaryimage"},"image":{"@id":"https:\/\/pagodetharsys.com\/tienda\/productos\/millesime-rose-brut-reserva-2023\/#primaryimage"},"thumbnailUrl":"https:\/\/pagodetharsys.com\/tienda\/wp-content\/uploads\/2015\/02\/Pago-de-Tharsys-Millesime-Rose-Brut-Reserva-2019-scaled-e1677850246885-1.png","datePublished":"2015-02-17T10:15:42+00:00","dateModified":"2026-03-12T12:17:11+00:00","description":"Mill\u00e9sime Brut es un cava rosado de Garnacha con m\u00e1s de 18 meses en rima. Cremoso, fresco y largo. Ideal con mariscos o para brindar.","breadcrumb":{"@id":"https:\/\/pagodetharsys.com\/tienda\/productos\/millesime-rose-brut-reserva-2023\/#breadcrumb"},"inLanguage":"es","potentialAction":[{"@type":"ReadAction","target":["https:\/\/pagodetharsys.com\/tienda\/productos\/millesime-rose-brut-reserva-2023\/"]}]},{"@type":"ImageObject","inLanguage":"es","@id":"https:\/\/pagodetharsys.com\/tienda\/productos\/millesime-rose-brut-reserva-2023\/#primaryimage","url":"https:\/\/pagodetharsys.com\/tienda\/wp-content\/uploads\/2015\/02\/Pago-de-Tharsys-Millesime-Rose-Brut-Reserva-2019-scaled-e1677850246885-1.png","contentUrl":"https:\/\/pagodetharsys.com\/tienda\/wp-content\/uploads\/2015\/02\/Pago-de-Tharsys-Millesime-Rose-Brut-Reserva-2019-scaled-e1677850246885-1.png","width":1500,"height":2250},{"@type":"BreadcrumbList","@id":"https:\/\/pagodetharsys.com\/tienda\/productos\/millesime-rose-brut-reserva-2023\/#breadcrumb","itemListElement":[{"@type":"ListItem","position":1,"name":"Portada","item":"https:\/\/pagodetharsys.com\/tienda\/"},{"@type":"ListItem","position":2,"name":"Products","item":"https:\/\/pagodetharsys.com\/tienda\/en\/"},{"@type":"ListItem","position":3,"name":"PAGO DE THARSYS | MILL\u00c9SIME ROS\u00c9 BRUT RESERVA 2023"}]},{"@type":"WebSite","@id":"https:\/\/pagodetharsys.com\/tienda\/#website","url":"https:\/\/pagodetharsys.com\/tienda\/","name":"Pago de Tharsys","description":"Una experiencia sensorial que llega m\u00e1s all\u00e1 de una copa de vino","publisher":{"@id":"https:\/\/pagodetharsys.com\/tienda\/#organization"},"potentialAction":[{"@type":"SearchAction","target":{"@type":"EntryPoint","urlTemplate":"https:\/\/pagodetharsys.com\/tienda\/?s={search_term_string}"},"query-input":{"@type":"PropertyValueSpecification","valueRequired":true,"valueName":"search_term_string"}}],"inLanguage":"es"},{"@type":"Organization","@id":"https:\/\/pagodetharsys.com\/tienda\/#organization","name":"Pago de Tharsys","url":"https:\/\/pagodetharsys.com\/tienda\/","logo":{"@type":"ImageObject","inLanguage":"es","@id":"https:\/\/pagodetharsys.com\/tienda\/#\/schema\/logo\/image\/","url":"https:\/\/pagodetharsys.com\/tienda\/wp-content\/uploads\/2025\/12\/logo-pagodetharsys-2025.svg","contentUrl":"https:\/\/pagodetharsys.com\/tienda\/wp-content\/uploads\/2025\/12\/logo-pagodetharsys-2025.svg","width":100,"height":100,"caption":"Pago de Tharsys"},"image":{"@id":"https:\/\/pagodetharsys.com\/tienda\/#\/schema\/logo\/image\/"},"sameAs":["https:\/\/www.facebook.com\/pagodetharsys\/","https:\/\/x.com\/pagodetharsys","https:\/\/www.instagram.com\/pagodetharsys\/"]}]}},"_links":{"self":[{"href":"https:\/\/pagodetharsys.com\/tienda\/wp-json\/wp\/v2\/product\/36964","targetHints":{"allow":["GET"]}}],"collection":[{"href":"https:\/\/pagodetharsys.com\/tienda\/wp-json\/wp\/v2\/product"}],"about":[{"href":"https:\/\/pagodetharsys.com\/tienda\/wp-json\/wp\/v2\/types\/product"}],"replies":[{"embeddable":true,"href":"https:\/\/pagodetharsys.com\/tienda\/wp-json\/wp\/v2\/comments?post=36964"}],"wp:featuredmedia":[{"embeddable":true,"href":"https:\/\/pagodetharsys.com\/tienda\/wp-json\/wp\/v2\/media\/669024"}],"wp:attachment":[{"href":"https:\/\/pagodetharsys.com\/tienda\/wp-json\/wp\/v2\/media?parent=36964"}],"wp:term":[{"taxonomy":"product_brand","embeddable":true,"href":"https:\/\/pagodetharsys.com\/tienda\/wp-json\/wp\/v2\/product_brand?post=36964"},{"taxonomy":"product_cat","embeddable":true,"href":"https:\/\/pagodetharsys.com\/tienda\/wp-json\/wp\/v2\/product_cat?post=36964"},{"taxonomy":"product_tag","embeddable":true,"href":"https:\/\/pagodetharsys.com\/tienda\/wp-json\/wp\/v2\/product_tag?post=36964"}],"curies":[{"name":"wp","href":"https:\/\/api.w.org\/{rel}","templated":true}]}}