{"id":36970,"date":"2015-02-17T12:02:37","date_gmt":"2015-02-17T11:02:37","guid":{"rendered":"https:\/\/pagodetharsys.com\/tienda\/productos\/pago-de-tharsys-seleccion-bodega-2010\/"},"modified":"2026-03-12T12:42:09","modified_gmt":"2026-03-12T11:42:09","slug":"vino-tinto-seleccion-bodega-2010","status":"publish","type":"product","link":"https:\/\/pagodetharsys.com\/tienda\/productos\/vino-tinto-seleccion-bodega-2010\/","title":{"rendered":"PAGO DE THARSYS | SELECCI\u00d3N BODEGA 2010"},"content":{"rendered":"<h2 style=\"text-align: center;\">PAGO DE THARSYS | SELECCI\u00d3N BODEGA 2010<\/h2>\n<p>&nbsp;<\/p>\n<h3 style=\"text-align: left;\">El Vi\u00f1edo<\/h3>\n<p data-start=\"695\" data-end=\"846\">El Merlot procede de una parcela al norte del Pago, con suelos arcillosos en superficie y una potente roca madre caliza que aporta concentraci\u00f3n y equilibrio natural gracias a su buen drenaje. El Cabernet Franc, situado al sur sobre suelos totalmente calizos de origen milenario, ofrece vinos estructurados, frescos y con intensos aromas minerales y car\u00e1cter tel\u00farico.<\/p>\n<hr \/>\n<h3 style=\"text-align: left;\">A\u00f1ada 2010<\/h3>\n<p data-start=\"496\" data-end=\"620\">La a\u00f1ada 2010 estuvo marcada por un invierno muy fr\u00edo y lluvioso, con precipitaciones muy superiores a la media, lo que permiti\u00f3 una excelente reserva h\u00eddrica en el suelo. La vendimia de Merlot y Cabernet se realiz\u00f3 a finales de septiembre, con temperaturas m\u00e1s bajas que favorecieron una \u00f3ptima madurez fen\u00f3lica y gran calidad de uva.<\/p>\n<hr \/>\n<h3 style=\"text-align: left;\">Elaboraci\u00f3n<\/h3>\n<p>Elaborado siguiendo el m\u00e9todo tradicional y con 12 meses de crianza en barrica de roble franc\u00e9s. Esta cuv\u00e9e Selecci\u00f3n Bodega procede de una selecci\u00f3n de las mejores barricas realizada por el comit\u00e9 de cata. No se filtra al embotellar para preservar su estructura y aromas, por lo que puede presentar precipitados naturales.<\/p>\n<hr \/>\n<h3>Notas de Cata<\/h3>\n<p style=\"text-align: left;\"><strong>Vista:<\/strong> Color granate brillante y l\u00edmpido.<\/p>\n<p><strong>Nariz:<\/strong> Intensos aromas de frutas rojas, con recuerdo a licor de ciruela, acompa\u00f1ados de notas de cedro y bosque h\u00famedo, y un delicado fondo especiado de pimienta negra y clavo.<\/p>\n<p><strong>Boca:<\/strong> Estructura equilibrada y fresca, con taninos maduros que aportan redondez y persistencia. Destacan sabores de guindas, humus y especias.<\/p>\n<hr \/>\n<h3>Servicio y Maridaje<\/h3>\n<p><strong>Servicio:<\/strong> Servido entre 16\u00baC y 18\u00baC en copa de cuerpo amplio.<\/p>\n<p><strong>Maridaje:<\/strong> Acompa\u00f1ar\u00e1 magn\u00edficamente platos guisados de carne de caza y platos elaborados son setas: rebollones, boletus&#8230;<\/p>\n<hr \/>\n<p>&nbsp;<\/p>\n<p><strong><em>\u00bfQuieres descubrir m\u00e1s vinos como este? Visita nuestra <a href=\"https:\/\/pagodetharsys.com\/tienda\/categoria-producto\/vinos\/vinos-tintos\/\" target=\"_blank\" rel=\"noopener\">colecci\u00f3n de tintos<\/a> o <a href=\"https:\/\/pagodetharsys.com\/contacto\/\">cont\u00e1ctanos<\/a>.<\/em><\/strong><\/p>\n","protected":false},"excerpt":{"rendered":"<h3>\ud83c\udf77 <strong>Pago de Tharsys Selecci\u00f3n Bodega 2010 es un vino tinto de Merlot y Cabernet Franc, con gran complejidad arom\u00e1tica y excelente equilibrio. Ofrece notas de fruta roja madura, especias y sotobosque, en un vino elegante, persistente y con potencial de guarda.<\/strong><\/h3>\n<p>&nbsp;<\/p>\n<p data-start=\"50\" data-end=\"81\">\ud83d\udd34 <strong data-start=\"357\" data-end=\"366\">Tipo:<\/strong> Vino tinto<\/p>\n<p data-start=\"50\" data-end=\"81\">\ud83c\udf47 <strong data-start=\"383\" data-end=\"396\">Variedad:<\/strong> 85% Merlot<br \/>\n15% Cabernet Franc<\/p>\n<p data-start=\"83\" data-end=\"104\"><strong data-start=\"86\" data-end=\"95\">\ud83d\udcc5 A\u00f1ada:\u00a0<\/strong>2010<\/p>\n<p data-start=\"83\" data-end=\"104\"><strong>\ud83c\udf77 Grado Alcoh\u00f3lico:<\/strong> 13&#8217;5%<\/p>\n<p data-start=\"106\" data-end=\"165\"><strong data-start=\"109\" data-end=\"125\">\ud83d\udccd Denominaci\u00f3n: <\/strong>DOP Tharsys<\/p>\n<p data-start=\"167\" data-end=\"295\">\ud83d\udd70\ufe0f <strong>Crianza<\/strong>: 12 meses en barricas de roble franc\u00e9s de 1 a\u00f1o<\/p>\n<p data-start=\"167\" data-end=\"295\">CERTIFICADO OFICIAL UE DE VINO ECOL\u00d3GICO<\/p>\n","protected":false},"featured_media":511032,"comment_status":"closed","ping_status":"closed","template":"","meta":{"inline_featured_image":false,"site-sidebar-layout":"default","site-content-layout":"","ast-site-content-layout":"default","site-content-style":"default","site-sidebar-style":"default","ast-global-header-display":"","ast-banner-title-visibility":"","ast-main-header-display":"","ast-hfb-above-header-display":"","ast-hfb-below-header-display":"","ast-hfb-mobile-header-display":"","site-post-title":"","ast-breadcrumbs-content":"","ast-featured-img":"","footer-sml-layout":"","ast-disable-related-posts":"","theme-transparent-header-meta":"default","adv-header-id-meta":"","stick-header-meta":"default","header-above-stick-meta":"","header-main-stick-meta":"","header-below-stick-meta":"","astra-migrate-meta-layouts":"set","ast-page-background-enabled":"default","ast-page-background-meta":{"desktop":{"background-color":"var(--ast-global-color-4)","background-image":"","background-repeat":"repeat","background-position":"center center","background-size":"auto","background-attachment":"scroll","background-type":"","background-media":"","overlay-type":"","overlay-color":"","overlay-opacity":"","overlay-gradient":""},"tablet":{"background-color":"","background-image":"","background-repeat":"repeat","background-position":"center center","background-size":"auto","background-attachment":"scroll","background-type":"","background-media":"","overlay-type":"","overlay-color":"","overlay-opacity":"","overlay-gradient":""},"mobile":{"background-color":"","background-image":"","background-repeat":"repeat","background-position":"center center","background-size":"auto","background-attachment":"scroll","background-type":"","background-media":"","overlay-type":"","overlay-color":"","overlay-opacity":"","overlay-gradient":""}},"ast-content-background-meta":{"desktop":{"background-color":"var(--ast-global-color-5)","background-image":"","background-repeat":"repeat","background-position":"center center","background-size":"auto","background-attachment":"scroll","background-type":"","background-media":"","overlay-type":"","overlay-color":"","overlay-opacity":"","overlay-gradient":""},"tablet":{"background-color":"var(--ast-global-color-5)","background-image":"","background-repeat":"repeat","background-position":"center center","background-size":"auto","background-attachment":"scroll","background-type":"","background-media":"","overlay-type":"","overlay-color":"","overlay-opacity":"","overlay-gradient":""},"mobile":{"background-color":"var(--ast-global-color-5)","background-image":"","background-repeat":"repeat","background-position":"center center","background-size":"auto","background-attachment":"scroll","background-type":"","background-media":"","overlay-type":"","overlay-color":"","overlay-opacity":"","overlay-gradient":""}}},"product_brand":[],"product_cat":[1708,1987,1724],"product_tag":[1856,1930],"class_list":{"0":"post-36970","1":"product","2":"type-product","3":"status-publish","4":"has-post-thumbnail","6":"product_cat-pago-de-tharsys","7":"product_cat-vinos-ecologicos","8":"product_cat-vinos-tintos","9":"product_tag-pago-de-tharsys","10":"product_tag-seleccion-bodega","11":"desktop-align-left","12":"tablet-align-left","13":"mobile-align-left","14":"ast-product-gallery-layout-vertical-slider","15":"ast-magnify-disabled","16":"ast-product-tabs-layout-accordion","18":"first","19":"instock","20":"taxable","21":"shipping-taxable","22":"purchasable","23":"product-type-simple"},"booking_location":null,"booking_location_type":null,"booking_duration":null,"booking_duration_unit":null,"booking_buffer":null,"booking_cost":null,"booking_resources":null,"yoast_head":"<!-- This site is optimized with the Yoast SEO plugin v27.4 - https:\/\/yoast.com\/product\/yoast-seo-wordpress\/ -->\n<title>Selecci\u00f3n Bodega 2010 | Pago de Tharsys<\/title>\n<meta name=\"description\" content=\"Pago de Tharsys | Selecci\u00f3n Bodega 2010 es un vino tinto. Selecci\u00f3n de barricas excepcionales. Elegante, complejo y de guarda.\" \/>\n<meta name=\"robots\" content=\"index, follow, max-snippet:-1, max-image-preview:large, max-video-preview:-1\" \/>\n<link rel=\"canonical\" href=\"https:\/\/pagodetharsys.com\/tienda\/productos\/vino-tinto-seleccion-bodega-2010\/\" \/>\n<meta property=\"og:locale\" content=\"es_ES\" \/>\n<meta property=\"og:type\" content=\"article\" \/>\n<meta property=\"og:title\" content=\"Selecci\u00f3n Bodega 2010 | Pago de Tharsys\" \/>\n<meta property=\"og:description\" content=\"Pago de Tharsys | Selecci\u00f3n Bodega 2010 es un vino tinto. Selecci\u00f3n de barricas excepcionales. Elegante, complejo y de guarda.\" \/>\n<meta property=\"og:url\" content=\"https:\/\/pagodetharsys.com\/tienda\/productos\/vino-tinto-seleccion-bodega-2010\/\" \/>\n<meta property=\"og:site_name\" content=\"Pago de Tharsys\" \/>\n<meta property=\"article:publisher\" content=\"https:\/\/www.facebook.com\/pagodetharsys\/\" \/>\n<meta property=\"article:modified_time\" content=\"2026-03-12T11:42:09+00:00\" \/>\n<meta property=\"og:image\" content=\"https:\/\/pagodetharsys.com\/tienda\/wp-content\/uploads\/2015\/02\/Pago-de-Tharsys-Seleccion-Bodega-1.jpg\" \/>\n\t<meta property=\"og:image:width\" content=\"1711\" \/>\n\t<meta property=\"og:image:height\" content=\"2560\" \/>\n\t<meta property=\"og:image:type\" content=\"image\/jpeg\" \/>\n<meta name=\"twitter:card\" content=\"summary_large_image\" \/>\n<meta name=\"twitter:site\" content=\"@pagodetharsys\" \/>\n<meta name=\"twitter:label1\" content=\"Tiempo de lectura\" \/>\n\t<meta name=\"twitter:data1\" content=\"2 minutos\" \/>\n<script type=\"application\/ld+json\" class=\"yoast-schema-graph\">{\"@context\":\"https:\\\/\\\/schema.org\",\"@graph\":[{\"@type\":\"WebPage\",\"@id\":\"https:\\\/\\\/pagodetharsys.com\\\/tienda\\\/productos\\\/vino-tinto-seleccion-bodega-2010\\\/\",\"url\":\"https:\\\/\\\/pagodetharsys.com\\\/tienda\\\/productos\\\/vino-tinto-seleccion-bodega-2010\\\/\",\"name\":\"Selecci\u00f3n Bodega 2010 | Pago de Tharsys\",\"isPartOf\":{\"@id\":\"https:\\\/\\\/pagodetharsys.com\\\/tienda\\\/#website\"},\"primaryImageOfPage\":{\"@id\":\"https:\\\/\\\/pagodetharsys.com\\\/tienda\\\/productos\\\/vino-tinto-seleccion-bodega-2010\\\/#primaryimage\"},\"image\":{\"@id\":\"https:\\\/\\\/pagodetharsys.com\\\/tienda\\\/productos\\\/vino-tinto-seleccion-bodega-2010\\\/#primaryimage\"},\"thumbnailUrl\":\"https:\\\/\\\/pagodetharsys.com\\\/tienda\\\/wp-content\\\/uploads\\\/2015\\\/02\\\/Pago-de-Tharsys-Seleccion-Bodega-1.jpg\",\"datePublished\":\"2015-02-17T11:02:37+00:00\",\"dateModified\":\"2026-03-12T11:42:09+00:00\",\"description\":\"Pago de Tharsys | Selecci\u00f3n Bodega 2010 es un vino tinto. Selecci\u00f3n de barricas excepcionales. Elegante, complejo y de guarda.\",\"breadcrumb\":{\"@id\":\"https:\\\/\\\/pagodetharsys.com\\\/tienda\\\/productos\\\/vino-tinto-seleccion-bodega-2010\\\/#breadcrumb\"},\"inLanguage\":\"es\",\"potentialAction\":[{\"@type\":\"ReadAction\",\"target\":[\"https:\\\/\\\/pagodetharsys.com\\\/tienda\\\/productos\\\/vino-tinto-seleccion-bodega-2010\\\/\"]}]},{\"@type\":\"ImageObject\",\"inLanguage\":\"es\",\"@id\":\"https:\\\/\\\/pagodetharsys.com\\\/tienda\\\/productos\\\/vino-tinto-seleccion-bodega-2010\\\/#primaryimage\",\"url\":\"https:\\\/\\\/pagodetharsys.com\\\/tienda\\\/wp-content\\\/uploads\\\/2015\\\/02\\\/Pago-de-Tharsys-Seleccion-Bodega-1.jpg\",\"contentUrl\":\"https:\\\/\\\/pagodetharsys.com\\\/tienda\\\/wp-content\\\/uploads\\\/2015\\\/02\\\/Pago-de-Tharsys-Seleccion-Bodega-1.jpg\",\"width\":1711,\"height\":2560},{\"@type\":\"BreadcrumbList\",\"@id\":\"https:\\\/\\\/pagodetharsys.com\\\/tienda\\\/productos\\\/vino-tinto-seleccion-bodega-2010\\\/#breadcrumb\",\"itemListElement\":[{\"@type\":\"ListItem\",\"position\":1,\"name\":\"Portada\",\"item\":\"https:\\\/\\\/pagodetharsys.com\\\/tienda\\\/\"},{\"@type\":\"ListItem\",\"position\":2,\"name\":\"Products\",\"item\":\"https:\\\/\\\/pagodetharsys.com\\\/tienda\\\/en\\\/\"},{\"@type\":\"ListItem\",\"position\":3,\"name\":\"PAGO DE THARSYS | SELECCI\u00d3N BODEGA 2010\"}]},{\"@type\":\"WebSite\",\"@id\":\"https:\\\/\\\/pagodetharsys.com\\\/tienda\\\/#website\",\"url\":\"https:\\\/\\\/pagodetharsys.com\\\/tienda\\\/\",\"name\":\"Pago de Tharsys\",\"description\":\"Una experiencia sensorial que llega m\u00e1s all\u00e1 de una copa de vino\",\"publisher\":{\"@id\":\"https:\\\/\\\/pagodetharsys.com\\\/tienda\\\/#organization\"},\"potentialAction\":[{\"@type\":\"SearchAction\",\"target\":{\"@type\":\"EntryPoint\",\"urlTemplate\":\"https:\\\/\\\/pagodetharsys.com\\\/tienda\\\/?s={search_term_string}\"},\"query-input\":{\"@type\":\"PropertyValueSpecification\",\"valueRequired\":true,\"valueName\":\"search_term_string\"}}],\"inLanguage\":\"es\"},{\"@type\":\"Organization\",\"@id\":\"https:\\\/\\\/pagodetharsys.com\\\/tienda\\\/#organization\",\"name\":\"Pago de Tharsys\",\"url\":\"https:\\\/\\\/pagodetharsys.com\\\/tienda\\\/\",\"logo\":{\"@type\":\"ImageObject\",\"inLanguage\":\"es\",\"@id\":\"https:\\\/\\\/pagodetharsys.com\\\/tienda\\\/#\\\/schema\\\/logo\\\/image\\\/\",\"url\":\"https:\\\/\\\/pagodetharsys.com\\\/tienda\\\/wp-content\\\/uploads\\\/2025\\\/12\\\/logo-pagodetharsys-2025.svg\",\"contentUrl\":\"https:\\\/\\\/pagodetharsys.com\\\/tienda\\\/wp-content\\\/uploads\\\/2025\\\/12\\\/logo-pagodetharsys-2025.svg\",\"width\":100,\"height\":100,\"caption\":\"Pago de Tharsys\"},\"image\":{\"@id\":\"https:\\\/\\\/pagodetharsys.com\\\/tienda\\\/#\\\/schema\\\/logo\\\/image\\\/\"},\"sameAs\":[\"https:\\\/\\\/www.facebook.com\\\/pagodetharsys\\\/\",\"https:\\\/\\\/x.com\\\/pagodetharsys\",\"https:\\\/\\\/www.instagram.com\\\/pagodetharsys\\\/\"]}]}<\/script>\n<!-- \/ Yoast SEO plugin. -->","yoast_head_json":{"title":"Selecci\u00f3n Bodega 2010 | Pago de Tharsys","description":"Pago de Tharsys | Selecci\u00f3n Bodega 2010 es un vino tinto. Selecci\u00f3n de barricas excepcionales. Elegante, complejo y de guarda.","robots":{"index":"index","follow":"follow","max-snippet":"max-snippet:-1","max-image-preview":"max-image-preview:large","max-video-preview":"max-video-preview:-1"},"canonical":"https:\/\/pagodetharsys.com\/tienda\/productos\/vino-tinto-seleccion-bodega-2010\/","og_locale":"es_ES","og_type":"article","og_title":"Selecci\u00f3n Bodega 2010 | Pago de Tharsys","og_description":"Pago de Tharsys | Selecci\u00f3n Bodega 2010 es un vino tinto. Selecci\u00f3n de barricas excepcionales. Elegante, complejo y de guarda.","og_url":"https:\/\/pagodetharsys.com\/tienda\/productos\/vino-tinto-seleccion-bodega-2010\/","og_site_name":"Pago de Tharsys","article_publisher":"https:\/\/www.facebook.com\/pagodetharsys\/","article_modified_time":"2026-03-12T11:42:09+00:00","og_image":[{"width":1711,"height":2560,"url":"https:\/\/pagodetharsys.com\/tienda\/wp-content\/uploads\/2015\/02\/Pago-de-Tharsys-Seleccion-Bodega-1.jpg","type":"image\/jpeg"}],"twitter_card":"summary_large_image","twitter_site":"@pagodetharsys","twitter_misc":{"Tiempo de lectura":"2 minutos"},"schema":{"@context":"https:\/\/schema.org","@graph":[{"@type":"WebPage","@id":"https:\/\/pagodetharsys.com\/tienda\/productos\/vino-tinto-seleccion-bodega-2010\/","url":"https:\/\/pagodetharsys.com\/tienda\/productos\/vino-tinto-seleccion-bodega-2010\/","name":"Selecci\u00f3n Bodega 2010 | Pago de Tharsys","isPartOf":{"@id":"https:\/\/pagodetharsys.com\/tienda\/#website"},"primaryImageOfPage":{"@id":"https:\/\/pagodetharsys.com\/tienda\/productos\/vino-tinto-seleccion-bodega-2010\/#primaryimage"},"image":{"@id":"https:\/\/pagodetharsys.com\/tienda\/productos\/vino-tinto-seleccion-bodega-2010\/#primaryimage"},"thumbnailUrl":"https:\/\/pagodetharsys.com\/tienda\/wp-content\/uploads\/2015\/02\/Pago-de-Tharsys-Seleccion-Bodega-1.jpg","datePublished":"2015-02-17T11:02:37+00:00","dateModified":"2026-03-12T11:42:09+00:00","description":"Pago de Tharsys | Selecci\u00f3n Bodega 2010 es un vino tinto. Selecci\u00f3n de barricas excepcionales. Elegante, complejo y de guarda.","breadcrumb":{"@id":"https:\/\/pagodetharsys.com\/tienda\/productos\/vino-tinto-seleccion-bodega-2010\/#breadcrumb"},"inLanguage":"es","potentialAction":[{"@type":"ReadAction","target":["https:\/\/pagodetharsys.com\/tienda\/productos\/vino-tinto-seleccion-bodega-2010\/"]}]},{"@type":"ImageObject","inLanguage":"es","@id":"https:\/\/pagodetharsys.com\/tienda\/productos\/vino-tinto-seleccion-bodega-2010\/#primaryimage","url":"https:\/\/pagodetharsys.com\/tienda\/wp-content\/uploads\/2015\/02\/Pago-de-Tharsys-Seleccion-Bodega-1.jpg","contentUrl":"https:\/\/pagodetharsys.com\/tienda\/wp-content\/uploads\/2015\/02\/Pago-de-Tharsys-Seleccion-Bodega-1.jpg","width":1711,"height":2560},{"@type":"BreadcrumbList","@id":"https:\/\/pagodetharsys.com\/tienda\/productos\/vino-tinto-seleccion-bodega-2010\/#breadcrumb","itemListElement":[{"@type":"ListItem","position":1,"name":"Portada","item":"https:\/\/pagodetharsys.com\/tienda\/"},{"@type":"ListItem","position":2,"name":"Products","item":"https:\/\/pagodetharsys.com\/tienda\/en\/"},{"@type":"ListItem","position":3,"name":"PAGO DE THARSYS | SELECCI\u00d3N BODEGA 2010"}]},{"@type":"WebSite","@id":"https:\/\/pagodetharsys.com\/tienda\/#website","url":"https:\/\/pagodetharsys.com\/tienda\/","name":"Pago de Tharsys","description":"Una experiencia sensorial que llega m\u00e1s all\u00e1 de una copa de vino","publisher":{"@id":"https:\/\/pagodetharsys.com\/tienda\/#organization"},"potentialAction":[{"@type":"SearchAction","target":{"@type":"EntryPoint","urlTemplate":"https:\/\/pagodetharsys.com\/tienda\/?s={search_term_string}"},"query-input":{"@type":"PropertyValueSpecification","valueRequired":true,"valueName":"search_term_string"}}],"inLanguage":"es"},{"@type":"Organization","@id":"https:\/\/pagodetharsys.com\/tienda\/#organization","name":"Pago de Tharsys","url":"https:\/\/pagodetharsys.com\/tienda\/","logo":{"@type":"ImageObject","inLanguage":"es","@id":"https:\/\/pagodetharsys.com\/tienda\/#\/schema\/logo\/image\/","url":"https:\/\/pagodetharsys.com\/tienda\/wp-content\/uploads\/2025\/12\/logo-pagodetharsys-2025.svg","contentUrl":"https:\/\/pagodetharsys.com\/tienda\/wp-content\/uploads\/2025\/12\/logo-pagodetharsys-2025.svg","width":100,"height":100,"caption":"Pago de Tharsys"},"image":{"@id":"https:\/\/pagodetharsys.com\/tienda\/#\/schema\/logo\/image\/"},"sameAs":["https:\/\/www.facebook.com\/pagodetharsys\/","https:\/\/x.com\/pagodetharsys","https:\/\/www.instagram.com\/pagodetharsys\/"]}]}},"_links":{"self":[{"href":"https:\/\/pagodetharsys.com\/tienda\/wp-json\/wp\/v2\/product\/36970","targetHints":{"allow":["GET"]}}],"collection":[{"href":"https:\/\/pagodetharsys.com\/tienda\/wp-json\/wp\/v2\/product"}],"about":[{"href":"https:\/\/pagodetharsys.com\/tienda\/wp-json\/wp\/v2\/types\/product"}],"replies":[{"embeddable":true,"href":"https:\/\/pagodetharsys.com\/tienda\/wp-json\/wp\/v2\/comments?post=36970"}],"wp:featuredmedia":[{"embeddable":true,"href":"https:\/\/pagodetharsys.com\/tienda\/wp-json\/wp\/v2\/media\/511032"}],"wp:attachment":[{"href":"https:\/\/pagodetharsys.com\/tienda\/wp-json\/wp\/v2\/media?parent=36970"}],"wp:term":[{"taxonomy":"product_brand","embeddable":true,"href":"https:\/\/pagodetharsys.com\/tienda\/wp-json\/wp\/v2\/product_brand?post=36970"},{"taxonomy":"product_cat","embeddable":true,"href":"https:\/\/pagodetharsys.com\/tienda\/wp-json\/wp\/v2\/product_cat?post=36970"},{"taxonomy":"product_tag","embeddable":true,"href":"https:\/\/pagodetharsys.com\/tienda\/wp-json\/wp\/v2\/product_tag?post=36970"}],"curies":[{"name":"wp","href":"https:\/\/api.w.org\/{rel}","templated":true}]}}