{"id":36972,"date":"2015-02-17T12:34:05","date_gmt":"2015-02-17T11:34:05","guid":{"rendered":"https:\/\/pagodetharsys.com\/tienda\/productos\/pago-de-tharsys-dulce-natural-bronx\/"},"modified":"2026-03-13T08:53:34","modified_gmt":"2026-03-13T07:53:34","slug":"pdt-vino-dulce","status":"publish","type":"product","link":"https:\/\/pagodetharsys.com\/tienda\/productos\/pdt-vino-dulce\/","title":{"rendered":"PAGO DE THARSYS | VINO DULCE NATURAL 2025"},"content":{"rendered":"<h2 style=\"text-align: center;\" data-start=\"178\" data-end=\"243\">PAGO DE THARSYS | VINO DULCE NATURAL 2025<\/h2>\n<p>&nbsp;<\/p>\n<h3 style=\"text-align: left;\">El Vi\u00f1edo<\/h3>\n<p data-start=\"695\" data-end=\"846\">La variedad se cultiva en una parcela de suelo mayormente calc\u00e1reo, de origen milenario, formado por sedimentos de micro-organismos acu\u00e1ticos. Un terreno pobre en nutrientes pero con buena reserva h\u00eddrica en profundidad, ideal para esta singular variedad blanca sin pepita, que ofrece uvas intensamente arom\u00e1ticas.<\/p>\n<hr \/>\n<h3 style=\"text-align: left;\">Variedad Albari\u00f1o<\/h3>\n<p data-start=\"496\" data-end=\"620\">La variedad Albari\u00f1o necesita un emparrado m\u00e1s alto debido a su alta sensibilidad a las enfermedades criptog\u00e1micas, requieren buena aireaci\u00f3n, creando en verano un vi\u00f1edo fresco y especialmente agradable.<\/p>\n<hr \/>\n<h3 style=\"text-align: left;\">Elaboraci\u00f3n<\/h3>\n<p>Vendimia manual en cajas de 10 kg y ligero asoleo para concentrar az\u00facares. Fermentaci\u00f3n natural detenida con fr\u00edo y sin crianza en barrica para preservar los aromas florales y frutales.<\/p>\n<hr \/>\n<h3>Notas de Cata<\/h3>\n<p style=\"text-align: left;\"><strong>Vista:<\/strong> Brillante color oro viejo con reflejos anaranjados.<\/p>\n<p><strong>Nariz:<\/strong> Intensos aromas de frutas ex\u00f3ticas maduras como maracuy\u00e1 y mango, con delicadas notas de flores amarillas y un sutil toque de polen.<\/p>\n<p><strong>Boca:<\/strong> Entrada cremosa e intensa, con gran equilibrio entre acidez y dulzor. Fresco, persistente y envolvente, con textura suave y recuerdo perfumado.<\/p>\n<hr \/>\n<h3>Servicio y Maridaje<\/h3>\n<p><strong>Servicio:<\/strong> Servido entre 6\u00baC y 8\u00baC en copa de tama\u00f1o medio.<\/p>\n<p><strong>Maridaje:<\/strong> Ideal para acompa\u00f1ar quesos cremosos, foie-gras y terrinas, as\u00ed como postres de frutas amarillas, crema y dulces tradicionales.<\/p>\n<hr \/>\n<p>&nbsp;<\/p>\n<p><strong><em>Descubre m\u00e1s vinos singulares en nuestra <a href=\"https:\/\/pagodetharsys.com\/tienda\/categoria-producto\/vinos\/blancos\/\" target=\"_blank\" rel=\"noopener\">colecci\u00f3n de vinos blancos<\/a> o <a href=\"https:\/\/pagodetharsys.com\/contacto\/\">cont\u00e1ctanos<\/a>.<\/em><\/strong><\/p>\n","protected":false},"excerpt":{"rendered":"<h3>\ud83c\udf77 <strong>Pago de Tharsys Vino Dulce Natural es un blanco ecol\u00f3gico, que deslumbra por sus aromas ex\u00f3ticos y su textura cremosa. Equilibrado entre dulzor y frescura, es un vino singular y envolvente que conquista desde el primer sorbo.<\/strong><\/h3>\n<p>&nbsp;<\/p>\n<p data-start=\"50\" data-end=\"81\">\ud83d\udd34 <strong data-start=\"357\" data-end=\"366\">Tipo:<\/strong> Vino blanco dulce natural<\/p>\n<p data-start=\"50\" data-end=\"81\">\ud83c\udf47 <strong data-start=\"383\" data-end=\"396\">Variedad:<\/strong> Albari\u00f1o<\/p>\n<p data-start=\"83\" data-end=\"104\"><strong>\ud83c\udf77 Grado Alcoh\u00f3lico:<\/strong> 15%<\/p>\n<p data-start=\"106\" data-end=\"165\"><strong data-start=\"109\" data-end=\"125\">\ud83d\udccd Denominaci\u00f3n: <\/strong>DOP Tharsys<\/p>\n","protected":false},"featured_media":679848,"comment_status":"closed","ping_status":"closed","template":"","meta":{"inline_featured_image":false,"site-sidebar-layout":"default","site-content-layout":"","ast-site-content-layout":"default","site-content-style":"default","site-sidebar-style":"default","ast-global-header-display":"","ast-banner-title-visibility":"","ast-main-header-display":"","ast-hfb-above-header-display":"","ast-hfb-below-header-display":"","ast-hfb-mobile-header-display":"","site-post-title":"","ast-breadcrumbs-content":"","ast-featured-img":"","footer-sml-layout":"","ast-disable-related-posts":"","theme-transparent-header-meta":"default","adv-header-id-meta":"","stick-header-meta":"default","header-above-stick-meta":"","header-main-stick-meta":"","header-below-stick-meta":"","astra-migrate-meta-layouts":"set","ast-page-background-enabled":"default","ast-page-background-meta":{"desktop":{"background-color":"var(--ast-global-color-4)","background-image":"","background-repeat":"repeat","background-position":"center center","background-size":"auto","background-attachment":"scroll","background-type":"","background-media":"","overlay-type":"","overlay-color":"","overlay-opacity":"","overlay-gradient":""},"tablet":{"background-color":"","background-image":"","background-repeat":"repeat","background-position":"center center","background-size":"auto","background-attachment":"scroll","background-type":"","background-media":"","overlay-type":"","overlay-color":"","overlay-opacity":"","overlay-gradient":""},"mobile":{"background-color":"","background-image":"","background-repeat":"repeat","background-position":"center center","background-size":"auto","background-attachment":"scroll","background-type":"","background-media":"","overlay-type":"","overlay-color":"","overlay-opacity":"","overlay-gradient":""}},"ast-content-background-meta":{"desktop":{"background-color":"var(--ast-global-color-5)","background-image":"","background-repeat":"repeat","background-position":"center center","background-size":"auto","background-attachment":"scroll","background-type":"","background-media":"","overlay-type":"","overlay-color":"","overlay-opacity":"","overlay-gradient":""},"tablet":{"background-color":"var(--ast-global-color-5)","background-image":"","background-repeat":"repeat","background-position":"center center","background-size":"auto","background-attachment":"scroll","background-type":"","background-media":"","overlay-type":"","overlay-color":"","overlay-opacity":"","overlay-gradient":""},"mobile":{"background-color":"var(--ast-global-color-5)","background-image":"","background-repeat":"repeat","background-position":"center center","background-size":"auto","background-attachment":"scroll","background-type":"","background-media":"","overlay-type":"","overlay-color":"","overlay-opacity":"","overlay-gradient":""}}},"product_brand":[],"product_cat":[1708,1720,1987],"product_tag":[1932,1931,1933,1856,1857],"class_list":{"0":"post-36972","1":"product","2":"type-product","3":"status-publish","4":"has-post-thumbnail","6":"product_cat-pago-de-tharsys","7":"product_cat-vinos-blancos","8":"product_cat-vinos-ecologicos","9":"product_tag-bronx","10":"product_tag-dulce","11":"product_tag-natural","12":"product_tag-pago-de-tharsys","13":"product_tag-vino","14":"desktop-align-left","15":"tablet-align-left","16":"mobile-align-left","17":"ast-product-gallery-layout-vertical-slider","18":"ast-magnify-disabled","19":"ast-product-tabs-layout-accordion","21":"first","22":"instock","23":"taxable","24":"shipping-taxable","25":"purchasable","26":"product-type-simple"},"booking_location":null,"booking_location_type":null,"booking_duration":null,"booking_duration_unit":null,"booking_buffer":null,"booking_cost":null,"booking_resources":null,"yoast_head":"<!-- This site is optimized with the Yoast SEO plugin v27.5 - https:\/\/yoast.com\/product\/yoast-seo-wordpress\/ -->\n<title>Pago de Tharsys | Vino Dulce Natural 2025<\/title>\n<meta name=\"description\" content=\"Pago de Tharsys | Vino Dulce 2025 con aromas ex\u00f3ticos y textura cremosa. El dulce natural elaborado de uva Albari\u00f1o m\u00e1s singular de Pago de Tharsys.\" \/>\n<meta name=\"robots\" content=\"index, follow, max-snippet:-1, max-image-preview:large, max-video-preview:-1\" \/>\n<link rel=\"canonical\" href=\"https:\/\/pagodetharsys.com\/tienda\/productos\/pdt-vino-dulce\/\" \/>\n<meta property=\"og:locale\" content=\"es_ES\" \/>\n<meta property=\"og:type\" content=\"article\" \/>\n<meta property=\"og:title\" content=\"Pago de Tharsys | Vino Dulce Natural 2025\" \/>\n<meta property=\"og:description\" content=\"Pago de Tharsys | Vino Dulce 2025 con aromas ex\u00f3ticos y textura cremosa. El dulce natural elaborado de uva Albari\u00f1o m\u00e1s singular de Pago de Tharsys.\" \/>\n<meta property=\"og:url\" content=\"https:\/\/pagodetharsys.com\/tienda\/productos\/pdt-vino-dulce\/\" \/>\n<meta property=\"og:site_name\" content=\"Pago de Tharsys\" \/>\n<meta property=\"article:publisher\" content=\"https:\/\/www.facebook.com\/pagodetharsys\/\" \/>\n<meta property=\"article:modified_time\" content=\"2026-03-13T07:53:34+00:00\" \/>\n<meta property=\"og:image\" content=\"https:\/\/pagodetharsys.com\/tienda\/wp-content\/uploads\/2015\/02\/DulceNatural2025_MockUp_2.png\" \/>\n\t<meta property=\"og:image:width\" content=\"384\" \/>\n\t<meta property=\"og:image:height\" content=\"1002\" \/>\n\t<meta property=\"og:image:type\" content=\"image\/png\" \/>\n<meta name=\"twitter:card\" content=\"summary_large_image\" \/>\n<meta name=\"twitter:site\" content=\"@pagodetharsys\" \/>\n<meta name=\"twitter:label1\" content=\"Tiempo de lectura\" \/>\n\t<meta name=\"twitter:data1\" content=\"2 minutos\" \/>\n<script type=\"application\/ld+json\" class=\"yoast-schema-graph\">{\"@context\":\"https:\\\/\\\/schema.org\",\"@graph\":[{\"@type\":\"WebPage\",\"@id\":\"https:\\\/\\\/pagodetharsys.com\\\/tienda\\\/productos\\\/pdt-vino-dulce\\\/\",\"url\":\"https:\\\/\\\/pagodetharsys.com\\\/tienda\\\/productos\\\/pdt-vino-dulce\\\/\",\"name\":\"Pago de Tharsys | Vino Dulce Natural 2025\",\"isPartOf\":{\"@id\":\"https:\\\/\\\/pagodetharsys.com\\\/tienda\\\/#website\"},\"primaryImageOfPage\":{\"@id\":\"https:\\\/\\\/pagodetharsys.com\\\/tienda\\\/productos\\\/pdt-vino-dulce\\\/#primaryimage\"},\"image\":{\"@id\":\"https:\\\/\\\/pagodetharsys.com\\\/tienda\\\/productos\\\/pdt-vino-dulce\\\/#primaryimage\"},\"thumbnailUrl\":\"https:\\\/\\\/pagodetharsys.com\\\/tienda\\\/wp-content\\\/uploads\\\/2015\\\/02\\\/DulceNatural2025_MockUp_2.png\",\"datePublished\":\"2015-02-17T11:34:05+00:00\",\"dateModified\":\"2026-03-13T07:53:34+00:00\",\"description\":\"Pago de Tharsys | Vino Dulce 2025 con aromas ex\u00f3ticos y textura cremosa. El dulce natural elaborado de uva Albari\u00f1o m\u00e1s singular de Pago de Tharsys.\",\"breadcrumb\":{\"@id\":\"https:\\\/\\\/pagodetharsys.com\\\/tienda\\\/productos\\\/pdt-vino-dulce\\\/#breadcrumb\"},\"inLanguage\":\"es\",\"potentialAction\":[{\"@type\":\"ReadAction\",\"target\":[\"https:\\\/\\\/pagodetharsys.com\\\/tienda\\\/productos\\\/pdt-vino-dulce\\\/\"]}]},{\"@type\":\"ImageObject\",\"inLanguage\":\"es\",\"@id\":\"https:\\\/\\\/pagodetharsys.com\\\/tienda\\\/productos\\\/pdt-vino-dulce\\\/#primaryimage\",\"url\":\"https:\\\/\\\/pagodetharsys.com\\\/tienda\\\/wp-content\\\/uploads\\\/2015\\\/02\\\/DulceNatural2025_MockUp_2.png\",\"contentUrl\":\"https:\\\/\\\/pagodetharsys.com\\\/tienda\\\/wp-content\\\/uploads\\\/2015\\\/02\\\/DulceNatural2025_MockUp_2.png\",\"width\":384,\"height\":1002},{\"@type\":\"BreadcrumbList\",\"@id\":\"https:\\\/\\\/pagodetharsys.com\\\/tienda\\\/productos\\\/pdt-vino-dulce\\\/#breadcrumb\",\"itemListElement\":[{\"@type\":\"ListItem\",\"position\":1,\"name\":\"Portada\",\"item\":\"https:\\\/\\\/pagodetharsys.com\\\/tienda\\\/\"},{\"@type\":\"ListItem\",\"position\":2,\"name\":\"Products\",\"item\":\"https:\\\/\\\/pagodetharsys.com\\\/tienda\\\/en\\\/\"},{\"@type\":\"ListItem\",\"position\":3,\"name\":\"PAGO DE THARSYS | VINO DULCE NATURAL 2025\"}]},{\"@type\":\"WebSite\",\"@id\":\"https:\\\/\\\/pagodetharsys.com\\\/tienda\\\/#website\",\"url\":\"https:\\\/\\\/pagodetharsys.com\\\/tienda\\\/\",\"name\":\"Pago de Tharsys\",\"description\":\"Una experiencia sensorial que llega m\u00e1s all\u00e1 de una copa de vino\",\"publisher\":{\"@id\":\"https:\\\/\\\/pagodetharsys.com\\\/tienda\\\/#organization\"},\"potentialAction\":[{\"@type\":\"SearchAction\",\"target\":{\"@type\":\"EntryPoint\",\"urlTemplate\":\"https:\\\/\\\/pagodetharsys.com\\\/tienda\\\/?s={search_term_string}\"},\"query-input\":{\"@type\":\"PropertyValueSpecification\",\"valueRequired\":true,\"valueName\":\"search_term_string\"}}],\"inLanguage\":\"es\"},{\"@type\":\"Organization\",\"@id\":\"https:\\\/\\\/pagodetharsys.com\\\/tienda\\\/#organization\",\"name\":\"Pago de Tharsys\",\"url\":\"https:\\\/\\\/pagodetharsys.com\\\/tienda\\\/\",\"logo\":{\"@type\":\"ImageObject\",\"inLanguage\":\"es\",\"@id\":\"https:\\\/\\\/pagodetharsys.com\\\/tienda\\\/#\\\/schema\\\/logo\\\/image\\\/\",\"url\":\"https:\\\/\\\/pagodetharsys.com\\\/tienda\\\/wp-content\\\/uploads\\\/2025\\\/12\\\/logo-pagodetharsys-2025.svg\",\"contentUrl\":\"https:\\\/\\\/pagodetharsys.com\\\/tienda\\\/wp-content\\\/uploads\\\/2025\\\/12\\\/logo-pagodetharsys-2025.svg\",\"width\":100,\"height\":100,\"caption\":\"Pago de Tharsys\"},\"image\":{\"@id\":\"https:\\\/\\\/pagodetharsys.com\\\/tienda\\\/#\\\/schema\\\/logo\\\/image\\\/\"},\"sameAs\":[\"https:\\\/\\\/www.facebook.com\\\/pagodetharsys\\\/\",\"https:\\\/\\\/x.com\\\/pagodetharsys\",\"https:\\\/\\\/www.instagram.com\\\/pagodetharsys\\\/\"]}]}<\/script>\n<!-- \/ Yoast SEO plugin. -->","yoast_head_json":{"title":"Pago de Tharsys | Vino Dulce Natural 2025","description":"Pago de Tharsys | Vino Dulce 2025 con aromas ex\u00f3ticos y textura cremosa. El dulce natural elaborado de uva Albari\u00f1o m\u00e1s singular de Pago de Tharsys.","robots":{"index":"index","follow":"follow","max-snippet":"max-snippet:-1","max-image-preview":"max-image-preview:large","max-video-preview":"max-video-preview:-1"},"canonical":"https:\/\/pagodetharsys.com\/tienda\/productos\/pdt-vino-dulce\/","og_locale":"es_ES","og_type":"article","og_title":"Pago de Tharsys | Vino Dulce Natural 2025","og_description":"Pago de Tharsys | Vino Dulce 2025 con aromas ex\u00f3ticos y textura cremosa. El dulce natural elaborado de uva Albari\u00f1o m\u00e1s singular de Pago de Tharsys.","og_url":"https:\/\/pagodetharsys.com\/tienda\/productos\/pdt-vino-dulce\/","og_site_name":"Pago de Tharsys","article_publisher":"https:\/\/www.facebook.com\/pagodetharsys\/","article_modified_time":"2026-03-13T07:53:34+00:00","og_image":[{"width":384,"height":1002,"url":"https:\/\/pagodetharsys.com\/tienda\/wp-content\/uploads\/2015\/02\/DulceNatural2025_MockUp_2.png","type":"image\/png"}],"twitter_card":"summary_large_image","twitter_site":"@pagodetharsys","twitter_misc":{"Tiempo de lectura":"2 minutos"},"schema":{"@context":"https:\/\/schema.org","@graph":[{"@type":"WebPage","@id":"https:\/\/pagodetharsys.com\/tienda\/productos\/pdt-vino-dulce\/","url":"https:\/\/pagodetharsys.com\/tienda\/productos\/pdt-vino-dulce\/","name":"Pago de Tharsys | Vino Dulce Natural 2025","isPartOf":{"@id":"https:\/\/pagodetharsys.com\/tienda\/#website"},"primaryImageOfPage":{"@id":"https:\/\/pagodetharsys.com\/tienda\/productos\/pdt-vino-dulce\/#primaryimage"},"image":{"@id":"https:\/\/pagodetharsys.com\/tienda\/productos\/pdt-vino-dulce\/#primaryimage"},"thumbnailUrl":"https:\/\/pagodetharsys.com\/tienda\/wp-content\/uploads\/2015\/02\/DulceNatural2025_MockUp_2.png","datePublished":"2015-02-17T11:34:05+00:00","dateModified":"2026-03-13T07:53:34+00:00","description":"Pago de Tharsys | Vino Dulce 2025 con aromas ex\u00f3ticos y textura cremosa. El dulce natural elaborado de uva Albari\u00f1o m\u00e1s singular de Pago de Tharsys.","breadcrumb":{"@id":"https:\/\/pagodetharsys.com\/tienda\/productos\/pdt-vino-dulce\/#breadcrumb"},"inLanguage":"es","potentialAction":[{"@type":"ReadAction","target":["https:\/\/pagodetharsys.com\/tienda\/productos\/pdt-vino-dulce\/"]}]},{"@type":"ImageObject","inLanguage":"es","@id":"https:\/\/pagodetharsys.com\/tienda\/productos\/pdt-vino-dulce\/#primaryimage","url":"https:\/\/pagodetharsys.com\/tienda\/wp-content\/uploads\/2015\/02\/DulceNatural2025_MockUp_2.png","contentUrl":"https:\/\/pagodetharsys.com\/tienda\/wp-content\/uploads\/2015\/02\/DulceNatural2025_MockUp_2.png","width":384,"height":1002},{"@type":"BreadcrumbList","@id":"https:\/\/pagodetharsys.com\/tienda\/productos\/pdt-vino-dulce\/#breadcrumb","itemListElement":[{"@type":"ListItem","position":1,"name":"Portada","item":"https:\/\/pagodetharsys.com\/tienda\/"},{"@type":"ListItem","position":2,"name":"Products","item":"https:\/\/pagodetharsys.com\/tienda\/en\/"},{"@type":"ListItem","position":3,"name":"PAGO DE THARSYS | VINO DULCE NATURAL 2025"}]},{"@type":"WebSite","@id":"https:\/\/pagodetharsys.com\/tienda\/#website","url":"https:\/\/pagodetharsys.com\/tienda\/","name":"Pago de Tharsys","description":"Una experiencia sensorial que llega m\u00e1s all\u00e1 de una copa de vino","publisher":{"@id":"https:\/\/pagodetharsys.com\/tienda\/#organization"},"potentialAction":[{"@type":"SearchAction","target":{"@type":"EntryPoint","urlTemplate":"https:\/\/pagodetharsys.com\/tienda\/?s={search_term_string}"},"query-input":{"@type":"PropertyValueSpecification","valueRequired":true,"valueName":"search_term_string"}}],"inLanguage":"es"},{"@type":"Organization","@id":"https:\/\/pagodetharsys.com\/tienda\/#organization","name":"Pago de Tharsys","url":"https:\/\/pagodetharsys.com\/tienda\/","logo":{"@type":"ImageObject","inLanguage":"es","@id":"https:\/\/pagodetharsys.com\/tienda\/#\/schema\/logo\/image\/","url":"https:\/\/pagodetharsys.com\/tienda\/wp-content\/uploads\/2025\/12\/logo-pagodetharsys-2025.svg","contentUrl":"https:\/\/pagodetharsys.com\/tienda\/wp-content\/uploads\/2025\/12\/logo-pagodetharsys-2025.svg","width":100,"height":100,"caption":"Pago de Tharsys"},"image":{"@id":"https:\/\/pagodetharsys.com\/tienda\/#\/schema\/logo\/image\/"},"sameAs":["https:\/\/www.facebook.com\/pagodetharsys\/","https:\/\/x.com\/pagodetharsys","https:\/\/www.instagram.com\/pagodetharsys\/"]}]}},"_links":{"self":[{"href":"https:\/\/pagodetharsys.com\/tienda\/wp-json\/wp\/v2\/product\/36972","targetHints":{"allow":["GET"]}}],"collection":[{"href":"https:\/\/pagodetharsys.com\/tienda\/wp-json\/wp\/v2\/product"}],"about":[{"href":"https:\/\/pagodetharsys.com\/tienda\/wp-json\/wp\/v2\/types\/product"}],"replies":[{"embeddable":true,"href":"https:\/\/pagodetharsys.com\/tienda\/wp-json\/wp\/v2\/comments?post=36972"}],"wp:featuredmedia":[{"embeddable":true,"href":"https:\/\/pagodetharsys.com\/tienda\/wp-json\/wp\/v2\/media\/679848"}],"wp:attachment":[{"href":"https:\/\/pagodetharsys.com\/tienda\/wp-json\/wp\/v2\/media?parent=36972"}],"wp:term":[{"taxonomy":"product_brand","embeddable":true,"href":"https:\/\/pagodetharsys.com\/tienda\/wp-json\/wp\/v2\/product_brand?post=36972"},{"taxonomy":"product_cat","embeddable":true,"href":"https:\/\/pagodetharsys.com\/tienda\/wp-json\/wp\/v2\/product_cat?post=36972"},{"taxonomy":"product_tag","embeddable":true,"href":"https:\/\/pagodetharsys.com\/tienda\/wp-json\/wp\/v2\/product_tag?post=36972"}],"curies":[{"name":"wp","href":"https:\/\/api.w.org\/{rel}","templated":true}]}}