{"id":36978,"date":"2015-02-21T17:05:27","date_gmt":"2015-02-21T16:05:27","guid":{"rendered":"https:\/\/pagodetharsys.com\/tienda\/productos\/noche-entre-vinedos\/"},"modified":"2026-04-21T14:35:06","modified_gmt":"2026-04-21T12:35:06","slug":"noche-entre-vinedos","status":"publish","type":"product","link":"https:\/\/pagodetharsys.com\/tienda\/productos\/noche-entre-vinedos\/","title":{"rendered":"UNA NOCHE ENTRE VI\u00d1EDOS"},"content":{"rendered":"<h2 style=\"text-align: center;\">UNA NOCHE ENTRE VI\u00d1EDOS | DE LUNES A JUEVES NO FESTIVOS<\/h2>\n<p>&nbsp;<\/p>\n<p>La <strong>Noche entre vi\u00f1edos<\/strong> es una experiencia enotur\u00edstica completa para dos personas, ideal para desconectar y disfrutar de la tranquilidad del entorno rural en nuestra finca en Requena. Vive una escapada aut\u00e9ntica, con alojamiento, gastronom\u00eda local y una visita enol\u00f3gica completa a Pago de Tharsys.<\/p>\n<p>Esta experiencia est\u00e1 disponible de <strong>lunes a jueves<\/strong> (no festivos) y combina descanso, naturaleza y cultura del vino. Incluye una noche de alojamiento en nuestro hotel rural rodeado de vi\u00f1edos, un desayuno casero con productos locales y una visita guiada que recorre todo el proceso de elaboraci\u00f3n de nuestros vinos y cavas ecol\u00f3gicos.<\/p>\n<p>Durante la visita conocer\u00e1s el vi\u00f1edo ecol\u00f3gico, la bodega de elaboraci\u00f3n, la sala de barricas y nuestra cueva del siglo XIX. Finalizaremos con una <strong>cata comentada de tres vinos<\/strong> maridados con <strong>embutidos artesanos de Requena<\/strong>. Todo ello acompa\u00f1ado de una <strong>copa de bienvenida<\/strong> a tu llegada.<\/p>\n<h3>Incluye<\/h3>\n<ul>\n<li style=\"list-style-type: none;\">\n<ul>\n<li>Copa de bienvenida<\/li>\n<li>1 noche en habitaci\u00f3n doble<\/li>\n<li>Desayuno casero artesanal<\/li>\n<li>Visita guiada + cata de 3 vinos + embutidos<\/li>\n<\/ul>\n<\/li>\n<\/ul>\n<p>\u00bfQuieres completar tu estancia con un d\u00eda m\u00e1s? <a href=\"https:\/\/pagodetharsys.com\/tienda\/productos\/dos-noches-entre-vinedos\/\" target=\"_blank\" rel=\"noopener\">Descubre nuestra experiencia de dos noches entre vi\u00f1edos<\/a> y disfruta de una escapada a\u00fan m\u00e1s completa en plena naturaleza.<\/p>\n<h3>Env\u00edo del bono por email<\/h3>\n<p data-start=\"139\" data-end=\"284\">Tras tu compra podr\u00e1s\u00a0<strong data-start=\"203\" data-end=\"247\">descargar un bono provisional al momento<\/strong>, perfecto para entregar sin esperas.<\/p>\n<p data-start=\"286\" data-end=\"443\">Adem\u00e1s,\u00a0<strong data-start=\"297\" data-end=\"379\">recibir\u00e1s por email un bono electr\u00f3nico personalizado en un m\u00e1ximo de 48 horas<\/strong>, con su n\u00famero identificativo \u00fanico para garantizar su validez.<\/p>\n<p data-start=\"445\" data-end=\"563\">Si deseas incluir un nombre o mensaje especial, puedes indicarlo en el campo\u00a0<strong data-start=\"522\" data-end=\"539\">\u201cComentarios\u201d<\/strong>\u00a0al finalizar tu pedido.<\/p>\n<p data-start=\"565\" data-end=\"690\">De este modo, podr\u00e1s regalar la experiencia al instante y ofrecer posteriormente el bono definitivo personalizado.<\/p>\n<p><strong><em>\u00bfTe apasiona el maridaje? <a href=\"https:\/\/pagodetharsys.com\/tienda\/productos\/vino-y-queso-saben-a-beso\/\" target=\"_blank\" rel=\"noopener\">Descubre nuestra experiencia \u201cVino y queso saben a beso\u201d<\/a>, una noche entre vi\u00f1edos y una degustaci\u00f3n guiada que une dos placeres irresistibles: el vino y los quesos artesanos.<\/em><\/strong><\/p>\n","protected":false},"excerpt":{"rendered":"<h3><strong>BONO REGALO. Escapada rural para dos personas (de lunes a jueves no festivos). Alojamiento, copa de bienvenida, desayuno y visita guiada con cata de vinos y embutidos. Bono definitivo por email en un plazo m\u00e1ximo de 48 horas.<\/strong><\/h3>\n<p>&nbsp;<\/p>\n<p>**<em><strong>Posibilidad de descargar bono provisional al instante.<\/strong><\/em><\/p>\n<h3><\/h3>\n<h3><em>Disponible de Lunes a Jueves no festivos<\/em><\/h3>\n","protected":false},"featured_media":669073,"comment_status":"closed","ping_status":"closed","template":"","meta":{"inline_featured_image":false,"site-sidebar-layout":"default","site-content-layout":"","ast-site-content-layout":"default","site-content-style":"default","site-sidebar-style":"default","ast-global-header-display":"","ast-banner-title-visibility":"","ast-main-header-display":"","ast-hfb-above-header-display":"","ast-hfb-below-header-display":"","ast-hfb-mobile-header-display":"","site-post-title":"","ast-breadcrumbs-content":"","ast-featured-img":"","footer-sml-layout":"","ast-disable-related-posts":"","theme-transparent-header-meta":"default","adv-header-id-meta":"","stick-header-meta":"default","header-above-stick-meta":"","header-main-stick-meta":"","header-below-stick-meta":"","astra-migrate-meta-layouts":"set","ast-page-background-enabled":"default","ast-page-background-meta":{"desktop":{"background-color":"var(--ast-global-color-4)","background-image":"","background-repeat":"repeat","background-position":"center center","background-size":"auto","background-attachment":"scroll","background-type":"","background-media":"","overlay-type":"","overlay-color":"","overlay-opacity":"","overlay-gradient":""},"tablet":{"background-color":"","background-image":"","background-repeat":"repeat","background-position":"center center","background-size":"auto","background-attachment":"scroll","background-type":"","background-media":"","overlay-type":"","overlay-color":"","overlay-opacity":"","overlay-gradient":""},"mobile":{"background-color":"","background-image":"","background-repeat":"repeat","background-position":"center center","background-size":"auto","background-attachment":"scroll","background-type":"","background-media":"","overlay-type":"","overlay-color":"","overlay-opacity":"","overlay-gradient":""}},"ast-content-background-meta":{"desktop":{"background-color":"var(--ast-global-color-5)","background-image":"","background-repeat":"repeat","background-position":"center center","background-size":"auto","background-attachment":"scroll","background-type":"","background-media":"","overlay-type":"","overlay-color":"","overlay-opacity":"","overlay-gradient":""},"tablet":{"background-color":"var(--ast-global-color-5)","background-image":"","background-repeat":"repeat","background-position":"center center","background-size":"auto","background-attachment":"scroll","background-type":"","background-media":"","overlay-type":"","overlay-color":"","overlay-opacity":"","overlay-gradient":""},"mobile":{"background-color":"var(--ast-global-color-5)","background-image":"","background-repeat":"repeat","background-position":"center center","background-size":"auto","background-attachment":"scroll","background-type":"","background-media":"","overlay-type":"","overlay-color":"","overlay-opacity":"","overlay-gradient":""}}},"product_brand":[],"product_cat":[1917],"product_tag":[1894,1895,1893,1897,1896,1892],"class_list":{"0":"post-36978","1":"product","2":"type-product","3":"status-publish","4":"has-post-thumbnail","6":"product_cat-enoexperiencias","7":"product_tag-alojamiento","8":"product_tag-cata","9":"product_tag-hotel","10":"product_tag-hotel-rural","11":"product_tag-vinedos","12":"product_tag-visita-guiada","13":"desktop-align-left","14":"tablet-align-left","15":"mobile-align-left","16":"ast-product-gallery-layout-vertical-slider","17":"ast-magnify-disabled","18":"ast-product-tabs-layout-accordion","20":"first","21":"instock","22":"downloadable","23":"virtual","24":"taxable","25":"purchasable","26":"product-type-simple"},"booking_location":null,"booking_location_type":null,"booking_duration":null,"booking_duration_unit":null,"booking_buffer":null,"booking_cost":null,"booking_resources":null,"yoast_head":"<!-- This site is optimized with the Yoast SEO plugin v27.5 - https:\/\/yoast.com\/product\/yoast-seo-wordpress\/ -->\n<title>Una Noche Entre Vi\u00f1edos | Pago de Tharsys<\/title>\n<meta name=\"description\" content=\"Noche entre vi\u00f1edos en Requena. Alojamiento rural, visita guiada con cata de vinos y desayuno artesanal. Bono regalo por email. V\u00e1lido de lunes a jueves.\" \/>\n<meta name=\"robots\" content=\"index, follow, max-snippet:-1, max-image-preview:large, max-video-preview:-1\" \/>\n<link rel=\"canonical\" href=\"https:\/\/pagodetharsys.com\/tienda\/productos\/noche-entre-vinedos\/\" \/>\n<meta property=\"og:locale\" content=\"es_ES\" \/>\n<meta property=\"og:type\" content=\"article\" \/>\n<meta property=\"og:title\" content=\"Una Noche Entre Vi\u00f1edos | Pago de Tharsys\" \/>\n<meta property=\"og:description\" content=\"Noche entre vi\u00f1edos en Requena. Alojamiento rural, visita guiada con cata de vinos y desayuno artesanal. Bono regalo por email. V\u00e1lido de lunes a jueves.\" \/>\n<meta property=\"og:url\" content=\"https:\/\/pagodetharsys.com\/tienda\/productos\/noche-entre-vinedos\/\" \/>\n<meta property=\"og:site_name\" content=\"Pago de Tharsys\" \/>\n<meta property=\"article:publisher\" content=\"https:\/\/www.facebook.com\/pagodetharsys\/\" \/>\n<meta property=\"article:modified_time\" content=\"2026-04-21T12:35:06+00:00\" \/>\n<meta property=\"og:image\" content=\"https:\/\/pagodetharsys.com\/tienda\/wp-content\/uploads\/2015\/02\/ChatGPT-Image-28-oct-2025-10_33_52.png\" \/>\n\t<meta property=\"og:image:width\" content=\"1024\" \/>\n\t<meta property=\"og:image:height\" content=\"1024\" \/>\n\t<meta property=\"og:image:type\" content=\"image\/png\" \/>\n<meta name=\"twitter:card\" content=\"summary_large_image\" \/>\n<meta name=\"twitter:site\" content=\"@pagodetharsys\" \/>\n<meta name=\"twitter:label1\" content=\"Tiempo de lectura\" \/>\n\t<meta name=\"twitter:data1\" content=\"2 minutos\" \/>\n<script type=\"application\/ld+json\" class=\"yoast-schema-graph\">{\"@context\":\"https:\\\/\\\/schema.org\",\"@graph\":[{\"@type\":\"WebPage\",\"@id\":\"https:\\\/\\\/pagodetharsys.com\\\/tienda\\\/productos\\\/noche-entre-vinedos\\\/\",\"url\":\"https:\\\/\\\/pagodetharsys.com\\\/tienda\\\/productos\\\/noche-entre-vinedos\\\/\",\"name\":\"Una Noche Entre Vi\u00f1edos | Pago de Tharsys\",\"isPartOf\":{\"@id\":\"https:\\\/\\\/pagodetharsys.com\\\/tienda\\\/#website\"},\"primaryImageOfPage\":{\"@id\":\"https:\\\/\\\/pagodetharsys.com\\\/tienda\\\/productos\\\/noche-entre-vinedos\\\/#primaryimage\"},\"image\":{\"@id\":\"https:\\\/\\\/pagodetharsys.com\\\/tienda\\\/productos\\\/noche-entre-vinedos\\\/#primaryimage\"},\"thumbnailUrl\":\"https:\\\/\\\/pagodetharsys.com\\\/tienda\\\/wp-content\\\/uploads\\\/2015\\\/02\\\/ChatGPT-Image-28-oct-2025-10_33_52.png\",\"datePublished\":\"2015-02-21T16:05:27+00:00\",\"dateModified\":\"2026-04-21T12:35:06+00:00\",\"description\":\"Noche entre vi\u00f1edos en Requena. Alojamiento rural, visita guiada con cata de vinos y desayuno artesanal. Bono regalo por email. V\u00e1lido de lunes a jueves.\",\"breadcrumb\":{\"@id\":\"https:\\\/\\\/pagodetharsys.com\\\/tienda\\\/productos\\\/noche-entre-vinedos\\\/#breadcrumb\"},\"inLanguage\":\"es\",\"potentialAction\":[{\"@type\":\"ReadAction\",\"target\":[\"https:\\\/\\\/pagodetharsys.com\\\/tienda\\\/productos\\\/noche-entre-vinedos\\\/\"]}]},{\"@type\":\"ImageObject\",\"inLanguage\":\"es\",\"@id\":\"https:\\\/\\\/pagodetharsys.com\\\/tienda\\\/productos\\\/noche-entre-vinedos\\\/#primaryimage\",\"url\":\"https:\\\/\\\/pagodetharsys.com\\\/tienda\\\/wp-content\\\/uploads\\\/2015\\\/02\\\/ChatGPT-Image-28-oct-2025-10_33_52.png\",\"contentUrl\":\"https:\\\/\\\/pagodetharsys.com\\\/tienda\\\/wp-content\\\/uploads\\\/2015\\\/02\\\/ChatGPT-Image-28-oct-2025-10_33_52.png\",\"width\":1024,\"height\":1024},{\"@type\":\"BreadcrumbList\",\"@id\":\"https:\\\/\\\/pagodetharsys.com\\\/tienda\\\/productos\\\/noche-entre-vinedos\\\/#breadcrumb\",\"itemListElement\":[{\"@type\":\"ListItem\",\"position\":1,\"name\":\"Portada\",\"item\":\"https:\\\/\\\/pagodetharsys.com\\\/tienda\\\/\"},{\"@type\":\"ListItem\",\"position\":2,\"name\":\"Products\",\"item\":\"https:\\\/\\\/pagodetharsys.com\\\/tienda\\\/en\\\/\"},{\"@type\":\"ListItem\",\"position\":3,\"name\":\"UNA NOCHE ENTRE VI\u00d1EDOS\"}]},{\"@type\":\"WebSite\",\"@id\":\"https:\\\/\\\/pagodetharsys.com\\\/tienda\\\/#website\",\"url\":\"https:\\\/\\\/pagodetharsys.com\\\/tienda\\\/\",\"name\":\"Pago de Tharsys\",\"description\":\"Una experiencia sensorial que llega m\u00e1s all\u00e1 de una copa de vino\",\"publisher\":{\"@id\":\"https:\\\/\\\/pagodetharsys.com\\\/tienda\\\/#organization\"},\"potentialAction\":[{\"@type\":\"SearchAction\",\"target\":{\"@type\":\"EntryPoint\",\"urlTemplate\":\"https:\\\/\\\/pagodetharsys.com\\\/tienda\\\/?s={search_term_string}\"},\"query-input\":{\"@type\":\"PropertyValueSpecification\",\"valueRequired\":true,\"valueName\":\"search_term_string\"}}],\"inLanguage\":\"es\"},{\"@type\":\"Organization\",\"@id\":\"https:\\\/\\\/pagodetharsys.com\\\/tienda\\\/#organization\",\"name\":\"Pago de Tharsys\",\"url\":\"https:\\\/\\\/pagodetharsys.com\\\/tienda\\\/\",\"logo\":{\"@type\":\"ImageObject\",\"inLanguage\":\"es\",\"@id\":\"https:\\\/\\\/pagodetharsys.com\\\/tienda\\\/#\\\/schema\\\/logo\\\/image\\\/\",\"url\":\"https:\\\/\\\/pagodetharsys.com\\\/tienda\\\/wp-content\\\/uploads\\\/2025\\\/12\\\/logo-pagodetharsys-2025.svg\",\"contentUrl\":\"https:\\\/\\\/pagodetharsys.com\\\/tienda\\\/wp-content\\\/uploads\\\/2025\\\/12\\\/logo-pagodetharsys-2025.svg\",\"width\":100,\"height\":100,\"caption\":\"Pago de Tharsys\"},\"image\":{\"@id\":\"https:\\\/\\\/pagodetharsys.com\\\/tienda\\\/#\\\/schema\\\/logo\\\/image\\\/\"},\"sameAs\":[\"https:\\\/\\\/www.facebook.com\\\/pagodetharsys\\\/\",\"https:\\\/\\\/x.com\\\/pagodetharsys\",\"https:\\\/\\\/www.instagram.com\\\/pagodetharsys\\\/\"]}]}<\/script>\n<!-- \/ Yoast SEO plugin. -->","yoast_head_json":{"title":"Una Noche Entre Vi\u00f1edos | Pago de Tharsys","description":"Noche entre vi\u00f1edos en Requena. Alojamiento rural, visita guiada con cata de vinos y desayuno artesanal. Bono regalo por email. V\u00e1lido de lunes a jueves.","robots":{"index":"index","follow":"follow","max-snippet":"max-snippet:-1","max-image-preview":"max-image-preview:large","max-video-preview":"max-video-preview:-1"},"canonical":"https:\/\/pagodetharsys.com\/tienda\/productos\/noche-entre-vinedos\/","og_locale":"es_ES","og_type":"article","og_title":"Una Noche Entre Vi\u00f1edos | Pago de Tharsys","og_description":"Noche entre vi\u00f1edos en Requena. Alojamiento rural, visita guiada con cata de vinos y desayuno artesanal. Bono regalo por email. V\u00e1lido de lunes a jueves.","og_url":"https:\/\/pagodetharsys.com\/tienda\/productos\/noche-entre-vinedos\/","og_site_name":"Pago de Tharsys","article_publisher":"https:\/\/www.facebook.com\/pagodetharsys\/","article_modified_time":"2026-04-21T12:35:06+00:00","og_image":[{"width":1024,"height":1024,"url":"https:\/\/pagodetharsys.com\/tienda\/wp-content\/uploads\/2015\/02\/ChatGPT-Image-28-oct-2025-10_33_52.png","type":"image\/png"}],"twitter_card":"summary_large_image","twitter_site":"@pagodetharsys","twitter_misc":{"Tiempo de lectura":"2 minutos"},"schema":{"@context":"https:\/\/schema.org","@graph":[{"@type":"WebPage","@id":"https:\/\/pagodetharsys.com\/tienda\/productos\/noche-entre-vinedos\/","url":"https:\/\/pagodetharsys.com\/tienda\/productos\/noche-entre-vinedos\/","name":"Una Noche Entre Vi\u00f1edos | Pago de Tharsys","isPartOf":{"@id":"https:\/\/pagodetharsys.com\/tienda\/#website"},"primaryImageOfPage":{"@id":"https:\/\/pagodetharsys.com\/tienda\/productos\/noche-entre-vinedos\/#primaryimage"},"image":{"@id":"https:\/\/pagodetharsys.com\/tienda\/productos\/noche-entre-vinedos\/#primaryimage"},"thumbnailUrl":"https:\/\/pagodetharsys.com\/tienda\/wp-content\/uploads\/2015\/02\/ChatGPT-Image-28-oct-2025-10_33_52.png","datePublished":"2015-02-21T16:05:27+00:00","dateModified":"2026-04-21T12:35:06+00:00","description":"Noche entre vi\u00f1edos en Requena. Alojamiento rural, visita guiada con cata de vinos y desayuno artesanal. Bono regalo por email. V\u00e1lido de lunes a jueves.","breadcrumb":{"@id":"https:\/\/pagodetharsys.com\/tienda\/productos\/noche-entre-vinedos\/#breadcrumb"},"inLanguage":"es","potentialAction":[{"@type":"ReadAction","target":["https:\/\/pagodetharsys.com\/tienda\/productos\/noche-entre-vinedos\/"]}]},{"@type":"ImageObject","inLanguage":"es","@id":"https:\/\/pagodetharsys.com\/tienda\/productos\/noche-entre-vinedos\/#primaryimage","url":"https:\/\/pagodetharsys.com\/tienda\/wp-content\/uploads\/2015\/02\/ChatGPT-Image-28-oct-2025-10_33_52.png","contentUrl":"https:\/\/pagodetharsys.com\/tienda\/wp-content\/uploads\/2015\/02\/ChatGPT-Image-28-oct-2025-10_33_52.png","width":1024,"height":1024},{"@type":"BreadcrumbList","@id":"https:\/\/pagodetharsys.com\/tienda\/productos\/noche-entre-vinedos\/#breadcrumb","itemListElement":[{"@type":"ListItem","position":1,"name":"Portada","item":"https:\/\/pagodetharsys.com\/tienda\/"},{"@type":"ListItem","position":2,"name":"Products","item":"https:\/\/pagodetharsys.com\/tienda\/en\/"},{"@type":"ListItem","position":3,"name":"UNA NOCHE ENTRE VI\u00d1EDOS"}]},{"@type":"WebSite","@id":"https:\/\/pagodetharsys.com\/tienda\/#website","url":"https:\/\/pagodetharsys.com\/tienda\/","name":"Pago de Tharsys","description":"Una experiencia sensorial que llega m\u00e1s all\u00e1 de una copa de vino","publisher":{"@id":"https:\/\/pagodetharsys.com\/tienda\/#organization"},"potentialAction":[{"@type":"SearchAction","target":{"@type":"EntryPoint","urlTemplate":"https:\/\/pagodetharsys.com\/tienda\/?s={search_term_string}"},"query-input":{"@type":"PropertyValueSpecification","valueRequired":true,"valueName":"search_term_string"}}],"inLanguage":"es"},{"@type":"Organization","@id":"https:\/\/pagodetharsys.com\/tienda\/#organization","name":"Pago de Tharsys","url":"https:\/\/pagodetharsys.com\/tienda\/","logo":{"@type":"ImageObject","inLanguage":"es","@id":"https:\/\/pagodetharsys.com\/tienda\/#\/schema\/logo\/image\/","url":"https:\/\/pagodetharsys.com\/tienda\/wp-content\/uploads\/2025\/12\/logo-pagodetharsys-2025.svg","contentUrl":"https:\/\/pagodetharsys.com\/tienda\/wp-content\/uploads\/2025\/12\/logo-pagodetharsys-2025.svg","width":100,"height":100,"caption":"Pago de Tharsys"},"image":{"@id":"https:\/\/pagodetharsys.com\/tienda\/#\/schema\/logo\/image\/"},"sameAs":["https:\/\/www.facebook.com\/pagodetharsys\/","https:\/\/x.com\/pagodetharsys","https:\/\/www.instagram.com\/pagodetharsys\/"]}]}},"_links":{"self":[{"href":"https:\/\/pagodetharsys.com\/tienda\/wp-json\/wp\/v2\/product\/36978","targetHints":{"allow":["GET"]}}],"collection":[{"href":"https:\/\/pagodetharsys.com\/tienda\/wp-json\/wp\/v2\/product"}],"about":[{"href":"https:\/\/pagodetharsys.com\/tienda\/wp-json\/wp\/v2\/types\/product"}],"replies":[{"embeddable":true,"href":"https:\/\/pagodetharsys.com\/tienda\/wp-json\/wp\/v2\/comments?post=36978"}],"wp:featuredmedia":[{"embeddable":true,"href":"https:\/\/pagodetharsys.com\/tienda\/wp-json\/wp\/v2\/media\/669073"}],"wp:attachment":[{"href":"https:\/\/pagodetharsys.com\/tienda\/wp-json\/wp\/v2\/media?parent=36978"}],"wp:term":[{"taxonomy":"product_brand","embeddable":true,"href":"https:\/\/pagodetharsys.com\/tienda\/wp-json\/wp\/v2\/product_brand?post=36978"},{"taxonomy":"product_cat","embeddable":true,"href":"https:\/\/pagodetharsys.com\/tienda\/wp-json\/wp\/v2\/product_cat?post=36978"},{"taxonomy":"product_tag","embeddable":true,"href":"https:\/\/pagodetharsys.com\/tienda\/wp-json\/wp\/v2\/product_tag?post=36978"}],"curies":[{"name":"wp","href":"https:\/\/api.w.org\/{rel}","templated":true}]}}