{"id":36994,"date":"2015-12-22T12:54:17","date_gmt":"2015-12-22T11:54:17","guid":{"rendered":"https:\/\/pagodetharsys.com\/tienda\/productos\/tharsys-city-macabeo-madurado-en-barrica-2019\/"},"modified":"2026-03-12T13:28:52","modified_gmt":"2026-03-12T12:28:52","slug":"caja-de-6-botellas-tharsys-city-macabeo-2023","status":"publish","type":"product","link":"https:\/\/pagodetharsys.com\/tienda\/productos\/caja-de-6-botellas-tharsys-city-macabeo-2023\/","title":{"rendered":"CAJA DE 6 BOTELLAS | THARSYS CITY MACABEO 2023"},"content":{"rendered":"<h2 style=\"text-align: center;\">CAJA DE 6 BOTELLAS | THARSYS CITY MACABEO 2023<\/h2>\n<h2><\/h2>\n<h3 style=\"text-align: left;\">El Vi\u00f1edo<\/h3>\n<p>Los vi\u00f1edos de Macabeo se cultivan en suelos arcillo-calc\u00e1reos situados al sur de Requena, a unos 760 metros de altitud y rodeados de monte mediterr\u00e1neo. La combinaci\u00f3n de estos suelos y la gran diferencia de temperatura entre el d\u00eda y la noche favorece uvas muy arom\u00e1ticas y con buena acidez, lo que aporta al vino frescura y capacidad de envejecimiento.<\/p>\n<p><strong>Descubre m\u00e1s sobre este vino y <a href=\"https:\/\/pagodetharsys.com\/enoturismo\/\">nuestras experiencias en nuestra bodega<\/a>.<\/strong><\/p>\n<hr \/>\n<h3 style=\"text-align: left;\">Elaboraci\u00f3n<\/h3>\n<p>Elaborado siguiendo el m\u00e9todo tradicional, controlando todo el proceso desde la vendimia hasta el embotellado. Realiza 3 meses de crianza en barricas de roble franc\u00e9s y americano de distintos toneleros.<\/p>\n<hr \/>\n<h3>Notas de Cata<\/h3>\n<p style=\"text-align: left;\"><strong>Vista:<\/strong> Color amarillo pajizo p\u00e1lido, limpio y brillante, con l\u00e1grimas finas y lentas.<\/p>\n<p><strong>Nariz:<\/strong> Aromas de fruta amarilla de hueso como albaricoque y ciruela, con notas de pomelo y un ligero toque tostado de natillas y galleta.<\/p>\n<p><strong>Boca:<\/strong> Entrada fresca y frutal, con buen equilibrio entre madurez y acidez, y un final persistente, untuoso y refrescante.<\/p>\n<hr \/>\n<h3>Servicio y Maridaje<\/h3>\n<p><strong>Servicio:<\/strong> Servido entre 6\u00baC y 8\u00baC en copa de tama\u00f1o medio.<\/p>\n<p><strong>Maridaje:<\/strong> Ideal para pescados blancos, mariscos al vapor o a la plancha, frituras de pescado y platos de cocina asi\u00e1tica como currys.<\/p>\n<hr \/>\n<p>&nbsp;<\/p>\n<p><strong><em>Descubre m\u00e1s vinos ecol\u00f3gicos en nuestra <a href=\"https:\/\/pagodetharsys.com\/tienda\/categoria-producto\/vinos-blancos\/\" target=\"_blank\" rel=\"noopener\">colecci\u00f3n de <\/a>blancos o <a href=\"https:\/\/pagodetharsys.com\/contacto\/\">cont\u00e1ctanos<\/a>.<\/em><\/strong><\/p>\n","protected":false},"excerpt":{"rendered":"<h3>\ud83c\udf77 CAJA DE 6 BOTELLAS | Vino blanco de Macabeo con crianza en barrica. Aromas de fruta y notas tostadas. Fresco, equilibrado y muy gastron\u00f3mico.<\/h3>\n<p>&nbsp;<\/p>\n<p><strong>\ud83d\udd34Tipo:<\/strong> Vino Blanco<\/p>\n<p><strong>\ud83c\udf47Variedades:<\/strong> Macabeo<\/p>\n<p><strong>\ud83c\udf77Grado Alcoh\u00f3lico:<\/strong> 12,5%<\/p>\n<p><strong>\ud83d\udccdDenominaci\u00f3n:<\/strong> DO Utiel-Requena<\/p>\n<p><strong>\ud83d\udd70\ufe0fCrianza:<\/strong> 3 meses en barricas de roble franc\u00e9s y americano<\/p>\n<p>&nbsp;<\/p>\n","protected":false},"featured_media":669075,"comment_status":"closed","ping_status":"closed","template":"","meta":{"inline_featured_image":false,"site-sidebar-layout":"default","site-content-layout":"","ast-site-content-layout":"default","site-content-style":"default","site-sidebar-style":"default","ast-global-header-display":"","ast-banner-title-visibility":"","ast-main-header-display":"","ast-hfb-above-header-display":"","ast-hfb-below-header-display":"","ast-hfb-mobile-header-display":"","site-post-title":"","ast-breadcrumbs-content":"","ast-featured-img":"","footer-sml-layout":"","ast-disable-related-posts":"","theme-transparent-header-meta":"default","adv-header-id-meta":"","stick-header-meta":"default","header-above-stick-meta":"","header-main-stick-meta":"","header-below-stick-meta":"","astra-migrate-meta-layouts":"set","ast-page-background-enabled":"default","ast-page-background-meta":{"desktop":{"background-color":"var(--ast-global-color-4)","background-image":"","background-repeat":"repeat","background-position":"center center","background-size":"auto","background-attachment":"scroll","background-type":"","background-media":"","overlay-type":"","overlay-color":"","overlay-opacity":"","overlay-gradient":""},"tablet":{"background-color":"","background-image":"","background-repeat":"repeat","background-position":"center center","background-size":"auto","background-attachment":"scroll","background-type":"","background-media":"","overlay-type":"","overlay-color":"","overlay-opacity":"","overlay-gradient":""},"mobile":{"background-color":"","background-image":"","background-repeat":"repeat","background-position":"center center","background-size":"auto","background-attachment":"scroll","background-type":"","background-media":"","overlay-type":"","overlay-color":"","overlay-opacity":"","overlay-gradient":""}},"ast-content-background-meta":{"desktop":{"background-color":"var(--ast-global-color-5)","background-image":"","background-repeat":"repeat","background-position":"center center","background-size":"auto","background-attachment":"scroll","background-type":"","background-media":"","overlay-type":"","overlay-color":"","overlay-opacity":"","overlay-gradient":""},"tablet":{"background-color":"var(--ast-global-color-5)","background-image":"","background-repeat":"repeat","background-position":"center center","background-size":"auto","background-attachment":"scroll","background-type":"","background-media":"","overlay-type":"","overlay-color":"","overlay-opacity":"","overlay-gradient":""},"mobile":{"background-color":"var(--ast-global-color-5)","background-image":"","background-repeat":"repeat","background-position":"center center","background-size":"auto","background-attachment":"scroll","background-type":"","background-media":"","overlay-type":"","overlay-color":"","overlay-opacity":"","overlay-gradient":""}}},"product_brand":[],"product_cat":[1708,1720,1986],"product_tag":[1884],"class_list":{"0":"post-36994","1":"product","2":"type-product","3":"status-publish","4":"has-post-thumbnail","6":"product_cat-pago-de-tharsys","7":"product_cat-vinos-blancos","8":"product_cat-utiel-requena","9":"product_tag-utiel-requena","10":"desktop-align-left","11":"tablet-align-left","12":"mobile-align-left","13":"ast-product-gallery-layout-vertical-slider","14":"ast-magnify-disabled","15":"ast-product-tabs-layout-accordion","17":"first","18":"instock","19":"taxable","20":"shipping-taxable","21":"purchasable","22":"product-type-simple"},"yoast_head":"<!-- This site is optimized with the Yoast SEO plugin v27.2 - https:\/\/yoast.com\/product\/yoast-seo-wordpress\/ -->\n<title>Caja de 6 botellas - Tharsys City Macabeo 2023 | Pago de Tharsys<\/title>\n<meta name=\"description\" content=\"Tharsys City Macabeo es un vino blanco madurado 3 meses en barrica. Fruta de hueso, frescura, volumen y elegancia. Ideal con pescado \u00f3 marisco.\" \/>\n<meta name=\"robots\" content=\"index, follow, max-snippet:-1, max-image-preview:large, max-video-preview:-1\" \/>\n<link rel=\"canonical\" href=\"https:\/\/pagodetharsys.com\/tienda\/productos\/caja-de-6-botellas-tharsys-city-macabeo-2023\/\" \/>\n<meta property=\"og:locale\" content=\"es_ES\" \/>\n<meta property=\"og:type\" content=\"article\" \/>\n<meta property=\"og:title\" content=\"Caja de 6 botellas - Tharsys City Macabeo 2023 | Pago de Tharsys\" \/>\n<meta property=\"og:description\" content=\"Tharsys City Macabeo es un vino blanco madurado 3 meses en barrica. Fruta de hueso, frescura, volumen y elegancia. Ideal con pescado \u00f3 marisco.\" \/>\n<meta property=\"og:url\" content=\"https:\/\/pagodetharsys.com\/tienda\/productos\/caja-de-6-botellas-tharsys-city-macabeo-2023\/\" \/>\n<meta property=\"og:site_name\" content=\"Pago de Tharsys\" \/>\n<meta property=\"article:publisher\" content=\"https:\/\/www.facebook.com\/pagodetharsys\/\" \/>\n<meta property=\"article:modified_time\" content=\"2026-03-12T12:28:52+00:00\" \/>\n<meta property=\"og:image\" content=\"https:\/\/pagodetharsys.com\/tienda\/wp-content\/uploads\/2015\/12\/ChatGPT-Image-28-oct-2025-11_10_01-683x1024.png\" \/>\n\t<meta property=\"og:image:width\" content=\"683\" \/>\n\t<meta property=\"og:image:height\" content=\"1024\" \/>\n\t<meta property=\"og:image:type\" content=\"image\/png\" \/>\n<meta name=\"twitter:card\" content=\"summary_large_image\" \/>\n<meta name=\"twitter:site\" content=\"@pagodetharsys\" \/>\n<meta name=\"twitter:label1\" content=\"Tiempo de lectura\" \/>\n\t<meta name=\"twitter:data1\" content=\"2 minutos\" \/>\n<script type=\"application\/ld+json\" class=\"yoast-schema-graph\">{\"@context\":\"https:\/\/schema.org\",\"@graph\":[{\"@type\":\"WebPage\",\"@id\":\"https:\/\/pagodetharsys.com\/tienda\/productos\/caja-de-6-botellas-tharsys-city-macabeo-2023\/\",\"url\":\"https:\/\/pagodetharsys.com\/tienda\/productos\/caja-de-6-botellas-tharsys-city-macabeo-2023\/\",\"name\":\"Caja de 6 botellas - Tharsys City Macabeo 2023 | Pago de Tharsys\",\"isPartOf\":{\"@id\":\"https:\/\/pagodetharsys.com\/tienda\/#website\"},\"primaryImageOfPage\":{\"@id\":\"https:\/\/pagodetharsys.com\/tienda\/productos\/caja-de-6-botellas-tharsys-city-macabeo-2023\/#primaryimage\"},\"image\":{\"@id\":\"https:\/\/pagodetharsys.com\/tienda\/productos\/caja-de-6-botellas-tharsys-city-macabeo-2023\/#primaryimage\"},\"thumbnailUrl\":\"https:\/\/pagodetharsys.com\/tienda\/wp-content\/uploads\/2015\/12\/ChatGPT-Image-28-oct-2025-11_10_01.png\",\"datePublished\":\"2015-12-22T11:54:17+00:00\",\"dateModified\":\"2026-03-12T12:28:52+00:00\",\"description\":\"Tharsys City Macabeo es un vino blanco madurado 3 meses en barrica. Fruta de hueso, frescura, volumen y elegancia. Ideal con pescado \u00f3 marisco.\",\"breadcrumb\":{\"@id\":\"https:\/\/pagodetharsys.com\/tienda\/productos\/caja-de-6-botellas-tharsys-city-macabeo-2023\/#breadcrumb\"},\"inLanguage\":\"es\",\"potentialAction\":[{\"@type\":\"ReadAction\",\"target\":[\"https:\/\/pagodetharsys.com\/tienda\/productos\/caja-de-6-botellas-tharsys-city-macabeo-2023\/\"]}]},{\"@type\":\"ImageObject\",\"inLanguage\":\"es\",\"@id\":\"https:\/\/pagodetharsys.com\/tienda\/productos\/caja-de-6-botellas-tharsys-city-macabeo-2023\/#primaryimage\",\"url\":\"https:\/\/pagodetharsys.com\/tienda\/wp-content\/uploads\/2015\/12\/ChatGPT-Image-28-oct-2025-11_10_01.png\",\"contentUrl\":\"https:\/\/pagodetharsys.com\/tienda\/wp-content\/uploads\/2015\/12\/ChatGPT-Image-28-oct-2025-11_10_01.png\",\"width\":1024,\"height\":1536},{\"@type\":\"BreadcrumbList\",\"@id\":\"https:\/\/pagodetharsys.com\/tienda\/productos\/caja-de-6-botellas-tharsys-city-macabeo-2023\/#breadcrumb\",\"itemListElement\":[{\"@type\":\"ListItem\",\"position\":1,\"name\":\"Portada\",\"item\":\"https:\/\/pagodetharsys.com\/tienda\/\"},{\"@type\":\"ListItem\",\"position\":2,\"name\":\"Products\",\"item\":\"https:\/\/pagodetharsys.com\/tienda\/en\/\"},{\"@type\":\"ListItem\",\"position\":3,\"name\":\"CAJA DE 6 BOTELLAS | THARSYS CITY MACABEO 2023\"}]},{\"@type\":\"WebSite\",\"@id\":\"https:\/\/pagodetharsys.com\/tienda\/#website\",\"url\":\"https:\/\/pagodetharsys.com\/tienda\/\",\"name\":\"Pago de Tharsys\",\"description\":\"Una experiencia sensorial que llega m\u00e1s all\u00e1 de una copa de vino\",\"publisher\":{\"@id\":\"https:\/\/pagodetharsys.com\/tienda\/#organization\"},\"potentialAction\":[{\"@type\":\"SearchAction\",\"target\":{\"@type\":\"EntryPoint\",\"urlTemplate\":\"https:\/\/pagodetharsys.com\/tienda\/?s={search_term_string}\"},\"query-input\":{\"@type\":\"PropertyValueSpecification\",\"valueRequired\":true,\"valueName\":\"search_term_string\"}}],\"inLanguage\":\"es\"},{\"@type\":\"Organization\",\"@id\":\"https:\/\/pagodetharsys.com\/tienda\/#organization\",\"name\":\"Pago de Tharsys\",\"url\":\"https:\/\/pagodetharsys.com\/tienda\/\",\"logo\":{\"@type\":\"ImageObject\",\"inLanguage\":\"es\",\"@id\":\"https:\/\/pagodetharsys.com\/tienda\/#\/schema\/logo\/image\/\",\"url\":\"https:\/\/pagodetharsys.com\/tienda\/wp-content\/uploads\/2025\/12\/logo-pagodetharsys-2025.svg\",\"contentUrl\":\"https:\/\/pagodetharsys.com\/tienda\/wp-content\/uploads\/2025\/12\/logo-pagodetharsys-2025.svg\",\"width\":100,\"height\":100,\"caption\":\"Pago de Tharsys\"},\"image\":{\"@id\":\"https:\/\/pagodetharsys.com\/tienda\/#\/schema\/logo\/image\/\"},\"sameAs\":[\"https:\/\/www.facebook.com\/pagodetharsys\/\",\"https:\/\/x.com\/pagodetharsys\",\"https:\/\/www.instagram.com\/pagodetharsys\/\"]}]}<\/script>\n<!-- \/ Yoast SEO plugin. -->","yoast_head_json":{"title":"Caja de 6 botellas - Tharsys City Macabeo 2023 | Pago de Tharsys","description":"Tharsys City Macabeo es un vino blanco madurado 3 meses en barrica. Fruta de hueso, frescura, volumen y elegancia. Ideal con pescado \u00f3 marisco.","robots":{"index":"index","follow":"follow","max-snippet":"max-snippet:-1","max-image-preview":"max-image-preview:large","max-video-preview":"max-video-preview:-1"},"canonical":"https:\/\/pagodetharsys.com\/tienda\/productos\/caja-de-6-botellas-tharsys-city-macabeo-2023\/","og_locale":"es_ES","og_type":"article","og_title":"Caja de 6 botellas - Tharsys City Macabeo 2023 | Pago de Tharsys","og_description":"Tharsys City Macabeo es un vino blanco madurado 3 meses en barrica. Fruta de hueso, frescura, volumen y elegancia. Ideal con pescado \u00f3 marisco.","og_url":"https:\/\/pagodetharsys.com\/tienda\/productos\/caja-de-6-botellas-tharsys-city-macabeo-2023\/","og_site_name":"Pago de Tharsys","article_publisher":"https:\/\/www.facebook.com\/pagodetharsys\/","article_modified_time":"2026-03-12T12:28:52+00:00","og_image":[{"width":683,"height":1024,"url":"https:\/\/pagodetharsys.com\/tienda\/wp-content\/uploads\/2015\/12\/ChatGPT-Image-28-oct-2025-11_10_01-683x1024.png","type":"image\/png"}],"twitter_card":"summary_large_image","twitter_site":"@pagodetharsys","twitter_misc":{"Tiempo de lectura":"2 minutos"},"schema":{"@context":"https:\/\/schema.org","@graph":[{"@type":"WebPage","@id":"https:\/\/pagodetharsys.com\/tienda\/productos\/caja-de-6-botellas-tharsys-city-macabeo-2023\/","url":"https:\/\/pagodetharsys.com\/tienda\/productos\/caja-de-6-botellas-tharsys-city-macabeo-2023\/","name":"Caja de 6 botellas - Tharsys City Macabeo 2023 | Pago de Tharsys","isPartOf":{"@id":"https:\/\/pagodetharsys.com\/tienda\/#website"},"primaryImageOfPage":{"@id":"https:\/\/pagodetharsys.com\/tienda\/productos\/caja-de-6-botellas-tharsys-city-macabeo-2023\/#primaryimage"},"image":{"@id":"https:\/\/pagodetharsys.com\/tienda\/productos\/caja-de-6-botellas-tharsys-city-macabeo-2023\/#primaryimage"},"thumbnailUrl":"https:\/\/pagodetharsys.com\/tienda\/wp-content\/uploads\/2015\/12\/ChatGPT-Image-28-oct-2025-11_10_01.png","datePublished":"2015-12-22T11:54:17+00:00","dateModified":"2026-03-12T12:28:52+00:00","description":"Tharsys City Macabeo es un vino blanco madurado 3 meses en barrica. Fruta de hueso, frescura, volumen y elegancia. Ideal con pescado \u00f3 marisco.","breadcrumb":{"@id":"https:\/\/pagodetharsys.com\/tienda\/productos\/caja-de-6-botellas-tharsys-city-macabeo-2023\/#breadcrumb"},"inLanguage":"es","potentialAction":[{"@type":"ReadAction","target":["https:\/\/pagodetharsys.com\/tienda\/productos\/caja-de-6-botellas-tharsys-city-macabeo-2023\/"]}]},{"@type":"ImageObject","inLanguage":"es","@id":"https:\/\/pagodetharsys.com\/tienda\/productos\/caja-de-6-botellas-tharsys-city-macabeo-2023\/#primaryimage","url":"https:\/\/pagodetharsys.com\/tienda\/wp-content\/uploads\/2015\/12\/ChatGPT-Image-28-oct-2025-11_10_01.png","contentUrl":"https:\/\/pagodetharsys.com\/tienda\/wp-content\/uploads\/2015\/12\/ChatGPT-Image-28-oct-2025-11_10_01.png","width":1024,"height":1536},{"@type":"BreadcrumbList","@id":"https:\/\/pagodetharsys.com\/tienda\/productos\/caja-de-6-botellas-tharsys-city-macabeo-2023\/#breadcrumb","itemListElement":[{"@type":"ListItem","position":1,"name":"Portada","item":"https:\/\/pagodetharsys.com\/tienda\/"},{"@type":"ListItem","position":2,"name":"Products","item":"https:\/\/pagodetharsys.com\/tienda\/en\/"},{"@type":"ListItem","position":3,"name":"CAJA DE 6 BOTELLAS | THARSYS CITY MACABEO 2023"}]},{"@type":"WebSite","@id":"https:\/\/pagodetharsys.com\/tienda\/#website","url":"https:\/\/pagodetharsys.com\/tienda\/","name":"Pago de Tharsys","description":"Una experiencia sensorial que llega m\u00e1s all\u00e1 de una copa de vino","publisher":{"@id":"https:\/\/pagodetharsys.com\/tienda\/#organization"},"potentialAction":[{"@type":"SearchAction","target":{"@type":"EntryPoint","urlTemplate":"https:\/\/pagodetharsys.com\/tienda\/?s={search_term_string}"},"query-input":{"@type":"PropertyValueSpecification","valueRequired":true,"valueName":"search_term_string"}}],"inLanguage":"es"},{"@type":"Organization","@id":"https:\/\/pagodetharsys.com\/tienda\/#organization","name":"Pago de Tharsys","url":"https:\/\/pagodetharsys.com\/tienda\/","logo":{"@type":"ImageObject","inLanguage":"es","@id":"https:\/\/pagodetharsys.com\/tienda\/#\/schema\/logo\/image\/","url":"https:\/\/pagodetharsys.com\/tienda\/wp-content\/uploads\/2025\/12\/logo-pagodetharsys-2025.svg","contentUrl":"https:\/\/pagodetharsys.com\/tienda\/wp-content\/uploads\/2025\/12\/logo-pagodetharsys-2025.svg","width":100,"height":100,"caption":"Pago de Tharsys"},"image":{"@id":"https:\/\/pagodetharsys.com\/tienda\/#\/schema\/logo\/image\/"},"sameAs":["https:\/\/www.facebook.com\/pagodetharsys\/","https:\/\/x.com\/pagodetharsys","https:\/\/www.instagram.com\/pagodetharsys\/"]}]}},"_links":{"self":[{"href":"https:\/\/pagodetharsys.com\/tienda\/wp-json\/wp\/v2\/product\/36994","targetHints":{"allow":["GET"]}}],"collection":[{"href":"https:\/\/pagodetharsys.com\/tienda\/wp-json\/wp\/v2\/product"}],"about":[{"href":"https:\/\/pagodetharsys.com\/tienda\/wp-json\/wp\/v2\/types\/product"}],"replies":[{"embeddable":true,"href":"https:\/\/pagodetharsys.com\/tienda\/wp-json\/wp\/v2\/comments?post=36994"}],"wp:featuredmedia":[{"embeddable":true,"href":"https:\/\/pagodetharsys.com\/tienda\/wp-json\/wp\/v2\/media\/669075"}],"wp:attachment":[{"href":"https:\/\/pagodetharsys.com\/tienda\/wp-json\/wp\/v2\/media?parent=36994"}],"wp:term":[{"taxonomy":"product_brand","embeddable":true,"href":"https:\/\/pagodetharsys.com\/tienda\/wp-json\/wp\/v2\/product_brand?post=36994"},{"taxonomy":"product_cat","embeddable":true,"href":"https:\/\/pagodetharsys.com\/tienda\/wp-json\/wp\/v2\/product_cat?post=36994"},{"taxonomy":"product_tag","embeddable":true,"href":"https:\/\/pagodetharsys.com\/tienda\/wp-json\/wp\/v2\/product_tag?post=36994"}],"curies":[{"name":"wp","href":"https:\/\/api.w.org\/{rel}","templated":true}]}}