{"id":37046,"date":"2019-08-20T18:38:11","date_gmt":"2019-08-20T16:38:11","guid":{"rendered":"https:\/\/pagodetharsys.com\/tienda\/productos\/pago-de-tharsys-brut-nature-reserva-jeroboam-3-litros\/"},"modified":"2026-03-12T13:02:25","modified_gmt":"2026-03-12T12:02:25","slug":"pdt-doble-magnum-ceramica-bn-gran-rva","status":"publish","type":"product","link":"https:\/\/pagodetharsys.com\/tienda\/productos\/pdt-doble-magnum-ceramica-bn-gran-rva\/","title":{"rendered":"PAGO DE THARSYS | DOBLE MAGNUM CER\u00c1MICA BN GRAN RESERVA (3L)"},"content":{"rendered":"<h2 style=\"text-align: center;\">PAGO DE THARSYS | DOBLE MAGNUM CER\u00c1MICA BN GRAN RESERVA (3L)<\/h2>\n<p>&nbsp;<\/p>\n<h3 style=\"text-align: left;\">El Vi\u00f1edo<\/h3>\n<p>Las uvas Chardonnay proceden de parcelas situadas a m\u00e1s de 780 metros de altitud, con suelos calc\u00e1reos profundos sobre roca porosa \u201cToba\u201d. Este tipo de suelo favorece la concentraci\u00f3n arom\u00e1tica, acidez y elegancia, cualidades imprescindibles para un gran cava de guarda.<\/p>\n<hr \/>\n<h3 style=\"text-align: left;\">Elaboraci\u00f3n<\/h3>\n<p>Elaborado siguiendo el m\u00e9todo tradicional, con vendimia y selecci\u00f3n manual de uvas. Realiza una crianza m\u00ednima de 60 meses en cava subterr\u00e1nea y se elabora como Brut Nature \u201c0 dosage\u201d para expresar el car\u00e1cter del Chardonnay ecol\u00f3gico del pago. El removido, deg\u00fcelle, etiquetado y encajado se realizan manualmente.<\/p>\n<div class=\"flex flex-col text-sm pb-25\"><\/div>\n<hr \/>\n<h3>Notas de Cata<\/h3>\n<p style=\"text-align: left;\"><strong>Vista:<\/strong> Amarillo oro brillante, con burbuja fina y constante que forma una corona delicada.<\/p>\n<p><strong>Nariz:<\/strong> Aromas florales (acacia, cerezo), fruta de hueso (albaricoque, nectarina), c\u00edtricos (lim\u00f3n, lima), vegetaci\u00f3n de manantial, mantequilla fresca, levadura y almendras tostadas.<\/p>\n<p><strong>Boca:<\/strong> Fresco, seco y cremoso. Excelente equilibrio entre acidez y fruta. Burbuja delicada, largo recorrido en boca y persistencia elegante de notas c\u00edtricas y mantequilla.<\/p>\n<hr \/>\n<h3>Servicio y Maridaje<\/h3>\n<p><strong>Servicio:<\/strong> Servir entre 7\u20139 \u00baC en copa de cuerpo medio.<\/p>\n<p><strong>Maridaje:<\/strong> Perfecto para acompa\u00f1ar pescados blancos, ostras, almejas, carnes de ave, guisos marineros y verduras al horno.<\/p>\n<hr \/>\n<p>&nbsp;<\/p>\n<p><strong><em>Descubre m\u00e1s cavas como este en nuestra <a href=\"https:\/\/pagodetharsys.com\/tienda\/categoria-producto\/vinos\/cavas\/\" target=\"_blank\" rel=\"noopener\">colecci\u00f3n de cavas<\/a> o <a href=\"https:\/\/pagodetharsys.com\/contacto\/\">cont\u00e1ctanos<\/a>.<\/em><\/strong><\/p>\n","protected":false},"excerpt":{"rendered":"<h3>\ud83c\udf77<strong>Cava ecol\u00f3gico de Chardonnay con m\u00e1s de 60 meses en rima. Brut Nature sin licor de expedici\u00f3n. Elegante, cremoso y artesanal.<\/strong><\/h3>\n<p>&nbsp;<\/p>\n<p><strong>\ud83d\udd34Tipo: <\/strong>Vino espumoso blanco<\/p>\n<p><strong>\ud83c\udf47Variedades:<\/strong> Chardonnay<\/p>\n<p><strong>\ud83d\udcc5Formato: <\/strong>3 Litros<\/p>\n<p><strong>\ud83c\udf77Grado alcoh\u00f3lico:<\/strong> 12%<\/p>\n<p><strong>\ud83d\udccdDenominaci\u00f3n:<\/strong> DO Cava<\/p>\n<p><strong>\ud83d\udd70\ufe0fCrianza:<\/strong> Crianza en rima de m\u00e1s de 60 meses<\/p>\n<p><em>CERTIFICADO OFICIAL UE DE VINO ECOL\u00d3GICO<\/em><\/p>\n<p><strong>\u00bfConoces el formato Magnum?<\/strong><\/p>\n<div style=\"margin-top: 30px;\"><a style=\"display: inline-block; margin-right: 15px; padding: 10px 20px; background-color: #333; color: #fff; text-decoration: none; border-radius: 5px;\" href=\"https:\/\/pagodetharsys.com\/tienda\/productos\/pago-de-tharsys-brut-nature-reserva-magnum\/\" target=\"_blank\" rel=\"noopener noreferrer\"><br \/>\nVer Formato Magnum 1&#8217;5L<br \/>\n<\/a><\/div>\n","protected":false},"featured_media":41029,"comment_status":"closed","ping_status":"closed","template":"","meta":{"inline_featured_image":false,"site-sidebar-layout":"default","site-content-layout":"","ast-site-content-layout":"default","site-content-style":"default","site-sidebar-style":"default","ast-global-header-display":"","ast-banner-title-visibility":"","ast-main-header-display":"","ast-hfb-above-header-display":"","ast-hfb-below-header-display":"","ast-hfb-mobile-header-display":"","site-post-title":"","ast-breadcrumbs-content":"","ast-featured-img":"","footer-sml-layout":"","ast-disable-related-posts":"","theme-transparent-header-meta":"default","adv-header-id-meta":"","stick-header-meta":"default","header-above-stick-meta":"","header-main-stick-meta":"","header-below-stick-meta":"","astra-migrate-meta-layouts":"set","ast-page-background-enabled":"default","ast-page-background-meta":{"desktop":{"background-color":"var(--ast-global-color-4)","background-image":"","background-repeat":"repeat","background-position":"center center","background-size":"auto","background-attachment":"scroll","background-type":"","background-media":"","overlay-type":"","overlay-color":"","overlay-opacity":"","overlay-gradient":""},"tablet":{"background-color":"","background-image":"","background-repeat":"repeat","background-position":"center center","background-size":"auto","background-attachment":"scroll","background-type":"","background-media":"","overlay-type":"","overlay-color":"","overlay-opacity":"","overlay-gradient":""},"mobile":{"background-color":"","background-image":"","background-repeat":"repeat","background-position":"center center","background-size":"auto","background-attachment":"scroll","background-type":"","background-media":"","overlay-type":"","overlay-color":"","overlay-opacity":"","overlay-gradient":""}},"ast-content-background-meta":{"desktop":{"background-color":"var(--ast-global-color-5)","background-image":"","background-repeat":"repeat","background-position":"center center","background-size":"auto","background-attachment":"scroll","background-type":"","background-media":"","overlay-type":"","overlay-color":"","overlay-opacity":"","overlay-gradient":""},"tablet":{"background-color":"var(--ast-global-color-5)","background-image":"","background-repeat":"repeat","background-position":"center center","background-size":"auto","background-attachment":"scroll","background-type":"","background-media":"","overlay-type":"","overlay-color":"","overlay-opacity":"","overlay-gradient":""},"mobile":{"background-color":"var(--ast-global-color-5)","background-image":"","background-repeat":"repeat","background-position":"center center","background-size":"auto","background-attachment":"scroll","background-type":"","background-media":"","overlay-type":"","overlay-color":"","overlay-opacity":"","overlay-gradient":""}}},"product_brand":[],"product_cat":[1714,1708],"product_tag":[],"class_list":{"0":"post-37046","1":"product","2":"type-product","3":"status-publish","4":"has-post-thumbnail","6":"product_cat-cavas","7":"product_cat-pago-de-tharsys","8":"desktop-align-left","9":"tablet-align-left","10":"mobile-align-left","11":"ast-product-gallery-layout-vertical-slider","12":"ast-product-gallery-with-no-image","13":"ast-magnify-disabled","14":"ast-product-tabs-layout-accordion","16":"first","17":"onbackorder","18":"featured","19":"taxable","20":"shipping-taxable","21":"purchasable","22":"product-type-simple"},"booking_location":null,"booking_location_type":null,"booking_duration":null,"booking_duration_unit":null,"booking_buffer":null,"booking_cost":null,"booking_resources":null,"yoast_head":"<!-- This site is optimized with the Yoast SEO plugin v27.4 - https:\/\/yoast.com\/product\/yoast-seo-wordpress\/ -->\n<title>Doble Magnum Cer\u00e1mica BN Gran Reserva | Pago de Tharsys<\/title>\n<meta name=\"description\" content=\"Pago de Tharsys | Doble Magnum Cer\u00e1mica BN Gran Reserva con m\u00e1s de 60 meses en rima. Elegancia, cremosidad y pureza sin dosage.\" \/>\n<meta name=\"robots\" content=\"index, follow, max-snippet:-1, max-image-preview:large, max-video-preview:-1\" \/>\n<link rel=\"canonical\" href=\"https:\/\/pagodetharsys.com\/tienda\/productos\/pdt-doble-magnum-ceramica-bn-gran-rva\/\" \/>\n<meta property=\"og:locale\" content=\"es_ES\" \/>\n<meta property=\"og:type\" content=\"article\" \/>\n<meta property=\"og:title\" content=\"Doble Magnum Cer\u00e1mica BN Gran Reserva | Pago de Tharsys\" \/>\n<meta property=\"og:description\" content=\"Pago de Tharsys | Doble Magnum Cer\u00e1mica BN Gran Reserva con m\u00e1s de 60 meses en rima. Elegancia, cremosidad y pureza sin dosage.\" \/>\n<meta property=\"og:url\" content=\"https:\/\/pagodetharsys.com\/tienda\/productos\/pdt-doble-magnum-ceramica-bn-gran-rva\/\" \/>\n<meta property=\"og:site_name\" content=\"Pago de Tharsys\" \/>\n<meta property=\"article:publisher\" content=\"https:\/\/www.facebook.com\/pagodetharsys\/\" \/>\n<meta property=\"article:modified_time\" content=\"2026-03-12T12:02:25+00:00\" \/>\n<meta property=\"og:image\" content=\"https:\/\/pagodetharsys.com\/tienda\/wp-content\/uploads\/2021\/11\/PDT-Brut-Nature-Jeroboam-3l-2.jpg\" \/>\n\t<meta property=\"og:image:width\" content=\"1080\" \/>\n\t<meta property=\"og:image:height\" content=\"1080\" \/>\n\t<meta property=\"og:image:type\" content=\"image\/jpeg\" \/>\n<meta name=\"twitter:card\" content=\"summary_large_image\" \/>\n<meta name=\"twitter:site\" content=\"@pagodetharsys\" \/>\n<meta name=\"twitter:label1\" content=\"Tiempo de lectura\" \/>\n\t<meta name=\"twitter:data1\" content=\"2 minutos\" \/>\n<script type=\"application\/ld+json\" class=\"yoast-schema-graph\">{\"@context\":\"https:\\\/\\\/schema.org\",\"@graph\":[{\"@type\":\"WebPage\",\"@id\":\"https:\\\/\\\/pagodetharsys.com\\\/tienda\\\/productos\\\/pdt-doble-magnum-ceramica-bn-gran-rva\\\/\",\"url\":\"https:\\\/\\\/pagodetharsys.com\\\/tienda\\\/productos\\\/pdt-doble-magnum-ceramica-bn-gran-rva\\\/\",\"name\":\"Doble Magnum Cer\u00e1mica BN Gran Reserva | Pago de Tharsys\",\"isPartOf\":{\"@id\":\"https:\\\/\\\/pagodetharsys.com\\\/tienda\\\/#website\"},\"primaryImageOfPage\":{\"@id\":\"https:\\\/\\\/pagodetharsys.com\\\/tienda\\\/productos\\\/pdt-doble-magnum-ceramica-bn-gran-rva\\\/#primaryimage\"},\"image\":{\"@id\":\"https:\\\/\\\/pagodetharsys.com\\\/tienda\\\/productos\\\/pdt-doble-magnum-ceramica-bn-gran-rva\\\/#primaryimage\"},\"thumbnailUrl\":\"https:\\\/\\\/pagodetharsys.com\\\/tienda\\\/wp-content\\\/uploads\\\/2021\\\/11\\\/PDT-Brut-Nature-Jeroboam-3l-2.jpg\",\"datePublished\":\"2019-08-20T16:38:11+00:00\",\"dateModified\":\"2026-03-12T12:02:25+00:00\",\"description\":\"Pago de Tharsys | Doble Magnum Cer\u00e1mica BN Gran Reserva con m\u00e1s de 60 meses en rima. Elegancia, cremosidad y pureza sin dosage.\",\"breadcrumb\":{\"@id\":\"https:\\\/\\\/pagodetharsys.com\\\/tienda\\\/productos\\\/pdt-doble-magnum-ceramica-bn-gran-rva\\\/#breadcrumb\"},\"inLanguage\":\"es\",\"potentialAction\":[{\"@type\":\"ReadAction\",\"target\":[\"https:\\\/\\\/pagodetharsys.com\\\/tienda\\\/productos\\\/pdt-doble-magnum-ceramica-bn-gran-rva\\\/\"]}]},{\"@type\":\"ImageObject\",\"inLanguage\":\"es\",\"@id\":\"https:\\\/\\\/pagodetharsys.com\\\/tienda\\\/productos\\\/pdt-doble-magnum-ceramica-bn-gran-rva\\\/#primaryimage\",\"url\":\"https:\\\/\\\/pagodetharsys.com\\\/tienda\\\/wp-content\\\/uploads\\\/2021\\\/11\\\/PDT-Brut-Nature-Jeroboam-3l-2.jpg\",\"contentUrl\":\"https:\\\/\\\/pagodetharsys.com\\\/tienda\\\/wp-content\\\/uploads\\\/2021\\\/11\\\/PDT-Brut-Nature-Jeroboam-3l-2.jpg\",\"width\":1080,\"height\":1080},{\"@type\":\"BreadcrumbList\",\"@id\":\"https:\\\/\\\/pagodetharsys.com\\\/tienda\\\/productos\\\/pdt-doble-magnum-ceramica-bn-gran-rva\\\/#breadcrumb\",\"itemListElement\":[{\"@type\":\"ListItem\",\"position\":1,\"name\":\"Portada\",\"item\":\"https:\\\/\\\/pagodetharsys.com\\\/tienda\\\/\"},{\"@type\":\"ListItem\",\"position\":2,\"name\":\"Products\",\"item\":\"https:\\\/\\\/pagodetharsys.com\\\/tienda\\\/en\\\/\"},{\"@type\":\"ListItem\",\"position\":3,\"name\":\"PAGO DE THARSYS | DOBLE MAGNUM CER\u00c1MICA BN GRAN RESERVA (3L)\"}]},{\"@type\":\"WebSite\",\"@id\":\"https:\\\/\\\/pagodetharsys.com\\\/tienda\\\/#website\",\"url\":\"https:\\\/\\\/pagodetharsys.com\\\/tienda\\\/\",\"name\":\"Pago de Tharsys\",\"description\":\"Una experiencia sensorial que llega m\u00e1s all\u00e1 de una copa de vino\",\"publisher\":{\"@id\":\"https:\\\/\\\/pagodetharsys.com\\\/tienda\\\/#organization\"},\"potentialAction\":[{\"@type\":\"SearchAction\",\"target\":{\"@type\":\"EntryPoint\",\"urlTemplate\":\"https:\\\/\\\/pagodetharsys.com\\\/tienda\\\/?s={search_term_string}\"},\"query-input\":{\"@type\":\"PropertyValueSpecification\",\"valueRequired\":true,\"valueName\":\"search_term_string\"}}],\"inLanguage\":\"es\"},{\"@type\":\"Organization\",\"@id\":\"https:\\\/\\\/pagodetharsys.com\\\/tienda\\\/#organization\",\"name\":\"Pago de Tharsys\",\"url\":\"https:\\\/\\\/pagodetharsys.com\\\/tienda\\\/\",\"logo\":{\"@type\":\"ImageObject\",\"inLanguage\":\"es\",\"@id\":\"https:\\\/\\\/pagodetharsys.com\\\/tienda\\\/#\\\/schema\\\/logo\\\/image\\\/\",\"url\":\"https:\\\/\\\/pagodetharsys.com\\\/tienda\\\/wp-content\\\/uploads\\\/2025\\\/12\\\/logo-pagodetharsys-2025.svg\",\"contentUrl\":\"https:\\\/\\\/pagodetharsys.com\\\/tienda\\\/wp-content\\\/uploads\\\/2025\\\/12\\\/logo-pagodetharsys-2025.svg\",\"width\":100,\"height\":100,\"caption\":\"Pago de Tharsys\"},\"image\":{\"@id\":\"https:\\\/\\\/pagodetharsys.com\\\/tienda\\\/#\\\/schema\\\/logo\\\/image\\\/\"},\"sameAs\":[\"https:\\\/\\\/www.facebook.com\\\/pagodetharsys\\\/\",\"https:\\\/\\\/x.com\\\/pagodetharsys\",\"https:\\\/\\\/www.instagram.com\\\/pagodetharsys\\\/\"]}]}<\/script>\n<!-- \/ Yoast SEO plugin. -->","yoast_head_json":{"title":"Doble Magnum Cer\u00e1mica BN Gran Reserva | Pago de Tharsys","description":"Pago de Tharsys | Doble Magnum Cer\u00e1mica BN Gran Reserva con m\u00e1s de 60 meses en rima. Elegancia, cremosidad y pureza sin dosage.","robots":{"index":"index","follow":"follow","max-snippet":"max-snippet:-1","max-image-preview":"max-image-preview:large","max-video-preview":"max-video-preview:-1"},"canonical":"https:\/\/pagodetharsys.com\/tienda\/productos\/pdt-doble-magnum-ceramica-bn-gran-rva\/","og_locale":"es_ES","og_type":"article","og_title":"Doble Magnum Cer\u00e1mica BN Gran Reserva | Pago de Tharsys","og_description":"Pago de Tharsys | Doble Magnum Cer\u00e1mica BN Gran Reserva con m\u00e1s de 60 meses en rima. Elegancia, cremosidad y pureza sin dosage.","og_url":"https:\/\/pagodetharsys.com\/tienda\/productos\/pdt-doble-magnum-ceramica-bn-gran-rva\/","og_site_name":"Pago de Tharsys","article_publisher":"https:\/\/www.facebook.com\/pagodetharsys\/","article_modified_time":"2026-03-12T12:02:25+00:00","og_image":[{"width":1080,"height":1080,"url":"https:\/\/pagodetharsys.com\/tienda\/wp-content\/uploads\/2021\/11\/PDT-Brut-Nature-Jeroboam-3l-2.jpg","type":"image\/jpeg"}],"twitter_card":"summary_large_image","twitter_site":"@pagodetharsys","twitter_misc":{"Tiempo de lectura":"2 minutos"},"schema":{"@context":"https:\/\/schema.org","@graph":[{"@type":"WebPage","@id":"https:\/\/pagodetharsys.com\/tienda\/productos\/pdt-doble-magnum-ceramica-bn-gran-rva\/","url":"https:\/\/pagodetharsys.com\/tienda\/productos\/pdt-doble-magnum-ceramica-bn-gran-rva\/","name":"Doble Magnum Cer\u00e1mica BN Gran Reserva | Pago de Tharsys","isPartOf":{"@id":"https:\/\/pagodetharsys.com\/tienda\/#website"},"primaryImageOfPage":{"@id":"https:\/\/pagodetharsys.com\/tienda\/productos\/pdt-doble-magnum-ceramica-bn-gran-rva\/#primaryimage"},"image":{"@id":"https:\/\/pagodetharsys.com\/tienda\/productos\/pdt-doble-magnum-ceramica-bn-gran-rva\/#primaryimage"},"thumbnailUrl":"https:\/\/pagodetharsys.com\/tienda\/wp-content\/uploads\/2021\/11\/PDT-Brut-Nature-Jeroboam-3l-2.jpg","datePublished":"2019-08-20T16:38:11+00:00","dateModified":"2026-03-12T12:02:25+00:00","description":"Pago de Tharsys | Doble Magnum Cer\u00e1mica BN Gran Reserva con m\u00e1s de 60 meses en rima. Elegancia, cremosidad y pureza sin dosage.","breadcrumb":{"@id":"https:\/\/pagodetharsys.com\/tienda\/productos\/pdt-doble-magnum-ceramica-bn-gran-rva\/#breadcrumb"},"inLanguage":"es","potentialAction":[{"@type":"ReadAction","target":["https:\/\/pagodetharsys.com\/tienda\/productos\/pdt-doble-magnum-ceramica-bn-gran-rva\/"]}]},{"@type":"ImageObject","inLanguage":"es","@id":"https:\/\/pagodetharsys.com\/tienda\/productos\/pdt-doble-magnum-ceramica-bn-gran-rva\/#primaryimage","url":"https:\/\/pagodetharsys.com\/tienda\/wp-content\/uploads\/2021\/11\/PDT-Brut-Nature-Jeroboam-3l-2.jpg","contentUrl":"https:\/\/pagodetharsys.com\/tienda\/wp-content\/uploads\/2021\/11\/PDT-Brut-Nature-Jeroboam-3l-2.jpg","width":1080,"height":1080},{"@type":"BreadcrumbList","@id":"https:\/\/pagodetharsys.com\/tienda\/productos\/pdt-doble-magnum-ceramica-bn-gran-rva\/#breadcrumb","itemListElement":[{"@type":"ListItem","position":1,"name":"Portada","item":"https:\/\/pagodetharsys.com\/tienda\/"},{"@type":"ListItem","position":2,"name":"Products","item":"https:\/\/pagodetharsys.com\/tienda\/en\/"},{"@type":"ListItem","position":3,"name":"PAGO DE THARSYS | DOBLE MAGNUM CER\u00c1MICA BN GRAN RESERVA (3L)"}]},{"@type":"WebSite","@id":"https:\/\/pagodetharsys.com\/tienda\/#website","url":"https:\/\/pagodetharsys.com\/tienda\/","name":"Pago de Tharsys","description":"Una experiencia sensorial que llega m\u00e1s all\u00e1 de una copa de vino","publisher":{"@id":"https:\/\/pagodetharsys.com\/tienda\/#organization"},"potentialAction":[{"@type":"SearchAction","target":{"@type":"EntryPoint","urlTemplate":"https:\/\/pagodetharsys.com\/tienda\/?s={search_term_string}"},"query-input":{"@type":"PropertyValueSpecification","valueRequired":true,"valueName":"search_term_string"}}],"inLanguage":"es"},{"@type":"Organization","@id":"https:\/\/pagodetharsys.com\/tienda\/#organization","name":"Pago de Tharsys","url":"https:\/\/pagodetharsys.com\/tienda\/","logo":{"@type":"ImageObject","inLanguage":"es","@id":"https:\/\/pagodetharsys.com\/tienda\/#\/schema\/logo\/image\/","url":"https:\/\/pagodetharsys.com\/tienda\/wp-content\/uploads\/2025\/12\/logo-pagodetharsys-2025.svg","contentUrl":"https:\/\/pagodetharsys.com\/tienda\/wp-content\/uploads\/2025\/12\/logo-pagodetharsys-2025.svg","width":100,"height":100,"caption":"Pago de Tharsys"},"image":{"@id":"https:\/\/pagodetharsys.com\/tienda\/#\/schema\/logo\/image\/"},"sameAs":["https:\/\/www.facebook.com\/pagodetharsys\/","https:\/\/x.com\/pagodetharsys","https:\/\/www.instagram.com\/pagodetharsys\/"]}]}},"_links":{"self":[{"href":"https:\/\/pagodetharsys.com\/tienda\/wp-json\/wp\/v2\/product\/37046","targetHints":{"allow":["GET"]}}],"collection":[{"href":"https:\/\/pagodetharsys.com\/tienda\/wp-json\/wp\/v2\/product"}],"about":[{"href":"https:\/\/pagodetharsys.com\/tienda\/wp-json\/wp\/v2\/types\/product"}],"replies":[{"embeddable":true,"href":"https:\/\/pagodetharsys.com\/tienda\/wp-json\/wp\/v2\/comments?post=37046"}],"wp:featuredmedia":[{"embeddable":true,"href":"https:\/\/pagodetharsys.com\/tienda\/wp-json\/wp\/v2\/media\/41029"}],"wp:attachment":[{"href":"https:\/\/pagodetharsys.com\/tienda\/wp-json\/wp\/v2\/media?parent=37046"}],"wp:term":[{"taxonomy":"product_brand","embeddable":true,"href":"https:\/\/pagodetharsys.com\/tienda\/wp-json\/wp\/v2\/product_brand?post=37046"},{"taxonomy":"product_cat","embeddable":true,"href":"https:\/\/pagodetharsys.com\/tienda\/wp-json\/wp\/v2\/product_cat?post=37046"},{"taxonomy":"product_tag","embeddable":true,"href":"https:\/\/pagodetharsys.com\/tienda\/wp-json\/wp\/v2\/product_tag?post=37046"}],"curies":[{"name":"wp","href":"https:\/\/api.w.org\/{rel}","templated":true}]}}