{"id":37066,"date":"2020-07-16T10:25:40","date_gmt":"2020-07-16T08:25:40","guid":{"rendered":"https:\/\/pagodetharsys.com\/tienda\/productos\/pago-de-tharsys-millesime-barrica-brut-nature-reserva-2017\/"},"modified":"2026-03-12T13:07:38","modified_gmt":"2026-03-12T12:07:38","slug":"millesime-barrica-brut-nature-reserva-2022","status":"publish","type":"product","link":"https:\/\/pagodetharsys.com\/tienda\/productos\/millesime-barrica-brut-nature-reserva-2022\/","title":{"rendered":"PAGO DE THARSYS | MILL\u00c9SIME BARRICA BRUT NATURE RESERVA 2022"},"content":{"rendered":"<h2 style=\"text-align: center;\">PAGO DE THARSYS | MILL\u00c9SIME BARRICA BRUT NATURE RESERVA 2022<\/h2>\n<p>&nbsp;<\/p>\n<h3 style=\"text-align: left;\">El Vi\u00f1edo<\/h3>\n<p>Suelo mayoritariamente calc\u00e1reo con capas profundas de arcilla y una roca caliza porosa (\u201ctoba\u201d) a unos 2 metros de profundidad, que limita los nutrientes pero retiene humedad. Este suelo favorece uvas peque\u00f1as, muy arom\u00e1ticas y con alta acidez, ideales para elaborar vinos elegantes y de gran calidad.<\/p>\n<hr \/>\n<h3 style=\"text-align: left;\">A\u00f1ada 2022<\/h3>\n<p>El invierno fue fr\u00edo y seco, y la primavera lluviosa y fr\u00eda, generando buenas reservas de agua pero retrasando la brotaci\u00f3n. El verano, muy caluroso y seco, redujo los rendimientos, aunque permiti\u00f3 obtener uvas de excelente calidad y gran intensidad arom\u00e1tica.<\/p>\n<hr \/>\n<h3 style=\"text-align: left;\">Elaboraci\u00f3n<\/h3>\n<p>Elaborado siguiendo el m\u00e9todo tradicional, con vendimia y selecci\u00f3n manual. El mosto fermenta en barricas de roble franc\u00e9s y realiza crianza sobre l\u00edas antes de la segunda fermentaci\u00f3n. Posteriormente envejece al menos 24 meses en cava subterr\u00e1nea y se elabora como Brut Nature para preservar la complejidad arom\u00e1tica de la Chardonnay.<\/p>\n<hr \/>\n<h3>Notas de Cata<\/h3>\n<p style=\"text-align: left;\"><strong>Vista:<\/strong> Color oro viejo con ribete dorado brillante y burbuja muy fina y persistente.<\/p>\n<p><strong>Nariz:<\/strong> Intensos aromas de fruta de hueso madura y c\u00edtricos, con delicadas notas de vainilla, crema, galleta y mantequilla tostada.<\/p>\n<p><strong>Boca:<\/strong> Seco, redondo y untuoso, con burbuja fina y envolvente. Gran estructura, volumen y larga persistencia con recuerdos de frutos secos tostados y pan.<\/p>\n<hr \/>\n<h3>Servicio y Maridaje<\/h3>\n<p><strong>Servicio:<\/strong> Servir entre 7\u20139 \u00baC en copa de tama\u00f1o medio.<\/p>\n<p><strong>Maridaje:<\/strong> Ideal con pescados y carnes ahumadas o a la barbacoa y con quesos curados. Evolucionar\u00e1 favorablemente en botella durante los pr\u00f3ximos 5 a\u00f1os.<\/p>\n<hr \/>\n<p>&nbsp;<\/p>\n<p><strong><em>Descubre m\u00e1s cavas con crianza en nuestra <a href=\"https:\/\/pagodetharsys.com\/tienda\/categoria-producto\/vinos\/cavas\/\" target=\"_blank\" rel=\"noopener\">colecci\u00f3n de espumosos<\/a> o <a href=\"https:\/\/pagodetharsys.com\/contacto\/\">cont\u00e1ctanos<\/a>.<\/em><\/strong><\/p>\n","protected":false},"excerpt":{"rendered":"<h3>\ud83c\udf77 <strong>Pago de Tharsys Millesime Barrica es un cava ecol\u00f3gico Brut Nature 100% Chardonnay, fermentado en barrica y criado 18 meses en rima. Elegante, cremoso y de guarda.<\/strong><\/h3>\n<p>&nbsp;<\/p>\n<p><strong>\ud83d\udd34Tipo:<\/strong> Vino espumoso blanco<\/p>\n<p><strong>\ud83c\udf47Variedades:<\/strong> Chardonnay<\/p>\n<p><strong>\ud83d\udcc5A\u00f1ada:<\/strong> 2022<\/p>\n<p><strong>\ud83c\udf77Grado alcoh\u00f3lico:<\/strong> 12%<\/p>\n<p><strong>\ud83d\udccdDenominaci\u00f3n:<\/strong> DO Cava<\/p>\n<p><strong>\ud83d\udd70\ufe0fCrianza:<\/strong> Vino base fermentado en barricas de roble franc\u00e9s m\u00e1s 2 meses de crianza con sus l\u00edas. Tras el tiraje, crianza en rima de m\u00e1s de 24 meses<\/p>\n<p><em>CERTIFICADO OFICIAL UE DE VINO ECOL\u00d3GICO<\/em><\/p>\n","protected":false},"featured_media":663625,"comment_status":"closed","ping_status":"closed","template":"","meta":{"inline_featured_image":false,"site-sidebar-layout":"default","site-content-layout":"","ast-site-content-layout":"default","site-content-style":"default","site-sidebar-style":"default","ast-global-header-display":"","ast-banner-title-visibility":"","ast-main-header-display":"","ast-hfb-above-header-display":"","ast-hfb-below-header-display":"","ast-hfb-mobile-header-display":"","site-post-title":"","ast-breadcrumbs-content":"","ast-featured-img":"","footer-sml-layout":"","ast-disable-related-posts":"","theme-transparent-header-meta":"default","adv-header-id-meta":"","stick-header-meta":"default","header-above-stick-meta":"","header-main-stick-meta":"","header-below-stick-meta":"","astra-migrate-meta-layouts":"set","ast-page-background-enabled":"default","ast-page-background-meta":{"desktop":{"background-color":"var(--ast-global-color-4)","background-image":"","background-repeat":"repeat","background-position":"center center","background-size":"auto","background-attachment":"scroll","background-type":"","background-media":"","overlay-type":"","overlay-color":"","overlay-opacity":"","overlay-gradient":""},"tablet":{"background-color":"","background-image":"","background-repeat":"repeat","background-position":"center center","background-size":"auto","background-attachment":"scroll","background-type":"","background-media":"","overlay-type":"","overlay-color":"","overlay-opacity":"","overlay-gradient":""},"mobile":{"background-color":"","background-image":"","background-repeat":"repeat","background-position":"center center","background-size":"auto","background-attachment":"scroll","background-type":"","background-media":"","overlay-type":"","overlay-color":"","overlay-opacity":"","overlay-gradient":""}},"ast-content-background-meta":{"desktop":{"background-color":"var(--ast-global-color-5)","background-image":"","background-repeat":"repeat","background-position":"center center","background-size":"auto","background-attachment":"scroll","background-type":"","background-media":"","overlay-type":"","overlay-color":"","overlay-opacity":"","overlay-gradient":""},"tablet":{"background-color":"var(--ast-global-color-5)","background-image":"","background-repeat":"repeat","background-position":"center center","background-size":"auto","background-attachment":"scroll","background-type":"","background-media":"","overlay-type":"","overlay-color":"","overlay-opacity":"","overlay-gradient":""},"mobile":{"background-color":"var(--ast-global-color-5)","background-image":"","background-repeat":"repeat","background-position":"center center","background-size":"auto","background-attachment":"scroll","background-type":"","background-media":"","overlay-type":"","overlay-color":"","overlay-opacity":"","overlay-gradient":""}}},"product_brand":[],"product_cat":[1714,1708],"product_tag":[1898,1862,1864,1866,1865,1909,1863],"class_list":{"0":"post-37066","1":"product","2":"type-product","3":"status-publish","4":"has-post-thumbnail","6":"product_cat-cavas","7":"product_cat-pago-de-tharsys","8":"product_tag-barrica","9":"product_tag-brut-nature","10":"product_tag-cava","11":"product_tag-chardonnay","12":"product_tag-ecologico","13":"product_tag-millesime","14":"product_tag-reserva","15":"desktop-align-left","16":"tablet-align-left","17":"mobile-align-left","18":"ast-product-gallery-layout-vertical-slider","19":"ast-magnify-disabled","20":"ast-product-tabs-layout-accordion","22":"first","23":"instock","24":"featured","25":"taxable","26":"shipping-taxable","27":"purchasable","28":"product-type-simple"},"yoast_head":"<!-- This site is optimized with the Yoast SEO plugin v27.2 - https:\/\/yoast.com\/product\/yoast-seo-wordpress\/ -->\n<title>Mill\u00e9sime Barrica Brut Nature Reserva 2022 | Pago de Tharsys<\/title>\n<meta name=\"description\" content=\"Mill\u00e9sime Barrica Brut Nature Reserva 2022 Chardonnay con crianza en barrica y m\u00e1s de 18 meses en rima. Complejo, elegante y perfecto para guardar.\" \/>\n<meta name=\"robots\" content=\"index, follow, max-snippet:-1, max-image-preview:large, max-video-preview:-1\" \/>\n<link rel=\"canonical\" href=\"https:\/\/pagodetharsys.com\/tienda\/productos\/millesime-barrica-brut-nature-reserva-2022\/\" \/>\n<meta property=\"og:locale\" content=\"es_ES\" \/>\n<meta property=\"og:type\" content=\"article\" \/>\n<meta property=\"og:title\" content=\"Mill\u00e9sime Barrica Brut Nature Reserva 2022 | Pago de Tharsys\" \/>\n<meta property=\"og:description\" content=\"Mill\u00e9sime Barrica Brut Nature Reserva 2022 Chardonnay con crianza en barrica y m\u00e1s de 18 meses en rima. Complejo, elegante y perfecto para guardar.\" \/>\n<meta property=\"og:url\" content=\"https:\/\/pagodetharsys.com\/tienda\/productos\/millesime-barrica-brut-nature-reserva-2022\/\" \/>\n<meta property=\"og:site_name\" content=\"Pago de Tharsys\" \/>\n<meta property=\"article:publisher\" content=\"https:\/\/www.facebook.com\/pagodetharsys\/\" \/>\n<meta property=\"article:modified_time\" content=\"2026-03-12T12:07:38+00:00\" \/>\n<meta property=\"og:image\" content=\"https:\/\/pagodetharsys.com\/tienda\/wp-content\/uploads\/2020\/07\/Pago-de-Tharsys-Millesime-Barrica-2022-scaled.jpg\" \/>\n\t<meta property=\"og:image:width\" content=\"1607\" \/>\n\t<meta property=\"og:image:height\" content=\"2560\" \/>\n\t<meta property=\"og:image:type\" content=\"image\/jpeg\" \/>\n<meta name=\"twitter:card\" content=\"summary_large_image\" \/>\n<meta name=\"twitter:site\" content=\"@pagodetharsys\" \/>\n<meta name=\"twitter:label1\" content=\"Tiempo de lectura\" \/>\n\t<meta name=\"twitter:data1\" content=\"2 minutos\" \/>\n<script type=\"application\/ld+json\" class=\"yoast-schema-graph\">{\"@context\":\"https:\/\/schema.org\",\"@graph\":[{\"@type\":\"WebPage\",\"@id\":\"https:\/\/pagodetharsys.com\/tienda\/productos\/millesime-barrica-brut-nature-reserva-2022\/\",\"url\":\"https:\/\/pagodetharsys.com\/tienda\/productos\/millesime-barrica-brut-nature-reserva-2022\/\",\"name\":\"Mill\u00e9sime Barrica Brut Nature Reserva 2022 | Pago de Tharsys\",\"isPartOf\":{\"@id\":\"https:\/\/pagodetharsys.com\/tienda\/#website\"},\"primaryImageOfPage\":{\"@id\":\"https:\/\/pagodetharsys.com\/tienda\/productos\/millesime-barrica-brut-nature-reserva-2022\/#primaryimage\"},\"image\":{\"@id\":\"https:\/\/pagodetharsys.com\/tienda\/productos\/millesime-barrica-brut-nature-reserva-2022\/#primaryimage\"},\"thumbnailUrl\":\"https:\/\/pagodetharsys.com\/tienda\/wp-content\/uploads\/2020\/07\/Pago-de-Tharsys-Millesime-Barrica-2022-scaled.jpg\",\"datePublished\":\"2020-07-16T08:25:40+00:00\",\"dateModified\":\"2026-03-12T12:07:38+00:00\",\"description\":\"Mill\u00e9sime Barrica Brut Nature Reserva 2022 Chardonnay con crianza en barrica y m\u00e1s de 18 meses en rima. Complejo, elegante y perfecto para guardar.\",\"breadcrumb\":{\"@id\":\"https:\/\/pagodetharsys.com\/tienda\/productos\/millesime-barrica-brut-nature-reserva-2022\/#breadcrumb\"},\"inLanguage\":\"es\",\"potentialAction\":[{\"@type\":\"ReadAction\",\"target\":[\"https:\/\/pagodetharsys.com\/tienda\/productos\/millesime-barrica-brut-nature-reserva-2022\/\"]}]},{\"@type\":\"ImageObject\",\"inLanguage\":\"es\",\"@id\":\"https:\/\/pagodetharsys.com\/tienda\/productos\/millesime-barrica-brut-nature-reserva-2022\/#primaryimage\",\"url\":\"https:\/\/pagodetharsys.com\/tienda\/wp-content\/uploads\/2020\/07\/Pago-de-Tharsys-Millesime-Barrica-2022-scaled.jpg\",\"contentUrl\":\"https:\/\/pagodetharsys.com\/tienda\/wp-content\/uploads\/2020\/07\/Pago-de-Tharsys-Millesime-Barrica-2022-scaled.jpg\",\"width\":1607,\"height\":2560},{\"@type\":\"BreadcrumbList\",\"@id\":\"https:\/\/pagodetharsys.com\/tienda\/productos\/millesime-barrica-brut-nature-reserva-2022\/#breadcrumb\",\"itemListElement\":[{\"@type\":\"ListItem\",\"position\":1,\"name\":\"Portada\",\"item\":\"https:\/\/pagodetharsys.com\/tienda\/\"},{\"@type\":\"ListItem\",\"position\":2,\"name\":\"Products\",\"item\":\"https:\/\/pagodetharsys.com\/tienda\/en\/\"},{\"@type\":\"ListItem\",\"position\":3,\"name\":\"PAGO DE THARSYS | MILL\u00c9SIME BARRICA BRUT NATURE RESERVA 2022\"}]},{\"@type\":\"WebSite\",\"@id\":\"https:\/\/pagodetharsys.com\/tienda\/#website\",\"url\":\"https:\/\/pagodetharsys.com\/tienda\/\",\"name\":\"Pago de Tharsys\",\"description\":\"Una experiencia sensorial que llega m\u00e1s all\u00e1 de una copa de vino\",\"publisher\":{\"@id\":\"https:\/\/pagodetharsys.com\/tienda\/#organization\"},\"potentialAction\":[{\"@type\":\"SearchAction\",\"target\":{\"@type\":\"EntryPoint\",\"urlTemplate\":\"https:\/\/pagodetharsys.com\/tienda\/?s={search_term_string}\"},\"query-input\":{\"@type\":\"PropertyValueSpecification\",\"valueRequired\":true,\"valueName\":\"search_term_string\"}}],\"inLanguage\":\"es\"},{\"@type\":\"Organization\",\"@id\":\"https:\/\/pagodetharsys.com\/tienda\/#organization\",\"name\":\"Pago de Tharsys\",\"url\":\"https:\/\/pagodetharsys.com\/tienda\/\",\"logo\":{\"@type\":\"ImageObject\",\"inLanguage\":\"es\",\"@id\":\"https:\/\/pagodetharsys.com\/tienda\/#\/schema\/logo\/image\/\",\"url\":\"https:\/\/pagodetharsys.com\/tienda\/wp-content\/uploads\/2025\/12\/logo-pagodetharsys-2025.svg\",\"contentUrl\":\"https:\/\/pagodetharsys.com\/tienda\/wp-content\/uploads\/2025\/12\/logo-pagodetharsys-2025.svg\",\"width\":100,\"height\":100,\"caption\":\"Pago de Tharsys\"},\"image\":{\"@id\":\"https:\/\/pagodetharsys.com\/tienda\/#\/schema\/logo\/image\/\"},\"sameAs\":[\"https:\/\/www.facebook.com\/pagodetharsys\/\",\"https:\/\/x.com\/pagodetharsys\",\"https:\/\/www.instagram.com\/pagodetharsys\/\"]}]}<\/script>\n<!-- \/ Yoast SEO plugin. -->","yoast_head_json":{"title":"Mill\u00e9sime Barrica Brut Nature Reserva 2022 | Pago de Tharsys","description":"Mill\u00e9sime Barrica Brut Nature Reserva 2022 Chardonnay con crianza en barrica y m\u00e1s de 18 meses en rima. Complejo, elegante y perfecto para guardar.","robots":{"index":"index","follow":"follow","max-snippet":"max-snippet:-1","max-image-preview":"max-image-preview:large","max-video-preview":"max-video-preview:-1"},"canonical":"https:\/\/pagodetharsys.com\/tienda\/productos\/millesime-barrica-brut-nature-reserva-2022\/","og_locale":"es_ES","og_type":"article","og_title":"Mill\u00e9sime Barrica Brut Nature Reserva 2022 | Pago de Tharsys","og_description":"Mill\u00e9sime Barrica Brut Nature Reserva 2022 Chardonnay con crianza en barrica y m\u00e1s de 18 meses en rima. Complejo, elegante y perfecto para guardar.","og_url":"https:\/\/pagodetharsys.com\/tienda\/productos\/millesime-barrica-brut-nature-reserva-2022\/","og_site_name":"Pago de Tharsys","article_publisher":"https:\/\/www.facebook.com\/pagodetharsys\/","article_modified_time":"2026-03-12T12:07:38+00:00","og_image":[{"width":1607,"height":2560,"url":"https:\/\/pagodetharsys.com\/tienda\/wp-content\/uploads\/2020\/07\/Pago-de-Tharsys-Millesime-Barrica-2022-scaled.jpg","type":"image\/jpeg"}],"twitter_card":"summary_large_image","twitter_site":"@pagodetharsys","twitter_misc":{"Tiempo de lectura":"2 minutos"},"schema":{"@context":"https:\/\/schema.org","@graph":[{"@type":"WebPage","@id":"https:\/\/pagodetharsys.com\/tienda\/productos\/millesime-barrica-brut-nature-reserva-2022\/","url":"https:\/\/pagodetharsys.com\/tienda\/productos\/millesime-barrica-brut-nature-reserva-2022\/","name":"Mill\u00e9sime Barrica Brut Nature Reserva 2022 | Pago de Tharsys","isPartOf":{"@id":"https:\/\/pagodetharsys.com\/tienda\/#website"},"primaryImageOfPage":{"@id":"https:\/\/pagodetharsys.com\/tienda\/productos\/millesime-barrica-brut-nature-reserva-2022\/#primaryimage"},"image":{"@id":"https:\/\/pagodetharsys.com\/tienda\/productos\/millesime-barrica-brut-nature-reserva-2022\/#primaryimage"},"thumbnailUrl":"https:\/\/pagodetharsys.com\/tienda\/wp-content\/uploads\/2020\/07\/Pago-de-Tharsys-Millesime-Barrica-2022-scaled.jpg","datePublished":"2020-07-16T08:25:40+00:00","dateModified":"2026-03-12T12:07:38+00:00","description":"Mill\u00e9sime Barrica Brut Nature Reserva 2022 Chardonnay con crianza en barrica y m\u00e1s de 18 meses en rima. Complejo, elegante y perfecto para guardar.","breadcrumb":{"@id":"https:\/\/pagodetharsys.com\/tienda\/productos\/millesime-barrica-brut-nature-reserva-2022\/#breadcrumb"},"inLanguage":"es","potentialAction":[{"@type":"ReadAction","target":["https:\/\/pagodetharsys.com\/tienda\/productos\/millesime-barrica-brut-nature-reserva-2022\/"]}]},{"@type":"ImageObject","inLanguage":"es","@id":"https:\/\/pagodetharsys.com\/tienda\/productos\/millesime-barrica-brut-nature-reserva-2022\/#primaryimage","url":"https:\/\/pagodetharsys.com\/tienda\/wp-content\/uploads\/2020\/07\/Pago-de-Tharsys-Millesime-Barrica-2022-scaled.jpg","contentUrl":"https:\/\/pagodetharsys.com\/tienda\/wp-content\/uploads\/2020\/07\/Pago-de-Tharsys-Millesime-Barrica-2022-scaled.jpg","width":1607,"height":2560},{"@type":"BreadcrumbList","@id":"https:\/\/pagodetharsys.com\/tienda\/productos\/millesime-barrica-brut-nature-reserva-2022\/#breadcrumb","itemListElement":[{"@type":"ListItem","position":1,"name":"Portada","item":"https:\/\/pagodetharsys.com\/tienda\/"},{"@type":"ListItem","position":2,"name":"Products","item":"https:\/\/pagodetharsys.com\/tienda\/en\/"},{"@type":"ListItem","position":3,"name":"PAGO DE THARSYS | MILL\u00c9SIME BARRICA BRUT NATURE RESERVA 2022"}]},{"@type":"WebSite","@id":"https:\/\/pagodetharsys.com\/tienda\/#website","url":"https:\/\/pagodetharsys.com\/tienda\/","name":"Pago de Tharsys","description":"Una experiencia sensorial que llega m\u00e1s all\u00e1 de una copa de vino","publisher":{"@id":"https:\/\/pagodetharsys.com\/tienda\/#organization"},"potentialAction":[{"@type":"SearchAction","target":{"@type":"EntryPoint","urlTemplate":"https:\/\/pagodetharsys.com\/tienda\/?s={search_term_string}"},"query-input":{"@type":"PropertyValueSpecification","valueRequired":true,"valueName":"search_term_string"}}],"inLanguage":"es"},{"@type":"Organization","@id":"https:\/\/pagodetharsys.com\/tienda\/#organization","name":"Pago de Tharsys","url":"https:\/\/pagodetharsys.com\/tienda\/","logo":{"@type":"ImageObject","inLanguage":"es","@id":"https:\/\/pagodetharsys.com\/tienda\/#\/schema\/logo\/image\/","url":"https:\/\/pagodetharsys.com\/tienda\/wp-content\/uploads\/2025\/12\/logo-pagodetharsys-2025.svg","contentUrl":"https:\/\/pagodetharsys.com\/tienda\/wp-content\/uploads\/2025\/12\/logo-pagodetharsys-2025.svg","width":100,"height":100,"caption":"Pago de Tharsys"},"image":{"@id":"https:\/\/pagodetharsys.com\/tienda\/#\/schema\/logo\/image\/"},"sameAs":["https:\/\/www.facebook.com\/pagodetharsys\/","https:\/\/x.com\/pagodetharsys","https:\/\/www.instagram.com\/pagodetharsys\/"]}]}},"_links":{"self":[{"href":"https:\/\/pagodetharsys.com\/tienda\/wp-json\/wp\/v2\/product\/37066","targetHints":{"allow":["GET"]}}],"collection":[{"href":"https:\/\/pagodetharsys.com\/tienda\/wp-json\/wp\/v2\/product"}],"about":[{"href":"https:\/\/pagodetharsys.com\/tienda\/wp-json\/wp\/v2\/types\/product"}],"replies":[{"embeddable":true,"href":"https:\/\/pagodetharsys.com\/tienda\/wp-json\/wp\/v2\/comments?post=37066"}],"wp:featuredmedia":[{"embeddable":true,"href":"https:\/\/pagodetharsys.com\/tienda\/wp-json\/wp\/v2\/media\/663625"}],"wp:attachment":[{"href":"https:\/\/pagodetharsys.com\/tienda\/wp-json\/wp\/v2\/media?parent=37066"}],"wp:term":[{"taxonomy":"product_brand","embeddable":true,"href":"https:\/\/pagodetharsys.com\/tienda\/wp-json\/wp\/v2\/product_brand?post=37066"},{"taxonomy":"product_cat","embeddable":true,"href":"https:\/\/pagodetharsys.com\/tienda\/wp-json\/wp\/v2\/product_cat?post=37066"},{"taxonomy":"product_tag","embeddable":true,"href":"https:\/\/pagodetharsys.com\/tienda\/wp-json\/wp\/v2\/product_tag?post=37066"}],"curies":[{"name":"wp","href":"https:\/\/api.w.org\/{rel}","templated":true}]}}