{"id":667987,"date":"2025-08-12T11:57:45","date_gmt":"2025-08-12T09:57:45","guid":{"rendered":"https:\/\/pagodetharsys.com\/tienda\/?post_type=product&#038;p=667987"},"modified":"2025-10-28T10:22:29","modified_gmt":"2025-10-28T09:22:29","slug":"regala-visita-premium","status":"publish","type":"product","link":"https:\/\/pagodetharsys.com\/tienda\/productos\/regala-visita-premium\/","title":{"rendered":"REGALA VISITA PREMIUM"},"content":{"rendered":"<h2>Regala Visita Premium \u2013 Enoturismo en Pago de Tharsys con cata y maridaje<\/h2>\n<p>La <strong>visita premium de Pago de Tharsys <\/strong>es el regalo perfecto para disfrutar de una experiencia dise\u00f1ada para quienes desean descubrir el vino desde dentro, con un recorrido detallado y exclusivo. Nuestra bodega ecol\u00f3gica, ubicada en Requena (Valencia), ofrece una oportunidad \u00fanica de sumergirse en la historia del vino, el paisaje del vi\u00f1edo y el coraz\u00f3n de la elaboraci\u00f3n. Durante la visita Premium recorrer\u00e1s los vi\u00f1edos ecol\u00f3gicos donde conocer\u00e1s las variedades cultivadas, los ciclos de la vid y nuestras pr\u00e1cticas de cultivo sostenible. A continuaci\u00f3n, acceder\u00e1s a la bodega de elaboraci\u00f3n, la cava subterr\u00e1nea y los espacios donde maduran los vinos y espumosos, con una explicaci\u00f3n completa del proceso, desde la vendimia hasta el deg\u00fcelle de los cavas. La experiencia finaliza con una <strong>cata comentada de tres vinos o cavas<\/strong>, seleccionados entre nuestras referencias m\u00e1s representativas, y acompa\u00f1ados de una <strong>degustaci\u00f3n de embutidos artesanos<\/strong> de la zona. Una propuesta pensada para quienes buscan un maridaje aut\u00e9ntico entre vino, gastronom\u00eda y cultura local. <strong><em>\u00bfTe gustar\u00eda alargar tu experiencia enotur\u00edstica? <a href=\"https:\/\/pagodetharsys.com\/hotel\/\" target=\"_blank\" rel=\"noopener\">Conoce nuestro hotel y las experiencias que ofrecemos<\/a> para convertir tu visita en una escapada inolvidable rodeada de vi\u00f1edos, silencio y buen vino.<\/em><\/strong><\/p>\n<h2>Horarios de la visita Premium<\/h2>\n<ul>\n<li><strong>Lunes a s\u00e1bado:<\/strong> 11:00 h \u00b7 12:30 h \u00b7 16:15 h<\/li>\n<li><strong>Domingos:<\/strong> 11:00 h \u00b7 12:30 h<\/li>\n<\/ul>\n<p style=\"text-align: center;\" data-start=\"85\" data-end=\"326\"><em><strong>Al comprar este producto, recibir\u00e1s en tu email un bono regalo listo para disfrutar o regalar.<\/strong><\/em><br data-start=\"201\" data-end=\"204\" \/><em><strong>Si deseas personalizarlo, ind\u00edcanos la dedicatoria y el nombre de la persona destinataria al realizar tu pedido en el apartado de observaciones.<\/strong><\/em><\/p>\n<p style=\"text-align: center;\" data-start=\"328\" data-end=\"486\"><em><strong>Para canjear el bono, solo tendr\u00e1s que ponerte en contacto con nosotros por email o tel\u00e9fono para comprobar la disponibilidad y realizar tu reserva.<\/strong><\/em><\/p>\n<p style=\"text-align: center;\" data-start=\"488\" data-end=\"534\"><em><strong>Validez: 1 a\u00f1o desde la fecha de compra.<\/strong><\/em><\/p>\n<h2>Informaci\u00f3n y reservas<\/h2>\n<p><strong>Tel\u00e9fono:<\/strong> <a href=\"tel:+34962303354\">+34 96 230 33 54<\/a> <strong>Email:<\/strong> <a href=\"mailto:bodega@pagodetharsys.com\">bodega@pagodetharsys.com<\/a> <strong><em>\u00bfQuieres regalar esta experiencia con un detalle a\u00fan m\u00e1s especial? Descubre la opci\u00f3n de <a href=\"https:\/\/pagodetharsys.com\/tienda\/productos\/visita-con-regalo\/\" target=\"_blank\" rel=\"noopener\">Visita Premium con 2 botellas de regalo<\/a> y sorprende con un bono \u00fanico y personalizado.<\/em><\/strong><\/p>\n","protected":false},"excerpt":{"rendered":"<p style=\"text-align: left;\"><em><strong data-start=\"54\" data-end=\"101\">Regala la Visita Premium de Pago de Tharsys<\/strong><\/em><br data-start=\"101\" data-end=\"104\" \/>Sorprende con una experiencia \u00fanica en nuestra bodega: un recorrido por el vi\u00f1edo y bodega, descubriendo la historia y secretos de nuestros vinos, con una degustaci\u00f3n especial que enamorar\u00e1 a todos los sentidos.<\/p>\n<p>Env\u00edo del bono por email.<\/p>\n","protected":false},"featured_media":667992,"comment_status":"closed","ping_status":"closed","template":"","meta":{"inline_featured_image":false,"site-sidebar-layout":"default","site-content-layout":"","ast-site-content-layout":"default","site-content-style":"default","site-sidebar-style":"default","ast-global-header-display":"","ast-banner-title-visibility":"","ast-main-header-display":"","ast-hfb-above-header-display":"","ast-hfb-below-header-display":"","ast-hfb-mobile-header-display":"","site-post-title":"","ast-breadcrumbs-content":"","ast-featured-img":"","footer-sml-layout":"","ast-disable-related-posts":"","theme-transparent-header-meta":"default","adv-header-id-meta":"","stick-header-meta":"default","header-above-stick-meta":"","header-main-stick-meta":"","header-below-stick-meta":"","astra-migrate-meta-layouts":"set","ast-page-background-enabled":"default","ast-page-background-meta":{"desktop":{"background-color":"var(--ast-global-color-4)","background-image":"","background-repeat":"repeat","background-position":"center center","background-size":"auto","background-attachment":"scroll","background-type":"","background-media":"","overlay-type":"","overlay-color":"","overlay-opacity":"","overlay-gradient":""},"tablet":{"background-color":"","background-image":"","background-repeat":"repeat","background-position":"center center","background-size":"auto","background-attachment":"scroll","background-type":"","background-media":"","overlay-type":"","overlay-color":"","overlay-opacity":"","overlay-gradient":""},"mobile":{"background-color":"","background-image":"","background-repeat":"repeat","background-position":"center center","background-size":"auto","background-attachment":"scroll","background-type":"","background-media":"","overlay-type":"","overlay-color":"","overlay-opacity":"","overlay-gradient":""}},"ast-content-background-meta":{"desktop":{"background-color":"var(--ast-global-color-5)","background-image":"","background-repeat":"repeat","background-position":"center center","background-size":"auto","background-attachment":"scroll","background-type":"","background-media":"","overlay-type":"","overlay-color":"","overlay-opacity":"","overlay-gradient":""},"tablet":{"background-color":"var(--ast-global-color-5)","background-image":"","background-repeat":"repeat","background-position":"center center","background-size":"auto","background-attachment":"scroll","background-type":"","background-media":"","overlay-type":"","overlay-color":"","overlay-opacity":"","overlay-gradient":""},"mobile":{"background-color":"var(--ast-global-color-5)","background-image":"","background-repeat":"repeat","background-position":"center center","background-size":"auto","background-attachment":"scroll","background-type":"","background-media":"","overlay-type":"","overlay-color":"","overlay-opacity":"","overlay-gradient":""}}},"product_brand":[],"product_cat":[1985],"product_tag":[1901,1900,1902,1904,1892,1903,1873],"class_list":{"0":"post-667987","1":"product","2":"type-product","3":"status-publish","4":"has-post-thumbnail","6":"product_cat-enoturismo","7":"product_tag-catas","8":"product_tag-enoturismo","9":"product_tag-premium","10":"product_tag-vinedo","11":"product_tag-visita-guiada","12":"product_tag-visitar-bodega","13":"product_tag-visitas","14":"desktop-align-left","15":"tablet-align-left","16":"mobile-align-left","17":"ast-product-gallery-layout-vertical-slider","18":"ast-magnify-disabled","19":"ast-product-tabs-layout-accordion","21":"first","22":"instock","23":"virtual","24":"taxable","25":"purchasable","26":"product-type-simple"},"yoast_head":"<!-- This site is optimized with the Yoast SEO plugin v27.2 - https:\/\/yoast.com\/product\/yoast-seo-wordpress\/ -->\n<title>Regala Visita Premium | Pago de Tharsys<\/title>\n<meta name=\"description\" content=\"Regala la visita premium de Pago de Tharsys recorre vi\u00f1edo y bodega, cata tres vinos y embutidos artesanos. Bono regalo enviado por email.\" \/>\n<meta name=\"robots\" content=\"index, follow, max-snippet:-1, max-image-preview:large, max-video-preview:-1\" \/>\n<link rel=\"canonical\" href=\"https:\/\/pagodetharsys.com\/tienda\/productos\/regala-visita-premium\/\" \/>\n<meta property=\"og:locale\" content=\"es_ES\" \/>\n<meta property=\"og:type\" content=\"article\" \/>\n<meta property=\"og:title\" content=\"Regala Visita Premium | Pago de Tharsys\" \/>\n<meta property=\"og:description\" content=\"Regala la visita premium de Pago de Tharsys recorre vi\u00f1edo y bodega, cata tres vinos y embutidos artesanos. Bono regalo enviado por email.\" \/>\n<meta property=\"og:url\" content=\"https:\/\/pagodetharsys.com\/tienda\/productos\/regala-visita-premium\/\" \/>\n<meta property=\"og:site_name\" content=\"Pago de Tharsys\" \/>\n<meta property=\"article:publisher\" content=\"https:\/\/www.facebook.com\/pagodetharsys\/\" \/>\n<meta property=\"article:modified_time\" content=\"2025-10-28T09:22:29+00:00\" \/>\n<meta property=\"og:image\" content=\"https:\/\/pagodetharsys.com\/tienda\/wp-content\/uploads\/2025\/08\/ChatGPT-Image-12-ago-2025-12_16_43-1-970x1024.png\" \/>\n\t<meta property=\"og:image:width\" content=\"970\" \/>\n\t<meta property=\"og:image:height\" content=\"1024\" \/>\n\t<meta property=\"og:image:type\" content=\"image\/png\" \/>\n<meta name=\"twitter:card\" content=\"summary_large_image\" \/>\n<meta name=\"twitter:site\" content=\"@pagodetharsys\" \/>\n<meta name=\"twitter:label1\" content=\"Tiempo de lectura\" \/>\n\t<meta name=\"twitter:data1\" content=\"2 minutos\" \/>\n<script type=\"application\/ld+json\" class=\"yoast-schema-graph\">{\"@context\":\"https:\/\/schema.org\",\"@graph\":[{\"@type\":\"WebPage\",\"@id\":\"https:\/\/pagodetharsys.com\/tienda\/productos\/regala-visita-premium\/\",\"url\":\"https:\/\/pagodetharsys.com\/tienda\/productos\/regala-visita-premium\/\",\"name\":\"Regala Visita Premium | Pago de Tharsys\",\"isPartOf\":{\"@id\":\"https:\/\/pagodetharsys.com\/tienda\/#website\"},\"primaryImageOfPage\":{\"@id\":\"https:\/\/pagodetharsys.com\/tienda\/productos\/regala-visita-premium\/#primaryimage\"},\"image\":{\"@id\":\"https:\/\/pagodetharsys.com\/tienda\/productos\/regala-visita-premium\/#primaryimage\"},\"thumbnailUrl\":\"https:\/\/pagodetharsys.com\/tienda\/wp-content\/uploads\/2025\/08\/ChatGPT-Image-12-ago-2025-12_16_43-1.png\",\"datePublished\":\"2025-08-12T09:57:45+00:00\",\"dateModified\":\"2025-10-28T09:22:29+00:00\",\"description\":\"Regala la visita premium de Pago de Tharsys recorre vi\u00f1edo y bodega, cata tres vinos y embutidos artesanos. Bono regalo enviado por email.\",\"breadcrumb\":{\"@id\":\"https:\/\/pagodetharsys.com\/tienda\/productos\/regala-visita-premium\/#breadcrumb\"},\"inLanguage\":\"es\",\"potentialAction\":[{\"@type\":\"ReadAction\",\"target\":[\"https:\/\/pagodetharsys.com\/tienda\/productos\/regala-visita-premium\/\"]}]},{\"@type\":\"ImageObject\",\"inLanguage\":\"es\",\"@id\":\"https:\/\/pagodetharsys.com\/tienda\/productos\/regala-visita-premium\/#primaryimage\",\"url\":\"https:\/\/pagodetharsys.com\/tienda\/wp-content\/uploads\/2025\/08\/ChatGPT-Image-12-ago-2025-12_16_43-1.png\",\"contentUrl\":\"https:\/\/pagodetharsys.com\/tienda\/wp-content\/uploads\/2025\/08\/ChatGPT-Image-12-ago-2025-12_16_43-1.png\",\"width\":1024,\"height\":1081},{\"@type\":\"BreadcrumbList\",\"@id\":\"https:\/\/pagodetharsys.com\/tienda\/productos\/regala-visita-premium\/#breadcrumb\",\"itemListElement\":[{\"@type\":\"ListItem\",\"position\":1,\"name\":\"Portada\",\"item\":\"https:\/\/pagodetharsys.com\/tienda\/\"},{\"@type\":\"ListItem\",\"position\":2,\"name\":\"Products\",\"item\":\"https:\/\/pagodetharsys.com\/tienda\/en\/\"},{\"@type\":\"ListItem\",\"position\":3,\"name\":\"REGALA VISITA PREMIUM\"}]},{\"@type\":\"WebSite\",\"@id\":\"https:\/\/pagodetharsys.com\/tienda\/#website\",\"url\":\"https:\/\/pagodetharsys.com\/tienda\/\",\"name\":\"Pago de Tharsys\",\"description\":\"Una experiencia sensorial que llega m\u00e1s all\u00e1 de una copa de vino\",\"publisher\":{\"@id\":\"https:\/\/pagodetharsys.com\/tienda\/#organization\"},\"potentialAction\":[{\"@type\":\"SearchAction\",\"target\":{\"@type\":\"EntryPoint\",\"urlTemplate\":\"https:\/\/pagodetharsys.com\/tienda\/?s={search_term_string}\"},\"query-input\":{\"@type\":\"PropertyValueSpecification\",\"valueRequired\":true,\"valueName\":\"search_term_string\"}}],\"inLanguage\":\"es\"},{\"@type\":\"Organization\",\"@id\":\"https:\/\/pagodetharsys.com\/tienda\/#organization\",\"name\":\"Pago de Tharsys\",\"url\":\"https:\/\/pagodetharsys.com\/tienda\/\",\"logo\":{\"@type\":\"ImageObject\",\"inLanguage\":\"es\",\"@id\":\"https:\/\/pagodetharsys.com\/tienda\/#\/schema\/logo\/image\/\",\"url\":\"https:\/\/pagodetharsys.com\/tienda\/wp-content\/uploads\/2025\/12\/logo-pagodetharsys-2025.svg\",\"contentUrl\":\"https:\/\/pagodetharsys.com\/tienda\/wp-content\/uploads\/2025\/12\/logo-pagodetharsys-2025.svg\",\"width\":100,\"height\":100,\"caption\":\"Pago de Tharsys\"},\"image\":{\"@id\":\"https:\/\/pagodetharsys.com\/tienda\/#\/schema\/logo\/image\/\"},\"sameAs\":[\"https:\/\/www.facebook.com\/pagodetharsys\/\",\"https:\/\/x.com\/pagodetharsys\",\"https:\/\/www.instagram.com\/pagodetharsys\/\"]}]}<\/script>\n<!-- \/ Yoast SEO plugin. -->","yoast_head_json":{"title":"Regala Visita Premium | Pago de Tharsys","description":"Regala la visita premium de Pago de Tharsys recorre vi\u00f1edo y bodega, cata tres vinos y embutidos artesanos. Bono regalo enviado por email.","robots":{"index":"index","follow":"follow","max-snippet":"max-snippet:-1","max-image-preview":"max-image-preview:large","max-video-preview":"max-video-preview:-1"},"canonical":"https:\/\/pagodetharsys.com\/tienda\/productos\/regala-visita-premium\/","og_locale":"es_ES","og_type":"article","og_title":"Regala Visita Premium | Pago de Tharsys","og_description":"Regala la visita premium de Pago de Tharsys recorre vi\u00f1edo y bodega, cata tres vinos y embutidos artesanos. Bono regalo enviado por email.","og_url":"https:\/\/pagodetharsys.com\/tienda\/productos\/regala-visita-premium\/","og_site_name":"Pago de Tharsys","article_publisher":"https:\/\/www.facebook.com\/pagodetharsys\/","article_modified_time":"2025-10-28T09:22:29+00:00","og_image":[{"width":970,"height":1024,"url":"https:\/\/pagodetharsys.com\/tienda\/wp-content\/uploads\/2025\/08\/ChatGPT-Image-12-ago-2025-12_16_43-1-970x1024.png","type":"image\/png"}],"twitter_card":"summary_large_image","twitter_site":"@pagodetharsys","twitter_misc":{"Tiempo de lectura":"2 minutos"},"schema":{"@context":"https:\/\/schema.org","@graph":[{"@type":"WebPage","@id":"https:\/\/pagodetharsys.com\/tienda\/productos\/regala-visita-premium\/","url":"https:\/\/pagodetharsys.com\/tienda\/productos\/regala-visita-premium\/","name":"Regala Visita Premium | Pago de Tharsys","isPartOf":{"@id":"https:\/\/pagodetharsys.com\/tienda\/#website"},"primaryImageOfPage":{"@id":"https:\/\/pagodetharsys.com\/tienda\/productos\/regala-visita-premium\/#primaryimage"},"image":{"@id":"https:\/\/pagodetharsys.com\/tienda\/productos\/regala-visita-premium\/#primaryimage"},"thumbnailUrl":"https:\/\/pagodetharsys.com\/tienda\/wp-content\/uploads\/2025\/08\/ChatGPT-Image-12-ago-2025-12_16_43-1.png","datePublished":"2025-08-12T09:57:45+00:00","dateModified":"2025-10-28T09:22:29+00:00","description":"Regala la visita premium de Pago de Tharsys recorre vi\u00f1edo y bodega, cata tres vinos y embutidos artesanos. Bono regalo enviado por email.","breadcrumb":{"@id":"https:\/\/pagodetharsys.com\/tienda\/productos\/regala-visita-premium\/#breadcrumb"},"inLanguage":"es","potentialAction":[{"@type":"ReadAction","target":["https:\/\/pagodetharsys.com\/tienda\/productos\/regala-visita-premium\/"]}]},{"@type":"ImageObject","inLanguage":"es","@id":"https:\/\/pagodetharsys.com\/tienda\/productos\/regala-visita-premium\/#primaryimage","url":"https:\/\/pagodetharsys.com\/tienda\/wp-content\/uploads\/2025\/08\/ChatGPT-Image-12-ago-2025-12_16_43-1.png","contentUrl":"https:\/\/pagodetharsys.com\/tienda\/wp-content\/uploads\/2025\/08\/ChatGPT-Image-12-ago-2025-12_16_43-1.png","width":1024,"height":1081},{"@type":"BreadcrumbList","@id":"https:\/\/pagodetharsys.com\/tienda\/productos\/regala-visita-premium\/#breadcrumb","itemListElement":[{"@type":"ListItem","position":1,"name":"Portada","item":"https:\/\/pagodetharsys.com\/tienda\/"},{"@type":"ListItem","position":2,"name":"Products","item":"https:\/\/pagodetharsys.com\/tienda\/en\/"},{"@type":"ListItem","position":3,"name":"REGALA VISITA PREMIUM"}]},{"@type":"WebSite","@id":"https:\/\/pagodetharsys.com\/tienda\/#website","url":"https:\/\/pagodetharsys.com\/tienda\/","name":"Pago de Tharsys","description":"Una experiencia sensorial que llega m\u00e1s all\u00e1 de una copa de vino","publisher":{"@id":"https:\/\/pagodetharsys.com\/tienda\/#organization"},"potentialAction":[{"@type":"SearchAction","target":{"@type":"EntryPoint","urlTemplate":"https:\/\/pagodetharsys.com\/tienda\/?s={search_term_string}"},"query-input":{"@type":"PropertyValueSpecification","valueRequired":true,"valueName":"search_term_string"}}],"inLanguage":"es"},{"@type":"Organization","@id":"https:\/\/pagodetharsys.com\/tienda\/#organization","name":"Pago de Tharsys","url":"https:\/\/pagodetharsys.com\/tienda\/","logo":{"@type":"ImageObject","inLanguage":"es","@id":"https:\/\/pagodetharsys.com\/tienda\/#\/schema\/logo\/image\/","url":"https:\/\/pagodetharsys.com\/tienda\/wp-content\/uploads\/2025\/12\/logo-pagodetharsys-2025.svg","contentUrl":"https:\/\/pagodetharsys.com\/tienda\/wp-content\/uploads\/2025\/12\/logo-pagodetharsys-2025.svg","width":100,"height":100,"caption":"Pago de Tharsys"},"image":{"@id":"https:\/\/pagodetharsys.com\/tienda\/#\/schema\/logo\/image\/"},"sameAs":["https:\/\/www.facebook.com\/pagodetharsys\/","https:\/\/x.com\/pagodetharsys","https:\/\/www.instagram.com\/pagodetharsys\/"]}]}},"_links":{"self":[{"href":"https:\/\/pagodetharsys.com\/tienda\/wp-json\/wp\/v2\/product\/667987","targetHints":{"allow":["GET"]}}],"collection":[{"href":"https:\/\/pagodetharsys.com\/tienda\/wp-json\/wp\/v2\/product"}],"about":[{"href":"https:\/\/pagodetharsys.com\/tienda\/wp-json\/wp\/v2\/types\/product"}],"replies":[{"embeddable":true,"href":"https:\/\/pagodetharsys.com\/tienda\/wp-json\/wp\/v2\/comments?post=667987"}],"wp:featuredmedia":[{"embeddable":true,"href":"https:\/\/pagodetharsys.com\/tienda\/wp-json\/wp\/v2\/media\/667992"}],"wp:attachment":[{"href":"https:\/\/pagodetharsys.com\/tienda\/wp-json\/wp\/v2\/media?parent=667987"}],"wp:term":[{"taxonomy":"product_brand","embeddable":true,"href":"https:\/\/pagodetharsys.com\/tienda\/wp-json\/wp\/v2\/product_brand?post=667987"},{"taxonomy":"product_cat","embeddable":true,"href":"https:\/\/pagodetharsys.com\/tienda\/wp-json\/wp\/v2\/product_cat?post=667987"},{"taxonomy":"product_tag","embeddable":true,"href":"https:\/\/pagodetharsys.com\/tienda\/wp-json\/wp\/v2\/product_tag?post=667987"}],"curies":[{"name":"wp","href":"https:\/\/api.w.org\/{rel}","templated":true}]}}