{"id":679620,"date":"2026-02-19T09:34:58","date_gmt":"2026-02-19T08:34:58","guid":{"rendered":"https:\/\/pagodetharsys.com\/tienda\/?post_type=product&#038;p=679620"},"modified":"2026-04-20T22:34:16","modified_gmt":"2026-04-20T20:34:16","slug":"cocina-japo-tharsys","status":"publish","type":"product","link":"https:\/\/pagodetharsys.com\/tienda\/productos\/cocina-japo-tharsys\/","title":{"rendered":"COCINA JAPO &#038; THARSYS"},"content":{"rendered":"<h2 style=\"text-align: center;\">COCINA JAPO &amp; THARSYS<\/h2>\n<h4 style=\"text-align: center;\" data-start=\"27\" data-end=\"110\"><strong data-start=\"27\" data-end=\"57\">S\u00e1bado, 2 de mayo de 2026<\/strong><br data-start=\"57\" data-end=\"60\" \/><strong data-start=\"60\" data-end=\"71\">12:00 h<\/strong><br data-start=\"71\" data-end=\"74\" \/><strong data-start=\"74\" data-end=\"84\">Lugar:<\/strong> Pago de Tharsys (Requena)<\/h4>\n<p>&nbsp;<\/p>\n<p style=\"text-align: center;\">Un encuentro entre dos culturas unidas por la precisi\u00f3n y el respeto al producto.<\/p>\n<p style=\"text-align: center;\">Te invitamos a descubrir cinco vinos y cavas de Pago de Tharsys armonizados con cinco bocados de cocina japonesa creados para potenciar cada matiz. Burbujas que limpian y elevan, blancos que acarician el umami, tintos que sorprenden con su equilibrio\u2026 No es solo una cata. Es una experiencia de contraste, textura y emoci\u00f3n.<\/p>\n<p style=\"text-align: center;\">Nuestro sumiller <strong data-start=\"727\" data-end=\"741\">Jes\u00fas Cobos<\/strong> guiar\u00e1 la degustaci\u00f3n, desvelando las claves de cada vino y el porqu\u00e9 de su armonizaci\u00f3n con los bocados elaborados por el chef <strong data-start=\"870\" data-end=\"897\">Vlad (Shenu @shenu.vlc)<\/strong>, en una propuesta creada exclusivamente para esta jornada.<\/p>\n<h2 style=\"text-align: center;\" data-start=\"963\" data-end=\"992\">Detalle de las armon\u00edas<\/h2>\n<p style=\"text-align: center;\" data-start=\"996\" data-end=\"1092\"><strong data-start=\"996\" data-end=\"1042\">Pago de Tharsys Cer\u00e1mica Gran Reserva 2019<\/strong><br data-start=\"1042\" data-end=\"1045\" \/>con <em data-start=\"1051\" data-end=\"1092\">Gyoza de langostinos, col china y shiso<\/em><\/p>\n<p style=\"text-align: center;\" data-start=\"1096\" data-end=\"1217\"><strong data-start=\"1096\" data-end=\"1154\">Pago de Tharsys Mill\u00e9sime Blanc de Blancs Reserva 2023<\/strong><br data-start=\"1154\" data-end=\"1157\" \/>con <em data-start=\"1163\" data-end=\"1217\">Hoja de pepino y tartar de chutoro con kizami wasabi<\/em><\/p>\n<p style=\"text-align: center;\" data-start=\"1221\" data-end=\"1313\"><strong data-start=\"1221\" data-end=\"1256\">Vendimia Nocturna Albari\u00f1o 2024<\/strong><br data-start=\"1256\" data-end=\"1259\" \/>con <em data-start=\"1265\" data-end=\"1313\">Ceviche de pez lim\u00f3n, boniato y leche de tigre<\/em><\/p>\n<p style=\"text-align: center;\" data-start=\"1317\" data-end=\"1387\"><strong data-start=\"1317\" data-end=\"1350\">Alegr\u00eda de Tharsys Bobal 2023<\/strong><br data-start=\"1350\" data-end=\"1353\" \/>con <em data-start=\"1359\" data-end=\"1387\">Sando de costilla de cerdo<\/em><\/p>\n<p style=\"text-align: center;\" data-start=\"1391\" data-end=\"1493\"><strong data-start=\"1391\" data-end=\"1438\">Pago de Tharsys Mill\u00e9sime Ros\u00e9 Reserva 2023<\/strong><br data-start=\"1438\" data-end=\"1441\" \/>con <em data-start=\"1447\" data-end=\"1493\">Salm\u00f3n Saikyo \/ Anguila Kabayaki sobre arroz<\/em><\/p>\n<p>&nbsp;<\/p>\n<h6 style=\"text-align: center;\" data-start=\"1500\" data-end=\"1545\"><strong data-start=\"1500\" data-end=\"1543\">Precio: 55 \u20ac por persona (IVA incluido)<\/strong><\/h6>\n<p style=\"text-align: center;\" data-start=\"1547\" data-end=\"1713\" data-is-last-node=\"\" data-is-only-node=\"\"><em>Plazas limitadas.<\/em><br data-start=\"1564\" data-end=\"1567\" \/><em>La experiencia \u00abCocina Japo &amp; Tharsys\u00bb est\u00e1 pensada para quienes buscan algo m\u00e1s que una cata: una vivencia gastron\u00f3mica de alto nivel en el entorno \u00fanico de Pago de Tharsys.<\/em><\/p>\n","protected":false},"excerpt":{"rendered":"<article class=\"text-token-text-primary w-full focus:outline-none [--shadow-height:45px] has-data-writing-block:pointer-events-none has-data-writing-block:-mt-(--shadow-height) has-data-writing-block:pt-(--shadow-height) [&amp;:has([data-writing-block])&gt;*]:pointer-events-auto scroll-mt-(--header-height)\" dir=\"auto\" tabindex=\"-1\" data-turn-id=\"a11cf1a0-f3df-4b81-8238-0dcbdb203d53\" data-testid=\"conversation-turn-3\" data-scroll-anchor=\"false\" data-turn=\"user\"><\/article>\n<article class=\"text-token-text-primary w-full focus:outline-none [--shadow-height:45px] has-data-writing-block:pointer-events-none has-data-writing-block:-mt-(--shadow-height) has-data-writing-block:pt-(--shadow-height) [&amp;:has([data-writing-block])&gt;*]:pointer-events-auto scroll-mt-[calc(var(--header-height)+min(200px,max(70px,20svh)))]\" dir=\"auto\" tabindex=\"-1\" data-turn-id=\"request-WEB:b5576295-eab7-4a01-893d-8ee6bc61d215-1\" data-testid=\"conversation-turn-4\" data-scroll-anchor=\"true\" data-turn=\"assistant\">\n<div class=\"text-base my-auto mx-auto pb-10 [--thread-content-margin:--spacing(4)] @w-sm\/main:[--thread-content-margin:--spacing(6)] @w-lg\/main:[--thread-content-margin:--spacing(16)] px-(--thread-content-margin)\">\n<div class=\"[--thread-content-max-width:40rem] @w-lg\/main:[--thread-content-max-width:48rem] mx-auto max-w-(--thread-content-max-width) flex-1 group\/turn-messages focus-visible:outline-hidden relative flex w-full min-w-0 flex-col agent-turn\" tabindex=\"-1\">\n<div class=\"flex max-w-full flex-col grow\">\n<div class=\"min-h-8 text-message relative flex w-full flex-col items-end gap-2 text-start break-words whitespace-normal [.text-message+&amp;]:mt-1\" dir=\"auto\" data-message-author-role=\"assistant\" data-message-id=\"2d526fe9-c5f0-4967-a05a-b9f4537921e6\" data-message-model-slug=\"gpt-5-2\">\n<div class=\"flex w-full flex-col gap-1 empty:hidden first:pt-[1px]\">\n<div class=\"markdown prose dark:prose-invert w-full wrap-break-word light markdown-new-styling\">\n<h3 data-start=\"0\" data-end=\"32\">\ud83c\udf63\ud83e\udd42 <strong>COCINA JAPO &amp; THARSYS<\/strong><\/h3>\n<p data-start=\"34\" data-end=\"128\"><strong>Un exclusivo encuentro entre la alta cocina japonesa y los vinos y cavas de Pago de Tharsys.<\/strong><\/p>\n<p data-start=\"130\" data-end=\"292\">\u2728 5 vinos &amp; cavas<br data-start=\"147\" data-end=\"150\" \/>\ud83c\udf71 5 bocados japoneses creados para armonizar<br data-start=\"195\" data-end=\"198\" \/>\ud83c\udf99\ufe0f Cata guiada por nuestro sumiller<br data-start=\"258\" data-end=\"261\" \/>\ud83d\uddd3\ufe0f 2 de Mayo 2026 \u00b7 12:00 h<\/p>\n<p data-start=\"294\" data-end=\"367\">Una experiencia gastron\u00f3mica sabrosa, sorprendente y llena de matices.<\/p>\n<\/div>\n<\/div>\n<\/div>\n<\/div>\n<\/div>\n<\/div>\n<\/article>\n","protected":false},"featured_media":680136,"comment_status":"closed","ping_status":"closed","template":"","meta":{"inline_featured_image":false,"site-sidebar-layout":"default","site-content-layout":"","ast-site-content-layout":"default","site-content-style":"default","site-sidebar-style":"default","ast-global-header-display":"","ast-banner-title-visibility":"","ast-main-header-display":"","ast-hfb-above-header-display":"","ast-hfb-below-header-display":"","ast-hfb-mobile-header-display":"","site-post-title":"","ast-breadcrumbs-content":"","ast-featured-img":"","footer-sml-layout":"","ast-disable-related-posts":"","theme-transparent-header-meta":"default","adv-header-id-meta":"","stick-header-meta":"default","header-above-stick-meta":"","header-main-stick-meta":"","header-below-stick-meta":"","astra-migrate-meta-layouts":"set","ast-page-background-enabled":"default","ast-page-background-meta":{"desktop":{"background-color":"var(--ast-global-color-4)","background-image":"","background-repeat":"repeat","background-position":"center center","background-size":"auto","background-attachment":"scroll","background-type":"","background-media":"","overlay-type":"","overlay-color":"","overlay-opacity":"","overlay-gradient":""},"tablet":{"background-color":"","background-image":"","background-repeat":"repeat","background-position":"center center","background-size":"auto","background-attachment":"scroll","background-type":"","background-media":"","overlay-type":"","overlay-color":"","overlay-opacity":"","overlay-gradient":""},"mobile":{"background-color":"","background-image":"","background-repeat":"repeat","background-position":"center center","background-size":"auto","background-attachment":"scroll","background-type":"","background-media":"","overlay-type":"","overlay-color":"","overlay-opacity":"","overlay-gradient":""}},"ast-content-background-meta":{"desktop":{"background-color":"var(--ast-global-color-5)","background-image":"","background-repeat":"repeat","background-position":"center center","background-size":"auto","background-attachment":"scroll","background-type":"","background-media":"","overlay-type":"","overlay-color":"","overlay-opacity":"","overlay-gradient":""},"tablet":{"background-color":"var(--ast-global-color-5)","background-image":"","background-repeat":"repeat","background-position":"center center","background-size":"auto","background-attachment":"scroll","background-type":"","background-media":"","overlay-type":"","overlay-color":"","overlay-opacity":"","overlay-gradient":""},"mobile":{"background-color":"var(--ast-global-color-5)","background-image":"","background-repeat":"repeat","background-position":"center center","background-size":"auto","background-attachment":"scroll","background-type":"","background-media":"","overlay-type":"","overlay-color":"","overlay-opacity":"","overlay-gradient":""}}},"product_brand":[],"product_cat":[1985,1718],"product_tag":[],"class_list":{"0":"post-679620","1":"product","2":"type-product","3":"status-publish","4":"has-post-thumbnail","6":"product_cat-enoturismo","7":"product_cat-visitas","8":"desktop-align-left","9":"tablet-align-left","10":"mobile-align-left","11":"ast-product-gallery-layout-vertical-slider","12":"ast-product-gallery-with-no-image","13":"ast-magnify-disabled","14":"ast-product-tabs-layout-accordion","16":"first","17":"instock","18":"virtual","19":"taxable","20":"purchasable","21":"product-type-simple"},"booking_location":null,"booking_location_type":null,"booking_duration":null,"booking_duration_unit":null,"booking_buffer":null,"booking_cost":null,"booking_resources":null,"yoast_head":"<!-- This site is optimized with the Yoast SEO plugin v27.4 - https:\/\/yoast.com\/product\/yoast-seo-wordpress\/ -->\n<title>COCINA JAPO &amp; THARSYS | Pago de Tharsys<\/title>\n<meta name=\"description\" content=\"Experiencia gastron\u00f3mica en Pago de Tharsys: 5 vinos y cavas armonizados con 5 creaciones de cocina japonesa. S\u00e1bado 2 de mayo de 2026. Plazas limitadas.\" \/>\n<meta name=\"robots\" content=\"index, follow, max-snippet:-1, max-image-preview:large, max-video-preview:-1\" \/>\n<link rel=\"canonical\" href=\"https:\/\/pagodetharsys.com\/tienda\/productos\/cocina-japo-tharsys\/\" \/>\n<meta property=\"og:locale\" content=\"es_ES\" \/>\n<meta property=\"og:type\" content=\"article\" \/>\n<meta property=\"og:title\" content=\"COCINA JAPO &amp; THARSYS | Pago de Tharsys\" \/>\n<meta property=\"og:description\" content=\"Experiencia gastron\u00f3mica en Pago de Tharsys: 5 vinos y cavas armonizados con 5 creaciones de cocina japonesa. S\u00e1bado 2 de mayo de 2026. Plazas limitadas.\" \/>\n<meta property=\"og:url\" content=\"https:\/\/pagodetharsys.com\/tienda\/productos\/cocina-japo-tharsys\/\" \/>\n<meta property=\"og:site_name\" content=\"Pago de Tharsys\" \/>\n<meta property=\"article:publisher\" content=\"https:\/\/www.facebook.com\/pagodetharsys\/\" \/>\n<meta property=\"article:modified_time\" content=\"2026-04-20T20:34:16+00:00\" \/>\n<meta property=\"og:image\" content=\"https:\/\/pagodetharsys.com\/tienda\/wp-content\/uploads\/2026\/02\/COCINA-JAPO-2-MAYO-.png\" \/>\n\t<meta property=\"og:image:width\" content=\"1080\" \/>\n\t<meta property=\"og:image:height\" content=\"1080\" \/>\n\t<meta property=\"og:image:type\" content=\"image\/png\" \/>\n<meta name=\"twitter:card\" content=\"summary_large_image\" \/>\n<meta name=\"twitter:site\" content=\"@pagodetharsys\" \/>\n<meta name=\"twitter:label1\" content=\"Tiempo de lectura\" \/>\n\t<meta name=\"twitter:data1\" content=\"2 minutos\" \/>\n<script type=\"application\/ld+json\" class=\"yoast-schema-graph\">{\"@context\":\"https:\\\/\\\/schema.org\",\"@graph\":[{\"@type\":\"WebPage\",\"@id\":\"https:\\\/\\\/pagodetharsys.com\\\/tienda\\\/productos\\\/cocina-japo-tharsys\\\/\",\"url\":\"https:\\\/\\\/pagodetharsys.com\\\/tienda\\\/productos\\\/cocina-japo-tharsys\\\/\",\"name\":\"COCINA JAPO & THARSYS | Pago de Tharsys\",\"isPartOf\":{\"@id\":\"https:\\\/\\\/pagodetharsys.com\\\/tienda\\\/#website\"},\"primaryImageOfPage\":{\"@id\":\"https:\\\/\\\/pagodetharsys.com\\\/tienda\\\/productos\\\/cocina-japo-tharsys\\\/#primaryimage\"},\"image\":{\"@id\":\"https:\\\/\\\/pagodetharsys.com\\\/tienda\\\/productos\\\/cocina-japo-tharsys\\\/#primaryimage\"},\"thumbnailUrl\":\"https:\\\/\\\/pagodetharsys.com\\\/tienda\\\/wp-content\\\/uploads\\\/2026\\\/02\\\/COCINA-JAPO-2-MAYO-.png\",\"datePublished\":\"2026-02-19T08:34:58+00:00\",\"dateModified\":\"2026-04-20T20:34:16+00:00\",\"description\":\"Experiencia gastron\u00f3mica en Pago de Tharsys: 5 vinos y cavas armonizados con 5 creaciones de cocina japonesa. S\u00e1bado 2 de mayo de 2026. Plazas limitadas.\",\"breadcrumb\":{\"@id\":\"https:\\\/\\\/pagodetharsys.com\\\/tienda\\\/productos\\\/cocina-japo-tharsys\\\/#breadcrumb\"},\"inLanguage\":\"es\",\"potentialAction\":[{\"@type\":\"ReadAction\",\"target\":[\"https:\\\/\\\/pagodetharsys.com\\\/tienda\\\/productos\\\/cocina-japo-tharsys\\\/\"]}]},{\"@type\":\"ImageObject\",\"inLanguage\":\"es\",\"@id\":\"https:\\\/\\\/pagodetharsys.com\\\/tienda\\\/productos\\\/cocina-japo-tharsys\\\/#primaryimage\",\"url\":\"https:\\\/\\\/pagodetharsys.com\\\/tienda\\\/wp-content\\\/uploads\\\/2026\\\/02\\\/COCINA-JAPO-2-MAYO-.png\",\"contentUrl\":\"https:\\\/\\\/pagodetharsys.com\\\/tienda\\\/wp-content\\\/uploads\\\/2026\\\/02\\\/COCINA-JAPO-2-MAYO-.png\",\"width\":1080,\"height\":1080},{\"@type\":\"BreadcrumbList\",\"@id\":\"https:\\\/\\\/pagodetharsys.com\\\/tienda\\\/productos\\\/cocina-japo-tharsys\\\/#breadcrumb\",\"itemListElement\":[{\"@type\":\"ListItem\",\"position\":1,\"name\":\"Portada\",\"item\":\"https:\\\/\\\/pagodetharsys.com\\\/tienda\\\/\"},{\"@type\":\"ListItem\",\"position\":2,\"name\":\"Products\",\"item\":\"https:\\\/\\\/pagodetharsys.com\\\/tienda\\\/en\\\/\"},{\"@type\":\"ListItem\",\"position\":3,\"name\":\"COCINA JAPO &#038; THARSYS\"}]},{\"@type\":\"WebSite\",\"@id\":\"https:\\\/\\\/pagodetharsys.com\\\/tienda\\\/#website\",\"url\":\"https:\\\/\\\/pagodetharsys.com\\\/tienda\\\/\",\"name\":\"Pago de Tharsys\",\"description\":\"Una experiencia sensorial que llega m\u00e1s all\u00e1 de una copa de vino\",\"publisher\":{\"@id\":\"https:\\\/\\\/pagodetharsys.com\\\/tienda\\\/#organization\"},\"potentialAction\":[{\"@type\":\"SearchAction\",\"target\":{\"@type\":\"EntryPoint\",\"urlTemplate\":\"https:\\\/\\\/pagodetharsys.com\\\/tienda\\\/?s={search_term_string}\"},\"query-input\":{\"@type\":\"PropertyValueSpecification\",\"valueRequired\":true,\"valueName\":\"search_term_string\"}}],\"inLanguage\":\"es\"},{\"@type\":\"Organization\",\"@id\":\"https:\\\/\\\/pagodetharsys.com\\\/tienda\\\/#organization\",\"name\":\"Pago de Tharsys\",\"url\":\"https:\\\/\\\/pagodetharsys.com\\\/tienda\\\/\",\"logo\":{\"@type\":\"ImageObject\",\"inLanguage\":\"es\",\"@id\":\"https:\\\/\\\/pagodetharsys.com\\\/tienda\\\/#\\\/schema\\\/logo\\\/image\\\/\",\"url\":\"https:\\\/\\\/pagodetharsys.com\\\/tienda\\\/wp-content\\\/uploads\\\/2025\\\/12\\\/logo-pagodetharsys-2025.svg\",\"contentUrl\":\"https:\\\/\\\/pagodetharsys.com\\\/tienda\\\/wp-content\\\/uploads\\\/2025\\\/12\\\/logo-pagodetharsys-2025.svg\",\"width\":100,\"height\":100,\"caption\":\"Pago de Tharsys\"},\"image\":{\"@id\":\"https:\\\/\\\/pagodetharsys.com\\\/tienda\\\/#\\\/schema\\\/logo\\\/image\\\/\"},\"sameAs\":[\"https:\\\/\\\/www.facebook.com\\\/pagodetharsys\\\/\",\"https:\\\/\\\/x.com\\\/pagodetharsys\",\"https:\\\/\\\/www.instagram.com\\\/pagodetharsys\\\/\"]}]}<\/script>\n<!-- \/ Yoast SEO plugin. -->","yoast_head_json":{"title":"COCINA JAPO & THARSYS | Pago de Tharsys","description":"Experiencia gastron\u00f3mica en Pago de Tharsys: 5 vinos y cavas armonizados con 5 creaciones de cocina japonesa. S\u00e1bado 2 de mayo de 2026. Plazas limitadas.","robots":{"index":"index","follow":"follow","max-snippet":"max-snippet:-1","max-image-preview":"max-image-preview:large","max-video-preview":"max-video-preview:-1"},"canonical":"https:\/\/pagodetharsys.com\/tienda\/productos\/cocina-japo-tharsys\/","og_locale":"es_ES","og_type":"article","og_title":"COCINA JAPO & THARSYS | Pago de Tharsys","og_description":"Experiencia gastron\u00f3mica en Pago de Tharsys: 5 vinos y cavas armonizados con 5 creaciones de cocina japonesa. S\u00e1bado 2 de mayo de 2026. Plazas limitadas.","og_url":"https:\/\/pagodetharsys.com\/tienda\/productos\/cocina-japo-tharsys\/","og_site_name":"Pago de Tharsys","article_publisher":"https:\/\/www.facebook.com\/pagodetharsys\/","article_modified_time":"2026-04-20T20:34:16+00:00","og_image":[{"width":1080,"height":1080,"url":"https:\/\/pagodetharsys.com\/tienda\/wp-content\/uploads\/2026\/02\/COCINA-JAPO-2-MAYO-.png","type":"image\/png"}],"twitter_card":"summary_large_image","twitter_site":"@pagodetharsys","twitter_misc":{"Tiempo de lectura":"2 minutos"},"schema":{"@context":"https:\/\/schema.org","@graph":[{"@type":"WebPage","@id":"https:\/\/pagodetharsys.com\/tienda\/productos\/cocina-japo-tharsys\/","url":"https:\/\/pagodetharsys.com\/tienda\/productos\/cocina-japo-tharsys\/","name":"COCINA JAPO & THARSYS | Pago de Tharsys","isPartOf":{"@id":"https:\/\/pagodetharsys.com\/tienda\/#website"},"primaryImageOfPage":{"@id":"https:\/\/pagodetharsys.com\/tienda\/productos\/cocina-japo-tharsys\/#primaryimage"},"image":{"@id":"https:\/\/pagodetharsys.com\/tienda\/productos\/cocina-japo-tharsys\/#primaryimage"},"thumbnailUrl":"https:\/\/pagodetharsys.com\/tienda\/wp-content\/uploads\/2026\/02\/COCINA-JAPO-2-MAYO-.png","datePublished":"2026-02-19T08:34:58+00:00","dateModified":"2026-04-20T20:34:16+00:00","description":"Experiencia gastron\u00f3mica en Pago de Tharsys: 5 vinos y cavas armonizados con 5 creaciones de cocina japonesa. S\u00e1bado 2 de mayo de 2026. Plazas limitadas.","breadcrumb":{"@id":"https:\/\/pagodetharsys.com\/tienda\/productos\/cocina-japo-tharsys\/#breadcrumb"},"inLanguage":"es","potentialAction":[{"@type":"ReadAction","target":["https:\/\/pagodetharsys.com\/tienda\/productos\/cocina-japo-tharsys\/"]}]},{"@type":"ImageObject","inLanguage":"es","@id":"https:\/\/pagodetharsys.com\/tienda\/productos\/cocina-japo-tharsys\/#primaryimage","url":"https:\/\/pagodetharsys.com\/tienda\/wp-content\/uploads\/2026\/02\/COCINA-JAPO-2-MAYO-.png","contentUrl":"https:\/\/pagodetharsys.com\/tienda\/wp-content\/uploads\/2026\/02\/COCINA-JAPO-2-MAYO-.png","width":1080,"height":1080},{"@type":"BreadcrumbList","@id":"https:\/\/pagodetharsys.com\/tienda\/productos\/cocina-japo-tharsys\/#breadcrumb","itemListElement":[{"@type":"ListItem","position":1,"name":"Portada","item":"https:\/\/pagodetharsys.com\/tienda\/"},{"@type":"ListItem","position":2,"name":"Products","item":"https:\/\/pagodetharsys.com\/tienda\/en\/"},{"@type":"ListItem","position":3,"name":"COCINA JAPO &#038; THARSYS"}]},{"@type":"WebSite","@id":"https:\/\/pagodetharsys.com\/tienda\/#website","url":"https:\/\/pagodetharsys.com\/tienda\/","name":"Pago de Tharsys","description":"Una experiencia sensorial que llega m\u00e1s all\u00e1 de una copa de vino","publisher":{"@id":"https:\/\/pagodetharsys.com\/tienda\/#organization"},"potentialAction":[{"@type":"SearchAction","target":{"@type":"EntryPoint","urlTemplate":"https:\/\/pagodetharsys.com\/tienda\/?s={search_term_string}"},"query-input":{"@type":"PropertyValueSpecification","valueRequired":true,"valueName":"search_term_string"}}],"inLanguage":"es"},{"@type":"Organization","@id":"https:\/\/pagodetharsys.com\/tienda\/#organization","name":"Pago de Tharsys","url":"https:\/\/pagodetharsys.com\/tienda\/","logo":{"@type":"ImageObject","inLanguage":"es","@id":"https:\/\/pagodetharsys.com\/tienda\/#\/schema\/logo\/image\/","url":"https:\/\/pagodetharsys.com\/tienda\/wp-content\/uploads\/2025\/12\/logo-pagodetharsys-2025.svg","contentUrl":"https:\/\/pagodetharsys.com\/tienda\/wp-content\/uploads\/2025\/12\/logo-pagodetharsys-2025.svg","width":100,"height":100,"caption":"Pago de Tharsys"},"image":{"@id":"https:\/\/pagodetharsys.com\/tienda\/#\/schema\/logo\/image\/"},"sameAs":["https:\/\/www.facebook.com\/pagodetharsys\/","https:\/\/x.com\/pagodetharsys","https:\/\/www.instagram.com\/pagodetharsys\/"]}]}},"_links":{"self":[{"href":"https:\/\/pagodetharsys.com\/tienda\/wp-json\/wp\/v2\/product\/679620","targetHints":{"allow":["GET"]}}],"collection":[{"href":"https:\/\/pagodetharsys.com\/tienda\/wp-json\/wp\/v2\/product"}],"about":[{"href":"https:\/\/pagodetharsys.com\/tienda\/wp-json\/wp\/v2\/types\/product"}],"replies":[{"embeddable":true,"href":"https:\/\/pagodetharsys.com\/tienda\/wp-json\/wp\/v2\/comments?post=679620"}],"wp:featuredmedia":[{"embeddable":true,"href":"https:\/\/pagodetharsys.com\/tienda\/wp-json\/wp\/v2\/media\/680136"}],"wp:attachment":[{"href":"https:\/\/pagodetharsys.com\/tienda\/wp-json\/wp\/v2\/media?parent=679620"}],"wp:term":[{"taxonomy":"product_brand","embeddable":true,"href":"https:\/\/pagodetharsys.com\/tienda\/wp-json\/wp\/v2\/product_brand?post=679620"},{"taxonomy":"product_cat","embeddable":true,"href":"https:\/\/pagodetharsys.com\/tienda\/wp-json\/wp\/v2\/product_cat?post=679620"},{"taxonomy":"product_tag","embeddable":true,"href":"https:\/\/pagodetharsys.com\/tienda\/wp-json\/wp\/v2\/product_tag?post=679620"}],"curies":[{"name":"wp","href":"https:\/\/api.w.org\/{rel}","templated":true}]}}