{"id":680343,"date":"2026-03-26T09:24:51","date_gmt":"2026-03-26T08:24:51","guid":{"rendered":"https:\/\/pagodetharsys.com\/tienda\/?post_type=product&#038;p=680343"},"modified":"2026-03-26T10:06:33","modified_gmt":"2026-03-26T09:06:33","slug":"pack-primavera","status":"publish","type":"product","link":"https:\/\/pagodetharsys.com\/tienda\/productos\/pack-primavera\/","title":{"rendered":"PACK PRIMAVERA"},"content":{"rendered":"<p><!-- DESCRIPCI\u00d3N LARGA (CONTENIDO PRINCIPAL) --><\/p>\n<div class=\"flex flex-col text-sm pb-25\">\n<article class=\"text-token-text-primary w-full focus:outline-none [--shadow-height:45px] has-data-writing-block:pointer-events-none has-data-writing-block:-mt-(--shadow-height) has-data-writing-block:pt-(--shadow-height) [&amp;:has([data-writing-block])&gt;*]:pointer-events-auto scroll-mt-[calc(var(--header-height)+min(200px,max(70px,20svh)))]\" dir=\"auto\" data-turn-id=\"39ffd392-696a-4793-9223-247b2a89eb8f\" data-testid=\"conversation-turn-4\" data-scroll-anchor=\"true\" data-turn=\"assistant\">\n<div class=\"text-base my-auto mx-auto pb-10 [--thread-content-margin:--spacing(4)] @w-sm\/main:[--thread-content-margin:--spacing(6)] @w-lg\/main:[--thread-content-margin:--spacing(16)] px-(--thread-content-margin)\">\n<div class=\"[--thread-content-max-width:40rem] @w-lg\/main:[--thread-content-max-width:48rem] mx-auto max-w-(--thread-content-max-width) flex-1 group\/turn-messages focus-visible:outline-hidden relative flex w-full min-w-0 flex-col agent-turn\">\n<div class=\"flex max-w-full flex-col grow\">\n<div class=\"min-h-8 text-message relative flex w-full flex-col items-end gap-2 text-start break-words whitespace-normal [.text-message+&amp;]:mt-1\" dir=\"auto\" data-message-author-role=\"assistant\" data-message-id=\"39ffd392-696a-4793-9223-247b2a89eb8f\" data-message-model-slug=\"gpt-5-3\">\n<div class=\"flex w-full flex-col gap-1 empty:hidden first:pt-[1px]\">\n<div class=\"markdown prose dark:prose-invert w-full wrap-break-word light markdown-new-styling\">\n<h2 style=\"text-align: center;\" data-start=\"52\" data-end=\"298\"><strong>PACK PRIMAVERA<\/strong><\/h2>\n<p style=\"text-align: center;\">El <strong data-start=\"97\" data-end=\"115\" data-is-only-node=\"\">Pack Primavera<\/strong> re\u00fane una selecci\u00f3n de vinos frescos, arom\u00e1ticos y llenos de vida: cava Brut Nature, tinto joven de Bobal y Albari\u00f1o ecol\u00f3gico de vendimia nocturna. Incluye adem\u00e1s una visita guiada a bodega para 2 personas, convirti\u00e9ndolo en una experiencia completa para disfrutar y regalar.<\/p>\n<p>&nbsp;<\/p>\n<h5 data-start=\"300\" data-end=\"320\"><strong data-start=\"300\" data-end=\"320\">El pack incluye:<\/strong><\/h5>\n<p data-start=\"322\" data-end=\"522\"><strong data-start=\"325\" data-end=\"381\">2 botellas de Alegr\u00eda de Tharsys Brut Nature Reserva<\/strong><br data-start=\"381\" data-end=\"384\" \/>Cava seco y elegante, con burbuja fina y gran frescura. Perfecto para brindar y acompa\u00f1ar aperitivos, mariscos o celebraciones especiales.<\/p>\n<p data-start=\"524\" data-end=\"713\"><strong data-start=\"527\" data-end=\"574\">2 botellas de Alegr\u00eda de Tharsys Bobal 2023<\/strong><br data-start=\"574\" data-end=\"577\" \/>Tinto joven elaborado con la variedad aut\u00f3ctona Bobal, muy expresivo, con intensos aromas de fruta roja y una boca equilibrada y fresca.<\/p>\n<h6 data-start=\"715\" data-end=\"943\"><strong data-start=\"718\" data-end=\"783\">2 botellas de Vendimia Nocturna Albari\u00f1o 2025<\/strong><\/h6>\n<p>Albari\u00f1o ecol\u00f3gico vendimiado de noche, con aromas de flor blanca, c\u00edtricos y hierbas frescas. Vibrante, untuoso y con una frescura envolvente.<\/p>\n<h5 data-start=\"945\" data-end=\"989\">Regalo de una visita guiada a bodega para 2 personas<\/h5>\n<p><strong>Y 30 % de descuento m\u00e1s portes gratis.<\/strong><\/p>\n<h5 data-start=\"945\" data-end=\"989\"><strong data-start=\"947\" data-end=\"987\">Precio especial: 56 \u20ac (IVA incluido)<\/strong><\/h5>\n<p><strong><em>Una propuesta irresistible para dar la bienvenida a la primavera: vino, emociones y experiencia en un solo pack, con un precio exclusivo, descuento especial y env\u00edo gratuito.<\/em><\/strong><\/p>\n<\/div>\n<\/div>\n<\/div>\n<\/div>\n<\/div>\n<\/div>\n<\/article>\n<\/div>\n","protected":false},"excerpt":{"rendered":"<h3 data-start=\"310\" data-end=\"616\"><strong>\ud83c\udf38Pack Primavera<\/strong><\/h3>\n<p data-start=\"85\" data-end=\"500\">El <strong data-start=\"88\" data-end=\"106\">Pack Primavera<\/strong> es una propuesta irresistible para celebrar la primavera: vino, sensaciones y experiencias en un solo pack que re\u00fane una cuidada selecci\u00f3n de vinos frescos, arom\u00e1ticos y llenos de vida.<\/p>\n<p data-start=\"85\" data-end=\"500\">\ud83c\udf7e2 botellas Alegr\u00eda de Tharsys Reserva Brut Nature<\/p>\n<p data-start=\"85\" data-end=\"500\">\ud83c\udf772 botellas de Alegr\u00eda de Tharsys Bobal<\/p>\n<p data-start=\"85\" data-end=\"500\">\ud83e\udd422 botellas de Vendimia Nocturna Albari\u00f1o 2025<\/p>\n<p data-start=\"85\" data-end=\"500\">\ud83c\udf811 visita a la bodega para dos personas<\/p>\n<p data-start=\"85\" data-end=\"500\">\ud83d\udd1630% de descuento<\/p>\n<p data-start=\"85\" data-end=\"500\">\ud83d\ude9aEnv\u00edo gratuito<\/p>\n","protected":false},"featured_media":680344,"comment_status":"closed","ping_status":"closed","template":"","meta":{"inline_featured_image":false,"site-sidebar-layout":"default","site-content-layout":"","ast-site-content-layout":"default","site-content-style":"default","site-sidebar-style":"default","ast-global-header-display":"","ast-banner-title-visibility":"","ast-main-header-display":"","ast-hfb-above-header-display":"","ast-hfb-below-header-display":"","ast-hfb-mobile-header-display":"","site-post-title":"","ast-breadcrumbs-content":"","ast-featured-img":"","footer-sml-layout":"","ast-disable-related-posts":"","theme-transparent-header-meta":"default","adv-header-id-meta":"","stick-header-meta":"default","header-above-stick-meta":"","header-main-stick-meta":"","header-below-stick-meta":"","astra-migrate-meta-layouts":"set","ast-page-background-enabled":"default","ast-page-background-meta":{"desktop":{"background-color":"var(--ast-global-color-4)","background-image":"","background-repeat":"repeat","background-position":"center center","background-size":"auto","background-attachment":"scroll","background-type":"","background-media":"","overlay-type":"","overlay-color":"","overlay-opacity":"","overlay-gradient":""},"tablet":{"background-color":"","background-image":"","background-repeat":"repeat","background-position":"center center","background-size":"auto","background-attachment":"scroll","background-type":"","background-media":"","overlay-type":"","overlay-color":"","overlay-opacity":"","overlay-gradient":""},"mobile":{"background-color":"","background-image":"","background-repeat":"repeat","background-position":"center center","background-size":"auto","background-attachment":"scroll","background-type":"","background-media":"","overlay-type":"","overlay-color":"","overlay-opacity":"","overlay-gradient":""}},"ast-content-background-meta":{"desktop":{"background-color":"var(--ast-global-color-5)","background-image":"","background-repeat":"repeat","background-position":"center center","background-size":"auto","background-attachment":"scroll","background-type":"","background-media":"","overlay-type":"","overlay-color":"","overlay-opacity":"","overlay-gradient":""},"tablet":{"background-color":"var(--ast-global-color-5)","background-image":"","background-repeat":"repeat","background-position":"center center","background-size":"auto","background-attachment":"scroll","background-type":"","background-media":"","overlay-type":"","overlay-color":"","overlay-opacity":"","overlay-gradient":""},"mobile":{"background-color":"var(--ast-global-color-5)","background-image":"","background-repeat":"repeat","background-position":"center center","background-size":"auto","background-attachment":"scroll","background-type":"","background-media":"","overlay-type":"","overlay-color":"","overlay-opacity":"","overlay-gradient":""}}},"product_brand":[],"product_cat":[1708,1984],"product_tag":[1910,1865,1934,1905,1906,1899,1884,1935,1887],"class_list":{"0":"post-680343","1":"product","2":"type-product","3":"status-publish","4":"has-post-thumbnail","6":"product_cat-pago-de-tharsys","7":"product_cat-pack-especiales","8":"product_tag-cabernet","9":"product_tag-ecologico","10":"product_tag-franc","11":"product_tag-sin-sulfitos","12":"product_tag-sostenible","13":"product_tag-tinto","14":"product_tag-utiel-requena","15":"product_tag-vino-natural","16":"product_tag-vino-tinto","17":"desktop-align-left","18":"tablet-align-left","19":"mobile-align-left","20":"ast-product-gallery-layout-vertical-slider","21":"ast-product-gallery-with-no-image","22":"ast-magnify-disabled","23":"ast-product-tabs-layout-accordion","25":"first","26":"instock","27":"taxable","28":"shipping-taxable","29":"purchasable","30":"product-type-simple"},"booking_location":null,"booking_location_type":null,"booking_duration":null,"booking_duration_unit":null,"booking_buffer":null,"booking_cost":null,"booking_resources":null,"yoast_head":"<!-- This site is optimized with the Yoast SEO plugin v27.4 - https:\/\/yoast.com\/product\/yoast-seo-wordpress\/ -->\n<title>Pack Primavera | Pago de Tharsys<\/title>\n<meta name=\"description\" content=\"Pack Primavera con 6 botellas de Pago de Tharsys. Incluye 30% de descuento, env\u00edo gratis y visita a la bodega para 2 personas.\" \/>\n<meta name=\"robots\" content=\"index, follow, max-snippet:-1, max-image-preview:large, max-video-preview:-1\" \/>\n<link rel=\"canonical\" href=\"https:\/\/pagodetharsys.com\/tienda\/productos\/pack-primavera\/\" \/>\n<meta property=\"og:locale\" content=\"es_ES\" \/>\n<meta property=\"og:type\" content=\"article\" \/>\n<meta property=\"og:title\" content=\"Pack Primavera | Pago de Tharsys\" \/>\n<meta property=\"og:description\" content=\"Pack Primavera con 6 botellas de Pago de Tharsys. Incluye 30% de descuento, env\u00edo gratis y visita a la bodega para 2 personas.\" \/>\n<meta property=\"og:url\" content=\"https:\/\/pagodetharsys.com\/tienda\/productos\/pack-primavera\/\" \/>\n<meta property=\"og:site_name\" content=\"Pago de Tharsys\" \/>\n<meta property=\"article:publisher\" content=\"https:\/\/www.facebook.com\/pagodetharsys\/\" \/>\n<meta property=\"article:modified_time\" content=\"2026-03-26T09:06:33+00:00\" \/>\n<meta property=\"og:image\" content=\"https:\/\/pagodetharsys.com\/tienda\/wp-content\/uploads\/2026\/03\/PACK-PRIMAVERA-819x1024.png\" \/>\n\t<meta property=\"og:image:width\" content=\"819\" \/>\n\t<meta property=\"og:image:height\" content=\"1024\" \/>\n\t<meta property=\"og:image:type\" content=\"image\/png\" \/>\n<meta name=\"twitter:card\" content=\"summary_large_image\" \/>\n<meta name=\"twitter:site\" content=\"@pagodetharsys\" \/>\n<meta name=\"twitter:label1\" content=\"Tiempo de lectura\" \/>\n\t<meta name=\"twitter:data1\" content=\"2 minutos\" \/>\n<script type=\"application\/ld+json\" class=\"yoast-schema-graph\">{\"@context\":\"https:\\\/\\\/schema.org\",\"@graph\":[{\"@type\":\"WebPage\",\"@id\":\"https:\\\/\\\/pagodetharsys.com\\\/tienda\\\/productos\\\/pack-primavera\\\/\",\"url\":\"https:\\\/\\\/pagodetharsys.com\\\/tienda\\\/productos\\\/pack-primavera\\\/\",\"name\":\"Pack Primavera | Pago de Tharsys\",\"isPartOf\":{\"@id\":\"https:\\\/\\\/pagodetharsys.com\\\/tienda\\\/#website\"},\"primaryImageOfPage\":{\"@id\":\"https:\\\/\\\/pagodetharsys.com\\\/tienda\\\/productos\\\/pack-primavera\\\/#primaryimage\"},\"image\":{\"@id\":\"https:\\\/\\\/pagodetharsys.com\\\/tienda\\\/productos\\\/pack-primavera\\\/#primaryimage\"},\"thumbnailUrl\":\"https:\\\/\\\/pagodetharsys.com\\\/tienda\\\/wp-content\\\/uploads\\\/2026\\\/03\\\/PACK-PRIMAVERA.png\",\"datePublished\":\"2026-03-26T08:24:51+00:00\",\"dateModified\":\"2026-03-26T09:06:33+00:00\",\"description\":\"Pack Primavera con 6 botellas de Pago de Tharsys. Incluye 30% de descuento, env\u00edo gratis y visita a la bodega para 2 personas.\",\"breadcrumb\":{\"@id\":\"https:\\\/\\\/pagodetharsys.com\\\/tienda\\\/productos\\\/pack-primavera\\\/#breadcrumb\"},\"inLanguage\":\"es\",\"potentialAction\":[{\"@type\":\"ReadAction\",\"target\":[\"https:\\\/\\\/pagodetharsys.com\\\/tienda\\\/productos\\\/pack-primavera\\\/\"]}]},{\"@type\":\"ImageObject\",\"inLanguage\":\"es\",\"@id\":\"https:\\\/\\\/pagodetharsys.com\\\/tienda\\\/productos\\\/pack-primavera\\\/#primaryimage\",\"url\":\"https:\\\/\\\/pagodetharsys.com\\\/tienda\\\/wp-content\\\/uploads\\\/2026\\\/03\\\/PACK-PRIMAVERA.png\",\"contentUrl\":\"https:\\\/\\\/pagodetharsys.com\\\/tienda\\\/wp-content\\\/uploads\\\/2026\\\/03\\\/PACK-PRIMAVERA.png\",\"width\":1080,\"height\":1350},{\"@type\":\"BreadcrumbList\",\"@id\":\"https:\\\/\\\/pagodetharsys.com\\\/tienda\\\/productos\\\/pack-primavera\\\/#breadcrumb\",\"itemListElement\":[{\"@type\":\"ListItem\",\"position\":1,\"name\":\"Portada\",\"item\":\"https:\\\/\\\/pagodetharsys.com\\\/tienda\\\/\"},{\"@type\":\"ListItem\",\"position\":2,\"name\":\"Products\",\"item\":\"https:\\\/\\\/pagodetharsys.com\\\/tienda\\\/en\\\/\"},{\"@type\":\"ListItem\",\"position\":3,\"name\":\"PACK PRIMAVERA\"}]},{\"@type\":\"WebSite\",\"@id\":\"https:\\\/\\\/pagodetharsys.com\\\/tienda\\\/#website\",\"url\":\"https:\\\/\\\/pagodetharsys.com\\\/tienda\\\/\",\"name\":\"Pago de Tharsys\",\"description\":\"Una experiencia sensorial que llega m\u00e1s all\u00e1 de una copa de vino\",\"publisher\":{\"@id\":\"https:\\\/\\\/pagodetharsys.com\\\/tienda\\\/#organization\"},\"potentialAction\":[{\"@type\":\"SearchAction\",\"target\":{\"@type\":\"EntryPoint\",\"urlTemplate\":\"https:\\\/\\\/pagodetharsys.com\\\/tienda\\\/?s={search_term_string}\"},\"query-input\":{\"@type\":\"PropertyValueSpecification\",\"valueRequired\":true,\"valueName\":\"search_term_string\"}}],\"inLanguage\":\"es\"},{\"@type\":\"Organization\",\"@id\":\"https:\\\/\\\/pagodetharsys.com\\\/tienda\\\/#organization\",\"name\":\"Pago de Tharsys\",\"url\":\"https:\\\/\\\/pagodetharsys.com\\\/tienda\\\/\",\"logo\":{\"@type\":\"ImageObject\",\"inLanguage\":\"es\",\"@id\":\"https:\\\/\\\/pagodetharsys.com\\\/tienda\\\/#\\\/schema\\\/logo\\\/image\\\/\",\"url\":\"https:\\\/\\\/pagodetharsys.com\\\/tienda\\\/wp-content\\\/uploads\\\/2025\\\/12\\\/logo-pagodetharsys-2025.svg\",\"contentUrl\":\"https:\\\/\\\/pagodetharsys.com\\\/tienda\\\/wp-content\\\/uploads\\\/2025\\\/12\\\/logo-pagodetharsys-2025.svg\",\"width\":100,\"height\":100,\"caption\":\"Pago de Tharsys\"},\"image\":{\"@id\":\"https:\\\/\\\/pagodetharsys.com\\\/tienda\\\/#\\\/schema\\\/logo\\\/image\\\/\"},\"sameAs\":[\"https:\\\/\\\/www.facebook.com\\\/pagodetharsys\\\/\",\"https:\\\/\\\/x.com\\\/pagodetharsys\",\"https:\\\/\\\/www.instagram.com\\\/pagodetharsys\\\/\"]}]}<\/script>\n<!-- \/ Yoast SEO plugin. -->","yoast_head_json":{"title":"Pack Primavera | Pago de Tharsys","description":"Pack Primavera con 6 botellas de Pago de Tharsys. Incluye 30% de descuento, env\u00edo gratis y visita a la bodega para 2 personas.","robots":{"index":"index","follow":"follow","max-snippet":"max-snippet:-1","max-image-preview":"max-image-preview:large","max-video-preview":"max-video-preview:-1"},"canonical":"https:\/\/pagodetharsys.com\/tienda\/productos\/pack-primavera\/","og_locale":"es_ES","og_type":"article","og_title":"Pack Primavera | Pago de Tharsys","og_description":"Pack Primavera con 6 botellas de Pago de Tharsys. Incluye 30% de descuento, env\u00edo gratis y visita a la bodega para 2 personas.","og_url":"https:\/\/pagodetharsys.com\/tienda\/productos\/pack-primavera\/","og_site_name":"Pago de Tharsys","article_publisher":"https:\/\/www.facebook.com\/pagodetharsys\/","article_modified_time":"2026-03-26T09:06:33+00:00","og_image":[{"width":819,"height":1024,"url":"https:\/\/pagodetharsys.com\/tienda\/wp-content\/uploads\/2026\/03\/PACK-PRIMAVERA-819x1024.png","type":"image\/png"}],"twitter_card":"summary_large_image","twitter_site":"@pagodetharsys","twitter_misc":{"Tiempo de lectura":"2 minutos"},"schema":{"@context":"https:\/\/schema.org","@graph":[{"@type":"WebPage","@id":"https:\/\/pagodetharsys.com\/tienda\/productos\/pack-primavera\/","url":"https:\/\/pagodetharsys.com\/tienda\/productos\/pack-primavera\/","name":"Pack Primavera | Pago de Tharsys","isPartOf":{"@id":"https:\/\/pagodetharsys.com\/tienda\/#website"},"primaryImageOfPage":{"@id":"https:\/\/pagodetharsys.com\/tienda\/productos\/pack-primavera\/#primaryimage"},"image":{"@id":"https:\/\/pagodetharsys.com\/tienda\/productos\/pack-primavera\/#primaryimage"},"thumbnailUrl":"https:\/\/pagodetharsys.com\/tienda\/wp-content\/uploads\/2026\/03\/PACK-PRIMAVERA.png","datePublished":"2026-03-26T08:24:51+00:00","dateModified":"2026-03-26T09:06:33+00:00","description":"Pack Primavera con 6 botellas de Pago de Tharsys. Incluye 30% de descuento, env\u00edo gratis y visita a la bodega para 2 personas.","breadcrumb":{"@id":"https:\/\/pagodetharsys.com\/tienda\/productos\/pack-primavera\/#breadcrumb"},"inLanguage":"es","potentialAction":[{"@type":"ReadAction","target":["https:\/\/pagodetharsys.com\/tienda\/productos\/pack-primavera\/"]}]},{"@type":"ImageObject","inLanguage":"es","@id":"https:\/\/pagodetharsys.com\/tienda\/productos\/pack-primavera\/#primaryimage","url":"https:\/\/pagodetharsys.com\/tienda\/wp-content\/uploads\/2026\/03\/PACK-PRIMAVERA.png","contentUrl":"https:\/\/pagodetharsys.com\/tienda\/wp-content\/uploads\/2026\/03\/PACK-PRIMAVERA.png","width":1080,"height":1350},{"@type":"BreadcrumbList","@id":"https:\/\/pagodetharsys.com\/tienda\/productos\/pack-primavera\/#breadcrumb","itemListElement":[{"@type":"ListItem","position":1,"name":"Portada","item":"https:\/\/pagodetharsys.com\/tienda\/"},{"@type":"ListItem","position":2,"name":"Products","item":"https:\/\/pagodetharsys.com\/tienda\/en\/"},{"@type":"ListItem","position":3,"name":"PACK PRIMAVERA"}]},{"@type":"WebSite","@id":"https:\/\/pagodetharsys.com\/tienda\/#website","url":"https:\/\/pagodetharsys.com\/tienda\/","name":"Pago de Tharsys","description":"Una experiencia sensorial que llega m\u00e1s all\u00e1 de una copa de vino","publisher":{"@id":"https:\/\/pagodetharsys.com\/tienda\/#organization"},"potentialAction":[{"@type":"SearchAction","target":{"@type":"EntryPoint","urlTemplate":"https:\/\/pagodetharsys.com\/tienda\/?s={search_term_string}"},"query-input":{"@type":"PropertyValueSpecification","valueRequired":true,"valueName":"search_term_string"}}],"inLanguage":"es"},{"@type":"Organization","@id":"https:\/\/pagodetharsys.com\/tienda\/#organization","name":"Pago de Tharsys","url":"https:\/\/pagodetharsys.com\/tienda\/","logo":{"@type":"ImageObject","inLanguage":"es","@id":"https:\/\/pagodetharsys.com\/tienda\/#\/schema\/logo\/image\/","url":"https:\/\/pagodetharsys.com\/tienda\/wp-content\/uploads\/2025\/12\/logo-pagodetharsys-2025.svg","contentUrl":"https:\/\/pagodetharsys.com\/tienda\/wp-content\/uploads\/2025\/12\/logo-pagodetharsys-2025.svg","width":100,"height":100,"caption":"Pago de Tharsys"},"image":{"@id":"https:\/\/pagodetharsys.com\/tienda\/#\/schema\/logo\/image\/"},"sameAs":["https:\/\/www.facebook.com\/pagodetharsys\/","https:\/\/x.com\/pagodetharsys","https:\/\/www.instagram.com\/pagodetharsys\/"]}]}},"_links":{"self":[{"href":"https:\/\/pagodetharsys.com\/tienda\/wp-json\/wp\/v2\/product\/680343","targetHints":{"allow":["GET"]}}],"collection":[{"href":"https:\/\/pagodetharsys.com\/tienda\/wp-json\/wp\/v2\/product"}],"about":[{"href":"https:\/\/pagodetharsys.com\/tienda\/wp-json\/wp\/v2\/types\/product"}],"replies":[{"embeddable":true,"href":"https:\/\/pagodetharsys.com\/tienda\/wp-json\/wp\/v2\/comments?post=680343"}],"wp:featuredmedia":[{"embeddable":true,"href":"https:\/\/pagodetharsys.com\/tienda\/wp-json\/wp\/v2\/media\/680344"}],"wp:attachment":[{"href":"https:\/\/pagodetharsys.com\/tienda\/wp-json\/wp\/v2\/media?parent=680343"}],"wp:term":[{"taxonomy":"product_brand","embeddable":true,"href":"https:\/\/pagodetharsys.com\/tienda\/wp-json\/wp\/v2\/product_brand?post=680343"},{"taxonomy":"product_cat","embeddable":true,"href":"https:\/\/pagodetharsys.com\/tienda\/wp-json\/wp\/v2\/product_cat?post=680343"},{"taxonomy":"product_tag","embeddable":true,"href":"https:\/\/pagodetharsys.com\/tienda\/wp-json\/wp\/v2\/product_tag?post=680343"}],"curies":[{"name":"wp","href":"https:\/\/api.w.org\/{rel}","templated":true}]}}