{"id":680657,"date":"2026-04-28T12:19:06","date_gmt":"2026-04-28T10:19:06","guid":{"rendered":"https:\/\/pagodetharsys.com\/tienda\/?post_type=product&#038;p=680657"},"modified":"2026-04-30T10:42:43","modified_gmt":"2026-04-30T08:42:43","slug":"la-joya-tharsys","status":"publish","type":"product","link":"https:\/\/pagodetharsys.com\/tienda\/productos\/la-joya-tharsys\/","title":{"rendered":"PURA FUSI\u00d3N &#8211; JAMON DE BELLOTA, VINOS Y FLAMENCO"},"content":{"rendered":"<h2 style=\"text-align: center;\">LA JOYA &amp; THARSYS<\/h2>\n<h4 style=\"text-align: center;\" data-start=\"27\" data-end=\"110\"><strong data-start=\"27\" data-end=\"57\">S\u00e1bado, 30 de mayo de 2026<\/strong><br data-start=\"57\" data-end=\"60\" \/><strong data-start=\"60\" data-end=\"71\">12:00 h<\/strong><br data-start=\"71\" data-end=\"74\" \/><strong data-start=\"74\" data-end=\"84\">Lugar:<\/strong> Pago de Tharsys (Requena)<\/h4>\n<p>&nbsp;<\/p>\n<p class=\"isSelectedEnd\">Una experiencia exclusiva de <strong>Pago de Tharsys<\/strong>, en colaboraci\u00f3n con <strong>Jamones La Joya<\/strong>, referente del jam\u00f3n ib\u00e9rico de bellota de Jabugo.<\/p>\n<p class=\"isSelectedEnd\">La experiencia comienza con una visita guiada a la bodega, donde descubrir\u00e1s el origen y el car\u00e1cter de nuestros vinos y cavas en el lugar donde nacen.<\/p>\n<p class=\"isSelectedEnd\">Despu\u00e9s, los expertos de La Joya te ense\u00f1ar\u00e1n el <strong>arte del corte de jam\u00f3n<\/strong> perfecto. Aprender\u00e1s t\u00e9cnicas, claves de conservaci\u00f3n y la mejor forma de servir cada pieza para extraer todo su potencial. Degustar\u00e1s las distintas partes del <strong>jam\u00f3n<\/strong>, identificando sus matices y singularidades y las armonizaremos con <strong>4 vinos y cavas de Pago de Tharsys.<\/strong><\/p>\n<p class=\"isSelectedEnd\">Cada vino ir\u00e1 acompa\u00f1ado de un tema de <strong>flamenco fusi\u00f3n<\/strong> interpretado por un trio en directo, <strong>Trupaka &#8211; 5Mil Millas<\/strong>, unos m\u00fasicos de raza que nos har\u00e1n sentir los aromas y sabores m\u00e1s all\u00e1 de los cinco sentidos. El placer y la alegr\u00eda est\u00e1n garantizados.<\/p>\n<p>Un recorrido sensorial donde jam\u00f3n de bellota, vino y m\u00fasica se fusionan y nos elevan.<\/p>\n<h6 style=\"text-align: center;\" data-start=\"1500\" data-end=\"1545\"><strong data-start=\"1500\" data-end=\"1543\">Precio: 35 \u20ac por persona (IVA incluido)<\/strong><\/h6>\n<p style=\"text-align: center;\" data-start=\"1547\" data-end=\"1713\" data-is-last-node=\"\" data-is-only-node=\"\"><em>Plazas limitadas.<\/em><\/p>\n<p><strong>Sobre La Joya<\/strong><\/p>\n<p>La Joya es una hist\u00f3rica marca de jam\u00f3n ib\u00e9rico de m\u00e1xima calidad de la Sierra de Aracena, en uno de los municipios colindantes a Jabugo, El Repilado. La Joya naci\u00f3 en el siglo pasado y cuenta en sus instalaciones de El Repilado con una de las bodegas m\u00e1s emblem\u00e1ticas de la zona, donde los maestros jamoneros grad\u00faan al modo tradicional la temperatura de la bodega como se hac\u00eda anta\u00f1o, abriendo y cerrando las ventanas. Su\u00a0 lema es \u201c<strong>Alegr\u00eda Ib\u00e9rica<\/strong>\u201d, y expresa su manera de entender la vida y el disfrute. Un corte, una mesa y el momento se transforma. No hace falta un gran plan para vivir algo extraordinario. Es este lema compartido de alegr\u00eda y de disfrute de la vida el que ha hermanado a Pago de Tharsys y La Joya en esta deliciosa y bonita experiencia.<\/p>\n","protected":false},"excerpt":{"rendered":"<article class=\"text-token-text-primary w-full focus:outline-none [--shadow-height:45px] has-data-writing-block:pointer-events-none has-data-writing-block:-mt-(--shadow-height) has-data-writing-block:pt-(--shadow-height) [&amp;:has([data-writing-block])&gt;*]:pointer-events-auto scroll-mt-(--header-height)\" dir=\"auto\" tabindex=\"-1\" data-turn-id=\"a11cf1a0-f3df-4b81-8238-0dcbdb203d53\" data-testid=\"conversation-turn-3\" data-scroll-anchor=\"false\" data-turn=\"user\"><\/article>\n<article class=\"text-token-text-primary w-full focus:outline-none [--shadow-height:45px] has-data-writing-block:pointer-events-none has-data-writing-block:-mt-(--shadow-height) has-data-writing-block:pt-(--shadow-height) [&amp;:has([data-writing-block])&gt;*]:pointer-events-auto scroll-mt-[calc(var(--header-height)+min(200px,max(70px,20svh)))]\" dir=\"auto\" tabindex=\"-1\" data-turn-id=\"request-WEB:b5576295-eab7-4a01-893d-8ee6bc61d215-1\" data-testid=\"conversation-turn-4\" data-scroll-anchor=\"true\" data-turn=\"assistant\">\n<div class=\"text-base my-auto mx-auto pb-10 [--thread-content-margin:--spacing(4)] @w-sm\/main:[--thread-content-margin:--spacing(6)] @w-lg\/main:[--thread-content-margin:--spacing(16)] px-(--thread-content-margin)\">\n<div class=\"[--thread-content-max-width:40rem] @w-lg\/main:[--thread-content-max-width:48rem] mx-auto max-w-(--thread-content-max-width) flex-1 group\/turn-messages focus-visible:outline-hidden relative flex w-full min-w-0 flex-col agent-turn\" tabindex=\"-1\">\n<div class=\"flex max-w-full flex-col grow\">\n<div class=\"min-h-8 text-message relative flex w-full flex-col items-end gap-2 text-start break-words whitespace-normal [.text-message+&amp;]:mt-1\" dir=\"auto\" data-message-author-role=\"assistant\" data-message-id=\"2d526fe9-c5f0-4967-a05a-b9f4537921e6\" data-message-model-slug=\"gpt-5-2\">\n<div class=\"flex w-full flex-col gap-1 empty:hidden first:pt-[1px]\">\n<div class=\"markdown prose dark:prose-invert w-full wrap-break-word light markdown-new-styling\">\n<h3 data-start=\"0\" data-end=\"32\"><strong>PURA FUSI\u00d3N- LA JOYA &amp; THARSYS<\/strong><\/h3>\n<p data-start=\"34\" data-end=\"128\"><strong>Una experiencia deliciosa y alegre en la que fusionamos el extraordinario jam\u00f3n de bellota de La Joya con vinos Pago de Tharsys y m\u00fasica flamenco.<\/strong><\/p>\n<p data-start=\"130\" data-end=\"292\">\u2728 Visita a bodega<\/p>\n<p data-start=\"130\" data-end=\"292\">\u2728 Degustaci\u00f3n de jam\u00f3n de bellota La Joya con explicaci\u00f3n de corte de jam\u00f3n, servicio y conservaci\u00f3n<\/p>\n<p data-start=\"130\" data-end=\"292\"><span style=\"font-size: 16px; font-style: normal; font-weight: 400;\">\u2728Armonizado con 4 vinos y cavas de Pago de Tharsys<\/span><\/p>\n<p data-start=\"130\" data-end=\"292\">\ud83c\udf99\ufe0f Acompa\u00f1ados de flamenco fusi\u00f3n en directo<br data-start=\"258\" data-end=\"261\" \/>\ud83d\uddd3\ufe0f S\u00e1bado, 30 de Mayo 2026 \u00b7 12:00 h<\/p>\n<p data-start=\"294\" data-end=\"367\">Una experiencia gastron\u00f3mica sabrosa, alegre y repleta de placer.<\/p>\n<\/div>\n<\/div>\n<\/div>\n<\/div>\n<\/div>\n<\/div>\n<\/article>\n","protected":false},"featured_media":680727,"comment_status":"closed","ping_status":"closed","template":"","meta":{"inline_featured_image":false,"site-sidebar-layout":"default","site-content-layout":"","ast-site-content-layout":"default","site-content-style":"default","site-sidebar-style":"default","ast-global-header-display":"","ast-banner-title-visibility":"","ast-main-header-display":"","ast-hfb-above-header-display":"","ast-hfb-below-header-display":"","ast-hfb-mobile-header-display":"","site-post-title":"","ast-breadcrumbs-content":"","ast-featured-img":"","footer-sml-layout":"","ast-disable-related-posts":"","theme-transparent-header-meta":"default","adv-header-id-meta":"","stick-header-meta":"default","header-above-stick-meta":"","header-main-stick-meta":"","header-below-stick-meta":"","astra-migrate-meta-layouts":"set","ast-page-background-enabled":"default","ast-page-background-meta":{"desktop":{"background-color":"var(--ast-global-color-4)","background-image":"","background-repeat":"repeat","background-position":"center center","background-size":"auto","background-attachment":"scroll","background-type":"","background-media":"","overlay-type":"","overlay-color":"","overlay-opacity":"","overlay-gradient":""},"tablet":{"background-color":"","background-image":"","background-repeat":"repeat","background-position":"center center","background-size":"auto","background-attachment":"scroll","background-type":"","background-media":"","overlay-type":"","overlay-color":"","overlay-opacity":"","overlay-gradient":""},"mobile":{"background-color":"","background-image":"","background-repeat":"repeat","background-position":"center center","background-size":"auto","background-attachment":"scroll","background-type":"","background-media":"","overlay-type":"","overlay-color":"","overlay-opacity":"","overlay-gradient":""}},"ast-content-background-meta":{"desktop":{"background-color":"var(--ast-global-color-5)","background-image":"","background-repeat":"repeat","background-position":"center center","background-size":"auto","background-attachment":"scroll","background-type":"","background-media":"","overlay-type":"","overlay-color":"","overlay-opacity":"","overlay-gradient":""},"tablet":{"background-color":"var(--ast-global-color-5)","background-image":"","background-repeat":"repeat","background-position":"center center","background-size":"auto","background-attachment":"scroll","background-type":"","background-media":"","overlay-type":"","overlay-color":"","overlay-opacity":"","overlay-gradient":""},"mobile":{"background-color":"var(--ast-global-color-5)","background-image":"","background-repeat":"repeat","background-position":"center center","background-size":"auto","background-attachment":"scroll","background-type":"","background-media":"","overlay-type":"","overlay-color":"","overlay-opacity":"","overlay-gradient":""}}},"product_brand":[],"product_cat":[1985,1718],"product_tag":[],"class_list":{"0":"post-680657","1":"product","2":"type-product","3":"status-publish","4":"has-post-thumbnail","6":"product_cat-enoturismo","7":"product_cat-visitas","8":"desktop-align-left","9":"tablet-align-left","10":"mobile-align-left","11":"ast-product-gallery-layout-vertical-slider","12":"ast-product-gallery-with-no-image","13":"ast-magnify-disabled","14":"ast-product-tabs-layout-accordion","16":"first","17":"instock","18":"virtual","19":"taxable","20":"purchasable","21":"product-type-simple"},"booking_location":null,"booking_location_type":null,"booking_duration":null,"booking_duration_unit":null,"booking_buffer":null,"booking_cost":null,"booking_resources":null,"yoast_head":"<!-- This site is optimized with the Yoast SEO plugin v27.5 - https:\/\/yoast.com\/product\/yoast-seo-wordpress\/ -->\n<title>PURA FUSI\u00d3N - LA JOYA &amp; THARSYS - jam\u00f3n, vinos y flamenco<\/title>\n<meta name=\"description\" content=\"Experiencia gastron\u00f3mica en Pago de Tharsys , jam\u00f3n de bellota, vinos y flamenco fusi\u00f3n. Reserva ya para el S\u00e1bado 30 de mayo de 2026. Plazas limitadas.\" \/>\n<meta name=\"robots\" content=\"index, follow, max-snippet:-1, max-image-preview:large, max-video-preview:-1\" \/>\n<link rel=\"canonical\" href=\"https:\/\/pagodetharsys.com\/tienda\/productos\/la-joya-tharsys\/\" \/>\n<meta property=\"og:locale\" content=\"es_ES\" \/>\n<meta property=\"og:type\" content=\"article\" \/>\n<meta property=\"og:title\" content=\"PURA FUSI\u00d3N - LA JOYA &amp; THARSYS - jam\u00f3n, vinos y flamenco\" \/>\n<meta property=\"og:description\" content=\"Experiencia gastron\u00f3mica en Pago de Tharsys , jam\u00f3n de bellota, vinos y flamenco fusi\u00f3n. Reserva ya para el S\u00e1bado 30 de mayo de 2026. Plazas limitadas.\" \/>\n<meta property=\"og:url\" content=\"https:\/\/pagodetharsys.com\/tienda\/productos\/la-joya-tharsys\/\" \/>\n<meta property=\"og:site_name\" content=\"Pago de Tharsys\" \/>\n<meta property=\"article:publisher\" content=\"https:\/\/www.facebook.com\/pagodetharsys\/\" \/>\n<meta property=\"article:modified_time\" content=\"2026-04-30T08:42:43+00:00\" \/>\n<meta property=\"og:image\" content=\"https:\/\/pagodetharsys.com\/tienda\/wp-content\/uploads\/2026\/04\/Pura-Fusion-web-1024x1024.png\" \/>\n\t<meta property=\"og:image:width\" content=\"1024\" \/>\n\t<meta property=\"og:image:height\" content=\"1024\" \/>\n\t<meta property=\"og:image:type\" content=\"image\/png\" \/>\n<meta name=\"twitter:card\" content=\"summary_large_image\" \/>\n<meta name=\"twitter:site\" content=\"@pagodetharsys\" \/>\n<meta name=\"twitter:label1\" content=\"Tiempo de lectura\" \/>\n\t<meta name=\"twitter:data1\" content=\"2 minutos\" \/>\n<script type=\"application\/ld+json\" class=\"yoast-schema-graph\">{\"@context\":\"https:\\\/\\\/schema.org\",\"@graph\":[{\"@type\":\"WebPage\",\"@id\":\"https:\\\/\\\/pagodetharsys.com\\\/tienda\\\/productos\\\/la-joya-tharsys\\\/\",\"url\":\"https:\\\/\\\/pagodetharsys.com\\\/tienda\\\/productos\\\/la-joya-tharsys\\\/\",\"name\":\"PURA FUSI\u00d3N - LA JOYA & THARSYS - jam\u00f3n, vinos y flamenco\",\"isPartOf\":{\"@id\":\"https:\\\/\\\/pagodetharsys.com\\\/tienda\\\/#website\"},\"primaryImageOfPage\":{\"@id\":\"https:\\\/\\\/pagodetharsys.com\\\/tienda\\\/productos\\\/la-joya-tharsys\\\/#primaryimage\"},\"image\":{\"@id\":\"https:\\\/\\\/pagodetharsys.com\\\/tienda\\\/productos\\\/la-joya-tharsys\\\/#primaryimage\"},\"thumbnailUrl\":\"https:\\\/\\\/pagodetharsys.com\\\/tienda\\\/wp-content\\\/uploads\\\/2026\\\/04\\\/Pura-Fusion-web.png\",\"datePublished\":\"2026-04-28T10:19:06+00:00\",\"dateModified\":\"2026-04-30T08:42:43+00:00\",\"description\":\"Experiencia gastron\u00f3mica en Pago de Tharsys , jam\u00f3n de bellota, vinos y flamenco fusi\u00f3n. Reserva ya para el S\u00e1bado 30 de mayo de 2026. Plazas limitadas.\",\"breadcrumb\":{\"@id\":\"https:\\\/\\\/pagodetharsys.com\\\/tienda\\\/productos\\\/la-joya-tharsys\\\/#breadcrumb\"},\"inLanguage\":\"es\",\"potentialAction\":[{\"@type\":\"ReadAction\",\"target\":[\"https:\\\/\\\/pagodetharsys.com\\\/tienda\\\/productos\\\/la-joya-tharsys\\\/\"]}]},{\"@type\":\"ImageObject\",\"inLanguage\":\"es\",\"@id\":\"https:\\\/\\\/pagodetharsys.com\\\/tienda\\\/productos\\\/la-joya-tharsys\\\/#primaryimage\",\"url\":\"https:\\\/\\\/pagodetharsys.com\\\/tienda\\\/wp-content\\\/uploads\\\/2026\\\/04\\\/Pura-Fusion-web.png\",\"contentUrl\":\"https:\\\/\\\/pagodetharsys.com\\\/tienda\\\/wp-content\\\/uploads\\\/2026\\\/04\\\/Pura-Fusion-web.png\",\"width\":1079,\"height\":1078},{\"@type\":\"BreadcrumbList\",\"@id\":\"https:\\\/\\\/pagodetharsys.com\\\/tienda\\\/productos\\\/la-joya-tharsys\\\/#breadcrumb\",\"itemListElement\":[{\"@type\":\"ListItem\",\"position\":1,\"name\":\"Portada\",\"item\":\"https:\\\/\\\/pagodetharsys.com\\\/tienda\\\/\"},{\"@type\":\"ListItem\",\"position\":2,\"name\":\"Products\",\"item\":\"https:\\\/\\\/pagodetharsys.com\\\/tienda\\\/en\\\/\"},{\"@type\":\"ListItem\",\"position\":3,\"name\":\"PURA FUSI\u00d3N &#8211; JAMON DE BELLOTA, VINOS Y FLAMENCO\"}]},{\"@type\":\"WebSite\",\"@id\":\"https:\\\/\\\/pagodetharsys.com\\\/tienda\\\/#website\",\"url\":\"https:\\\/\\\/pagodetharsys.com\\\/tienda\\\/\",\"name\":\"Pago de Tharsys\",\"description\":\"Una experiencia sensorial que llega m\u00e1s all\u00e1 de una copa de vino\",\"publisher\":{\"@id\":\"https:\\\/\\\/pagodetharsys.com\\\/tienda\\\/#organization\"},\"potentialAction\":[{\"@type\":\"SearchAction\",\"target\":{\"@type\":\"EntryPoint\",\"urlTemplate\":\"https:\\\/\\\/pagodetharsys.com\\\/tienda\\\/?s={search_term_string}\"},\"query-input\":{\"@type\":\"PropertyValueSpecification\",\"valueRequired\":true,\"valueName\":\"search_term_string\"}}],\"inLanguage\":\"es\"},{\"@type\":\"Organization\",\"@id\":\"https:\\\/\\\/pagodetharsys.com\\\/tienda\\\/#organization\",\"name\":\"Pago de Tharsys\",\"url\":\"https:\\\/\\\/pagodetharsys.com\\\/tienda\\\/\",\"logo\":{\"@type\":\"ImageObject\",\"inLanguage\":\"es\",\"@id\":\"https:\\\/\\\/pagodetharsys.com\\\/tienda\\\/#\\\/schema\\\/logo\\\/image\\\/\",\"url\":\"https:\\\/\\\/pagodetharsys.com\\\/tienda\\\/wp-content\\\/uploads\\\/2025\\\/12\\\/logo-pagodetharsys-2025.svg\",\"contentUrl\":\"https:\\\/\\\/pagodetharsys.com\\\/tienda\\\/wp-content\\\/uploads\\\/2025\\\/12\\\/logo-pagodetharsys-2025.svg\",\"width\":100,\"height\":100,\"caption\":\"Pago de Tharsys\"},\"image\":{\"@id\":\"https:\\\/\\\/pagodetharsys.com\\\/tienda\\\/#\\\/schema\\\/logo\\\/image\\\/\"},\"sameAs\":[\"https:\\\/\\\/www.facebook.com\\\/pagodetharsys\\\/\",\"https:\\\/\\\/x.com\\\/pagodetharsys\",\"https:\\\/\\\/www.instagram.com\\\/pagodetharsys\\\/\"]}]}<\/script>\n<!-- \/ Yoast SEO plugin. -->","yoast_head_json":{"title":"PURA FUSI\u00d3N - LA JOYA & THARSYS - jam\u00f3n, vinos y flamenco","description":"Experiencia gastron\u00f3mica en Pago de Tharsys , jam\u00f3n de bellota, vinos y flamenco fusi\u00f3n. Reserva ya para el S\u00e1bado 30 de mayo de 2026. Plazas limitadas.","robots":{"index":"index","follow":"follow","max-snippet":"max-snippet:-1","max-image-preview":"max-image-preview:large","max-video-preview":"max-video-preview:-1"},"canonical":"https:\/\/pagodetharsys.com\/tienda\/productos\/la-joya-tharsys\/","og_locale":"es_ES","og_type":"article","og_title":"PURA FUSI\u00d3N - LA JOYA & THARSYS - jam\u00f3n, vinos y flamenco","og_description":"Experiencia gastron\u00f3mica en Pago de Tharsys , jam\u00f3n de bellota, vinos y flamenco fusi\u00f3n. Reserva ya para el S\u00e1bado 30 de mayo de 2026. Plazas limitadas.","og_url":"https:\/\/pagodetharsys.com\/tienda\/productos\/la-joya-tharsys\/","og_site_name":"Pago de Tharsys","article_publisher":"https:\/\/www.facebook.com\/pagodetharsys\/","article_modified_time":"2026-04-30T08:42:43+00:00","og_image":[{"width":1024,"height":1024,"url":"https:\/\/pagodetharsys.com\/tienda\/wp-content\/uploads\/2026\/04\/Pura-Fusion-web-1024x1024.png","type":"image\/png"}],"twitter_card":"summary_large_image","twitter_site":"@pagodetharsys","twitter_misc":{"Tiempo de lectura":"2 minutos"},"schema":{"@context":"https:\/\/schema.org","@graph":[{"@type":"WebPage","@id":"https:\/\/pagodetharsys.com\/tienda\/productos\/la-joya-tharsys\/","url":"https:\/\/pagodetharsys.com\/tienda\/productos\/la-joya-tharsys\/","name":"PURA FUSI\u00d3N - LA JOYA & THARSYS - jam\u00f3n, vinos y flamenco","isPartOf":{"@id":"https:\/\/pagodetharsys.com\/tienda\/#website"},"primaryImageOfPage":{"@id":"https:\/\/pagodetharsys.com\/tienda\/productos\/la-joya-tharsys\/#primaryimage"},"image":{"@id":"https:\/\/pagodetharsys.com\/tienda\/productos\/la-joya-tharsys\/#primaryimage"},"thumbnailUrl":"https:\/\/pagodetharsys.com\/tienda\/wp-content\/uploads\/2026\/04\/Pura-Fusion-web.png","datePublished":"2026-04-28T10:19:06+00:00","dateModified":"2026-04-30T08:42:43+00:00","description":"Experiencia gastron\u00f3mica en Pago de Tharsys , jam\u00f3n de bellota, vinos y flamenco fusi\u00f3n. Reserva ya para el S\u00e1bado 30 de mayo de 2026. Plazas limitadas.","breadcrumb":{"@id":"https:\/\/pagodetharsys.com\/tienda\/productos\/la-joya-tharsys\/#breadcrumb"},"inLanguage":"es","potentialAction":[{"@type":"ReadAction","target":["https:\/\/pagodetharsys.com\/tienda\/productos\/la-joya-tharsys\/"]}]},{"@type":"ImageObject","inLanguage":"es","@id":"https:\/\/pagodetharsys.com\/tienda\/productos\/la-joya-tharsys\/#primaryimage","url":"https:\/\/pagodetharsys.com\/tienda\/wp-content\/uploads\/2026\/04\/Pura-Fusion-web.png","contentUrl":"https:\/\/pagodetharsys.com\/tienda\/wp-content\/uploads\/2026\/04\/Pura-Fusion-web.png","width":1079,"height":1078},{"@type":"BreadcrumbList","@id":"https:\/\/pagodetharsys.com\/tienda\/productos\/la-joya-tharsys\/#breadcrumb","itemListElement":[{"@type":"ListItem","position":1,"name":"Portada","item":"https:\/\/pagodetharsys.com\/tienda\/"},{"@type":"ListItem","position":2,"name":"Products","item":"https:\/\/pagodetharsys.com\/tienda\/en\/"},{"@type":"ListItem","position":3,"name":"PURA FUSI\u00d3N &#8211; JAMON DE BELLOTA, VINOS Y FLAMENCO"}]},{"@type":"WebSite","@id":"https:\/\/pagodetharsys.com\/tienda\/#website","url":"https:\/\/pagodetharsys.com\/tienda\/","name":"Pago de Tharsys","description":"Una experiencia sensorial que llega m\u00e1s all\u00e1 de una copa de vino","publisher":{"@id":"https:\/\/pagodetharsys.com\/tienda\/#organization"},"potentialAction":[{"@type":"SearchAction","target":{"@type":"EntryPoint","urlTemplate":"https:\/\/pagodetharsys.com\/tienda\/?s={search_term_string}"},"query-input":{"@type":"PropertyValueSpecification","valueRequired":true,"valueName":"search_term_string"}}],"inLanguage":"es"},{"@type":"Organization","@id":"https:\/\/pagodetharsys.com\/tienda\/#organization","name":"Pago de Tharsys","url":"https:\/\/pagodetharsys.com\/tienda\/","logo":{"@type":"ImageObject","inLanguage":"es","@id":"https:\/\/pagodetharsys.com\/tienda\/#\/schema\/logo\/image\/","url":"https:\/\/pagodetharsys.com\/tienda\/wp-content\/uploads\/2025\/12\/logo-pagodetharsys-2025.svg","contentUrl":"https:\/\/pagodetharsys.com\/tienda\/wp-content\/uploads\/2025\/12\/logo-pagodetharsys-2025.svg","width":100,"height":100,"caption":"Pago de Tharsys"},"image":{"@id":"https:\/\/pagodetharsys.com\/tienda\/#\/schema\/logo\/image\/"},"sameAs":["https:\/\/www.facebook.com\/pagodetharsys\/","https:\/\/x.com\/pagodetharsys","https:\/\/www.instagram.com\/pagodetharsys\/"]}]}},"_links":{"self":[{"href":"https:\/\/pagodetharsys.com\/tienda\/wp-json\/wp\/v2\/product\/680657","targetHints":{"allow":["GET"]}}],"collection":[{"href":"https:\/\/pagodetharsys.com\/tienda\/wp-json\/wp\/v2\/product"}],"about":[{"href":"https:\/\/pagodetharsys.com\/tienda\/wp-json\/wp\/v2\/types\/product"}],"replies":[{"embeddable":true,"href":"https:\/\/pagodetharsys.com\/tienda\/wp-json\/wp\/v2\/comments?post=680657"}],"wp:featuredmedia":[{"embeddable":true,"href":"https:\/\/pagodetharsys.com\/tienda\/wp-json\/wp\/v2\/media\/680727"}],"wp:attachment":[{"href":"https:\/\/pagodetharsys.com\/tienda\/wp-json\/wp\/v2\/media?parent=680657"}],"wp:term":[{"taxonomy":"product_brand","embeddable":true,"href":"https:\/\/pagodetharsys.com\/tienda\/wp-json\/wp\/v2\/product_brand?post=680657"},{"taxonomy":"product_cat","embeddable":true,"href":"https:\/\/pagodetharsys.com\/tienda\/wp-json\/wp\/v2\/product_cat?post=680657"},{"taxonomy":"product_tag","embeddable":true,"href":"https:\/\/pagodetharsys.com\/tienda\/wp-json\/wp\/v2\/product_tag?post=680657"}],"curies":[{"name":"wp","href":"https:\/\/api.w.org\/{rel}","templated":true}]}}